{"id":5944,"date":"2019-01-30T20:41:57","date_gmt":"2019-01-30T20:41:57","guid":{"rendered":"http:\/\/coolcasc.com\/?page_id=5944"},"modified":"2019-01-30T20:43:52","modified_gmt":"2019-01-30T20:43:52","slug":"cookies-policy","status":"publish","type":"page","link":"https:\/\/coolcasc.com\/en\/cookies-policy\/","title":{"rendered":"Cookies Policy"},"content":{"rendered":"\n<div class=\"row\"  id=\"row-1012299826\">\n\n\n\t<div id=\"col-668202628\" class=\"col medium-4 small-12 large-4\"  >\n\t\t\t\t<div class=\"col-inner\"  >\n\t\t\t\n\t\t\t\n\n\t<div class=\"img has-hover x md-x lg-x y md-y lg-y\" id=\"image_1659374631\">\n\t\t\t\t\t\t\t\t<div class=\"img-inner dark\" style=\"margin:9px 0px 0px 0px;\">\n\t\t\t<img loading=\"lazy\" decoding=\"async\" width=\"330\" height=\"330\" src=\"https:\/\/coolcasc.com\/wp-content\/uploads\/Paginas\/Privacidad-Fundas-Coolcasc.jpg\" class=\"attachment-large size-large\" alt=\"Privacidad Fundas Coolcasc\" \/>\t\t\t\t\t\t\n\t\t\t\t\t<\/div>\n\t\t\t\t\t\t\t\t\n<style>\n#image_1659374631 {\n  width: 100%;\n}\n<\/style>\n\t<\/div>\n\t\n\n\n\t\t<\/div>\n\t\t\t\t\t<\/div>\n\n\t\n\n\t<div id=\"col-957724264\" class=\"col medium-8 small-12 large-8\"  >\n\t\t\t\t<div class=\"col-inner\"  >\n\t\t\t\n\t\t\t\n\n<h3 style=\"text-align: justify;\">Pol\u00edtica de Cookies de COOLCASC<\/h3>\n<p style=\"text-align: justify;\">En COOLCASC utilizamos cookies con el objetivo de prestar un mejor servicio y proporcionarte una mejor experiencia en tu navegaci\u00f3n. Queremos informarte de manera clara y precisa sobre las cookies que utilizamos, detallando a continuaci\u00f3n, que es una cookie, para que sirve, que tipos de cookies utilizamos, cuales son su finalidad y como puedes configurarlas o deshabilitarlas si as\u00ed lo deseas.<\/p>\n<h3>\u00bfQu\u00e9 es una cookie y para qu\u00e9 sirve?<\/h3>\n<p style=\"text-align: justify;\">Una &#8220;Cookie&#8221; es un peque\u00f1o archivo que se almacena en el ordenador del usuario, tablet, smartphone o cualquier otro dispositivo con informaci\u00f3n sobre la navegaci\u00f3n. El conjunto de &#8220;cookies&#8221; de todos nuestros usuarios nos ayuda a mejorar la calidad de nuestra web, permiti\u00e9ndonos controlar qu\u00e9 p\u00e1ginas son \u00fatiles, cu\u00e1les no y cu\u00e1les son susceptibles de mejora. Las cookies son esenciales para el funcionamiento de internet, aportando innumerables ventajas en la prestaci\u00f3n de servicios interactivos, facilit\u00e1ndote la navegaci\u00f3n y usabilidad de nuestra web. En ning\u00fan caso las cookies podr\u00edan da\u00f1ar tu equipo. Por contra, el que est\u00e9n activas nos ayuda a identificar y resolver los errores.<\/p>\n<h3>Seg\u00fan la entidad que la gestiona:<\/h3>\n<p style=\"text-align: justify;\"><strong>Cookies propias:<\/strong>&nbsp;Son aquellas que se env\u00edan a tu equipo desde nuestros propios equipos o dominios y desde el que prestamos el servicio que nos solicitas.<\/p>\n<p style=\"text-align: justify;\"><strong>Cookies de terceros:<\/strong>&nbsp;Son aquellas que se env\u00edan a tu equipo desde un equipo o dominio que no es gestionado por nosotros, sino por otra entidad colaboradora. Como por ejemplo, las usadas por redes sociales, o por contenido externo como Google Maps.<\/p>\n<h3>Seg\u00fan el plazo de tiempo que permanecen activadas:<\/h3>\n<p style=\"text-align: justify;\"><strong>Cookies de sesi\u00f3n:<\/strong>&nbsp;Son cookies temporales que permanecen en el archivo de cookies de tu navegador hasta que abandonas la p\u00e1gina web, por lo que ninguna queda registrada en el disco duro de tu ordenador. La informaci\u00f3n obtenida por medio de estas cookies, sirven para analizar pautas de tr\u00e1fico en la web. A la larga, esto nos permite proporcionar una mejor experiencia para mejorar el contenido y facilitar su uso.<\/p>\n<p style=\"text-align: justify;\"><strong>Cookies persistentes:<\/strong>&nbsp;son almacenadas en el disco duro y nuestra web las lee cada vez que realizas una nueva visita. Una web permanente posee una fecha de expiraci\u00f3n determinada. La cookie dejar\u00e1 de funcionar despu\u00e9s de esa fecha. Estas cookies las utilizamos, generalmente, para facilitar los servicios de compra y registro.<\/p>\n<h3>Seg\u00fan su finalidad:<\/h3>\n<p style=\"text-align: justify;\"><strong>Cookies t\u00e9cnicas:<\/strong>&nbsp;Son aquellas necesarias para la navegaci\u00f3n y el buen funcionamiento de nuestra p\u00e1gina web. Permiten por ejemplo, controlar el tr\u00e1fico y la comunicaci\u00f3n de datos, acceder a partes de acceso restringido, realizar el proceso de compra de un pedido, utilizar elementos de seguridad, almacenar contenidos para poder difundir v\u00eddeos o compartir contenidos a trav\u00e9s de redes sociales.<\/p>\n<p style=\"text-align: justify;\"><strong>Cookies de personalizaci\u00f3n:<\/strong>&nbsp;Son aqu\u00e9llas que te permiten acceder al servicio con unas caracter\u00edsticas predefinidas en funci\u00f3n de una serie de criterios, como por ejemplo el idioma, el tipo de navegador a trav\u00e9s del cual se accede al servicio, la configuraci\u00f3n regional desde donde se accede al servicio, etc.<\/p>\n<p style=\"text-align: justify;\"><strong>Cookies de an\u00e1lisis:<\/strong>&nbsp;Son aqu\u00e9llas que nos permiten cuantificar el n\u00famero de usuarios y as\u00ed realizar la medici\u00f3n y an\u00e1lisis estad\u00edstico de la utilizaci\u00f3n que hacen los usuarios de los servicios prestados.<br>Para ello se analiza su navegaci\u00f3n en nuestra p\u00e1gina web con el fin de mejorar la oferta de productos y servicios que ofrecemos.<br><strong>Cookies publicitarias:<\/strong>&nbsp;Son aqu\u00e9llas que permiten la gesti\u00f3n, de la forma m\u00e1s eficaz posible, de los espacios publicitarios que se pudieran incluir en nuestra p\u00e1gina web.<\/p>\n<p style=\"text-align: justify;\"><strong>Cookies de publicidad comportamental:<\/strong>&nbsp;Estas cookies almacenan informaci\u00f3n del comportamiento de los usuarios obtenida a trav\u00e9s de la observaci\u00f3n continuada. Gracias a ellas, podemos conocer los h\u00e1bitos de navegaci\u00f3n en internet y mostrarte publicidad relacionada con tu perfil de navegaci\u00f3n.<\/p>\n<h3>Finalidad de cada una de las cookies utilizadas:<\/h3>\n<p style=\"text-align: justify;\">A continuaci\u00f3n detallamos las cookies utilizadas en nuestra web y la finalidad de las mismas. Cookies estrictamente necesarias<\/p>\n<table class=\"table table-bordered\">\n<thead>\n<tr>\n<th>Nombre<\/th>\n<th>Finalidad<\/th>\n<\/tr>\n<\/thead>\n<tbody>\n<tr>\n<td>ASP.NET_SessionId<br>ASPSESSIONIDCASABTAB<br>ASPSESSIONIDCCDSRTQR<br>ASPSESSIONIDSCTASAAB<br>ASPSESSIONIDCQRQCSRA<\/td>\n<td>Estas cookies son identificadores de sesi\u00f3n proporcionados por el servidor de Microsoft ASP. Se utilizan para identificar a un usuario que haya iniciado sesi\u00f3n en nuestra p\u00e1gina Web.<\/td>\n<\/tr>\n<tr>\n<td>AMBICULT<br>ARECESHTTP<br>DIVCO<br>ECI<br>ECIPT<br>GSGUYS<br>OPTICHTTP<br>TLCORESHTTP<\/td>\n<td>Estas cookies son utilizadas para distribuir el tr\u00e1fico interactivo y proporcionar una alta disponibilidad de servicio de nuestras Webs (balanceador CICS). chkcookie Esta cookie es utilizada para detectar si el navegador del usuario acepta cookies o no. Continuar Comprando Esta cookie almacena ciertos datos, para que el cliente no tenga que iniciar sesi\u00f3n para identificarse en cada producto que este a\u00f1adiendo a nuestra cesta de la compra.<\/td>\n<\/tr>\n<tr>\n<td>CSOLICIT<\/td>\n<td>Esta cookie permite establecer conexi\u00f3n por medio del protocolo Telnet.<\/td>\n<\/tr>\n<tr>\n<td>DYN_USER_ID<br>DYN_USER_CONFIRM<\/td>\n<td>Estas cookies se utilizan para realizar la conexi\u00f3n autom\u00e1tica, el proceso de detecci\u00f3n de un usuario habitual y la asociaci\u00f3n del usuario con su perfil de usuario existente. El prop\u00f3sito de utilizar dos cookies es para ofrecer na mayor protecci\u00f3n y seguridad, puesto que el perfil asociado a DYN_USER_ID se utiliza s\u00f3lo si coincide con el valor existente en DYN_USER_CONFIRM.<\/td>\n<\/tr>\n<tr>\n<td>IDTRACKER<\/td>\n<td>Esta cookie nos proporciona informaci\u00f3n estad\u00edstica an\u00f3nima, sobre las ventas realizadas. Dichas ventas se han originado por empresas que han puesto links a nuestra Web.<\/td>\n<\/tr>\n<tr>\n<td>JSESSIONID<\/td>\n<td>Esta cookie es un identificador de sesi\u00f3n proporcionado por el servidor de Microsoft JSP. Se utiliza para identificar a un usuario que haya iniciado sesi\u00f3n en nuestra p\u00e1gina Web.<\/td>\n<\/tr>\n<tr>\n<td>PHPSESSID<\/td>\n<td>Esta cookie se usa para establecer la sesi\u00f3n del usuario que visita alguna de nuestras Webs. Es una manera de identificar y gestionar el estado &#8211; las variables de sesi\u00f3n &#8211; para un usuario concreto, y poder mover esa informaci\u00f3n a trav\u00e9s de las p\u00e1ginas de nuestras Webs.<\/td>\n<\/tr>\n<tr>\n<td>List_subcategory_preferred<\/td>\n<td>Esta cookies permite registrar las preferencias del cliente, referentes a la presentaci\u00f3n del listado de art\u00edculos o servicios disponibles en nuestras p\u00e1ginas webs.<\/td>\n<\/tr>\n<tr>\n<td>Portada<\/td>\n<td>Se utiliza para evitar que un usuario vea dos portadas diferentes.<\/td>\n<\/tr>\n<tr>\n<td>PXWEB_ORIGEN<\/td>\n<td>El prop\u00f3sito de esta cookie es el de identificarle cuando visita una p\u00e1gina en la que ya ha estado previamente para hacer su visita m\u00e1s amena.<\/td>\n<\/tr>\n<tr>\n<td>SITESERVER<\/td>\n<td>Esta cookie la proporciona el servidor Microsoft IIS para plataformas Windows, y es imprescindible para filtrar la identidad an\u00f3nima del usuario.<\/td>\n<\/tr>\n<tr>\n<td>storedId<\/td>\n<td>Esta cookie se utiliza para identificar las distintas tiendas web de El Corte Ingl\u00e9s.<\/td>\n<\/tr>\n<tr>\n<td>userPrefLanguage<\/td>\n<td>Esta cookie especifica la configuraci\u00f3n regional del usuario.<\/td>\n<\/tr>\n<tr>\n<td>UZ_TI_dc_value<\/td>\n<td>Esta cookie recoge el pixel de seguimiento de venta por empresa filiada. Su objetivo es la verificaci\u00f3n del usuario que ha llegado al final del proceso. Si el navegador del usuario tiene la cookie, el pixel almacena en una base de datos la informaci\u00f3n que lleva la cookie junto con la informaci\u00f3n de venta realizada (fecha, n\u00famero de pedido, valor de la venta).<\/td>\n<\/tr>\n<\/tbody>\n<\/table>\n<p>Cookies de terceros<\/p>\n<table class=\"table table-bordered\">\n<thead>\n<tr>\n<th>Nombre<\/th>\n<th>Finalidad<\/th>\n<\/tr>\n<\/thead>\n<tbody>\n<tr>\n<td>_atuvc<\/td>\n<td>Cuando los v\u00ednculos se proporcionan a los servicios de terceros que usted encuentra \u00fatiles, pueden colocar una cookie en su dispositivo para realizar su servicio m\u00e1s f\u00e1cil de usar. Esta cookie le permite compartir contenidos a trav\u00e9s de estas p\u00e1ginas Web y del correo electr\u00f3nico.<\/td>\n<\/tr>\n<tr>\n<td>_NID<br>_PREF<\/td>\n<td>Estas cookies de Google Maps registran el origen del usuario, as\u00ed como las keywords. Tambi\u00e9n se genera un prefijo \u00fanico, que es el que se utiliza para hacer recuento de cuantas veces visita el sitio un usuario.<\/td>\n<\/tr>\n<tr>\n<td>BCSI-CS<\/td>\n<td>Esta cookie de Google es utilizada para recordar que ha iniciado la sesi\u00f3n y mantener activa la sesi\u00f3n, as\u00ed como para confirmar los tipos de conversi\u00f3n para ayudarnos a mejorar continuamente el servicio que proporcionamos a nuestros clientes<\/td>\n<\/tr>\n<tr>\n<td>di<br>loc<br>Psc<br>uid<br>uit<br>uvc<\/td>\n<td>Estas cookies de AddThis Smartsave ayudan a conectarse con los sitios de medios sociales.<\/td>\n<\/tr>\n<tr>\n<td>WEB_ORIGEN<\/td>\n<td>Esta cookie procede de un sitio web del que no es titular IZAS OUTDOOR y que el usuario est\u00e1 visitando. Es necesaria para darle acceso a cualquier web de nuestra empresa.<\/td>\n<\/tr>\n<\/tbody>\n<\/table>\n<p>Cookies anal\u00edticas<\/p>\n<table class=\"table table-bordered\">\n<thead>\n<tr>\n<th>Nombre<\/th>\n<th>Finalidad<\/th>\n<\/tr>\n<\/thead>\n<tbody>\n<tr>\n<td>_pk_id.683.1c44<br>_pk_ses.683.1c44<br>_pk_ref.683.1c44<\/td>\n<td>Estas cookies nos proporcionan informaci\u00f3n estad\u00edstica an\u00f3nima, sobre la fecha y hora de la \u00faltima vista, tambi\u00e9n nos proporciona informaci\u00f3n estad\u00edstica an\u00f3nima, sobre el n\u00famero de visitas a nuestras webs<\/td>\n<\/tr>\n<tr>\n<td>_xgcid<br>_xguid<\/td>\n<td>Estas cookies recogen informaci\u00f3n estad\u00edstica an\u00f3nima sobre las medidas y los intereses de segmentos de usuarios en su comportamiento en Internet.<\/td>\n<\/tr>\n<tr>\n<td>cmRS<br>cmTPSet<br>CoreID6<br>_expires<br>_login<br>_reset<br>_valid<\/td>\n<td>Estas cookies son utilizadas por Coremetrics. Es un servicio anal\u00edtico de web prestado por IBM para monitorizar nuestras Webs, realizando mediciones independientes. Esta informaci\u00f3n es utilizada para ayudar a mejorar los servicios que prestamos en nuestras Webs.<\/td>\n<\/tr>\n<tr>\n<td>_utma<br>_utmb<br>_utmc<br>_utmz<\/td>\n<td>Estas cookies de Google Analytics generan un ID de usuario an\u00f3nimo, que es el que se utiliza para hacer recuento de cuantas veces visita el sitio un usuario. Tambi\u00e9n registra cuando fue la primera y la \u00faltima vez que visit\u00f3 la web.Asimismo, calcula cuando se ha terminado una sesi\u00f3n, origen del usuario, y keywords.<\/td>\n<\/tr>\n<tr>\n<td>AFFICHE_W<\/td>\n<td>Esta cookie contiene el identificador de su ordenador y se instala durante su primera visita a uno de los sitios de la web de Weborama.<\/td>\n<\/tr>\n<\/tbody>\n<\/table>\n<p style=\"text-align: justify;\"><strong>NOTA:<\/strong>&nbsp;Esta lista se actualizar\u00e1 con la mayor celeridad posible a medida que cambien los servicios del sitio web ofrecidos en el mismo. Sin embargo, ocasionalmente durante esta actualizaci\u00f3n puede ser que la lista no incluya ya una cookie, aunque siempre se referir\u00e1 a cookies con prop\u00f3sitos id\u00e9nticos a los registrados en esta lista.<\/p>\n<p style=\"text-align: justify;\"><strong>\u00bfC\u00f3mo puedes configurar o deshabilitar tus cookies?<\/strong><\/p>\n<p style=\"text-align: justify;\">Puedes permitir, bloquear o eliminar las cookies instaladas en su equipo mediante la configuraci\u00f3n de las opciones de tu navegador de Internet. En caso de que no permitas la instalaci\u00f3n de cookies en tu navegador es posible que no puedas acceder a algunos de los servicios y que tu experiencia en nuestra web pueda resultar menos satisfactoria. En los siguientes enlaces tienes a tu disposici\u00f3n toda la informaci\u00f3n para configurar o deshabilitar tus cookies en cada navegador:<\/p>\n<ul>\n<li>Google Chrome<\/li>\n<li>Mozilla Firefox<\/li>\n<li>Internet Explorer<\/li>\n<li>Safari<\/li>\n<li>Safari para IOS (iPhone y iPad)<\/li>\n<li>Chrome para Android<\/li>\n<\/ul>\n<p><strong>Consentimiento<\/strong><\/p>\n<p style=\"text-align: justify;\">En COOLCASC nunca guardamos los datos personales de nuestros usuarios, a excepci\u00f3n de la direcci\u00f3n IP de acuerdo a lo descrito anteriormente, salvo que quieras registrarte, de forma voluntaria con el fin de realizar compras de los productos y servicios que ponemos a tu disposici\u00f3n o de recibir informaci\u00f3n sobre promociones y contenidos de tu inter\u00e9s. Al navegar y continuar en nuestra web nos indicas que est\u00e1s consintiendo el uso de las cookies antes enunciadas, y en las condiciones contenidas en la presente Pol\u00edtica de Cookies.<\/p>\n\n\t\t<\/div>\n\t\t\t\t\t<\/div>\n\n\t\n\n<\/div>\n","protected":false},"excerpt":{"rendered":"","protected":false},"author":1,"featured_media":0,"parent":0,"menu_order":0,"comment_status":"closed","ping_status":"closed","template":"page-blank-title-center.php","meta":{"footnotes":""},"class_list":["post-5944","page","type-page","status-publish","hentry"],"yoast_head":"<!-- This site is optimized with the Yoast SEO plugin v27.2 - https:\/\/yoast.com\/product\/yoast-seo-wordpress\/ -->\n<title>Cookies Policy - Coolcasc<\/title>\n<meta name=\"robots\" content=\"index, follow, max-snippet:-1, max-image-preview:large, max-video-preview:-1\" \/>\n<link rel=\"canonical\" href=\"https:\/\/coolcasc.com\/en\/cookies-policy\/\" \/>\n<meta property=\"og:locale\" content=\"en_US\" \/>\n<meta property=\"og:type\" content=\"article\" \/>\n<meta property=\"og:title\" content=\"Cookies Policy - Coolcasc\" \/>\n<meta property=\"og:url\" content=\"https:\/\/coolcasc.com\/en\/cookies-policy\/\" \/>\n<meta property=\"og:site_name\" content=\"Coolcasc\" \/>\n<meta property=\"article:publisher\" content=\"https:\/\/www.facebook.com\/COOLCASC\/\" \/>\n<meta property=\"article:modified_time\" content=\"2019-01-30T20:43:52+00:00\" \/>\n<meta name=\"twitter:card\" content=\"summary_large_image\" \/>\n<meta name=\"twitter:site\" content=\"@coolcasc\" \/>\n<meta name=\"twitter:label1\" content=\"Est. reading time\" \/>\n\t<meta name=\"twitter:data1\" content=\"9 minutes\" \/>\n<script type=\"application\/ld+json\" class=\"yoast-schema-graph\">{\"@context\":\"https:\/\/schema.org\",\"@graph\":[{\"@type\":\"WebPage\",\"@id\":\"https:\/\/coolcasc.com\/en\/cookies-policy\/\",\"url\":\"https:\/\/coolcasc.com\/en\/cookies-policy\/\",\"name\":\"Cookies Policy - Coolcasc\",\"isPartOf\":{\"@id\":\"https:\/\/coolcasc.com\/#website\"},\"datePublished\":\"2019-01-30T20:41:57+00:00\",\"dateModified\":\"2019-01-30T20:43:52+00:00\",\"breadcrumb\":{\"@id\":\"https:\/\/coolcasc.com\/en\/cookies-policy\/#breadcrumb\"},\"inLanguage\":\"en-US\",\"potentialAction\":[{\"@type\":\"ReadAction\",\"target\":[\"https:\/\/coolcasc.com\/en\/cookies-policy\/\"]}]},{\"@type\":\"BreadcrumbList\",\"@id\":\"https:\/\/coolcasc.com\/en\/cookies-policy\/#breadcrumb\",\"itemListElement\":[{\"@type\":\"ListItem\",\"position\":1,\"name\":\"Portada\",\"item\":\"https:\/\/coolcasc.com\/\"},{\"@type\":\"ListItem\",\"position\":2,\"name\":\"Cookies Policy\"}]},{\"@type\":\"WebSite\",\"@id\":\"https:\/\/coolcasc.com\/#website\",\"url\":\"https:\/\/coolcasc.com\/\",\"name\":\"Coolcasc\",\"description\":\"Seguridad, moda y dise\u00f1o utilizando las fundas para casco Coolcasc en la pr\u00e1ctica de cualquier deporte.\",\"publisher\":{\"@id\":\"https:\/\/coolcasc.com\/#organization\"},\"potentialAction\":[{\"@type\":\"SearchAction\",\"target\":{\"@type\":\"EntryPoint\",\"urlTemplate\":\"https:\/\/coolcasc.com\/?s={search_term_string}\"},\"query-input\":{\"@type\":\"PropertyValueSpecification\",\"valueRequired\":true,\"valueName\":\"search_term_string\"}}],\"inLanguage\":\"en-US\"},{\"@type\":\"Organization\",\"@id\":\"https:\/\/coolcasc.com\/#organization\",\"name\":\"Fundas para cascos Coolcasc\",\"url\":\"https:\/\/coolcasc.com\/\",\"logo\":{\"@type\":\"ImageObject\",\"inLanguage\":\"en-US\",\"@id\":\"https:\/\/coolcasc.com\/#\/schema\/logo\/image\/\",\"url\":\"https:\/\/coolcasc.com\/wp-content\/uploads\/2018\/12\/Blue_header.png\",\"contentUrl\":\"https:\/\/coolcasc.com\/wp-content\/uploads\/2018\/12\/Blue_header.png\",\"width\":300,\"height\":180,\"caption\":\"Fundas para cascos Coolcasc\"},\"image\":{\"@id\":\"https:\/\/coolcasc.com\/#\/schema\/logo\/image\/\"},\"sameAs\":[\"https:\/\/www.facebook.com\/COOLCASC\/\",\"https:\/\/x.com\/coolcasc\",\"https:\/\/www.instagram.com\/coolcasc\/\"]}]}<\/script>\n<!-- \/ Yoast SEO plugin. -->","yoast_head_json":{"title":"Cookies Policy - Coolcasc","robots":{"index":"index","follow":"follow","max-snippet":"max-snippet:-1","max-image-preview":"max-image-preview:large","max-video-preview":"max-video-preview:-1"},"canonical":"https:\/\/coolcasc.com\/en\/cookies-policy\/","og_locale":"en_US","og_type":"article","og_title":"Cookies Policy - Coolcasc","og_url":"https:\/\/coolcasc.com\/en\/cookies-policy\/","og_site_name":"Coolcasc","article_publisher":"https:\/\/www.facebook.com\/COOLCASC\/","article_modified_time":"2019-01-30T20:43:52+00:00","twitter_card":"summary_large_image","twitter_site":"@coolcasc","twitter_misc":{"Est. reading time":"9 minutes"},"schema":{"@context":"https:\/\/schema.org","@graph":[{"@type":"WebPage","@id":"https:\/\/coolcasc.com\/en\/cookies-policy\/","url":"https:\/\/coolcasc.com\/en\/cookies-policy\/","name":"Cookies Policy - Coolcasc","isPartOf":{"@id":"https:\/\/coolcasc.com\/#website"},"datePublished":"2019-01-30T20:41:57+00:00","dateModified":"2019-01-30T20:43:52+00:00","breadcrumb":{"@id":"https:\/\/coolcasc.com\/en\/cookies-policy\/#breadcrumb"},"inLanguage":"en-US","potentialAction":[{"@type":"ReadAction","target":["https:\/\/coolcasc.com\/en\/cookies-policy\/"]}]},{"@type":"BreadcrumbList","@id":"https:\/\/coolcasc.com\/en\/cookies-policy\/#breadcrumb","itemListElement":[{"@type":"ListItem","position":1,"name":"Portada","item":"https:\/\/coolcasc.com\/"},{"@type":"ListItem","position":2,"name":"Cookies Policy"}]},{"@type":"WebSite","@id":"https:\/\/coolcasc.com\/#website","url":"https:\/\/coolcasc.com\/","name":"Coolcasc","description":"Seguridad, moda y dise\u00f1o utilizando las fundas para casco Coolcasc en la pr\u00e1ctica de cualquier deporte.","publisher":{"@id":"https:\/\/coolcasc.com\/#organization"},"potentialAction":[{"@type":"SearchAction","target":{"@type":"EntryPoint","urlTemplate":"https:\/\/coolcasc.com\/?s={search_term_string}"},"query-input":{"@type":"PropertyValueSpecification","valueRequired":true,"valueName":"search_term_string"}}],"inLanguage":"en-US"},{"@type":"Organization","@id":"https:\/\/coolcasc.com\/#organization","name":"Fundas para cascos Coolcasc","url":"https:\/\/coolcasc.com\/","logo":{"@type":"ImageObject","inLanguage":"en-US","@id":"https:\/\/coolcasc.com\/#\/schema\/logo\/image\/","url":"https:\/\/coolcasc.com\/wp-content\/uploads\/2018\/12\/Blue_header.png","contentUrl":"https:\/\/coolcasc.com\/wp-content\/uploads\/2018\/12\/Blue_header.png","width":300,"height":180,"caption":"Fundas para cascos Coolcasc"},"image":{"@id":"https:\/\/coolcasc.com\/#\/schema\/logo\/image\/"},"sameAs":["https:\/\/www.facebook.com\/COOLCASC\/","https:\/\/x.com\/coolcasc","https:\/\/www.instagram.com\/coolcasc\/"]}]}},"_links":{"self":[{"href":"https:\/\/coolcasc.com\/en\/wp-json\/wp\/v2\/pages\/5944","targetHints":{"allow":["GET"]}}],"collection":[{"href":"https:\/\/coolcasc.com\/en\/wp-json\/wp\/v2\/pages"}],"about":[{"href":"https:\/\/coolcasc.com\/en\/wp-json\/wp\/v2\/types\/page"}],"author":[{"embeddable":true,"href":"https:\/\/coolcasc.com\/en\/wp-json\/wp\/v2\/users\/1"}],"replies":[{"embeddable":true,"href":"https:\/\/coolcasc.com\/en\/wp-json\/wp\/v2\/comments?post=5944"}],"version-history":[{"count":0,"href":"https:\/\/coolcasc.com\/en\/wp-json\/wp\/v2\/pages\/5944\/revisions"}],"wp:attachment":[{"href":"https:\/\/coolcasc.com\/en\/wp-json\/wp\/v2\/media?parent=5944"}],"curies":[{"name":"wp","href":"https:\/\/api.w.org\/{rel}","templated":true}]}}