{"id":24625,"date":"2024-11-22T08:55:07","date_gmt":"2024-11-22T08:55:07","guid":{"rendered":"https:\/\/coolcasc.com\/?post_type=product&#038;p=24625"},"modified":"2025-11-07T13:37:34","modified_gmt":"2025-11-07T13:37:34","slug":"calaveras-2","status":"publish","type":"product","link":"https:\/\/coolcasc.com\/en\/funda-para-casco\/calaveras-2\/","title":{"rendered":"Calaveras"},"content":{"rendered":"<div class=\"row\"  id=\"row-211824379\">\n\n\t<div id=\"col-1906636521\" class=\"col medium-6 small-12 large-6\"  >\n\t\t\t\t<div class=\"col-inner dark\"  >\n\t\t\t\n\t\t\t\n<p>&nbsp;<\/p>\n\t\t<\/div>\n\t\t\t\t\t<\/div>\n\n\t\n\n\t<div id=\"col-1356837317\" class=\"col medium-6 small-12 large-6\"  >\n\t\t\t\t<div class=\"col-inner\"  >\n\t\t\t\n\t\t\t\n<p>&nbsp;<\/p>\n\t\t<\/div>\n\t\t\t\t\t<\/div>\n\n\t\n\n<style>\n#row-211824379 > .col > .col-inner {\n  padding: 33px 0px 0px 0px;\n}\n<\/style>\n<\/div>\n<div class=\"container section-title-container\" style=\"margin-bottom:0px;\"><h3 class=\"section-title section-title-center\"><b aria-hidden=\"true\"><\/b><span class=\"section-title-main\" style=\"font-size:92%;\">POR QU\u00c9 PONER UN COOLCASC A MI CASCO<\/span><b aria-hidden=\"true\"><\/b><\/h3><\/div>\n<div class=\"row row-small\"  id=\"row-960646362\">\n\n\t<div id=\"col-824924596\" class=\"col medium-4 small-12 large-4\"  >\n\t\t\t\t<div class=\"col-inner text-center\"  >\n\t\t\t\n\t\t\t\n<ul>\n<li style=\"text-align: left\">Porque puedo renovar r\u00e1pidamente el aspecto de mi casco.<\/li>\n<li style=\"text-align: left\">Porque cambio de estilo cuando quiero.<\/li>\n<li style=\"text-align: left\">Porque lo puedo usar todo el a\u00f1o, para cualquier casco y en cualquier deporte.<\/li>\n<li style=\"text-align: left\">Porque protejo mi casco de rallajos.<\/li>\n<\/ul>\n\t\t<\/div>\n\t\t\t\t\n<style>\n#col-824924596 > .col-inner {\n  margin: -35px 0px 0px 0px;\n}\n<\/style>\n\t<\/div>\n\n\t\n\n\t<div id=\"col-483589087\" class=\"col medium-4 small-12 large-4\"  >\n\t\t\t\t<div class=\"col-inner text-center\"  >\n\t\t\t\n\t\t\t\n\t<div class=\"img has-hover x md-x lg-x y md-y lg-y\" id=\"image_938662144\">\n\t\t\t\t\t\t\t\t<div class=\"img-inner dark\" style=\"margin:-5px 0px 0px 0px;\">\n\t\t\t<img loading=\"lazy\" decoding=\"async\" width=\"1000\" height=\"1000\" src=\"https:\/\/coolcasc.com\/wp-content\/uploads\/2024\/11\/125_SAD.png\" class=\"attachment-original size-original\" alt=\"\" \/>\t\t\t\t\t\t\n\t\t\t\t\t<\/div>\n\t\t\t\t\t\t\t\t\n<style>\n#image_938662144 {\n  width: 80%;\n}\n<\/style>\n\t<\/div>\n\t\n\t\t<\/div>\n\t\t\t\t\n<style>\n#col-483589087 > .col-inner {\n  padding: 0px 0px 0px 0px;\n  margin: 0px 0px -17px 0px;\n}\n<\/style>\n\t<\/div>\n\n\t\n\n\t<div id=\"col-1738810793\" class=\"col medium-4 small-12 large-4\"  >\n\t\t\t\t<div class=\"col-inner\"  >\n\t\t\t\n\t\t\t\n<ul>\n<li style=\"text-align: left\">Porque me gusta diferenciarme del resto.<\/li>\n<li style=\"text-align: left\">Porque me gusta poner un toque de color y humor en mi vida.<\/li>\n<li style=\"text-align: left\">Porque al ser m\u00e1s visible voy mucho m\u00e1s seguro.<\/li>\n<\/ul>\n\t\t<\/div>\n\t\t\t\t\n<style>\n#col-1738810793 > .col-inner {\n  margin: -35px 0px 0px 0px;\n}\n<\/style>\n\t<\/div>\n\n\t\n\n<style>\n#row-960646362 > .col > .col-inner {\n  padding: 55px 0px 0px 0px;\n}\n<\/style>\n<\/div>\n<div class=\"row\"  id=\"row-774951430\">\n\n\t<div id=\"col-1946015491\" class=\"col medium-4 small-12 large-4\"  >\n\t\t\t\t<div class=\"col-inner text-center\"  >\n\t\t\t\n\t\t\t\n<div class=\"container section-title-container\" style=\"margin-bottom:0px;\"><h3 class=\"section-title section-title-center\"><b aria-hidden=\"true\"><\/b><span class=\"section-title-main\" style=\"font-size:92%;\">PACKAGING<\/span><b aria-hidden=\"true\"><\/b><\/h3><\/div>\n<p data-line-height=\"m\">El producto viene en un blister totalmente personalizado, con im\u00e1genes del casco con su funda e instrucciones de uso.<\/p>\n<p data-line-height=\"m\">El dise\u00f1o y acabado del blister convierten cada COOLCASC<sup> \u00ae <\/sup>en un estupendo y original regalo.<\/p>\n\t\t<\/div>\n\t\t\t\t\t<\/div>\n\n\t\n\n\t<div id=\"col-1565577456\" class=\"col medium-4 small-12 large-4\"  >\n\t\t\t\t<div class=\"col-inner text-center\"  >\n\t\t\t\n\t\t\t\n<div class=\"container section-title-container\" style=\"margin-bottom:0px;\"><h3 class=\"section-title section-title-center\"><b aria-hidden=\"true\"><\/b><span class=\"section-title-main\" style=\"font-size:96%;\">MANTENIMIENTO Y LAVADO<\/span><b aria-hidden=\"true\"><\/b><\/h3><\/div>\n<p>Producto fabricado en lycra <sup> \u00ae <\/sup><br \/>\nLavar m\u00e1ximo a 30\u00ba Celsius (65-85 F)<br \/>\nNo usar lej\u00eda<br \/>\nNo usar secadora<br \/>\nNo planchar<\/p>\n\t\t<\/div>\n\t\t\t\t\t<\/div>\n\n\t\n\n\t<div id=\"col-1787093383\" class=\"col medium-4 small-12 large-4\"  >\n\t\t\t\t<div class=\"col-inner\"  >\n\t\t\t\n\t\t\t\n<div class=\"container section-title-container\" style=\"margin-bottom:0px;\"><h3 class=\"section-title section-title-center\"><b aria-hidden=\"true\"><\/b><span class=\"section-title-main\" style=\"font-size:96%;\">CALIDAD<\/span><b aria-hidden=\"true\"><\/b><\/h3><\/div>\n<p style=\"text-align: center\">Nuestros productos tienen un cuidado dise\u00f1o y se fabrican con materias primas de la m\u00e1s alta calidad. Todos los productos COOLCASC<sup> \u00ae <\/sup> se revisan manual e individualmente siguiendo un estricto protocolo de control de calidad.<\/p>\n\t\t<\/div>\n\t\t\t\t\t<\/div>\n\n\t\n<\/div>\n","protected":false},"excerpt":{"rendered":"<table style=\"height: 38px\" width=\"607\">\n<tbody>\n<tr>\n<td width=\"257\">\u00a1Transgresor!\u00a0 Calaveras en negro sobre fondo\u00a0 marr\u00f3n ros\u00e1ceo.<\/p>\n<p><strong>Material:<\/strong> 83% Poliamida y 17% Elast\u00e1n.<\/p>\n<p><strong>Talla \u00fanica:<\/strong> Se adapta a cualquier tama\u00f1o de casco.<\/p>\n<p><strong>Multisport:<\/strong> Apto para cascos de esqu\u00ed, bicicleta, patinete, patinaje, skate e incluso moto.<\/p>\n<p><strong>Adaptable<\/strong> en cascos de orejera blanda. Apertura trasera para fijar las gafas en cascos de esqu\u00ed.<\/td>\n<\/tr>\n<\/tbody>\n<\/table>\n","protected":false},"featured_media":24626,"comment_status":"closed","ping_status":"closed","template":"","meta":[],"product_brand":[],"product_cat":[24,29],"product_tag":[],"class_list":{"0":"post-24625","1":"product","2":"type-product","3":"status-publish","4":"has-post-thumbnail","6":"product_cat-colecciones","7":"product_cat-cool-print","9":"first","10":"instock","11":"sale","12":"taxable","13":"shipping-taxable","14":"purchasable","15":"product-type-simple"},"yoast_head":"<!-- This site is optimized with the Yoast SEO plugin v27.2 - https:\/\/yoast.com\/product\/yoast-seo-wordpress\/ -->\n<title>Calaveras - Coolcasc<\/title>\n<meta name=\"robots\" content=\"index, follow, max-snippet:-1, max-image-preview:large, max-video-preview:-1\" \/>\n<link rel=\"canonical\" href=\"https:\/\/coolcasc.com\/funda-para-casco\/calaveras-2\/\" \/>\n<meta property=\"og:locale\" content=\"en_US\" \/>\n<meta property=\"og:type\" content=\"article\" \/>\n<meta property=\"og:title\" content=\"Calaveras - Coolcasc\" \/>\n<meta property=\"og:description\" content=\"\u00a1Transgresor!\u00a0 Calaveras en negro sobre fondo\u00a0 marr\u00f3n ros\u00e1ceo.  Material: 83% Poliamida y 17% Elast\u00e1n.  Talla \u00fanica: Se adapta a cualquier tama\u00f1o de casco.  Multisport: Apto para cascos de esqu\u00ed, bicicleta, patinete, patinaje, skate e incluso moto.  Adaptable en cascos de orejera blanda. Apertura trasera para fijar las gafas en cascos de esqu\u00ed.\" \/>\n<meta property=\"og:url\" content=\"https:\/\/coolcasc.com\/funda-para-casco\/calaveras-2\/\" \/>\n<meta property=\"og:site_name\" content=\"Coolcasc\" \/>\n<meta property=\"article:publisher\" content=\"https:\/\/www.facebook.com\/COOLCASC\/\" \/>\n<meta property=\"article:modified_time\" content=\"2025-11-07T13:37:34+00:00\" \/>\n<meta property=\"og:image\" content=\"https:\/\/coolcasc.com\/wp-content\/uploads\/2024\/11\/125_SAD.png\" \/>\n\t<meta property=\"og:image:width\" content=\"1000\" \/>\n\t<meta property=\"og:image:height\" content=\"1000\" \/>\n\t<meta property=\"og:image:type\" content=\"image\/png\" \/>\n<meta name=\"twitter:card\" content=\"summary_large_image\" \/>\n<meta name=\"twitter:site\" content=\"@coolcasc\" \/>\n<meta name=\"twitter:label1\" content=\"Est. reading time\" \/>\n\t<meta name=\"twitter:data1\" content=\"2 minutes\" \/>\n<script type=\"application\/ld+json\" class=\"yoast-schema-graph\">{\"@context\":\"https:\/\/schema.org\",\"@graph\":[{\"@type\":\"WebPage\",\"@id\":\"https:\/\/coolcasc.com\/funda-para-casco\/calaveras-2\/\",\"url\":\"https:\/\/coolcasc.com\/funda-para-casco\/calaveras-2\/\",\"name\":\"Calaveras - Coolcasc\",\"isPartOf\":{\"@id\":\"https:\/\/coolcasc.com\/#website\"},\"primaryImageOfPage\":{\"@id\":\"https:\/\/coolcasc.com\/funda-para-casco\/calaveras-2\/#primaryimage\"},\"image\":{\"@id\":\"https:\/\/coolcasc.com\/funda-para-casco\/calaveras-2\/#primaryimage\"},\"thumbnailUrl\":\"https:\/\/coolcasc.com\/wp-content\/uploads\/2024\/11\/125_SAD.png\",\"datePublished\":\"2024-11-22T08:55:07+00:00\",\"dateModified\":\"2025-11-07T13:37:34+00:00\",\"breadcrumb\":{\"@id\":\"https:\/\/coolcasc.com\/funda-para-casco\/calaveras-2\/#breadcrumb\"},\"inLanguage\":\"en-US\",\"potentialAction\":[{\"@type\":\"ReadAction\",\"target\":[\"https:\/\/coolcasc.com\/funda-para-casco\/calaveras-2\/\"]}]},{\"@type\":\"ImageObject\",\"inLanguage\":\"en-US\",\"@id\":\"https:\/\/coolcasc.com\/funda-para-casco\/calaveras-2\/#primaryimage\",\"url\":\"https:\/\/coolcasc.com\/wp-content\/uploads\/2024\/11\/125_SAD.png\",\"contentUrl\":\"https:\/\/coolcasc.com\/wp-content\/uploads\/2024\/11\/125_SAD.png\",\"width\":1000,\"height\":1000},{\"@type\":\"BreadcrumbList\",\"@id\":\"https:\/\/coolcasc.com\/funda-para-casco\/calaveras-2\/#breadcrumb\",\"itemListElement\":[{\"@type\":\"ListItem\",\"position\":1,\"name\":\"Portada\",\"item\":\"https:\/\/coolcasc.com\/\"},{\"@type\":\"ListItem\",\"position\":2,\"name\":\"Shop\",\"item\":\"https:\/\/coolcasc.com\/en\/shop\/\"},{\"@type\":\"ListItem\",\"position\":3,\"name\":\"Calaveras\"}]},{\"@type\":\"WebSite\",\"@id\":\"https:\/\/coolcasc.com\/#website\",\"url\":\"https:\/\/coolcasc.com\/\",\"name\":\"Coolcasc\",\"description\":\"Seguridad, moda y dise\u00f1o utilizando las fundas para casco Coolcasc en la pr\u00e1ctica de cualquier deporte.\",\"publisher\":{\"@id\":\"https:\/\/coolcasc.com\/#organization\"},\"potentialAction\":[{\"@type\":\"SearchAction\",\"target\":{\"@type\":\"EntryPoint\",\"urlTemplate\":\"https:\/\/coolcasc.com\/?s={search_term_string}\"},\"query-input\":{\"@type\":\"PropertyValueSpecification\",\"valueRequired\":true,\"valueName\":\"search_term_string\"}}],\"inLanguage\":\"en-US\"},{\"@type\":\"Organization\",\"@id\":\"https:\/\/coolcasc.com\/#organization\",\"name\":\"Fundas para cascos Coolcasc\",\"url\":\"https:\/\/coolcasc.com\/\",\"logo\":{\"@type\":\"ImageObject\",\"inLanguage\":\"en-US\",\"@id\":\"https:\/\/coolcasc.com\/#\/schema\/logo\/image\/\",\"url\":\"https:\/\/coolcasc.com\/wp-content\/uploads\/2018\/12\/Blue_header.png\",\"contentUrl\":\"https:\/\/coolcasc.com\/wp-content\/uploads\/2018\/12\/Blue_header.png\",\"width\":300,\"height\":180,\"caption\":\"Fundas para cascos Coolcasc\"},\"image\":{\"@id\":\"https:\/\/coolcasc.com\/#\/schema\/logo\/image\/\"},\"sameAs\":[\"https:\/\/www.facebook.com\/COOLCASC\/\",\"https:\/\/x.com\/coolcasc\",\"https:\/\/www.instagram.com\/coolcasc\/\"]}]}<\/script>\n<!-- \/ Yoast SEO plugin. -->","yoast_head_json":{"title":"Calaveras - Coolcasc","robots":{"index":"index","follow":"follow","max-snippet":"max-snippet:-1","max-image-preview":"max-image-preview:large","max-video-preview":"max-video-preview:-1"},"canonical":"https:\/\/coolcasc.com\/funda-para-casco\/calaveras-2\/","og_locale":"en_US","og_type":"article","og_title":"Calaveras - Coolcasc","og_description":"\u00a1Transgresor!\u00a0 Calaveras en negro sobre fondo\u00a0 marr\u00f3n ros\u00e1ceo.  Material: 83% Poliamida y 17% Elast\u00e1n.  Talla \u00fanica: Se adapta a cualquier tama\u00f1o de casco.  Multisport: Apto para cascos de esqu\u00ed, bicicleta, patinete, patinaje, skate e incluso moto.  Adaptable en cascos de orejera blanda. Apertura trasera para fijar las gafas en cascos de esqu\u00ed.","og_url":"https:\/\/coolcasc.com\/funda-para-casco\/calaveras-2\/","og_site_name":"Coolcasc","article_publisher":"https:\/\/www.facebook.com\/COOLCASC\/","article_modified_time":"2025-11-07T13:37:34+00:00","og_image":[{"width":1000,"height":1000,"url":"https:\/\/coolcasc.com\/wp-content\/uploads\/2024\/11\/125_SAD.png","type":"image\/png"}],"twitter_card":"summary_large_image","twitter_site":"@coolcasc","twitter_misc":{"Est. reading time":"2 minutes"},"schema":{"@context":"https:\/\/schema.org","@graph":[{"@type":"WebPage","@id":"https:\/\/coolcasc.com\/funda-para-casco\/calaveras-2\/","url":"https:\/\/coolcasc.com\/funda-para-casco\/calaveras-2\/","name":"Calaveras - Coolcasc","isPartOf":{"@id":"https:\/\/coolcasc.com\/#website"},"primaryImageOfPage":{"@id":"https:\/\/coolcasc.com\/funda-para-casco\/calaveras-2\/#primaryimage"},"image":{"@id":"https:\/\/coolcasc.com\/funda-para-casco\/calaveras-2\/#primaryimage"},"thumbnailUrl":"https:\/\/coolcasc.com\/wp-content\/uploads\/2024\/11\/125_SAD.png","datePublished":"2024-11-22T08:55:07+00:00","dateModified":"2025-11-07T13:37:34+00:00","breadcrumb":{"@id":"https:\/\/coolcasc.com\/funda-para-casco\/calaveras-2\/#breadcrumb"},"inLanguage":"en-US","potentialAction":[{"@type":"ReadAction","target":["https:\/\/coolcasc.com\/funda-para-casco\/calaveras-2\/"]}]},{"@type":"ImageObject","inLanguage":"en-US","@id":"https:\/\/coolcasc.com\/funda-para-casco\/calaveras-2\/#primaryimage","url":"https:\/\/coolcasc.com\/wp-content\/uploads\/2024\/11\/125_SAD.png","contentUrl":"https:\/\/coolcasc.com\/wp-content\/uploads\/2024\/11\/125_SAD.png","width":1000,"height":1000},{"@type":"BreadcrumbList","@id":"https:\/\/coolcasc.com\/funda-para-casco\/calaveras-2\/#breadcrumb","itemListElement":[{"@type":"ListItem","position":1,"name":"Portada","item":"https:\/\/coolcasc.com\/"},{"@type":"ListItem","position":2,"name":"Shop","item":"https:\/\/coolcasc.com\/en\/shop\/"},{"@type":"ListItem","position":3,"name":"Calaveras"}]},{"@type":"WebSite","@id":"https:\/\/coolcasc.com\/#website","url":"https:\/\/coolcasc.com\/","name":"Coolcasc","description":"Seguridad, moda y dise\u00f1o utilizando las fundas para casco Coolcasc en la pr\u00e1ctica de cualquier deporte.","publisher":{"@id":"https:\/\/coolcasc.com\/#organization"},"potentialAction":[{"@type":"SearchAction","target":{"@type":"EntryPoint","urlTemplate":"https:\/\/coolcasc.com\/?s={search_term_string}"},"query-input":{"@type":"PropertyValueSpecification","valueRequired":true,"valueName":"search_term_string"}}],"inLanguage":"en-US"},{"@type":"Organization","@id":"https:\/\/coolcasc.com\/#organization","name":"Fundas para cascos Coolcasc","url":"https:\/\/coolcasc.com\/","logo":{"@type":"ImageObject","inLanguage":"en-US","@id":"https:\/\/coolcasc.com\/#\/schema\/logo\/image\/","url":"https:\/\/coolcasc.com\/wp-content\/uploads\/2018\/12\/Blue_header.png","contentUrl":"https:\/\/coolcasc.com\/wp-content\/uploads\/2018\/12\/Blue_header.png","width":300,"height":180,"caption":"Fundas para cascos Coolcasc"},"image":{"@id":"https:\/\/coolcasc.com\/#\/schema\/logo\/image\/"},"sameAs":["https:\/\/www.facebook.com\/COOLCASC\/","https:\/\/x.com\/coolcasc","https:\/\/www.instagram.com\/coolcasc\/"]}]}},"_links":{"self":[{"href":"https:\/\/coolcasc.com\/en\/wp-json\/wp\/v2\/product\/24625","targetHints":{"allow":["GET"]}}],"collection":[{"href":"https:\/\/coolcasc.com\/en\/wp-json\/wp\/v2\/product"}],"about":[{"href":"https:\/\/coolcasc.com\/en\/wp-json\/wp\/v2\/types\/product"}],"replies":[{"embeddable":true,"href":"https:\/\/coolcasc.com\/en\/wp-json\/wp\/v2\/comments?post=24625"}],"wp:featuredmedia":[{"embeddable":true,"href":"https:\/\/coolcasc.com\/en\/wp-json\/wp\/v2\/media\/24626"}],"wp:attachment":[{"href":"https:\/\/coolcasc.com\/en\/wp-json\/wp\/v2\/media?parent=24625"}],"wp:term":[{"taxonomy":"product_brand","embeddable":true,"href":"https:\/\/coolcasc.com\/en\/wp-json\/wp\/v2\/product_brand?post=24625"},{"taxonomy":"product_cat","embeddable":true,"href":"https:\/\/coolcasc.com\/en\/wp-json\/wp\/v2\/product_cat?post=24625"},{"taxonomy":"product_tag","embeddable":true,"href":"https:\/\/coolcasc.com\/en\/wp-json\/wp\/v2\/product_tag?post=24625"}],"curies":[{"name":"wp","href":"https:\/\/api.w.org\/{rel}","templated":true}]}}