{"id":28613,"date":"2026-05-05T09:33:28","date_gmt":"2026-05-05T09:33:28","guid":{"rendered":"https:\/\/coolcasc.com\/?post_type=product&#038;p=28613"},"modified":"2026-05-05T09:34:24","modified_gmt":"2026-05-05T09:34:24","slug":"cuernos-led-blancos","status":"publish","type":"product","link":"https:\/\/coolcasc.com\/en\/funda-para-casco\/cuernos-led-blancos\/","title":{"rendered":"CUERNOS LED BLANCOS"},"content":{"rendered":"","protected":false},"excerpt":{"rendered":"<p data-start=\"121\" data-end=\"160\"><strong data-start=\"121\" data-end=\"160\">Cuernos LED COOLCASC color Blanco<\/strong><\/p>\n<p data-start=\"162\" data-end=\"239\"><strong data-start=\"162\" data-end=\"175\">Material:<\/strong> Base de pl\u00e1stico resistente con sistema adhesivo de doble cara.<\/p>\n<p data-start=\"241\" data-end=\"497\">Transforma tu casco en un accesorio \u00fanico y llamativo en segundos. Los cuernos LED COOLCASC incorporan luz recargable por USB con hasta 20 horas de autonom\u00eda, aportando un extra de visibilidad y seguridad en salidas nocturnas en bicicleta, patinete, moto o esqu\u00ed en d\u00edas de mala visibilidad o por la tarde\/noche.<\/p>\n<p data-start=\"499\" data-end=\"634\">Instalaci\u00f3n r\u00e1pida y sencilla gracias a las bases adhesivas incluidas. Dise\u00f1o ligero y adaptable que no interfiere en el uso del casco, aumentando la seguridad al aumentar la visibilidad.<\/p>\n<p data-start=\"636\" data-end=\"711\">Compatible con cualquier casco: bicicleta, MTB, patinete el\u00e9ctrico, casco de moto jet o integral y cascos de esqu\u00ed.<\/p>\n<p data-start=\"713\" data-end=\"791\"><strong data-start=\"713\" data-end=\"725\">Incluye:<\/strong> 2 cuernos LED, 2 bases, 2 adhesivos de doble cara y 2 cables USB.<\/p>\n<p data-start=\"793\" data-end=\"834\">Medida \u00fanica adaptable a todos los cascos.<\/p>\n","protected":false},"featured_media":28594,"comment_status":"closed","ping_status":"closed","template":"","meta":[],"product_brand":[],"product_cat":[437,24],"product_tag":[],"class_list":{"0":"post-28613","1":"product","2":"type-product","3":"status-publish","4":"has-post-thumbnail","6":"product_cat-add-ons","7":"product_cat-colecciones","9":"first","10":"instock","11":"taxable","12":"shipping-taxable","13":"purchasable","14":"product-type-simple"},"yoast_head":"<!-- This site is optimized with the Yoast SEO plugin v27.4 - https:\/\/yoast.com\/product\/yoast-seo-wordpress\/ -->\n<title>CUERNOS LED BLANCOS - Coolcasc<\/title>\n<meta name=\"robots\" content=\"index, follow, max-snippet:-1, max-image-preview:large, max-video-preview:-1\" \/>\n<link rel=\"canonical\" href=\"https:\/\/coolcasc.com\/funda-para-casco\/cuernos-led-blancos\/\" \/>\n<meta property=\"og:locale\" content=\"en_US\" \/>\n<meta property=\"og:type\" content=\"article\" \/>\n<meta property=\"og:title\" content=\"CUERNOS LED BLANCOS - Coolcasc\" \/>\n<meta property=\"og:description\" content=\"Cuernos LED COOLCASC color Blanco Material: Base de pl\u00e1stico resistente con sistema adhesivo de doble cara. Transforma tu casco en un accesorio \u00fanico y llamativo en segundos. Los cuernos LED COOLCASC incorporan luz recargable por USB con hasta 20 horas de autonom\u00eda, aportando un extra de visibilidad y seguridad en salidas nocturnas en bicicleta, patinete, moto o esqu\u00ed en d\u00edas de mala visibilidad o por la tarde\/noche. Instalaci\u00f3n r\u00e1pida y sencilla gracias a las bases adhesivas incluidas. Dise\u00f1o ligero y adaptable que no interfiere en el uso del casco, aumentando la seguridad al aumentar la visibilidad. Compatible con cualquier casco: bicicleta, MTB, patinete el\u00e9ctrico, casco de moto jet o integral y cascos de esqu\u00ed. Incluye: 2 cuernos LED, 2 bases, 2 adhesivos de doble cara y 2 cables USB. Medida \u00fanica adaptable a todos los cascos.\" \/>\n<meta property=\"og:url\" content=\"https:\/\/coolcasc.com\/funda-para-casco\/cuernos-led-blancos\/\" \/>\n<meta property=\"og:site_name\" content=\"Coolcasc\" \/>\n<meta property=\"article:publisher\" content=\"https:\/\/www.facebook.com\/COOLCASC\/\" \/>\n<meta property=\"article:modified_time\" content=\"2026-05-05T09:34:24+00:00\" \/>\n<meta property=\"og:image\" content=\"https:\/\/coolcasc.com\/wp-content\/uploads\/2026\/05\/Leds-blanco-casco-scaled.jpg\" \/>\n\t<meta property=\"og:image:width\" content=\"2560\" \/>\n\t<meta property=\"og:image:height\" content=\"2560\" \/>\n\t<meta property=\"og:image:type\" content=\"image\/jpeg\" \/>\n<meta name=\"twitter:card\" content=\"summary_large_image\" \/>\n<meta name=\"twitter:site\" content=\"@coolcasc\" \/>\n<meta name=\"twitter:label1\" content=\"Est. reading time\" \/>\n\t<meta name=\"twitter:data1\" content=\"1 minute\" \/>\n<script type=\"application\/ld+json\" class=\"yoast-schema-graph\">{\"@context\":\"https:\\\/\\\/schema.org\",\"@graph\":[{\"@type\":\"WebPage\",\"@id\":\"https:\\\/\\\/coolcasc.com\\\/funda-para-casco\\\/cuernos-led-blancos\\\/\",\"url\":\"https:\\\/\\\/coolcasc.com\\\/funda-para-casco\\\/cuernos-led-blancos\\\/\",\"name\":\"CUERNOS LED BLANCOS - Coolcasc\",\"isPartOf\":{\"@id\":\"https:\\\/\\\/coolcasc.com\\\/#website\"},\"primaryImageOfPage\":{\"@id\":\"https:\\\/\\\/coolcasc.com\\\/funda-para-casco\\\/cuernos-led-blancos\\\/#primaryimage\"},\"image\":{\"@id\":\"https:\\\/\\\/coolcasc.com\\\/funda-para-casco\\\/cuernos-led-blancos\\\/#primaryimage\"},\"thumbnailUrl\":\"https:\\\/\\\/coolcasc.com\\\/wp-content\\\/uploads\\\/2026\\\/05\\\/Leds-blanco-casco-scaled.jpg\",\"datePublished\":\"2026-05-05T09:33:28+00:00\",\"dateModified\":\"2026-05-05T09:34:24+00:00\",\"breadcrumb\":{\"@id\":\"https:\\\/\\\/coolcasc.com\\\/funda-para-casco\\\/cuernos-led-blancos\\\/#breadcrumb\"},\"inLanguage\":\"en-US\",\"potentialAction\":[{\"@type\":\"ReadAction\",\"target\":[\"https:\\\/\\\/coolcasc.com\\\/funda-para-casco\\\/cuernos-led-blancos\\\/\"]}]},{\"@type\":\"ImageObject\",\"inLanguage\":\"en-US\",\"@id\":\"https:\\\/\\\/coolcasc.com\\\/funda-para-casco\\\/cuernos-led-blancos\\\/#primaryimage\",\"url\":\"https:\\\/\\\/coolcasc.com\\\/wp-content\\\/uploads\\\/2026\\\/05\\\/Leds-blanco-casco-scaled.jpg\",\"contentUrl\":\"https:\\\/\\\/coolcasc.com\\\/wp-content\\\/uploads\\\/2026\\\/05\\\/Leds-blanco-casco-scaled.jpg\",\"width\":2560,\"height\":2560},{\"@type\":\"BreadcrumbList\",\"@id\":\"https:\\\/\\\/coolcasc.com\\\/funda-para-casco\\\/cuernos-led-blancos\\\/#breadcrumb\",\"itemListElement\":[{\"@type\":\"ListItem\",\"position\":1,\"name\":\"Portada\",\"item\":\"https:\\\/\\\/coolcasc.com\\\/en\\\/\"},{\"@type\":\"ListItem\",\"position\":2,\"name\":\"Shop\",\"item\":\"https:\\\/\\\/coolcasc.com\\\/en\\\/shop\\\/\"},{\"@type\":\"ListItem\",\"position\":3,\"name\":\"CUERNOS LED BLANCOS\"}]},{\"@type\":\"WebSite\",\"@id\":\"https:\\\/\\\/coolcasc.com\\\/#website\",\"url\":\"https:\\\/\\\/coolcasc.com\\\/\",\"name\":\"Coolcasc\",\"description\":\"Seguridad, moda y dise\u00f1o utilizando las fundas para casco Coolcasc en la pr\u00e1ctica de cualquier deporte.\",\"publisher\":{\"@id\":\"https:\\\/\\\/coolcasc.com\\\/#organization\"},\"potentialAction\":[{\"@type\":\"SearchAction\",\"target\":{\"@type\":\"EntryPoint\",\"urlTemplate\":\"https:\\\/\\\/coolcasc.com\\\/?s={search_term_string}\"},\"query-input\":{\"@type\":\"PropertyValueSpecification\",\"valueRequired\":true,\"valueName\":\"search_term_string\"}}],\"inLanguage\":\"en-US\"},{\"@type\":\"Organization\",\"@id\":\"https:\\\/\\\/coolcasc.com\\\/#organization\",\"name\":\"Fundas para cascos Coolcasc\",\"url\":\"https:\\\/\\\/coolcasc.com\\\/\",\"logo\":{\"@type\":\"ImageObject\",\"inLanguage\":\"en-US\",\"@id\":\"https:\\\/\\\/coolcasc.com\\\/#\\\/schema\\\/logo\\\/image\\\/\",\"url\":\"https:\\\/\\\/coolcasc.com\\\/wp-content\\\/uploads\\\/2018\\\/12\\\/Blue_header.png\",\"contentUrl\":\"https:\\\/\\\/coolcasc.com\\\/wp-content\\\/uploads\\\/2018\\\/12\\\/Blue_header.png\",\"width\":300,\"height\":180,\"caption\":\"Fundas para cascos Coolcasc\"},\"image\":{\"@id\":\"https:\\\/\\\/coolcasc.com\\\/#\\\/schema\\\/logo\\\/image\\\/\"},\"sameAs\":[\"https:\\\/\\\/www.facebook.com\\\/COOLCASC\\\/\",\"https:\\\/\\\/x.com\\\/coolcasc\",\"https:\\\/\\\/www.instagram.com\\\/coolcasc\\\/\"]}]}<\/script>\n<!-- \/ Yoast SEO plugin. -->","yoast_head_json":{"title":"CUERNOS LED BLANCOS - Coolcasc","robots":{"index":"index","follow":"follow","max-snippet":"max-snippet:-1","max-image-preview":"max-image-preview:large","max-video-preview":"max-video-preview:-1"},"canonical":"https:\/\/coolcasc.com\/funda-para-casco\/cuernos-led-blancos\/","og_locale":"en_US","og_type":"article","og_title":"CUERNOS LED BLANCOS - Coolcasc","og_description":"Cuernos LED COOLCASC color Blanco Material: Base de pl\u00e1stico resistente con sistema adhesivo de doble cara. Transforma tu casco en un accesorio \u00fanico y llamativo en segundos. Los cuernos LED COOLCASC incorporan luz recargable por USB con hasta 20 horas de autonom\u00eda, aportando un extra de visibilidad y seguridad en salidas nocturnas en bicicleta, patinete, moto o esqu\u00ed en d\u00edas de mala visibilidad o por la tarde\/noche. Instalaci\u00f3n r\u00e1pida y sencilla gracias a las bases adhesivas incluidas. Dise\u00f1o ligero y adaptable que no interfiere en el uso del casco, aumentando la seguridad al aumentar la visibilidad. Compatible con cualquier casco: bicicleta, MTB, patinete el\u00e9ctrico, casco de moto jet o integral y cascos de esqu\u00ed. Incluye: 2 cuernos LED, 2 bases, 2 adhesivos de doble cara y 2 cables USB. Medida \u00fanica adaptable a todos los cascos.","og_url":"https:\/\/coolcasc.com\/funda-para-casco\/cuernos-led-blancos\/","og_site_name":"Coolcasc","article_publisher":"https:\/\/www.facebook.com\/COOLCASC\/","article_modified_time":"2026-05-05T09:34:24+00:00","og_image":[{"width":2560,"height":2560,"url":"https:\/\/coolcasc.com\/wp-content\/uploads\/2026\/05\/Leds-blanco-casco-scaled.jpg","type":"image\/jpeg"}],"twitter_card":"summary_large_image","twitter_site":"@coolcasc","twitter_misc":{"Est. reading time":"1 minute"},"schema":{"@context":"https:\/\/schema.org","@graph":[{"@type":"WebPage","@id":"https:\/\/coolcasc.com\/funda-para-casco\/cuernos-led-blancos\/","url":"https:\/\/coolcasc.com\/funda-para-casco\/cuernos-led-blancos\/","name":"CUERNOS LED BLANCOS - Coolcasc","isPartOf":{"@id":"https:\/\/coolcasc.com\/#website"},"primaryImageOfPage":{"@id":"https:\/\/coolcasc.com\/funda-para-casco\/cuernos-led-blancos\/#primaryimage"},"image":{"@id":"https:\/\/coolcasc.com\/funda-para-casco\/cuernos-led-blancos\/#primaryimage"},"thumbnailUrl":"https:\/\/coolcasc.com\/wp-content\/uploads\/2026\/05\/Leds-blanco-casco-scaled.jpg","datePublished":"2026-05-05T09:33:28+00:00","dateModified":"2026-05-05T09:34:24+00:00","breadcrumb":{"@id":"https:\/\/coolcasc.com\/funda-para-casco\/cuernos-led-blancos\/#breadcrumb"},"inLanguage":"en-US","potentialAction":[{"@type":"ReadAction","target":["https:\/\/coolcasc.com\/funda-para-casco\/cuernos-led-blancos\/"]}]},{"@type":"ImageObject","inLanguage":"en-US","@id":"https:\/\/coolcasc.com\/funda-para-casco\/cuernos-led-blancos\/#primaryimage","url":"https:\/\/coolcasc.com\/wp-content\/uploads\/2026\/05\/Leds-blanco-casco-scaled.jpg","contentUrl":"https:\/\/coolcasc.com\/wp-content\/uploads\/2026\/05\/Leds-blanco-casco-scaled.jpg","width":2560,"height":2560},{"@type":"BreadcrumbList","@id":"https:\/\/coolcasc.com\/funda-para-casco\/cuernos-led-blancos\/#breadcrumb","itemListElement":[{"@type":"ListItem","position":1,"name":"Portada","item":"https:\/\/coolcasc.com\/en\/"},{"@type":"ListItem","position":2,"name":"Shop","item":"https:\/\/coolcasc.com\/en\/shop\/"},{"@type":"ListItem","position":3,"name":"CUERNOS LED BLANCOS"}]},{"@type":"WebSite","@id":"https:\/\/coolcasc.com\/#website","url":"https:\/\/coolcasc.com\/","name":"Coolcasc","description":"Seguridad, moda y dise\u00f1o utilizando las fundas para casco Coolcasc en la pr\u00e1ctica de cualquier deporte.","publisher":{"@id":"https:\/\/coolcasc.com\/#organization"},"potentialAction":[{"@type":"SearchAction","target":{"@type":"EntryPoint","urlTemplate":"https:\/\/coolcasc.com\/?s={search_term_string}"},"query-input":{"@type":"PropertyValueSpecification","valueRequired":true,"valueName":"search_term_string"}}],"inLanguage":"en-US"},{"@type":"Organization","@id":"https:\/\/coolcasc.com\/#organization","name":"Fundas para cascos Coolcasc","url":"https:\/\/coolcasc.com\/","logo":{"@type":"ImageObject","inLanguage":"en-US","@id":"https:\/\/coolcasc.com\/#\/schema\/logo\/image\/","url":"https:\/\/coolcasc.com\/wp-content\/uploads\/2018\/12\/Blue_header.png","contentUrl":"https:\/\/coolcasc.com\/wp-content\/uploads\/2018\/12\/Blue_header.png","width":300,"height":180,"caption":"Fundas para cascos Coolcasc"},"image":{"@id":"https:\/\/coolcasc.com\/#\/schema\/logo\/image\/"},"sameAs":["https:\/\/www.facebook.com\/COOLCASC\/","https:\/\/x.com\/coolcasc","https:\/\/www.instagram.com\/coolcasc\/"]}]}},"_links":{"self":[{"href":"https:\/\/coolcasc.com\/en\/wp-json\/wp\/v2\/product\/28613","targetHints":{"allow":["GET"]}}],"collection":[{"href":"https:\/\/coolcasc.com\/en\/wp-json\/wp\/v2\/product"}],"about":[{"href":"https:\/\/coolcasc.com\/en\/wp-json\/wp\/v2\/types\/product"}],"replies":[{"embeddable":true,"href":"https:\/\/coolcasc.com\/en\/wp-json\/wp\/v2\/comments?post=28613"}],"wp:featuredmedia":[{"embeddable":true,"href":"https:\/\/coolcasc.com\/en\/wp-json\/wp\/v2\/media\/28594"}],"wp:attachment":[{"href":"https:\/\/coolcasc.com\/en\/wp-json\/wp\/v2\/media?parent=28613"}],"wp:term":[{"taxonomy":"product_brand","embeddable":true,"href":"https:\/\/coolcasc.com\/en\/wp-json\/wp\/v2\/product_brand?post=28613"},{"taxonomy":"product_cat","embeddable":true,"href":"https:\/\/coolcasc.com\/en\/wp-json\/wp\/v2\/product_cat?post=28613"},{"taxonomy":"product_tag","embeddable":true,"href":"https:\/\/coolcasc.com\/en\/wp-json\/wp\/v2\/product_tag?post=28613"}],"curies":[{"name":"wp","href":"https:\/\/api.w.org\/{rel}","templated":true}]}}