{"id":28620,"date":"2026-05-05T11:23:36","date_gmt":"2026-05-05T11:23:36","guid":{"rendered":"https:\/\/coolcasc.com\/?post_type=product&#038;p=28620"},"modified":"2026-05-05T11:25:51","modified_gmt":"2026-05-05T11:25:51","slug":"orejas-y-cola-de-leopardo","status":"publish","type":"product","link":"https:\/\/coolcasc.com\/en\/funda-para-casco\/orejas-y-cola-de-leopardo\/","title":{"rendered":"OREJAS Y COLA de LEOPARDO"},"content":{"rendered":"","protected":false},"excerpt":{"rendered":"<p data-section-id=\"dp7e8a\" data-start=\"131\" data-end=\"177\"><b>SET de orejas y cola COOLCASC de LEOPARDO<\/b><\/p>\n<p data-start=\"179\" data-end=\"251\"><strong data-start=\"179\" data-end=\"192\">Material:<\/strong> Peluche suave de alta calidad con base de velcro adhesivo.<\/p>\n<p data-start=\"253\" data-end=\"465\">\u00bfQuieres que tu casco sea m\u00e1s divertido y original? El set de peluche LEOPARDO de COOLCASC a\u00f1ade un toque salvaje y adorable a cualquier casco de bicicleta, casco MTB, casco de patinete el\u00e9ctrico, casco de moto tanto integral como jet, casco de esqui, snowboard o skate.<\/p>\n<p data-start=\"467\" data-end=\"703\">Se coloca f\u00e1cilmente en segundos gracias al sistema de velcro adhesivo, permitiendo poner y quitar r\u00e1pidamente. Dise\u00f1o ligero y resistente que mantiene su forma uso tras uso, sin interferir en la comodidad ni en el uso ni seguridad del casco.<\/p>\n<p data-start=\"705\" data-end=\"780\">Compatible con cualquier casco.<\/p>\n<p data-start=\"782\" data-end=\"846\"><strong data-start=\"782\" data-end=\"794\">Incluye:<\/strong> 2 orejas de peluche y 1 rabito con velcro adhesivo.<\/p>\n<p data-start=\"782\" data-end=\"846\">Medida \u00fanica adaptable a todos los cascos.<\/p>\n","protected":false},"featured_media":0,"comment_status":"closed","ping_status":"closed","template":"","meta":[],"product_brand":[],"product_cat":[437,24],"product_tag":[],"class_list":{"0":"post-28620","1":"product","2":"type-product","3":"status-publish","5":"product_cat-add-ons","6":"product_cat-colecciones","8":"first","9":"instock","10":"taxable","11":"shipping-taxable","12":"purchasable","13":"product-type-simple"},"yoast_head":"<!-- This site is optimized with the Yoast SEO plugin v27.4 - https:\/\/yoast.com\/product\/yoast-seo-wordpress\/ -->\n<title>OREJAS Y COLA de LEOPARDO - Coolcasc<\/title>\n<meta name=\"robots\" content=\"index, follow, max-snippet:-1, max-image-preview:large, max-video-preview:-1\" \/>\n<link rel=\"canonical\" href=\"https:\/\/coolcasc.com\/funda-para-casco\/orejas-y-cola-de-leopardo\/\" \/>\n<meta property=\"og:locale\" content=\"en_US\" \/>\n<meta property=\"og:type\" content=\"article\" \/>\n<meta property=\"og:title\" content=\"OREJAS Y COLA de LEOPARDO - Coolcasc\" \/>\n<meta property=\"og:description\" content=\"SET de orejas y cola COOLCASC de LEOPARDO Material: Peluche suave de alta calidad con base de velcro adhesivo. \u00bfQuieres que tu casco sea m\u00e1s divertido y original? El set de peluche LEOPARDO de COOLCASC a\u00f1ade un toque salvaje y adorable a cualquier casco de bicicleta, casco MTB, casco de patinete el\u00e9ctrico, casco de moto tanto integral como jet, casco de esqui, snowboard o skate. Se coloca f\u00e1cilmente en segundos gracias al sistema de velcro adhesivo, permitiendo poner y quitar r\u00e1pidamente. Dise\u00f1o ligero y resistente que mantiene su forma uso tras uso, sin interferir en la comodidad ni en el uso ni seguridad del casco. Compatible con cualquier casco. Incluye: 2 orejas de peluche y 1 rabito con velcro adhesivo. Medida \u00fanica adaptable a todos los cascos.\" \/>\n<meta property=\"og:url\" content=\"https:\/\/coolcasc.com\/funda-para-casco\/orejas-y-cola-de-leopardo\/\" \/>\n<meta property=\"og:site_name\" content=\"Coolcasc\" \/>\n<meta property=\"article:publisher\" content=\"https:\/\/www.facebook.com\/COOLCASC\/\" \/>\n<meta property=\"article:modified_time\" content=\"2026-05-05T11:25:51+00:00\" \/>\n<meta name=\"twitter:card\" content=\"summary_large_image\" \/>\n<meta name=\"twitter:site\" content=\"@coolcasc\" \/>\n<script type=\"application\/ld+json\" class=\"yoast-schema-graph\">{\"@context\":\"https:\\\/\\\/schema.org\",\"@graph\":[{\"@type\":\"WebPage\",\"@id\":\"https:\\\/\\\/coolcasc.com\\\/funda-para-casco\\\/orejas-y-cola-de-leopardo\\\/\",\"url\":\"https:\\\/\\\/coolcasc.com\\\/funda-para-casco\\\/orejas-y-cola-de-leopardo\\\/\",\"name\":\"OREJAS Y COLA de LEOPARDO - Coolcasc\",\"isPartOf\":{\"@id\":\"https:\\\/\\\/coolcasc.com\\\/#website\"},\"datePublished\":\"2026-05-05T11:23:36+00:00\",\"dateModified\":\"2026-05-05T11:25:51+00:00\",\"breadcrumb\":{\"@id\":\"https:\\\/\\\/coolcasc.com\\\/funda-para-casco\\\/orejas-y-cola-de-leopardo\\\/#breadcrumb\"},\"inLanguage\":\"en-US\",\"potentialAction\":[{\"@type\":\"ReadAction\",\"target\":[\"https:\\\/\\\/coolcasc.com\\\/funda-para-casco\\\/orejas-y-cola-de-leopardo\\\/\"]}]},{\"@type\":\"BreadcrumbList\",\"@id\":\"https:\\\/\\\/coolcasc.com\\\/funda-para-casco\\\/orejas-y-cola-de-leopardo\\\/#breadcrumb\",\"itemListElement\":[{\"@type\":\"ListItem\",\"position\":1,\"name\":\"Portada\",\"item\":\"https:\\\/\\\/coolcasc.com\\\/en\\\/\"},{\"@type\":\"ListItem\",\"position\":2,\"name\":\"Shop\",\"item\":\"https:\\\/\\\/coolcasc.com\\\/en\\\/shop\\\/\"},{\"@type\":\"ListItem\",\"position\":3,\"name\":\"OREJAS Y COLA de LEOPARDO\"}]},{\"@type\":\"WebSite\",\"@id\":\"https:\\\/\\\/coolcasc.com\\\/#website\",\"url\":\"https:\\\/\\\/coolcasc.com\\\/\",\"name\":\"Coolcasc\",\"description\":\"Seguridad, moda y dise\u00f1o utilizando las fundas para casco Coolcasc en la pr\u00e1ctica de cualquier deporte.\",\"publisher\":{\"@id\":\"https:\\\/\\\/coolcasc.com\\\/#organization\"},\"potentialAction\":[{\"@type\":\"SearchAction\",\"target\":{\"@type\":\"EntryPoint\",\"urlTemplate\":\"https:\\\/\\\/coolcasc.com\\\/?s={search_term_string}\"},\"query-input\":{\"@type\":\"PropertyValueSpecification\",\"valueRequired\":true,\"valueName\":\"search_term_string\"}}],\"inLanguage\":\"en-US\"},{\"@type\":\"Organization\",\"@id\":\"https:\\\/\\\/coolcasc.com\\\/#organization\",\"name\":\"Fundas para cascos Coolcasc\",\"url\":\"https:\\\/\\\/coolcasc.com\\\/\",\"logo\":{\"@type\":\"ImageObject\",\"inLanguage\":\"en-US\",\"@id\":\"https:\\\/\\\/coolcasc.com\\\/#\\\/schema\\\/logo\\\/image\\\/\",\"url\":\"https:\\\/\\\/coolcasc.com\\\/wp-content\\\/uploads\\\/2018\\\/12\\\/Blue_header.png\",\"contentUrl\":\"https:\\\/\\\/coolcasc.com\\\/wp-content\\\/uploads\\\/2018\\\/12\\\/Blue_header.png\",\"width\":300,\"height\":180,\"caption\":\"Fundas para cascos Coolcasc\"},\"image\":{\"@id\":\"https:\\\/\\\/coolcasc.com\\\/#\\\/schema\\\/logo\\\/image\\\/\"},\"sameAs\":[\"https:\\\/\\\/www.facebook.com\\\/COOLCASC\\\/\",\"https:\\\/\\\/x.com\\\/coolcasc\",\"https:\\\/\\\/www.instagram.com\\\/coolcasc\\\/\"]}]}<\/script>\n<!-- \/ Yoast SEO plugin. -->","yoast_head_json":{"title":"OREJAS Y COLA de LEOPARDO - Coolcasc","robots":{"index":"index","follow":"follow","max-snippet":"max-snippet:-1","max-image-preview":"max-image-preview:large","max-video-preview":"max-video-preview:-1"},"canonical":"https:\/\/coolcasc.com\/funda-para-casco\/orejas-y-cola-de-leopardo\/","og_locale":"en_US","og_type":"article","og_title":"OREJAS Y COLA de LEOPARDO - Coolcasc","og_description":"SET de orejas y cola COOLCASC de LEOPARDO Material: Peluche suave de alta calidad con base de velcro adhesivo. \u00bfQuieres que tu casco sea m\u00e1s divertido y original? El set de peluche LEOPARDO de COOLCASC a\u00f1ade un toque salvaje y adorable a cualquier casco de bicicleta, casco MTB, casco de patinete el\u00e9ctrico, casco de moto tanto integral como jet, casco de esqui, snowboard o skate. Se coloca f\u00e1cilmente en segundos gracias al sistema de velcro adhesivo, permitiendo poner y quitar r\u00e1pidamente. Dise\u00f1o ligero y resistente que mantiene su forma uso tras uso, sin interferir en la comodidad ni en el uso ni seguridad del casco. Compatible con cualquier casco. Incluye: 2 orejas de peluche y 1 rabito con velcro adhesivo. Medida \u00fanica adaptable a todos los cascos.","og_url":"https:\/\/coolcasc.com\/funda-para-casco\/orejas-y-cola-de-leopardo\/","og_site_name":"Coolcasc","article_publisher":"https:\/\/www.facebook.com\/COOLCASC\/","article_modified_time":"2026-05-05T11:25:51+00:00","twitter_card":"summary_large_image","twitter_site":"@coolcasc","schema":{"@context":"https:\/\/schema.org","@graph":[{"@type":"WebPage","@id":"https:\/\/coolcasc.com\/funda-para-casco\/orejas-y-cola-de-leopardo\/","url":"https:\/\/coolcasc.com\/funda-para-casco\/orejas-y-cola-de-leopardo\/","name":"OREJAS Y COLA de LEOPARDO - Coolcasc","isPartOf":{"@id":"https:\/\/coolcasc.com\/#website"},"datePublished":"2026-05-05T11:23:36+00:00","dateModified":"2026-05-05T11:25:51+00:00","breadcrumb":{"@id":"https:\/\/coolcasc.com\/funda-para-casco\/orejas-y-cola-de-leopardo\/#breadcrumb"},"inLanguage":"en-US","potentialAction":[{"@type":"ReadAction","target":["https:\/\/coolcasc.com\/funda-para-casco\/orejas-y-cola-de-leopardo\/"]}]},{"@type":"BreadcrumbList","@id":"https:\/\/coolcasc.com\/funda-para-casco\/orejas-y-cola-de-leopardo\/#breadcrumb","itemListElement":[{"@type":"ListItem","position":1,"name":"Portada","item":"https:\/\/coolcasc.com\/en\/"},{"@type":"ListItem","position":2,"name":"Shop","item":"https:\/\/coolcasc.com\/en\/shop\/"},{"@type":"ListItem","position":3,"name":"OREJAS Y COLA de LEOPARDO"}]},{"@type":"WebSite","@id":"https:\/\/coolcasc.com\/#website","url":"https:\/\/coolcasc.com\/","name":"Coolcasc","description":"Seguridad, moda y dise\u00f1o utilizando las fundas para casco Coolcasc en la pr\u00e1ctica de cualquier deporte.","publisher":{"@id":"https:\/\/coolcasc.com\/#organization"},"potentialAction":[{"@type":"SearchAction","target":{"@type":"EntryPoint","urlTemplate":"https:\/\/coolcasc.com\/?s={search_term_string}"},"query-input":{"@type":"PropertyValueSpecification","valueRequired":true,"valueName":"search_term_string"}}],"inLanguage":"en-US"},{"@type":"Organization","@id":"https:\/\/coolcasc.com\/#organization","name":"Fundas para cascos Coolcasc","url":"https:\/\/coolcasc.com\/","logo":{"@type":"ImageObject","inLanguage":"en-US","@id":"https:\/\/coolcasc.com\/#\/schema\/logo\/image\/","url":"https:\/\/coolcasc.com\/wp-content\/uploads\/2018\/12\/Blue_header.png","contentUrl":"https:\/\/coolcasc.com\/wp-content\/uploads\/2018\/12\/Blue_header.png","width":300,"height":180,"caption":"Fundas para cascos Coolcasc"},"image":{"@id":"https:\/\/coolcasc.com\/#\/schema\/logo\/image\/"},"sameAs":["https:\/\/www.facebook.com\/COOLCASC\/","https:\/\/x.com\/coolcasc","https:\/\/www.instagram.com\/coolcasc\/"]}]}},"_links":{"self":[{"href":"https:\/\/coolcasc.com\/en\/wp-json\/wp\/v2\/product\/28620","targetHints":{"allow":["GET"]}}],"collection":[{"href":"https:\/\/coolcasc.com\/en\/wp-json\/wp\/v2\/product"}],"about":[{"href":"https:\/\/coolcasc.com\/en\/wp-json\/wp\/v2\/types\/product"}],"replies":[{"embeddable":true,"href":"https:\/\/coolcasc.com\/en\/wp-json\/wp\/v2\/comments?post=28620"}],"wp:attachment":[{"href":"https:\/\/coolcasc.com\/en\/wp-json\/wp\/v2\/media?parent=28620"}],"wp:term":[{"taxonomy":"product_brand","embeddable":true,"href":"https:\/\/coolcasc.com\/en\/wp-json\/wp\/v2\/product_brand?post=28620"},{"taxonomy":"product_cat","embeddable":true,"href":"https:\/\/coolcasc.com\/en\/wp-json\/wp\/v2\/product_cat?post=28620"},{"taxonomy":"product_tag","embeddable":true,"href":"https:\/\/coolcasc.com\/en\/wp-json\/wp\/v2\/product_tag?post=28620"}],"curies":[{"name":"wp","href":"https:\/\/api.w.org\/{rel}","templated":true}]}}