{"id":11545,"date":"2020-01-25T22:53:30","date_gmt":"2020-01-25T22:53:30","guid":{"rendered":"https:\/\/coolcasc.com\/customizados\/fundas-para-cascos\/"},"modified":"2024-06-28T18:17:10","modified_gmt":"2024-06-28T18:17:10","slug":"fundas-para-cascos","status":"publish","type":"page","link":"https:\/\/coolcasc.com\/fr\/customizados\/fundas-para-cascos\/","title":{"rendered":"Helmet covers"},"content":{"rendered":"\n<div class=\"row align-center\"  id=\"row-2055194892\">\n\n\n\t<div id=\"col-57720442\" class=\"col medium-8 small-12 large-8\"  >\n\t\t\t\t<div class=\"col-inner text-left\"  >\n\t\t\t\n\t\t\t\n\n<div class=\"text-center\"><div class=\"is-divider divider clearfix\" style=\"height:10px;\"><\/div><\/div>\n\n<p>&nbsp;<\/p>\n<h4 class=\"groupTitle\"><strong>COOLCASC<sup>\u00ae<\/sup> GROUPES<\/strong><\/h4>\n<p>COOLCASC\u00ae, soci\u00e9t\u00e9 n\u00ba1 en housses pour casques, fabrique aussi des housses personnalis\u00e9es ou customis\u00e9es, \u00e0 partir de designs propres sur simple demande du client. Six collections diff\u00e9rentes, pour choisir celle qui s\u2019adapte le mieux au besoin de personnalisation et au budget.<\/p>\n<table class=\"table table-bordered table-groups\">\n<tbody>\n<tr>\n<td class=\"text-center\" style=\"text-align: center;\" colspan=\"2\">PATRON UNIVERSAL<\/td>\n<td class=\"text-center\" style=\"text-align: center;\">PATRON BIKE<\/td>\n<\/tr>\n<tr>\n<td align=\"center\"><img decoding=\"async\" class=\"aligncenter\" src=\"https:\/\/coolcasc.com\/wp-content\/uploads\/Customizados\/JA_Rio_B.png\" alt=\"funda personalizada rio bike\"><\/td>\n<td align=\"center\"><img decoding=\"async\" class=\"aligncenter\" src=\"https:\/\/coolcasc.com\/wp-content\/uploads\/Customizados\/JA_Rio_C.png\" alt=\"funda personalizada rio nieve\"><\/td>\n<td align=\"center\"><img decoding=\"async\" class=\"aligncenter\" src=\"https:\/\/coolcasc.com\/wp-content\/uploads\/Customizados\/BK_Rio_A.png\" alt=\"funda personalizada rio microperforada\"><\/td>\n<\/tr>\n<tr>\n<td style=\"text-align: center;\" colspan=\"3\">2 PATRONS + 6 TISSUS = MULTIPLES OPTIONS POUR HOUSSES CUSTOMIS\u00c9ES<\/td>\n<\/tr>\n<\/tbody>\n<\/table>\n<p class=\"pleadOverlaped\">Le patron universal, sert aussi pour les casques de bicyclette, bien que celui sp\u00e9cifique \u00e0 la bicyclette s\u2019adapte mieux.<\/p>\n<p>&nbsp;<\/p>\n<h4><strong>TABLEAU DES CARACT\u00c9RISTIQUES TECHNIQUES DES COLLECTIONS<\/strong><\/h4>\n<p class=\"p-grupos\">Chacune des collections re\u00e7oit le nom en fonction du type de tissu utilis\u00e9 dans chaque cas.<\/p>\n\n\t\t<\/div>\n\t\t\t\t\t<\/div>\n\n\t\n\n<\/div>\n<div class=\"row align-center\"  id=\"row-1401784606\">\n\n\n\t<div id=\"col-170300677\" class=\"col medium-10 small-12 large-10\"  >\n\t\t\t\t<div class=\"col-inner text-left\"  >\n\t\t\t\n\t\t\t\n\n\t<div id=\"text-150786523\" class=\"text kb-table-hscrollable\">\n\t\t\n\n<table class=\"table table-bordered table-groups\">\n<tbody>\n<tr>\n<td><\/td>\n<th class=\"text-center\">BASIC<\/th>\n<th class=\"text-center\">CUSTOM<\/th>\n<th class=\"text-center\">JET A<\/th>\n<th class=\"text-center\">JET B<\/th>\n<th class=\"text-center\">BIKE<\/th>\n<th class=\"text-center\">WATERPROOF<\/th>\n<\/tr>\n<tr>\n<th>LYCRA\u00b4s THICKNESS<\/th>\n<td>180gr\/m<sup>2<\/sup><\/td>\n<td>210gr\/m<sup>2<\/sup><\/td>\n<td>250gr\/m<sup>2<\/sup><\/td>\n<td>180gr\/m<sup>2<\/sup><\/td>\n<td>180gr\/m<sup>2<\/sup><\/td>\n<td>200gr\/m<sup>2<\/sup><\/td>\n<\/tr>\n<tr>\n<th>LYCRA FINISHING<\/th>\n<td>Shiny<\/td>\n<td>Matt<\/td>\n<td>Matt<\/td>\n<td>Shiny<\/td>\n<td>Matt<\/td>\n<td>Matt<\/td>\n<\/tr>\n<tr>\n<th>COMPOSITION<\/th>\n<td>87% polyester<br \/>\n13% spandex<\/td>\n<td>87% polyester<br \/>\n13% spandex<\/td>\n<td>87% polyester<br \/>\n13% spandex<\/td>\n<td>87% polyester<br \/>\n13% spandex<\/td>\n<td>87% polyester<br \/>\n13% spandex<\/td>\n<td>87% polyester<br \/>\n13% spandex<\/td>\n<\/tr>\n<tr>\n<th>PRINTING SYSTEM<\/th>\n<td>Various<\/td>\n<td>Various<\/td>\n<td>Sublimation<\/td>\n<td>Sublimation<\/td>\n<td>Sublimation<\/td>\n<td>Sublimation<\/td>\n<\/tr>\n<tr>\n<th>PRINT ICLUDED IN PRICE<\/th>\n<td>No<\/td>\n<td>No<\/td>\n<td>Si<\/td>\n<td>Si<\/td>\n<td>Si<\/td>\n<td>Si<\/td>\n<\/tr>\n<tr>\n<th>BACK VELCRO HOLE<\/th>\n<td>Si<\/td>\n<td>Optional<\/td>\n<td>Optional<\/td>\n<td>Optional<\/td>\n<td>Optional<\/td>\n<td>Optional<\/td>\n<\/tr>\n<tr>\n<th>PATTERN<\/th>\n<td>Universal<\/td>\n<td>Universal<\/td>\n<td>Optional<\/td>\n<td>Optional<\/td>\n<td>Bike<\/td>\n<td>Optional<\/td>\n<\/tr>\n<\/tbody>\n<\/table>\n<p class=\"pleadOverlaped\"><small> (1) Les fonctionnalit\u00e9s optionnelles sont incluses dans le prix.<br \/>\n(2) Le choix du mod\u00e8le est ind\u00e9pendant du prix.<br \/>\n(3) Poche TPU disponible sur demande seulement sur le couvre-casque. <\/small><\/p>\n\t\t\t<\/div>\n\t\n\n\t\t<\/div>\n\t\t\t\t\t<\/div>\n\n\t\n\n<\/div>\n<div class=\"row align-center\"  id=\"row-419074067\">\n\n\n\t<div id=\"col-1603438544\" class=\"col small-12 large-12\"  >\n\t\t\t\t<div class=\"col-inner\"  >\n\t\t\t\n\t\t\t\n\n<div class=\"text-center\"><div class=\"is-divider divider clearfix\" style=\"margin-top:1.1em;margin-bottom:1.1em;background-color:rgb(153, 153, 153);\"><\/div><\/div>\n\n\n\t\t<\/div>\n\t\t\t\t\t<\/div>\n\n\t\n\n<\/div>\n\n","protected":false},"excerpt":{"rendered":"","protected":false},"author":1,"featured_media":7317,"parent":3783,"menu_order":0,"comment_status":"closed","ping_status":"closed","template":"page-blank-featured.php","meta":{"footnotes":""},"class_list":["post-11545","page","type-page","status-publish","has-post-thumbnail","hentry"],"yoast_head":"<!-- This site is optimized with the Yoast SEO plugin v27.2 - https:\/\/yoast.com\/product\/yoast-seo-wordpress\/ -->\n<title>Helmet covers fundas para casco personalizadas - Coolcasc<\/title>\n<meta name=\"description\" content=\"Informaci\u00f3n general sobre las fundas para cascos personalizables o customizadas, con dise\u00f1os propios a petici\u00f3n del cliente de Coolcasc.\" \/>\n<meta name=\"robots\" content=\"index, follow, max-snippet:-1, max-image-preview:large, max-video-preview:-1\" \/>\n<link rel=\"canonical\" href=\"https:\/\/coolcasc.com\/fr\/customizados\/fundas-para-cascos\/\" \/>\n<meta property=\"og:locale\" content=\"fr_FR\" \/>\n<meta property=\"og:type\" content=\"article\" \/>\n<meta property=\"og:title\" content=\"Helmet covers fundas para casco personalizadas - Coolcasc\" \/>\n<meta property=\"og:description\" content=\"Informaci\u00f3n general sobre las fundas para cascos personalizables o customizadas, con dise\u00f1os propios a petici\u00f3n del cliente de Coolcasc.\" \/>\n<meta property=\"og:url\" content=\"https:\/\/coolcasc.com\/fr\/customizados\/fundas-para-cascos\/\" \/>\n<meta property=\"og:site_name\" content=\"Coolcasc\" \/>\n<meta property=\"article:publisher\" content=\"https:\/\/www.facebook.com\/COOLCASC\/\" \/>\n<meta property=\"article:modified_time\" content=\"2024-06-28T18:17:10+00:00\" \/>\n<meta property=\"og:image\" content=\"https:\/\/coolcasc.com\/wp-content\/uploads\/Paginas\/banner-entrada-customizados-1.jpg\" \/>\n\t<meta property=\"og:image:width\" content=\"1400\" \/>\n\t<meta property=\"og:image:height\" content=\"300\" \/>\n\t<meta property=\"og:image:type\" content=\"image\/jpeg\" \/>\n<meta name=\"twitter:card\" content=\"summary_large_image\" \/>\n<meta name=\"twitter:site\" content=\"@coolcasc\" \/>\n<meta name=\"twitter:label1\" content=\"Dur\u00e9e de lecture estim\u00e9e\" \/>\n\t<meta name=\"twitter:data1\" content=\"1 minute\" \/>\n<script type=\"application\/ld+json\" class=\"yoast-schema-graph\">{\"@context\":\"https:\/\/schema.org\",\"@graph\":[{\"@type\":\"WebPage\",\"@id\":\"https:\/\/coolcasc.com\/fr\/customizados\/fundas-para-cascos\/\",\"url\":\"https:\/\/coolcasc.com\/fr\/customizados\/fundas-para-cascos\/\",\"name\":\"Helmet covers fundas para casco personalizadas - Coolcasc\",\"isPartOf\":{\"@id\":\"https:\/\/coolcasc.com\/#website\"},\"primaryImageOfPage\":{\"@id\":\"https:\/\/coolcasc.com\/fr\/customizados\/fundas-para-cascos\/#primaryimage\"},\"image\":{\"@id\":\"https:\/\/coolcasc.com\/fr\/customizados\/fundas-para-cascos\/#primaryimage\"},\"thumbnailUrl\":\"https:\/\/coolcasc.com\/wp-content\/uploads\/Paginas\/banner-entrada-customizados-1.jpg\",\"datePublished\":\"2020-01-25T22:53:30+00:00\",\"dateModified\":\"2024-06-28T18:17:10+00:00\",\"description\":\"Informaci\u00f3n general sobre las fundas para cascos personalizables o customizadas, con dise\u00f1os propios a petici\u00f3n del cliente de Coolcasc.\",\"breadcrumb\":{\"@id\":\"https:\/\/coolcasc.com\/fr\/customizados\/fundas-para-cascos\/#breadcrumb\"},\"inLanguage\":\"fr-FR\",\"potentialAction\":[{\"@type\":\"ReadAction\",\"target\":[\"https:\/\/coolcasc.com\/fr\/customizados\/fundas-para-cascos\/\"]}]},{\"@type\":\"ImageObject\",\"inLanguage\":\"fr-FR\",\"@id\":\"https:\/\/coolcasc.com\/fr\/customizados\/fundas-para-cascos\/#primaryimage\",\"url\":\"https:\/\/coolcasc.com\/wp-content\/uploads\/Paginas\/banner-entrada-customizados-1.jpg\",\"contentUrl\":\"https:\/\/coolcasc.com\/wp-content\/uploads\/Paginas\/banner-entrada-customizados-1.jpg\",\"width\":1400,\"height\":300,\"caption\":\"banner entrada customizados\"},{\"@type\":\"BreadcrumbList\",\"@id\":\"https:\/\/coolcasc.com\/fr\/customizados\/fundas-para-cascos\/#breadcrumb\",\"itemListElement\":[{\"@type\":\"ListItem\",\"position\":1,\"name\":\"Portada\",\"item\":\"https:\/\/coolcasc.com\/\"},{\"@type\":\"ListItem\",\"position\":2,\"name\":\"Personalis\u00e9\",\"item\":\"https:\/\/coolcasc.com\/fr\/customizados\/\"},{\"@type\":\"ListItem\",\"position\":3,\"name\":\"Helmet covers\"}]},{\"@type\":\"WebSite\",\"@id\":\"https:\/\/coolcasc.com\/#website\",\"url\":\"https:\/\/coolcasc.com\/\",\"name\":\"Coolcasc\",\"description\":\"Seguridad, moda y dise\u00f1o utilizando las fundas para casco Coolcasc en la pr\u00e1ctica de cualquier deporte.\",\"publisher\":{\"@id\":\"https:\/\/coolcasc.com\/#organization\"},\"potentialAction\":[{\"@type\":\"SearchAction\",\"target\":{\"@type\":\"EntryPoint\",\"urlTemplate\":\"https:\/\/coolcasc.com\/?s={search_term_string}\"},\"query-input\":{\"@type\":\"PropertyValueSpecification\",\"valueRequired\":true,\"valueName\":\"search_term_string\"}}],\"inLanguage\":\"fr-FR\"},{\"@type\":\"Organization\",\"@id\":\"https:\/\/coolcasc.com\/#organization\",\"name\":\"Fundas para cascos Coolcasc\",\"url\":\"https:\/\/coolcasc.com\/\",\"logo\":{\"@type\":\"ImageObject\",\"inLanguage\":\"fr-FR\",\"@id\":\"https:\/\/coolcasc.com\/#\/schema\/logo\/image\/\",\"url\":\"https:\/\/coolcasc.com\/wp-content\/uploads\/2018\/12\/Blue_header.png\",\"contentUrl\":\"https:\/\/coolcasc.com\/wp-content\/uploads\/2018\/12\/Blue_header.png\",\"width\":300,\"height\":180,\"caption\":\"Fundas para cascos Coolcasc\"},\"image\":{\"@id\":\"https:\/\/coolcasc.com\/#\/schema\/logo\/image\/\"},\"sameAs\":[\"https:\/\/www.facebook.com\/COOLCASC\/\",\"https:\/\/x.com\/coolcasc\",\"https:\/\/www.instagram.com\/coolcasc\/\"]}]}<\/script>\n<!-- \/ Yoast SEO plugin. -->","yoast_head_json":{"title":"Helmet covers fundas para casco personalizadas - Coolcasc","description":"Informaci\u00f3n general sobre las fundas para cascos personalizables o customizadas, con dise\u00f1os propios a petici\u00f3n del cliente de Coolcasc.","robots":{"index":"index","follow":"follow","max-snippet":"max-snippet:-1","max-image-preview":"max-image-preview:large","max-video-preview":"max-video-preview:-1"},"canonical":"https:\/\/coolcasc.com\/fr\/customizados\/fundas-para-cascos\/","og_locale":"fr_FR","og_type":"article","og_title":"Helmet covers fundas para casco personalizadas - Coolcasc","og_description":"Informaci\u00f3n general sobre las fundas para cascos personalizables o customizadas, con dise\u00f1os propios a petici\u00f3n del cliente de Coolcasc.","og_url":"https:\/\/coolcasc.com\/fr\/customizados\/fundas-para-cascos\/","og_site_name":"Coolcasc","article_publisher":"https:\/\/www.facebook.com\/COOLCASC\/","article_modified_time":"2024-06-28T18:17:10+00:00","og_image":[{"width":1400,"height":300,"url":"https:\/\/coolcasc.com\/wp-content\/uploads\/Paginas\/banner-entrada-customizados-1.jpg","type":"image\/jpeg"}],"twitter_card":"summary_large_image","twitter_site":"@coolcasc","twitter_misc":{"Dur\u00e9e de lecture estim\u00e9e":"1 minute"},"schema":{"@context":"https:\/\/schema.org","@graph":[{"@type":"WebPage","@id":"https:\/\/coolcasc.com\/fr\/customizados\/fundas-para-cascos\/","url":"https:\/\/coolcasc.com\/fr\/customizados\/fundas-para-cascos\/","name":"Helmet covers fundas para casco personalizadas - Coolcasc","isPartOf":{"@id":"https:\/\/coolcasc.com\/#website"},"primaryImageOfPage":{"@id":"https:\/\/coolcasc.com\/fr\/customizados\/fundas-para-cascos\/#primaryimage"},"image":{"@id":"https:\/\/coolcasc.com\/fr\/customizados\/fundas-para-cascos\/#primaryimage"},"thumbnailUrl":"https:\/\/coolcasc.com\/wp-content\/uploads\/Paginas\/banner-entrada-customizados-1.jpg","datePublished":"2020-01-25T22:53:30+00:00","dateModified":"2024-06-28T18:17:10+00:00","description":"Informaci\u00f3n general sobre las fundas para cascos personalizables o customizadas, con dise\u00f1os propios a petici\u00f3n del cliente de Coolcasc.","breadcrumb":{"@id":"https:\/\/coolcasc.com\/fr\/customizados\/fundas-para-cascos\/#breadcrumb"},"inLanguage":"fr-FR","potentialAction":[{"@type":"ReadAction","target":["https:\/\/coolcasc.com\/fr\/customizados\/fundas-para-cascos\/"]}]},{"@type":"ImageObject","inLanguage":"fr-FR","@id":"https:\/\/coolcasc.com\/fr\/customizados\/fundas-para-cascos\/#primaryimage","url":"https:\/\/coolcasc.com\/wp-content\/uploads\/Paginas\/banner-entrada-customizados-1.jpg","contentUrl":"https:\/\/coolcasc.com\/wp-content\/uploads\/Paginas\/banner-entrada-customizados-1.jpg","width":1400,"height":300,"caption":"banner entrada customizados"},{"@type":"BreadcrumbList","@id":"https:\/\/coolcasc.com\/fr\/customizados\/fundas-para-cascos\/#breadcrumb","itemListElement":[{"@type":"ListItem","position":1,"name":"Portada","item":"https:\/\/coolcasc.com\/"},{"@type":"ListItem","position":2,"name":"Personalis\u00e9","item":"https:\/\/coolcasc.com\/fr\/customizados\/"},{"@type":"ListItem","position":3,"name":"Helmet covers"}]},{"@type":"WebSite","@id":"https:\/\/coolcasc.com\/#website","url":"https:\/\/coolcasc.com\/","name":"Coolcasc","description":"Seguridad, moda y dise\u00f1o utilizando las fundas para casco Coolcasc en la pr\u00e1ctica de cualquier deporte.","publisher":{"@id":"https:\/\/coolcasc.com\/#organization"},"potentialAction":[{"@type":"SearchAction","target":{"@type":"EntryPoint","urlTemplate":"https:\/\/coolcasc.com\/?s={search_term_string}"},"query-input":{"@type":"PropertyValueSpecification","valueRequired":true,"valueName":"search_term_string"}}],"inLanguage":"fr-FR"},{"@type":"Organization","@id":"https:\/\/coolcasc.com\/#organization","name":"Fundas para cascos Coolcasc","url":"https:\/\/coolcasc.com\/","logo":{"@type":"ImageObject","inLanguage":"fr-FR","@id":"https:\/\/coolcasc.com\/#\/schema\/logo\/image\/","url":"https:\/\/coolcasc.com\/wp-content\/uploads\/2018\/12\/Blue_header.png","contentUrl":"https:\/\/coolcasc.com\/wp-content\/uploads\/2018\/12\/Blue_header.png","width":300,"height":180,"caption":"Fundas para cascos Coolcasc"},"image":{"@id":"https:\/\/coolcasc.com\/#\/schema\/logo\/image\/"},"sameAs":["https:\/\/www.facebook.com\/COOLCASC\/","https:\/\/x.com\/coolcasc","https:\/\/www.instagram.com\/coolcasc\/"]}]}},"_links":{"self":[{"href":"https:\/\/coolcasc.com\/fr\/wp-json\/wp\/v2\/pages\/11545","targetHints":{"allow":["GET"]}}],"collection":[{"href":"https:\/\/coolcasc.com\/fr\/wp-json\/wp\/v2\/pages"}],"about":[{"href":"https:\/\/coolcasc.com\/fr\/wp-json\/wp\/v2\/types\/page"}],"author":[{"embeddable":true,"href":"https:\/\/coolcasc.com\/fr\/wp-json\/wp\/v2\/users\/1"}],"replies":[{"embeddable":true,"href":"https:\/\/coolcasc.com\/fr\/wp-json\/wp\/v2\/comments?post=11545"}],"version-history":[{"count":1,"href":"https:\/\/coolcasc.com\/fr\/wp-json\/wp\/v2\/pages\/11545\/revisions"}],"predecessor-version":[{"id":24102,"href":"https:\/\/coolcasc.com\/fr\/wp-json\/wp\/v2\/pages\/11545\/revisions\/24102"}],"up":[{"embeddable":true,"href":"https:\/\/coolcasc.com\/fr\/wp-json\/wp\/v2\/pages\/3783"}],"wp:featuredmedia":[{"embeddable":true,"href":"https:\/\/coolcasc.com\/fr\/wp-json\/wp\/v2\/media\/7317"}],"wp:attachment":[{"href":"https:\/\/coolcasc.com\/fr\/wp-json\/wp\/v2\/media?parent=11545"}],"curies":[{"name":"wp","href":"https:\/\/api.w.org\/{rel}","templated":true}]}}