{"id":5979,"date":"2019-01-30T21:44:26","date_gmt":"2019-01-30T21:44:26","guid":{"rendered":"http:\/\/coolcasc.com\/?page_id=5979"},"modified":"2025-02-06T11:08:53","modified_gmt":"2025-02-06T11:08:53","slug":"a-propos-de-nous","status":"publish","type":"page","link":"https:\/\/coolcasc.com\/fr\/a-propos-de-nous\/","title":{"rendered":"\u00c0 propos de nous"},"content":{"rendered":"\n<div class=\"row align-middle align-center\"  id=\"row-376268197\">\n\n\n\t<div id=\"col-866424222\" class=\"col medium-10 small-12 large-10\"  >\n\t\t\t\t<div class=\"col-inner text-center\"  >\n\t\t\t\n\t\t\t\n\n<div class=\"text-center\"><div class=\"is-divider divider clearfix\" style=\"height:10px;\"><\/div><\/div>\n\n<h3 style=\"text-align: center;\">NOUS<\/h3>\n<h2 style=\"text-align: center;\">Nous partageons la bonne humeur et l\u2019envie de bien faire les choses<\/h2>\n<div class=\"flex max-w-full flex-col flex-grow\">\n<div class=\"min-h-8 text-message flex w-full flex-col items-end gap-2 whitespace-normal break-words text-start &#091;.text-message+&amp;&#093;:mt-5\" dir=\"auto\" data-message-author-role=\"assistant\" data-message-id=\"b34537ac-7039-4aaa-b445-3512fb92f2cf\" data-message-model-slug=\"gpt-4o\">\n<div class=\"flex w-full flex-col gap-1 empty:hidden first:pt-&#091;3px&#093;\">\n<div class=\"markdown prose w-full break-words dark:prose-invert light\">\n<p>Nous sommes enthousiastes. Nous cr\u00e9ons avec un esprit ouvert. On aime amuser et s\u2019amuser. Nous sommes passionn\u00e9s de sport. On adore l\u2019action. On aime les d\u00e9fis. Les limites ? \u00c7a n\u2019existe pas pour nous !<\/p>\n<p>L\u2019\u00e9quipe de Coolcasc se construit au fil du travail quotidien, de l\u2019apprentissage commun et des \u00e9motions partag\u00e9es. Nous sommes une \u00e9quipe d\u2019\u00e9conomistes, de sp\u00e9cialistes du marketing, de designers, de commerciaux\u2026 unis par une m\u00eame passion : notre travail. Et par un d\u00e9fi : nous am\u00e9liorer chaque jour.<\/p>\n<p>Notre succ\u00e8s repose sur notre esprit entrepreneurial et cr\u00e9atif, ainsi que sur un service impeccable et une attention de tous les instants \u00e0 notre r\u00e9seau.<\/p>\n<\/div>\n<\/div>\n<\/div>\n<\/div>\n<div class=\"mb-2 flex gap-3 empty:hidden -ml-2\">\n<div class=\"items-center justify-start rounded-xl p-1 flex\">\n<div class=\"flex items-center\">\u00a0<\/div>\n<\/div>\n<\/div>\n\t<div class=\"img has-hover x md-x lg-x y md-y lg-y\" id=\"image_740193698\">\n\t\t\t\t\t\t\t\t<div class=\"img-inner image-cover dark\" style=\"padding-top:50%;\">\n\t\t\t<img loading=\"lazy\" decoding=\"async\" width=\"2156\" height=\"938\" src=\"https:\/\/coolcasc.com\/wp-content\/uploads\/2025\/02\/Think-2.png\" class=\"attachment-original size-original\" alt=\"\" \/>\t\t\t\t\t\t\n\t\t\t\t\t<\/div>\n\t\t\t\t\t\t\t\t\n<style>\n#image_740193698 {\n  width: 100%;\n}\n<\/style>\n\t<\/div>\n\t\n\n<p>Parce que l\u2019inspiration est partout. Il suffit juste de la transformer en cr\u00e9ativit\u00e9 et de l\u2019apporter \u00e0 nos collections.<\/p>\n<p>On cr\u00e9e nos collections en pensant \u00e0 nos clients, mais surtout \u00e0 ceux qui ne le sont pas (encore !). On con\u00e7oit nos housses en imaginant la r\u00e9action des gens quand ils d\u00e9couvrent un de nos <strong>COOLCASC\u00ae<\/strong>.<\/p>\n<p>Ce qui nous motive ? Faire sourire les non-clients pour qu\u2019ils deviennent clients. Ce qui nous excite ? Convaincre les sceptiques du casque de l\u2019adopter\u2026 gr\u00e2ce \u00e0 nous !<\/p>\n<center><strong><br \/>WE FOLLOW THE TRACK IN A DIFFERENT WAY.<\/strong><\/center>\n<p>\u00a0<\/p>\n<p style=\"text-align: center;\">On chouchoute nos clients et distributeurs, dans chaque service, du plus petit au plus grand. Tout le monde compte. Tout le monde est unique. Tout comme nos 300+ mod\u00e8les de housses de casque <strong>COOLCASC\u00ae<\/strong> !<\/p>\n\n\t\t<\/div>\n\t\t\t\t\n<style>\n#col-866424222 > .col-inner {\n  padding: 0px 60px 0px 60px;\n}\n<\/style>\n\t<\/div>\n\n\t\n\n<\/div>\n<div class=\"row align-middle align-center\"  id=\"row-1029814516\">\n\n\n\t<div id=\"col-252230257\" class=\"col medium-8 small-12 large-8\"  >\n\t\t\t\t<div class=\"col-inner\"  >\n\t\t\t\n\t\t\t\n\n\t<div class=\"img has-hover x md-x lg-x y md-y lg-y\" id=\"image_1909777471\">\n\t\t\t\t\t\t\t\t<div class=\"img-inner image-cover dark\" style=\"padding-top:300px;\">\n\t\t\t<img loading=\"lazy\" decoding=\"async\" width=\"690\" height=\"300\" src=\"https:\/\/coolcasc.com\/wp-content\/uploads\/Paginas\/Nosotros-Fabrica-Fundas.jpg\" class=\"attachment-original size-original\" alt=\"\" \/>\t\t\t\t\t\t\n\t\t\t\t\t<\/div>\n\t\t\t\t\t\t\t\t\n<style>\n#image_1909777471 {\n  width: 100%;\n}\n<\/style>\n\t<\/div>\n\t\n\n\n\t\t<\/div>\n\t\t\t\t\t<\/div>\n\n\t\n\n<\/div>\n<div class=\"row align-middle align-center\"  id=\"row-1901429240\">\n\n\n\t<div id=\"col-57282028\" class=\"col medium-10 small-12 large-10\"  >\n\t\t\t\t<div class=\"col-inner\"  >\n\t\t\t\n\t\t\t\n\n<h2 style=\"text-align: center;\">Passion, travail et pers\u00e9v\u00e9rance<\/h2>\n<div class=\"flex max-w-full flex-col flex-grow\">\n<div class=\"min-h-8 text-message flex w-full flex-col items-end gap-2 whitespace-normal break-words text-start &#091;.text-message+&amp;&#093;:mt-5\" dir=\"auto\" data-message-author-role=\"assistant\" data-message-id=\"5b237305-2676-4f2d-b26f-0826a69be456\" data-message-model-slug=\"gpt-4o\">\n<div class=\"flex w-full flex-col gap-1 empty:hidden first:pt-&#091;3px&#093;\">\n<div class=\"markdown prose w-full break-words dark:prose-invert light\">\n<p>La passion transforme chaque journ\u00e9e de travail en aventure. Elle rend l\u2019ordinaire extraordinaire et nous pousse \u00e0 relever de nouveaux d\u00e9fis. On aime ce qu\u2019on fait, et on essaie de bien le faire.<\/p>\n<p>Travail, encore du travail, et toujours plus de travail. Pas de secrets, juste \u00e7a. La seule limite ? Les 24 heures de la journ\u00e9e.<\/p>\n<p>Avancer, consolider ce qu\u2019on a construit et toujours viser plus loin. Pas de pause, juste le plaisir d\u2019aller de l\u2019avant, en profitant du chemin et pas seulement en cherchant \u00e0 atteindre l\u2019arriv\u00e9e. Parce qu\u2019une fois qu\u2019on y est\u2026 le voyage est fini<\/p>\n<\/div>\n<\/div>\n<\/div>\n<\/div>\n<div class=\"mb-2 flex gap-3 empty:hidden -ml-2\">\n<div class=\"items-center justify-start rounded-xl p-1 flex\">\n<div class=\"flex items-center\"><button class=\"rounded-lg text-token-text-secondary hover:bg-token-main-surface-secondary\" aria-label=\"Copiar\" data-testid=\"copy-turn-action-button\">\u00a0<\/button><\/div>\n<\/div>\n<\/div>\n\n\t\t<\/div>\n\t\t\t\t\n<style>\n#col-57282028 > .col-inner {\n  padding: 0px 60px 0px 60px;\n  margin: 60px 0px 0px 0px;\n}\n<\/style>\n\t<\/div>\n\n\t\n\n<\/div>\n<div class=\"row align-middle align-center\"  id=\"row-887591063\">\n\n\n\t<div id=\"col-1176183865\" class=\"col medium-8 small-12 large-8\"  >\n\t\t\t\t<div class=\"col-inner\"  >\n\t\t\t\n\t\t\t\n\n\t<div class=\"img has-hover x md-x lg-x y md-y lg-y\" id=\"image_1338772158\">\n\t\t\t\t\t\t\t\t<div class=\"img-inner image-cover dark\" style=\"padding-top:300px;\">\n\t\t\t<img loading=\"lazy\" decoding=\"async\" width=\"1242\" height=\"674\" src=\"https:\/\/coolcasc.com\/wp-content\/uploads\/2025\/02\/IMG_9985-V3jpg.jpg\" class=\"attachment-original size-original\" alt=\"\" \/>\t\t\t\t\t\t\n\t\t\t\t\t<\/div>\n\t\t\t\t\t\t\t\t\n<style>\n#image_1338772158 {\n  width: 100%;\n}\n<\/style>\n\t<\/div>\n\t\n\n\n\t\t<\/div>\n\t\t\t\t\t<\/div>\n\n\t\n\n<\/div>\n<div class=\"is-divider divider clearfix\" style=\"height:15px;\"><\/div>\n\n\n","protected":false},"excerpt":{"rendered":"","protected":false},"author":1,"featured_media":5976,"parent":0,"menu_order":0,"comment_status":"closed","ping_status":"closed","template":"page-blank-featured.php","meta":{"footnotes":""},"class_list":["post-5979","page","type-page","status-publish","has-post-thumbnail","hentry"],"yoast_head":"<!-- This site is optimized with the Yoast SEO plugin v27.2 - https:\/\/yoast.com\/product\/yoast-seo-wordpress\/ -->\n<title>\u00c0 propos de nous - Coolcasc<\/title>\n<meta name=\"robots\" content=\"index, follow, max-snippet:-1, max-image-preview:large, max-video-preview:-1\" \/>\n<link rel=\"canonical\" href=\"https:\/\/coolcasc.com\/fr\/a-propos-de-nous\/\" \/>\n<meta property=\"og:locale\" content=\"fr_FR\" \/>\n<meta property=\"og:type\" content=\"article\" \/>\n<meta property=\"og:title\" content=\"\u00c0 propos de nous - Coolcasc\" \/>\n<meta property=\"og:url\" content=\"https:\/\/coolcasc.com\/fr\/a-propos-de-nous\/\" \/>\n<meta property=\"og:site_name\" content=\"Coolcasc\" \/>\n<meta property=\"article:publisher\" content=\"https:\/\/www.facebook.com\/COOLCASC\/\" \/>\n<meta property=\"article:modified_time\" content=\"2025-02-06T11:08:53+00:00\" \/>\n<meta property=\"og:image\" content=\"https:\/\/coolcasc.com\/wp-content\/uploads\/Paginas\/NosotrosCabecera.jpg\" \/>\n\t<meta property=\"og:image:width\" content=\"1700\" \/>\n\t<meta property=\"og:image:height\" content=\"242\" \/>\n\t<meta property=\"og:image:type\" content=\"image\/jpeg\" \/>\n<meta name=\"twitter:card\" content=\"summary_large_image\" \/>\n<meta name=\"twitter:site\" content=\"@coolcasc\" \/>\n<meta name=\"twitter:label1\" content=\"Dur\u00e9e de lecture estim\u00e9e\" \/>\n\t<meta name=\"twitter:data1\" content=\"2 minutes\" \/>\n<script type=\"application\/ld+json\" class=\"yoast-schema-graph\">{\"@context\":\"https:\/\/schema.org\",\"@graph\":[{\"@type\":\"WebPage\",\"@id\":\"https:\/\/coolcasc.com\/fr\/a-propos-de-nous\/\",\"url\":\"https:\/\/coolcasc.com\/fr\/a-propos-de-nous\/\",\"name\":\"\u00c0 propos de nous - Coolcasc\",\"isPartOf\":{\"@id\":\"https:\/\/coolcasc.com\/#website\"},\"primaryImageOfPage\":{\"@id\":\"https:\/\/coolcasc.com\/fr\/a-propos-de-nous\/#primaryimage\"},\"image\":{\"@id\":\"https:\/\/coolcasc.com\/fr\/a-propos-de-nous\/#primaryimage\"},\"thumbnailUrl\":\"https:\/\/coolcasc.com\/wp-content\/uploads\/Paginas\/NosotrosCabecera.jpg\",\"datePublished\":\"2019-01-30T21:44:26+00:00\",\"dateModified\":\"2025-02-06T11:08:53+00:00\",\"breadcrumb\":{\"@id\":\"https:\/\/coolcasc.com\/fr\/a-propos-de-nous\/#breadcrumb\"},\"inLanguage\":\"fr-FR\",\"potentialAction\":[{\"@type\":\"ReadAction\",\"target\":[\"https:\/\/coolcasc.com\/fr\/a-propos-de-nous\/\"]}]},{\"@type\":\"ImageObject\",\"inLanguage\":\"fr-FR\",\"@id\":\"https:\/\/coolcasc.com\/fr\/a-propos-de-nous\/#primaryimage\",\"url\":\"https:\/\/coolcasc.com\/wp-content\/uploads\/Paginas\/NosotrosCabecera.jpg\",\"contentUrl\":\"https:\/\/coolcasc.com\/wp-content\/uploads\/Paginas\/NosotrosCabecera.jpg\",\"width\":1700,\"height\":242,\"caption\":\"Nosotros Cabecera\"},{\"@type\":\"BreadcrumbList\",\"@id\":\"https:\/\/coolcasc.com\/fr\/a-propos-de-nous\/#breadcrumb\",\"itemListElement\":[{\"@type\":\"ListItem\",\"position\":1,\"name\":\"Portada\",\"item\":\"https:\/\/coolcasc.com\/\"},{\"@type\":\"ListItem\",\"position\":2,\"name\":\"\u00c0 propos de nous\"}]},{\"@type\":\"WebSite\",\"@id\":\"https:\/\/coolcasc.com\/#website\",\"url\":\"https:\/\/coolcasc.com\/\",\"name\":\"Coolcasc\",\"description\":\"Seguridad, moda y dise\u00f1o utilizando las fundas para casco Coolcasc en la pr\u00e1ctica de cualquier deporte.\",\"publisher\":{\"@id\":\"https:\/\/coolcasc.com\/#organization\"},\"potentialAction\":[{\"@type\":\"SearchAction\",\"target\":{\"@type\":\"EntryPoint\",\"urlTemplate\":\"https:\/\/coolcasc.com\/?s={search_term_string}\"},\"query-input\":{\"@type\":\"PropertyValueSpecification\",\"valueRequired\":true,\"valueName\":\"search_term_string\"}}],\"inLanguage\":\"fr-FR\"},{\"@type\":\"Organization\",\"@id\":\"https:\/\/coolcasc.com\/#organization\",\"name\":\"Fundas para cascos Coolcasc\",\"url\":\"https:\/\/coolcasc.com\/\",\"logo\":{\"@type\":\"ImageObject\",\"inLanguage\":\"fr-FR\",\"@id\":\"https:\/\/coolcasc.com\/#\/schema\/logo\/image\/\",\"url\":\"https:\/\/coolcasc.com\/wp-content\/uploads\/2018\/12\/Blue_header.png\",\"contentUrl\":\"https:\/\/coolcasc.com\/wp-content\/uploads\/2018\/12\/Blue_header.png\",\"width\":300,\"height\":180,\"caption\":\"Fundas para cascos Coolcasc\"},\"image\":{\"@id\":\"https:\/\/coolcasc.com\/#\/schema\/logo\/image\/\"},\"sameAs\":[\"https:\/\/www.facebook.com\/COOLCASC\/\",\"https:\/\/x.com\/coolcasc\",\"https:\/\/www.instagram.com\/coolcasc\/\"]}]}<\/script>\n<!-- \/ Yoast SEO plugin. -->","yoast_head_json":{"title":"\u00c0 propos de nous - Coolcasc","robots":{"index":"index","follow":"follow","max-snippet":"max-snippet:-1","max-image-preview":"max-image-preview:large","max-video-preview":"max-video-preview:-1"},"canonical":"https:\/\/coolcasc.com\/fr\/a-propos-de-nous\/","og_locale":"fr_FR","og_type":"article","og_title":"\u00c0 propos de nous - Coolcasc","og_url":"https:\/\/coolcasc.com\/fr\/a-propos-de-nous\/","og_site_name":"Coolcasc","article_publisher":"https:\/\/www.facebook.com\/COOLCASC\/","article_modified_time":"2025-02-06T11:08:53+00:00","og_image":[{"width":1700,"height":242,"url":"https:\/\/coolcasc.com\/wp-content\/uploads\/Paginas\/NosotrosCabecera.jpg","type":"image\/jpeg"}],"twitter_card":"summary_large_image","twitter_site":"@coolcasc","twitter_misc":{"Dur\u00e9e de lecture estim\u00e9e":"2 minutes"},"schema":{"@context":"https:\/\/schema.org","@graph":[{"@type":"WebPage","@id":"https:\/\/coolcasc.com\/fr\/a-propos-de-nous\/","url":"https:\/\/coolcasc.com\/fr\/a-propos-de-nous\/","name":"\u00c0 propos de nous - Coolcasc","isPartOf":{"@id":"https:\/\/coolcasc.com\/#website"},"primaryImageOfPage":{"@id":"https:\/\/coolcasc.com\/fr\/a-propos-de-nous\/#primaryimage"},"image":{"@id":"https:\/\/coolcasc.com\/fr\/a-propos-de-nous\/#primaryimage"},"thumbnailUrl":"https:\/\/coolcasc.com\/wp-content\/uploads\/Paginas\/NosotrosCabecera.jpg","datePublished":"2019-01-30T21:44:26+00:00","dateModified":"2025-02-06T11:08:53+00:00","breadcrumb":{"@id":"https:\/\/coolcasc.com\/fr\/a-propos-de-nous\/#breadcrumb"},"inLanguage":"fr-FR","potentialAction":[{"@type":"ReadAction","target":["https:\/\/coolcasc.com\/fr\/a-propos-de-nous\/"]}]},{"@type":"ImageObject","inLanguage":"fr-FR","@id":"https:\/\/coolcasc.com\/fr\/a-propos-de-nous\/#primaryimage","url":"https:\/\/coolcasc.com\/wp-content\/uploads\/Paginas\/NosotrosCabecera.jpg","contentUrl":"https:\/\/coolcasc.com\/wp-content\/uploads\/Paginas\/NosotrosCabecera.jpg","width":1700,"height":242,"caption":"Nosotros Cabecera"},{"@type":"BreadcrumbList","@id":"https:\/\/coolcasc.com\/fr\/a-propos-de-nous\/#breadcrumb","itemListElement":[{"@type":"ListItem","position":1,"name":"Portada","item":"https:\/\/coolcasc.com\/"},{"@type":"ListItem","position":2,"name":"\u00c0 propos de nous"}]},{"@type":"WebSite","@id":"https:\/\/coolcasc.com\/#website","url":"https:\/\/coolcasc.com\/","name":"Coolcasc","description":"Seguridad, moda y dise\u00f1o utilizando las fundas para casco Coolcasc en la pr\u00e1ctica de cualquier deporte.","publisher":{"@id":"https:\/\/coolcasc.com\/#organization"},"potentialAction":[{"@type":"SearchAction","target":{"@type":"EntryPoint","urlTemplate":"https:\/\/coolcasc.com\/?s={search_term_string}"},"query-input":{"@type":"PropertyValueSpecification","valueRequired":true,"valueName":"search_term_string"}}],"inLanguage":"fr-FR"},{"@type":"Organization","@id":"https:\/\/coolcasc.com\/#organization","name":"Fundas para cascos Coolcasc","url":"https:\/\/coolcasc.com\/","logo":{"@type":"ImageObject","inLanguage":"fr-FR","@id":"https:\/\/coolcasc.com\/#\/schema\/logo\/image\/","url":"https:\/\/coolcasc.com\/wp-content\/uploads\/2018\/12\/Blue_header.png","contentUrl":"https:\/\/coolcasc.com\/wp-content\/uploads\/2018\/12\/Blue_header.png","width":300,"height":180,"caption":"Fundas para cascos Coolcasc"},"image":{"@id":"https:\/\/coolcasc.com\/#\/schema\/logo\/image\/"},"sameAs":["https:\/\/www.facebook.com\/COOLCASC\/","https:\/\/x.com\/coolcasc","https:\/\/www.instagram.com\/coolcasc\/"]}]}},"_links":{"self":[{"href":"https:\/\/coolcasc.com\/fr\/wp-json\/wp\/v2\/pages\/5979","targetHints":{"allow":["GET"]}}],"collection":[{"href":"https:\/\/coolcasc.com\/fr\/wp-json\/wp\/v2\/pages"}],"about":[{"href":"https:\/\/coolcasc.com\/fr\/wp-json\/wp\/v2\/types\/page"}],"author":[{"embeddable":true,"href":"https:\/\/coolcasc.com\/fr\/wp-json\/wp\/v2\/users\/1"}],"replies":[{"embeddable":true,"href":"https:\/\/coolcasc.com\/fr\/wp-json\/wp\/v2\/comments?post=5979"}],"version-history":[{"count":13,"href":"https:\/\/coolcasc.com\/fr\/wp-json\/wp\/v2\/pages\/5979\/revisions"}],"predecessor-version":[{"id":25581,"href":"https:\/\/coolcasc.com\/fr\/wp-json\/wp\/v2\/pages\/5979\/revisions\/25581"}],"wp:featuredmedia":[{"embeddable":true,"href":"https:\/\/coolcasc.com\/fr\/wp-json\/wp\/v2\/media\/5976"}],"wp:attachment":[{"href":"https:\/\/coolcasc.com\/fr\/wp-json\/wp\/v2\/media?parent=5979"}],"curies":[{"name":"wp","href":"https:\/\/api.w.org\/{rel}","templated":true}]}}