{"id":6155,"date":"2019-01-31T00:36:03","date_gmt":"2019-01-31T00:36:03","guid":{"rendered":"http:\/\/coolcasc.com\/?page_id=6155"},"modified":"2019-01-31T00:43:58","modified_gmt":"2019-01-31T00:43:58","slug":"accesoires","status":"publish","type":"page","link":"https:\/\/coolcasc.com\/fr\/customizados\/accesoires\/","title":{"rendered":"Accesoires"},"content":{"rendered":"\n<div class=\"row align-center\"  id=\"row-134171200\">\n\n\n\t<div id=\"col-678388799\" class=\"col medium-8 small-12 large-8\"  >\n\t\t\t\t<div class=\"col-inner\"  >\n\t\t\t\n\t\t\t\n\n<div class=\"text-center\"><div class=\"is-divider divider clearfix\" style=\"height:10px;\"><\/div><\/div>\n\n<h4 class=\"groupTitle\" style=\"text-align: center;\"><strong>COOLCASC<sup>\u00ae<\/sup>\u00a0Sillines<\/strong><\/h4>\n<p style=\"text-align: center;\"><span lang=\"fr\" tabindex=\"0\">Les housses de si\u00e8ge compl\u00e8tent le pack cycliste personnalis\u00e9 en Lycra\u00ae imperm\u00e9able, avec une finition mate et une impression par sublimation.<\/span><\/p>\n<div class=\"row row-full-width align-middle align-center\"  id=\"row-1588870859\">\n\n\n\t<div id=\"col-2044381283\" class=\"col medium-2 small-12 large-2\"  >\n\t\t\t\t<div class=\"col-inner\"  >\n\t\t\t\n\t\t\t\n\n\t<div class=\"img has-hover x md-x lg-x y md-y lg-y\" id=\"image_460646662\">\n\t\t\t\t\t\t\t\t<div class=\"img-inner dark\" >\n\t\t\t<img loading=\"lazy\" decoding=\"async\" width=\"100\" height=\"100\" src=\"https:\/\/coolcasc.com\/wp-content\/uploads\/Customizados\/Accesorios\/Sillin-Bicicleta-Coleres.jpg\" class=\"attachment-original size-original\" alt=\"Sill\u00edn Bicicleta Colores\" \/>\t\t\t\t\t\t\n\t\t\t\t\t<\/div>\n\t\t\t\t\t\t\t\t\n<style>\n#image_460646662 {\n  width: 100%;\n}\n<\/style>\n\t<\/div>\n\t\n\n\n\t\t<\/div>\n\t\t\t\t\t<\/div>\n\n\t\n\n\t<div id=\"col-147983196\" class=\"col medium-2 small-12 large-2\"  >\n\t\t\t\t<div class=\"col-inner\"  >\n\t\t\t\n\t\t\t\n\n\t<div class=\"img has-hover x md-x lg-x y md-y lg-y\" id=\"image_102644042\">\n\t\t\t\t\t\t\t\t<div class=\"img-inner dark\" >\n\t\t\t<img loading=\"lazy\" decoding=\"async\" width=\"100\" height=\"100\" src=\"https:\/\/coolcasc.com\/wp-content\/uploads\/Customizados\/Accesorios\/Sillin-Bicicleta-Estrellas.jpg\" class=\"attachment-original size-original\" alt=\"Sill\u00edn Bicicleta Estrellas\" \/>\t\t\t\t\t\t\n\t\t\t\t\t<\/div>\n\t\t\t\t\t\t\t\t\n<style>\n#image_102644042 {\n  width: 100%;\n}\n<\/style>\n\t<\/div>\n\t\n\n\n\t\t<\/div>\n\t\t\t\t\t<\/div>\n\n\t\n\n\t<div id=\"col-757032863\" class=\"col medium-2 small-12 large-2\"  >\n\t\t\t\t<div class=\"col-inner\"  >\n\t\t\t\n\t\t\t\n\n\t<div class=\"img has-hover x md-x lg-x y md-y lg-y\" id=\"image_1542417153\">\n\t\t\t\t\t\t\t\t<div class=\"img-inner dark\" >\n\t\t\t<img loading=\"lazy\" decoding=\"async\" width=\"100\" height=\"100\" src=\"https:\/\/coolcasc.com\/wp-content\/uploads\/Customizados\/Accesorios\/Sillin-Bicicleta-Olimpiadas.jpg\" class=\"attachment-large size-large\" alt=\"Sill\u00edn Bicicleta Olimpiadas\" \/>\t\t\t\t\t\t\n\t\t\t\t\t<\/div>\n\t\t\t\t\t\t\t\t\n<style>\n#image_1542417153 {\n  width: 100%;\n}\n<\/style>\n\t<\/div>\n\t\n\n\n\t\t<\/div>\n\t\t\t\t\t<\/div>\n\n\t\n\n<\/div>\n<p style=\"text-align: center;\">Ils sont une bonne option pour personnaliser les flottes de v\u00e9los urbains, ce qui permet \u00e9galement aux si\u00e8ges de rester neufs et propres.<\/p>\n<div class=\"row row-full-width align-middle align-center\"  id=\"row-158225666\">\n\n\n\t<div id=\"col-249434306\" class=\"col medium-6 small-12 large-6\"  >\n\t\t\t\t<div class=\"col-inner\"  >\n\t\t\t\n\t\t\t\n\n\t<div class=\"img has-hover x md-x lg-x y md-y lg-y\" id=\"image_736215562\">\n\t\t\t\t\t\t\t\t<div class=\"img-inner dark\" >\n\t\t\t<img loading=\"lazy\" decoding=\"async\" width=\"315\" height=\"315\" src=\"https:\/\/coolcasc.com\/wp-content\/uploads\/Customizados\/Accesorios\/ACCESORIOS-1-1.jpg\" class=\"attachment-original size-original\" alt=\"Accesorio sill\u00edn\" \/>\t\t\t\t\t\t\n\t\t\t\t\t<\/div>\n\t\t\t\t\t\t\t\t\n<style>\n#image_736215562 {\n  width: 100%;\n}\n<\/style>\n\t<\/div>\n\t\n\n\n\t\t<\/div>\n\t\t\t\t\t<\/div>\n\n\t\n\n\t<div id=\"col-134319665\" class=\"col medium-6 small-12 large-6\"  >\n\t\t\t\t<div class=\"col-inner\"  >\n\t\t\t\n\t\t\t\n\n\t<div class=\"img has-hover x md-x lg-x y md-y lg-y\" id=\"image_489032191\">\n\t\t\t\t\t\t\t\t<div class=\"img-inner dark\" >\n\t\t\t<img loading=\"lazy\" decoding=\"async\" width=\"315\" height=\"315\" src=\"https:\/\/coolcasc.com\/wp-content\/uploads\/Customizados\/Accesorios\/ACCESORIOS-4.jpg\" class=\"attachment-original size-original\" alt=\"ACCESORIOS SILL\u00cdN\" \/>\t\t\t\t\t\t\n\t\t\t\t\t<\/div>\n\t\t\t\t\t\t\t\t\n<style>\n#image_489032191 {\n  width: 100%;\n}\n<\/style>\n\t<\/div>\n\t\n\n\n\t\t<\/div>\n\t\t\t\t\t<\/div>\n\n\t\n\n<\/div>\n<p><center><strong>COOLCASC<sup>\u00ae<\/sup>\u00a0Sacs<\/strong><\/center><\/p>\n<div style=\"text-align: center;\">\n<p>Nous offrons la possibilit\u00e9 de customisation compl\u00e8te avec des sacs \u00e0 cordon pour ranger le casque et tout accessoire ou compl\u00e9ment de notre \u00e9quipe de sport.<\/p>\n<\/div>\n<div class=\"row align-middle align-center\"  id=\"row-1965102564\">\n\n\n\t<div id=\"col-1290459597\" class=\"col medium-2 small-12 large-2\"  >\n\t\t\t\t<div class=\"col-inner\"  >\n\t\t\t\n\t\t\t\n\n\t<div class=\"img has-hover x md-x lg-x y md-y lg-y\" id=\"image_1658428103\">\n\t\t\t\t\t\t\t\t<div class=\"img-inner dark\" >\n\t\t\t<img loading=\"lazy\" decoding=\"async\" width=\"100\" height=\"100\" src=\"https:\/\/coolcasc.com\/wp-content\/uploads\/Customizados\/Accesorios\/Bolsa-Sochi.jpg\" class=\"attachment-original size-original\" alt=\"\" \/>\t\t\t\t\t\t\n\t\t\t\t\t<\/div>\n\t\t\t\t\t\t\t\t\n<style>\n#image_1658428103 {\n  width: 100%;\n}\n<\/style>\n\t<\/div>\n\t\n\n\n\t\t<\/div>\n\t\t\t\t\t<\/div>\n\n\t\n\n\t<div id=\"col-1220120406\" class=\"col medium-2 small-12 large-2\"  >\n\t\t\t\t<div class=\"col-inner\"  >\n\t\t\t\n\t\t\t\n\n\t<div class=\"img has-hover x md-x lg-x y md-y lg-y\" id=\"image_1917129626\">\n\t\t\t\t\t\t\t\t<div class=\"img-inner dark\" >\n\t\t\t<img loading=\"lazy\" decoding=\"async\" width=\"100\" height=\"100\" src=\"https:\/\/coolcasc.com\/wp-content\/uploads\/Customizados\/Accesorios\/Bolsa-Barcelona.jpg\" class=\"attachment-large size-large\" alt=\"\" \/>\t\t\t\t\t\t\n\t\t\t\t\t<\/div>\n\t\t\t\t\t\t\t\t\n<style>\n#image_1917129626 {\n  width: 100%;\n}\n<\/style>\n\t<\/div>\n\t\n\n\n\t\t<\/div>\n\t\t\t\t\t<\/div>\n\n\t\n\n\t<div id=\"col-960361526\" class=\"col medium-2 small-12 large-2\"  >\n\t\t\t\t<div class=\"col-inner\"  >\n\t\t\t\n\t\t\t\n\n\t<div class=\"img has-hover x md-x lg-x y md-y lg-y\" id=\"image_1607603324\">\n\t\t\t\t\t\t\t\t<div class=\"img-inner dark\" >\n\t\t\t<img loading=\"lazy\" decoding=\"async\" width=\"100\" height=\"100\" src=\"https:\/\/coolcasc.com\/wp-content\/uploads\/Customizados\/Accesorios\/Bolsa-Estrellas.jpg\" class=\"attachment-thumbnail size-thumbnail\" alt=\"\" \/>\t\t\t\t\t\t\n\t\t\t\t\t<\/div>\n\t\t\t\t\t\t\t\t\n<style>\n#image_1607603324 {\n  width: 100%;\n}\n<\/style>\n\t<\/div>\n\t\n\n\n\t\t<\/div>\n\t\t\t\t\t<\/div>\n\n\t\n\n<\/div>\n<p><center>Impressions par sublimation, ainsi elles peuvent \u00eatre personnalis\u00e9es 100% et peuvent \u00eatre port\u00e9es comme un sac \u00e0 dos.<br \/>\u2022 Dimensions: 36,5 x 41cm<br \/>\u2022 Composition: 100% polyester.<\/center><\/p>\n<div class=\"row row-full-width align-middle align-center\"  id=\"row-85423984\">\n\n\n\t<div id=\"col-480787706\" class=\"col medium-6 small-12 large-6\"  >\n\t\t\t\t<div class=\"col-inner\"  >\n\t\t\t\n\t\t\t\n\n\t<div class=\"img has-hover x md-x lg-x y md-y lg-y\" id=\"image_804460116\">\n\t\t\t\t\t\t\t\t<div class=\"img-inner dark\" >\n\t\t\t<img loading=\"lazy\" decoding=\"async\" width=\"315\" height=\"315\" src=\"https:\/\/coolcasc.com\/wp-content\/uploads\/Customizados\/Accesorios\/ACCESORIOS-2.jpg\" class=\"attachment-original size-original\" alt=\"Accesorio Bolsa\" \/>\t\t\t\t\t\t\n\t\t\t\t\t<\/div>\n\t\t\t\t\t\t\t\t\n<style>\n#image_804460116 {\n  width: 100%;\n}\n<\/style>\n\t<\/div>\n\t\n\n\n\t\t<\/div>\n\t\t\t\t\t<\/div>\n\n\t\n\n\t<div id=\"col-190914198\" class=\"col medium-6 small-12 large-6\"  >\n\t\t\t\t<div class=\"col-inner\"  >\n\t\t\t\n\t\t\t\n\n\t<div class=\"img has-hover x md-x lg-x y md-y lg-y\" id=\"image_676423035\">\n\t\t\t\t\t\t\t\t<div class=\"img-inner dark\" >\n\t\t\t<img loading=\"lazy\" decoding=\"async\" width=\"315\" height=\"315\" src=\"https:\/\/coolcasc.com\/wp-content\/uploads\/Customizados\/Accesorios\/ACCESORIOS-3.jpg\" class=\"attachment-original size-original\" alt=\"ACCESORIOS\" \/>\t\t\t\t\t\t\n\t\t\t\t\t<\/div>\n\t\t\t\t\t\t\t\t\n<style>\n#image_676423035 {\n  width: 100%;\n}\n<\/style>\n\t<\/div>\n\t\n\n\n\t\t<\/div>\n\t\t\t\t\t<\/div>\n\n\t\n\n<\/div>\n\n\t\t<\/div>\n\t\t\t\t\t<\/div>\n\n\t\n\n<\/div>\n<\/div>\n<\/div>\n","protected":false},"excerpt":{"rendered":"","protected":false},"author":1,"featured_media":6093,"parent":3783,"menu_order":0,"comment_status":"closed","ping_status":"closed","template":"page-blank-featured.php","meta":{"footnotes":""},"class_list":["post-6155","page","type-page","status-publish","has-post-thumbnail","hentry"],"yoast_head":"<!-- This site is optimized with the Yoast SEO plugin v27.2 - https:\/\/yoast.com\/product\/yoast-seo-wordpress\/ -->\n<title>Accesoires - Coolcasc<\/title>\n<meta name=\"description\" content=\"Las mejores bolsas y fundas para sillines personalizadas para tu equipo ciclista. Fabricadas en lycra waterproof de la mejor calidad.\" \/>\n<meta name=\"robots\" content=\"index, follow, max-snippet:-1, max-image-preview:large, max-video-preview:-1\" \/>\n<link rel=\"canonical\" href=\"https:\/\/coolcasc.com\/fr\/customizados\/accesoires\/\" \/>\n<meta property=\"og:locale\" content=\"fr_FR\" \/>\n<meta property=\"og:type\" content=\"article\" \/>\n<meta property=\"og:title\" content=\"Accesoires - Coolcasc\" \/>\n<meta property=\"og:description\" content=\"Las mejores bolsas y fundas para sillines personalizadas para tu equipo ciclista. Fabricadas en lycra waterproof de la mejor calidad.\" \/>\n<meta property=\"og:url\" content=\"https:\/\/coolcasc.com\/fr\/customizados\/accesoires\/\" \/>\n<meta property=\"og:site_name\" content=\"Coolcasc\" \/>\n<meta property=\"article:publisher\" content=\"https:\/\/www.facebook.com\/COOLCASC\/\" \/>\n<meta property=\"article:modified_time\" content=\"2019-01-31T00:43:58+00:00\" \/>\n<meta property=\"og:image\" content=\"https:\/\/coolcasc.com\/wp-content\/uploads\/Paginas\/banner-customizados-acesorios.jpg\" \/>\n\t<meta property=\"og:image:width\" content=\"1400\" \/>\n\t<meta property=\"og:image:height\" content=\"300\" \/>\n\t<meta property=\"og:image:type\" content=\"image\/jpeg\" \/>\n<meta name=\"twitter:card\" content=\"summary_large_image\" \/>\n<meta name=\"twitter:site\" content=\"@coolcasc\" \/>\n<meta name=\"twitter:label1\" content=\"Dur\u00e9e de lecture estim\u00e9e\" \/>\n\t<meta name=\"twitter:data1\" content=\"1 minute\" \/>\n<script type=\"application\/ld+json\" class=\"yoast-schema-graph\">{\"@context\":\"https:\/\/schema.org\",\"@graph\":[{\"@type\":\"WebPage\",\"@id\":\"https:\/\/coolcasc.com\/fr\/customizados\/accesoires\/\",\"url\":\"https:\/\/coolcasc.com\/fr\/customizados\/accesoires\/\",\"name\":\"Accesoires - Coolcasc\",\"isPartOf\":{\"@id\":\"https:\/\/coolcasc.com\/#website\"},\"primaryImageOfPage\":{\"@id\":\"https:\/\/coolcasc.com\/fr\/customizados\/accesoires\/#primaryimage\"},\"image\":{\"@id\":\"https:\/\/coolcasc.com\/fr\/customizados\/accesoires\/#primaryimage\"},\"thumbnailUrl\":\"https:\/\/coolcasc.com\/wp-content\/uploads\/Paginas\/banner-customizados-acesorios.jpg\",\"datePublished\":\"2019-01-31T00:36:03+00:00\",\"dateModified\":\"2019-01-31T00:43:58+00:00\",\"description\":\"Las mejores bolsas y fundas para sillines personalizadas para tu equipo ciclista. Fabricadas en lycra waterproof de la mejor calidad.\",\"breadcrumb\":{\"@id\":\"https:\/\/coolcasc.com\/fr\/customizados\/accesoires\/#breadcrumb\"},\"inLanguage\":\"fr-FR\",\"potentialAction\":[{\"@type\":\"ReadAction\",\"target\":[\"https:\/\/coolcasc.com\/fr\/customizados\/accesoires\/\"]}]},{\"@type\":\"ImageObject\",\"inLanguage\":\"fr-FR\",\"@id\":\"https:\/\/coolcasc.com\/fr\/customizados\/accesoires\/#primaryimage\",\"url\":\"https:\/\/coolcasc.com\/wp-content\/uploads\/Paginas\/banner-customizados-acesorios.jpg\",\"contentUrl\":\"https:\/\/coolcasc.com\/wp-content\/uploads\/Paginas\/banner-customizados-acesorios.jpg\",\"width\":1400,\"height\":300,\"caption\":\"banner customizados accesorios\"},{\"@type\":\"BreadcrumbList\",\"@id\":\"https:\/\/coolcasc.com\/fr\/customizados\/accesoires\/#breadcrumb\",\"itemListElement\":[{\"@type\":\"ListItem\",\"position\":1,\"name\":\"Portada\",\"item\":\"https:\/\/coolcasc.com\/\"},{\"@type\":\"ListItem\",\"position\":2,\"name\":\"Personalis\u00e9\",\"item\":\"https:\/\/coolcasc.com\/fr\/customizados\/\"},{\"@type\":\"ListItem\",\"position\":3,\"name\":\"Accesoires\"}]},{\"@type\":\"WebSite\",\"@id\":\"https:\/\/coolcasc.com\/#website\",\"url\":\"https:\/\/coolcasc.com\/\",\"name\":\"Coolcasc\",\"description\":\"Seguridad, moda y dise\u00f1o utilizando las fundas para casco Coolcasc en la pr\u00e1ctica de cualquier deporte.\",\"publisher\":{\"@id\":\"https:\/\/coolcasc.com\/#organization\"},\"potentialAction\":[{\"@type\":\"SearchAction\",\"target\":{\"@type\":\"EntryPoint\",\"urlTemplate\":\"https:\/\/coolcasc.com\/?s={search_term_string}\"},\"query-input\":{\"@type\":\"PropertyValueSpecification\",\"valueRequired\":true,\"valueName\":\"search_term_string\"}}],\"inLanguage\":\"fr-FR\"},{\"@type\":\"Organization\",\"@id\":\"https:\/\/coolcasc.com\/#organization\",\"name\":\"Fundas para cascos Coolcasc\",\"url\":\"https:\/\/coolcasc.com\/\",\"logo\":{\"@type\":\"ImageObject\",\"inLanguage\":\"fr-FR\",\"@id\":\"https:\/\/coolcasc.com\/#\/schema\/logo\/image\/\",\"url\":\"https:\/\/coolcasc.com\/wp-content\/uploads\/2018\/12\/Blue_header.png\",\"contentUrl\":\"https:\/\/coolcasc.com\/wp-content\/uploads\/2018\/12\/Blue_header.png\",\"width\":300,\"height\":180,\"caption\":\"Fundas para cascos Coolcasc\"},\"image\":{\"@id\":\"https:\/\/coolcasc.com\/#\/schema\/logo\/image\/\"},\"sameAs\":[\"https:\/\/www.facebook.com\/COOLCASC\/\",\"https:\/\/x.com\/coolcasc\",\"https:\/\/www.instagram.com\/coolcasc\/\"]}]}<\/script>\n<!-- \/ Yoast SEO plugin. -->","yoast_head_json":{"title":"Accesoires - Coolcasc","description":"Las mejores bolsas y fundas para sillines personalizadas para tu equipo ciclista. Fabricadas en lycra waterproof de la mejor calidad.","robots":{"index":"index","follow":"follow","max-snippet":"max-snippet:-1","max-image-preview":"max-image-preview:large","max-video-preview":"max-video-preview:-1"},"canonical":"https:\/\/coolcasc.com\/fr\/customizados\/accesoires\/","og_locale":"fr_FR","og_type":"article","og_title":"Accesoires - Coolcasc","og_description":"Las mejores bolsas y fundas para sillines personalizadas para tu equipo ciclista. Fabricadas en lycra waterproof de la mejor calidad.","og_url":"https:\/\/coolcasc.com\/fr\/customizados\/accesoires\/","og_site_name":"Coolcasc","article_publisher":"https:\/\/www.facebook.com\/COOLCASC\/","article_modified_time":"2019-01-31T00:43:58+00:00","og_image":[{"width":1400,"height":300,"url":"https:\/\/coolcasc.com\/wp-content\/uploads\/Paginas\/banner-customizados-acesorios.jpg","type":"image\/jpeg"}],"twitter_card":"summary_large_image","twitter_site":"@coolcasc","twitter_misc":{"Dur\u00e9e de lecture estim\u00e9e":"1 minute"},"schema":{"@context":"https:\/\/schema.org","@graph":[{"@type":"WebPage","@id":"https:\/\/coolcasc.com\/fr\/customizados\/accesoires\/","url":"https:\/\/coolcasc.com\/fr\/customizados\/accesoires\/","name":"Accesoires - Coolcasc","isPartOf":{"@id":"https:\/\/coolcasc.com\/#website"},"primaryImageOfPage":{"@id":"https:\/\/coolcasc.com\/fr\/customizados\/accesoires\/#primaryimage"},"image":{"@id":"https:\/\/coolcasc.com\/fr\/customizados\/accesoires\/#primaryimage"},"thumbnailUrl":"https:\/\/coolcasc.com\/wp-content\/uploads\/Paginas\/banner-customizados-acesorios.jpg","datePublished":"2019-01-31T00:36:03+00:00","dateModified":"2019-01-31T00:43:58+00:00","description":"Las mejores bolsas y fundas para sillines personalizadas para tu equipo ciclista. Fabricadas en lycra waterproof de la mejor calidad.","breadcrumb":{"@id":"https:\/\/coolcasc.com\/fr\/customizados\/accesoires\/#breadcrumb"},"inLanguage":"fr-FR","potentialAction":[{"@type":"ReadAction","target":["https:\/\/coolcasc.com\/fr\/customizados\/accesoires\/"]}]},{"@type":"ImageObject","inLanguage":"fr-FR","@id":"https:\/\/coolcasc.com\/fr\/customizados\/accesoires\/#primaryimage","url":"https:\/\/coolcasc.com\/wp-content\/uploads\/Paginas\/banner-customizados-acesorios.jpg","contentUrl":"https:\/\/coolcasc.com\/wp-content\/uploads\/Paginas\/banner-customizados-acesorios.jpg","width":1400,"height":300,"caption":"banner customizados accesorios"},{"@type":"BreadcrumbList","@id":"https:\/\/coolcasc.com\/fr\/customizados\/accesoires\/#breadcrumb","itemListElement":[{"@type":"ListItem","position":1,"name":"Portada","item":"https:\/\/coolcasc.com\/"},{"@type":"ListItem","position":2,"name":"Personalis\u00e9","item":"https:\/\/coolcasc.com\/fr\/customizados\/"},{"@type":"ListItem","position":3,"name":"Accesoires"}]},{"@type":"WebSite","@id":"https:\/\/coolcasc.com\/#website","url":"https:\/\/coolcasc.com\/","name":"Coolcasc","description":"Seguridad, moda y dise\u00f1o utilizando las fundas para casco Coolcasc en la pr\u00e1ctica de cualquier deporte.","publisher":{"@id":"https:\/\/coolcasc.com\/#organization"},"potentialAction":[{"@type":"SearchAction","target":{"@type":"EntryPoint","urlTemplate":"https:\/\/coolcasc.com\/?s={search_term_string}"},"query-input":{"@type":"PropertyValueSpecification","valueRequired":true,"valueName":"search_term_string"}}],"inLanguage":"fr-FR"},{"@type":"Organization","@id":"https:\/\/coolcasc.com\/#organization","name":"Fundas para cascos Coolcasc","url":"https:\/\/coolcasc.com\/","logo":{"@type":"ImageObject","inLanguage":"fr-FR","@id":"https:\/\/coolcasc.com\/#\/schema\/logo\/image\/","url":"https:\/\/coolcasc.com\/wp-content\/uploads\/2018\/12\/Blue_header.png","contentUrl":"https:\/\/coolcasc.com\/wp-content\/uploads\/2018\/12\/Blue_header.png","width":300,"height":180,"caption":"Fundas para cascos Coolcasc"},"image":{"@id":"https:\/\/coolcasc.com\/#\/schema\/logo\/image\/"},"sameAs":["https:\/\/www.facebook.com\/COOLCASC\/","https:\/\/x.com\/coolcasc","https:\/\/www.instagram.com\/coolcasc\/"]}]}},"_links":{"self":[{"href":"https:\/\/coolcasc.com\/fr\/wp-json\/wp\/v2\/pages\/6155","targetHints":{"allow":["GET"]}}],"collection":[{"href":"https:\/\/coolcasc.com\/fr\/wp-json\/wp\/v2\/pages"}],"about":[{"href":"https:\/\/coolcasc.com\/fr\/wp-json\/wp\/v2\/types\/page"}],"author":[{"embeddable":true,"href":"https:\/\/coolcasc.com\/fr\/wp-json\/wp\/v2\/users\/1"}],"replies":[{"embeddable":true,"href":"https:\/\/coolcasc.com\/fr\/wp-json\/wp\/v2\/comments?post=6155"}],"version-history":[{"count":0,"href":"https:\/\/coolcasc.com\/fr\/wp-json\/wp\/v2\/pages\/6155\/revisions"}],"up":[{"embeddable":true,"href":"https:\/\/coolcasc.com\/fr\/wp-json\/wp\/v2\/pages\/3783"}],"wp:featuredmedia":[{"embeddable":true,"href":"https:\/\/coolcasc.com\/fr\/wp-json\/wp\/v2\/media\/6093"}],"wp:attachment":[{"href":"https:\/\/coolcasc.com\/fr\/wp-json\/wp\/v2\/media?parent=6155"}],"curies":[{"name":"wp","href":"https:\/\/api.w.org\/{rel}","templated":true}]}}