{"id":6273,"date":"2019-01-31T01:29:36","date_gmt":"2019-01-31T01:29:36","guid":{"rendered":"http:\/\/coolcasc.com\/?page_id=6273"},"modified":"2019-02-01T13:46:53","modified_gmt":"2019-02-01T13:46:53","slug":"jet-bike","status":"publish","type":"page","link":"https:\/\/coolcasc.com\/fr\/customizados\/jet-bike\/","title":{"rendered":"Jet Bike"},"content":{"rendered":"\n<div class=\"row align-center\"  id=\"row-1627453915\">\n\n\n\t<div id=\"col-1113375469\" class=\"col medium-8 small-12 large-8\"  >\n\t\t\t\t<div class=\"col-inner\"  >\n\t\t\t\n\t\t\t\n\n<div class=\"text-center\"><div class=\"is-divider divider clearfix\" style=\"height:10px;\"><\/div><\/div>\n\n<p style=\"text-align: center;\">Housses pour casque sp\u00e9cialement con\u00e7ues et dessin\u00e9es pour le cyclisme.<\/p>\n<p style=\"text-align: center;\">Fabriqu\u00e9es en lycra micro perfor\u00e9 qui permet \u00e0 l\u2019air de passer, en \u00e9vitant ainsi tout type de r\u00e9sistance sans limiter l\u2019a\u00e9rodynamisme. <\/p>\n<p style=\"text-align: center;\">Le lycra est simple couche, en finition mat et est tr\u00e8s l\u00e9g\u00e8r, caract\u00e9ristique tr\u00e8s importante, pour \u00e9viter d\u2019alourdir significativement le casque. De plus, ces housses \u00e9vitent le passage des insectes \u00e0 l\u2019int\u00e9rieur des casques ne disposant pas de filet \u00e0 l\u2019int\u00e9rieur.<\/p>\n<div class=\"row align-center\"  id=\"row-292863456\">\n\n\n\t<div id=\"col-186890884\" class=\"col medium-2 small-6 large-2\"  >\n\t\t\t\t<div class=\"col-inner\"  >\n\t\t\t\n\t\t\t\n\n\t<div class=\"img has-hover x md-x lg-x y md-y lg-y\" id=\"image_1164992202\">\n\t\t\t\t\t\t\t\t<div class=\"img-inner dark\" >\n\t\t\t<img loading=\"lazy\" decoding=\"async\" width=\"100\" height=\"100\" src=\"https:\/\/coolcasc.com\/wp-content\/uploads\/Customizados\/JetBike\/Funda-casco-Jet-Bike-04.jpg\" class=\"attachment-original size-original\" alt=\"Funda casco Jet Bike 04\" \/>\t\t\t\t\t\t\n\t\t\t\t\t<\/div>\n\t\t\t\t\t\t\t\t\n<style>\n#image_1164992202 {\n  width: 100%;\n}\n<\/style>\n\t<\/div>\n\t\n\n\n\t\t<\/div>\n\t\t\t\t\t<\/div>\n\n\t\n\n\t<div id=\"col-2041353460\" class=\"col medium-2 small-6 large-2\"  >\n\t\t\t\t<div class=\"col-inner\"  >\n\t\t\t\n\t\t\t\n\n\t<div class=\"img has-hover x md-x lg-x y md-y lg-y\" id=\"image_144151733\">\n\t\t\t\t\t\t\t\t<div class=\"img-inner dark\" >\n\t\t\t<img loading=\"lazy\" decoding=\"async\" width=\"100\" height=\"100\" src=\"https:\/\/coolcasc.com\/wp-content\/uploads\/Customizados\/JetBike\/Funda-casco-Jet-Bike-05.jpg\" class=\"attachment-original size-original\" alt=\"Funda casco Jet Bike 05\" \/>\t\t\t\t\t\t\n\t\t\t\t\t<\/div>\n\t\t\t\t\t\t\t\t\n<style>\n#image_144151733 {\n  width: 100%;\n}\n<\/style>\n\t<\/div>\n\t\n\n\n\t\t<\/div>\n\t\t\t\t\t<\/div>\n\n\t\n\n\t<div id=\"col-1015382340\" class=\"col medium-2 small-6 large-2\"  >\n\t\t\t\t<div class=\"col-inner\"  >\n\t\t\t\n\t\t\t\n\n\t<div class=\"img has-hover x md-x lg-x y md-y lg-y\" id=\"image_1460497298\">\n\t\t\t\t\t\t\t\t<div class=\"img-inner dark\" >\n\t\t\t<img loading=\"lazy\" decoding=\"async\" width=\"100\" height=\"100\" src=\"https:\/\/coolcasc.com\/wp-content\/uploads\/Customizados\/JetBike\/Funda-casco-Jet-Bike-03.jpg\" class=\"attachment-original size-original\" alt=\"Funda casco Jet Bike 03\" \/>\t\t\t\t\t\t\n\t\t\t\t\t<\/div>\n\t\t\t\t\t\t\t\t\n<style>\n#image_1460497298 {\n  width: 100%;\n}\n<\/style>\n\t<\/div>\n\t\n\n\n\t\t<\/div>\n\t\t\t\t\t<\/div>\n\n\t\n\n\t<div id=\"col-2129976114\" class=\"col medium-2 small-6 large-2\"  >\n\t\t\t\t<div class=\"col-inner\"  >\n\t\t\t\n\t\t\t\n\n\t<div class=\"img has-hover x md-x lg-x y md-y lg-y\" id=\"image_1384474721\">\n\t\t\t\t\t\t\t\t<div class=\"img-inner dark\" >\n\t\t\t<img loading=\"lazy\" decoding=\"async\" width=\"100\" height=\"100\" src=\"https:\/\/coolcasc.com\/wp-content\/uploads\/Customizados\/JetBike\/Funda-casco-Jet-Bike-06.jpg\" class=\"attachment-original size-original\" alt=\"Funda casco Jet Bike 06\" \/>\t\t\t\t\t\t\n\t\t\t\t\t<\/div>\n\t\t\t\t\t\t\t\t\n<style>\n#image_1384474721 {\n  width: 100%;\n}\n<\/style>\n\t<\/div>\n\t\n\n\n\t\t<\/div>\n\t\t\t\t\t<\/div>\n\n\t\n\n<\/div>\n<div class=\"row align-center\"  id=\"row-557902965\">\n\n\n\t<div id=\"col-112998837\" class=\"col medium-2 small-6 large-2\"  >\n\t\t\t\t<div class=\"col-inner\"  >\n\t\t\t\n\t\t\t\n\n\t<div class=\"img has-hover x md-x lg-x y md-y lg-y\" id=\"image_1095989782\">\n\t\t\t\t\t\t\t\t<div class=\"img-inner dark\" >\n\t\t\t<img loading=\"lazy\" decoding=\"async\" width=\"100\" height=\"100\" src=\"https:\/\/coolcasc.com\/wp-content\/uploads\/Customizados\/JetBike\/Funda-casco-Jet-Bike-01.jpg\" class=\"attachment-original size-original\" alt=\"Funda casco Jet Bike 01\" \/>\t\t\t\t\t\t\n\t\t\t\t\t<\/div>\n\t\t\t\t\t\t\t\t\n<style>\n#image_1095989782 {\n  width: 100%;\n}\n<\/style>\n\t<\/div>\n\t\n\n\n\t\t<\/div>\n\t\t\t\t\t<\/div>\n\n\t\n\n\t<div id=\"col-133326859\" class=\"col medium-2 small-6 large-2\"  >\n\t\t\t\t<div class=\"col-inner\"  >\n\t\t\t\n\t\t\t\n\n\t<div class=\"img has-hover x md-x lg-x y md-y lg-y\" id=\"image_1132100611\">\n\t\t\t\t\t\t\t\t<div class=\"img-inner dark\" >\n\t\t\t<img loading=\"lazy\" decoding=\"async\" width=\"100\" height=\"100\" src=\"https:\/\/coolcasc.com\/wp-content\/uploads\/Customizados\/JetBike\/Funda-casco-Jet-Bike-07.jpg\" class=\"attachment-original size-original\" alt=\"Funda casco Jet Bike 07\" \/>\t\t\t\t\t\t\n\t\t\t\t\t<\/div>\n\t\t\t\t\t\t\t\t\n<style>\n#image_1132100611 {\n  width: 100%;\n}\n<\/style>\n\t<\/div>\n\t\n\n\n\t\t<\/div>\n\t\t\t\t\t<\/div>\n\n\t\n\n\t<div id=\"col-1986904954\" class=\"col medium-2 small-6 large-2\"  >\n\t\t\t\t<div class=\"col-inner\"  >\n\t\t\t\n\t\t\t\n\n\t<div class=\"img has-hover x md-x lg-x y md-y lg-y\" id=\"image_685568384\">\n\t\t\t\t\t\t\t\t<div class=\"img-inner dark\" >\n\t\t\t<img loading=\"lazy\" decoding=\"async\" width=\"100\" height=\"100\" src=\"https:\/\/coolcasc.com\/wp-content\/uploads\/Customizados\/JetBike\/Funda-casco-Jet-Bike-02.jpg\" class=\"attachment-original size-original\" alt=\"Funda casco Jet Bike 02\" \/>\t\t\t\t\t\t\n\t\t\t\t\t<\/div>\n\t\t\t\t\t\t\t\t\n<style>\n#image_685568384 {\n  width: 100%;\n}\n<\/style>\n\t<\/div>\n\t\n\n\n\t\t<\/div>\n\t\t\t\t\t<\/div>\n\n\t\n\n<\/div>\n<div style=\"text-align: justify;\">\n<p style=\"text-align: center;\">Jet BIKE est un accessoire parfait pour les groupes ou les \u00e9quipes cyclistes qui souhaitent personnaliser compl\u00e8tement leur \u00e9quipement. C\u2019est une solution plus abordable que l\u2019acquisition de casques customis\u00e9s pour toute une \u00e9quipe.<\/p>\n<p style=\"text-align: center;\">Cet accessoire est aussi tr\u00e8s int\u00e9ressant pour les groupes cyclistes qui souhaitent utiliser le casque comme support de publicit\u00e9 ou de communication. La housse de casque devient ainsi un \u00e9l\u00e9ment visible et mobile sur les courses ou tout \u00e9v\u00e8nement cycliste.<\/p>\n<\/div>\n\n\t\t<\/div>\n\t\t\t\t\t<\/div>\n\n\t\n\n<\/div>\n<div class=\"row align-center\"  id=\"row-401388426\">\n\n\n\t<div id=\"col-410126025\" class=\"col medium-5 small-12 large-5\"  >\n\t\t\t\t<div class=\"col-inner\"  >\n\t\t\t\n\t\t\t\n\n\t<div class=\"img has-hover x md-x lg-x y md-y lg-y\" id=\"image_866727991\">\n\t\t\t\t\t\t\t\t<div class=\"img-inner dark\" >\n\t\t\t<img loading=\"lazy\" decoding=\"async\" width=\"315\" height=\"315\" src=\"https:\/\/coolcasc.com\/wp-content\/uploads\/Customizados\/JetBike\/Jet-B-4.jpg\" class=\"attachment-original size-original\" alt=\"Funda casco Jet Bike 4\" \/>\t\t\t\t\t\t\n\t\t\t\t\t<\/div>\n\t\t\t\t\t\t\t\t\n<style>\n#image_866727991 {\n  width: 100%;\n}\n<\/style>\n\t<\/div>\n\t\n\n\t<div class=\"img has-hover x md-x lg-x y md-y lg-y\" id=\"image_1564852719\">\n\t\t\t\t\t\t\t\t<div class=\"img-inner dark\" >\n\t\t\t<img loading=\"lazy\" decoding=\"async\" width=\"315\" height=\"315\" src=\"https:\/\/coolcasc.com\/wp-content\/uploads\/Customizados\/JetBike\/Jet-B-1.jpg\" class=\"attachment-original size-original\" alt=\"Funda casco Jet Bike 1\" \/>\t\t\t\t\t\t\n\t\t\t\t\t<\/div>\n\t\t\t\t\t\t\t\t\n<style>\n#image_1564852719 {\n  width: 100%;\n}\n<\/style>\n\t<\/div>\n\t\n\n\n\t\t<\/div>\n\t\t\t\t\t<\/div>\n\n\t\n\n\t<div id=\"col-1842985070\" class=\"col medium-5 small-12 large-5\"  >\n\t\t\t\t<div class=\"col-inner\"  >\n\t\t\t\n\t\t\t\n\n\t<div class=\"img has-hover x md-x lg-x y md-y lg-y\" id=\"image_645054453\">\n\t\t\t\t\t\t\t\t<div class=\"img-inner dark\" >\n\t\t\t<img loading=\"lazy\" decoding=\"async\" width=\"315\" height=\"315\" src=\"https:\/\/coolcasc.com\/wp-content\/uploads\/Customizados\/JetBike\/Jet-B-2.jpg\" class=\"attachment-original size-original\" alt=\"Funda casco Jet Bike 2\" \/>\t\t\t\t\t\t\n\t\t\t\t\t<\/div>\n\t\t\t\t\t\t\t\t\n<style>\n#image_645054453 {\n  width: 100%;\n}\n<\/style>\n\t<\/div>\n\t\n\n\t<div class=\"img has-hover x md-x lg-x y md-y lg-y\" id=\"image_936019351\">\n\t\t\t\t\t\t\t\t<div class=\"img-inner dark\" >\n\t\t\t<img loading=\"lazy\" decoding=\"async\" width=\"315\" height=\"315\" src=\"https:\/\/coolcasc.com\/wp-content\/uploads\/Customizados\/JetBike\/Jet-B-3.jpg\" class=\"attachment-original size-original\" alt=\"Funda casco Jet Bike 3\" \/>\t\t\t\t\t\t\n\t\t\t\t\t<\/div>\n\t\t\t\t\t\t\t\t\n<style>\n#image_936019351 {\n  width: 100%;\n}\n<\/style>\n\t<\/div>\n\t\n\n\n\t\t<\/div>\n\t\t\t\t\t<\/div>\n\n\t\n\n<\/div>\n","protected":false},"excerpt":{"rendered":"","protected":false},"author":1,"featured_media":6083,"parent":3783,"menu_order":0,"comment_status":"closed","ping_status":"closed","template":"page-blank-featured.php","meta":{"footnotes":""},"class_list":["post-6273","page","type-page","status-publish","has-post-thumbnail","hentry"],"yoast_head":"<!-- This site is optimized with the Yoast SEO plugin v27.4 - https:\/\/yoast.com\/product\/yoast-seo-wordpress\/ -->\n<title>Fundas para cascos customizadas jet bike<\/title>\n<meta name=\"description\" content=\"Fundas para casco concebidas y dise\u00f1adas para el ciclismo. Fabricadas en lycra micro perforada,permite traspasar el aire, sin restar aerodinamismo.\" \/>\n<meta name=\"robots\" content=\"index, follow, max-snippet:-1, max-image-preview:large, max-video-preview:-1\" \/>\n<link rel=\"canonical\" href=\"https:\/\/coolcasc.com\/fr\/customizados\/jet-bike\/\" \/>\n<meta property=\"og:locale\" content=\"fr_FR\" \/>\n<meta property=\"og:type\" content=\"article\" \/>\n<meta property=\"og:title\" content=\"Fundas para cascos customizadas jet bike\" \/>\n<meta property=\"og:description\" content=\"Fundas para casco concebidas y dise\u00f1adas para el ciclismo. Fabricadas en lycra micro perforada,permite traspasar el aire, sin restar aerodinamismo.\" \/>\n<meta property=\"og:url\" content=\"https:\/\/coolcasc.com\/fr\/customizados\/jet-bike\/\" \/>\n<meta property=\"og:site_name\" content=\"Coolcasc\" \/>\n<meta property=\"article:publisher\" content=\"https:\/\/www.facebook.com\/COOLCASC\/\" \/>\n<meta property=\"article:modified_time\" content=\"2019-02-01T13:46:53+00:00\" \/>\n<meta property=\"og:image\" content=\"https:\/\/coolcasc.com\/wp-content\/uploads\/Paginas\/banner-customizados-Jet-Bike.jpg\" \/>\n\t<meta property=\"og:image:width\" content=\"1400\" \/>\n\t<meta property=\"og:image:height\" content=\"300\" \/>\n\t<meta property=\"og:image:type\" content=\"image\/jpeg\" \/>\n<meta name=\"twitter:card\" content=\"summary_large_image\" \/>\n<meta name=\"twitter:site\" content=\"@coolcasc\" \/>\n<meta name=\"twitter:label1\" content=\"Dur\u00e9e de lecture estim\u00e9e\" \/>\n\t<meta name=\"twitter:data1\" content=\"2 minutes\" \/>\n<script type=\"application\/ld+json\" class=\"yoast-schema-graph\">{\"@context\":\"https:\\\/\\\/schema.org\",\"@graph\":[{\"@type\":\"WebPage\",\"@id\":\"https:\\\/\\\/coolcasc.com\\\/fr\\\/customizados\\\/jet-bike\\\/\",\"url\":\"https:\\\/\\\/coolcasc.com\\\/fr\\\/customizados\\\/jet-bike\\\/\",\"name\":\"Fundas para cascos customizadas jet bike\",\"isPartOf\":{\"@id\":\"https:\\\/\\\/coolcasc.com\\\/#website\"},\"primaryImageOfPage\":{\"@id\":\"https:\\\/\\\/coolcasc.com\\\/fr\\\/customizados\\\/jet-bike\\\/#primaryimage\"},\"image\":{\"@id\":\"https:\\\/\\\/coolcasc.com\\\/fr\\\/customizados\\\/jet-bike\\\/#primaryimage\"},\"thumbnailUrl\":\"https:\\\/\\\/coolcasc.com\\\/wp-content\\\/uploads\\\/Paginas\\\/banner-customizados-Jet-Bike.jpg\",\"datePublished\":\"2019-01-31T01:29:36+00:00\",\"dateModified\":\"2019-02-01T13:46:53+00:00\",\"description\":\"Fundas para casco concebidas y dise\u00f1adas para el ciclismo. Fabricadas en lycra micro perforada,permite traspasar el aire, sin restar aerodinamismo.\",\"breadcrumb\":{\"@id\":\"https:\\\/\\\/coolcasc.com\\\/fr\\\/customizados\\\/jet-bike\\\/#breadcrumb\"},\"inLanguage\":\"fr-FR\",\"potentialAction\":[{\"@type\":\"ReadAction\",\"target\":[\"https:\\\/\\\/coolcasc.com\\\/fr\\\/customizados\\\/jet-bike\\\/\"]}]},{\"@type\":\"ImageObject\",\"inLanguage\":\"fr-FR\",\"@id\":\"https:\\\/\\\/coolcasc.com\\\/fr\\\/customizados\\\/jet-bike\\\/#primaryimage\",\"url\":\"https:\\\/\\\/coolcasc.com\\\/wp-content\\\/uploads\\\/Paginas\\\/banner-customizados-Jet-Bike.jpg\",\"contentUrl\":\"https:\\\/\\\/coolcasc.com\\\/wp-content\\\/uploads\\\/Paginas\\\/banner-customizados-Jet-Bike.jpg\",\"width\":1400,\"height\":300,\"caption\":\"banner customizados Jet Bike\"},{\"@type\":\"BreadcrumbList\",\"@id\":\"https:\\\/\\\/coolcasc.com\\\/fr\\\/customizados\\\/jet-bike\\\/#breadcrumb\",\"itemListElement\":[{\"@type\":\"ListItem\",\"position\":1,\"name\":\"Portada\",\"item\":\"https:\\\/\\\/coolcasc.com\\\/fr\\\/\"},{\"@type\":\"ListItem\",\"position\":2,\"name\":\"Personalis\u00e9\",\"item\":\"https:\\\/\\\/coolcasc.com\\\/fr\\\/customizados\\\/\"},{\"@type\":\"ListItem\",\"position\":3,\"name\":\"Jet Bike\"}]},{\"@type\":\"WebSite\",\"@id\":\"https:\\\/\\\/coolcasc.com\\\/#website\",\"url\":\"https:\\\/\\\/coolcasc.com\\\/\",\"name\":\"Coolcasc\",\"description\":\"Seguridad, moda y dise\u00f1o utilizando las fundas para casco Coolcasc en la pr\u00e1ctica de cualquier deporte.\",\"publisher\":{\"@id\":\"https:\\\/\\\/coolcasc.com\\\/#organization\"},\"potentialAction\":[{\"@type\":\"SearchAction\",\"target\":{\"@type\":\"EntryPoint\",\"urlTemplate\":\"https:\\\/\\\/coolcasc.com\\\/?s={search_term_string}\"},\"query-input\":{\"@type\":\"PropertyValueSpecification\",\"valueRequired\":true,\"valueName\":\"search_term_string\"}}],\"inLanguage\":\"fr-FR\"},{\"@type\":\"Organization\",\"@id\":\"https:\\\/\\\/coolcasc.com\\\/#organization\",\"name\":\"Fundas para cascos Coolcasc\",\"url\":\"https:\\\/\\\/coolcasc.com\\\/\",\"logo\":{\"@type\":\"ImageObject\",\"inLanguage\":\"fr-FR\",\"@id\":\"https:\\\/\\\/coolcasc.com\\\/#\\\/schema\\\/logo\\\/image\\\/\",\"url\":\"https:\\\/\\\/coolcasc.com\\\/wp-content\\\/uploads\\\/2018\\\/12\\\/Blue_header.png\",\"contentUrl\":\"https:\\\/\\\/coolcasc.com\\\/wp-content\\\/uploads\\\/2018\\\/12\\\/Blue_header.png\",\"width\":300,\"height\":180,\"caption\":\"Fundas para cascos Coolcasc\"},\"image\":{\"@id\":\"https:\\\/\\\/coolcasc.com\\\/#\\\/schema\\\/logo\\\/image\\\/\"},\"sameAs\":[\"https:\\\/\\\/www.facebook.com\\\/COOLCASC\\\/\",\"https:\\\/\\\/x.com\\\/coolcasc\",\"https:\\\/\\\/www.instagram.com\\\/coolcasc\\\/\"]}]}<\/script>\n<!-- \/ Yoast SEO plugin. -->","yoast_head_json":{"title":"Fundas para cascos customizadas jet bike","description":"Fundas para casco concebidas y dise\u00f1adas para el ciclismo. Fabricadas en lycra micro perforada,permite traspasar el aire, sin restar aerodinamismo.","robots":{"index":"index","follow":"follow","max-snippet":"max-snippet:-1","max-image-preview":"max-image-preview:large","max-video-preview":"max-video-preview:-1"},"canonical":"https:\/\/coolcasc.com\/fr\/customizados\/jet-bike\/","og_locale":"fr_FR","og_type":"article","og_title":"Fundas para cascos customizadas jet bike","og_description":"Fundas para casco concebidas y dise\u00f1adas para el ciclismo. Fabricadas en lycra micro perforada,permite traspasar el aire, sin restar aerodinamismo.","og_url":"https:\/\/coolcasc.com\/fr\/customizados\/jet-bike\/","og_site_name":"Coolcasc","article_publisher":"https:\/\/www.facebook.com\/COOLCASC\/","article_modified_time":"2019-02-01T13:46:53+00:00","og_image":[{"width":1400,"height":300,"url":"https:\/\/coolcasc.com\/wp-content\/uploads\/Paginas\/banner-customizados-Jet-Bike.jpg","type":"image\/jpeg"}],"twitter_card":"summary_large_image","twitter_site":"@coolcasc","twitter_misc":{"Dur\u00e9e de lecture estim\u00e9e":"2 minutes"},"schema":{"@context":"https:\/\/schema.org","@graph":[{"@type":"WebPage","@id":"https:\/\/coolcasc.com\/fr\/customizados\/jet-bike\/","url":"https:\/\/coolcasc.com\/fr\/customizados\/jet-bike\/","name":"Fundas para cascos customizadas jet bike","isPartOf":{"@id":"https:\/\/coolcasc.com\/#website"},"primaryImageOfPage":{"@id":"https:\/\/coolcasc.com\/fr\/customizados\/jet-bike\/#primaryimage"},"image":{"@id":"https:\/\/coolcasc.com\/fr\/customizados\/jet-bike\/#primaryimage"},"thumbnailUrl":"https:\/\/coolcasc.com\/wp-content\/uploads\/Paginas\/banner-customizados-Jet-Bike.jpg","datePublished":"2019-01-31T01:29:36+00:00","dateModified":"2019-02-01T13:46:53+00:00","description":"Fundas para casco concebidas y dise\u00f1adas para el ciclismo. Fabricadas en lycra micro perforada,permite traspasar el aire, sin restar aerodinamismo.","breadcrumb":{"@id":"https:\/\/coolcasc.com\/fr\/customizados\/jet-bike\/#breadcrumb"},"inLanguage":"fr-FR","potentialAction":[{"@type":"ReadAction","target":["https:\/\/coolcasc.com\/fr\/customizados\/jet-bike\/"]}]},{"@type":"ImageObject","inLanguage":"fr-FR","@id":"https:\/\/coolcasc.com\/fr\/customizados\/jet-bike\/#primaryimage","url":"https:\/\/coolcasc.com\/wp-content\/uploads\/Paginas\/banner-customizados-Jet-Bike.jpg","contentUrl":"https:\/\/coolcasc.com\/wp-content\/uploads\/Paginas\/banner-customizados-Jet-Bike.jpg","width":1400,"height":300,"caption":"banner customizados Jet Bike"},{"@type":"BreadcrumbList","@id":"https:\/\/coolcasc.com\/fr\/customizados\/jet-bike\/#breadcrumb","itemListElement":[{"@type":"ListItem","position":1,"name":"Portada","item":"https:\/\/coolcasc.com\/fr\/"},{"@type":"ListItem","position":2,"name":"Personalis\u00e9","item":"https:\/\/coolcasc.com\/fr\/customizados\/"},{"@type":"ListItem","position":3,"name":"Jet Bike"}]},{"@type":"WebSite","@id":"https:\/\/coolcasc.com\/#website","url":"https:\/\/coolcasc.com\/","name":"Coolcasc","description":"Seguridad, moda y dise\u00f1o utilizando las fundas para casco Coolcasc en la pr\u00e1ctica de cualquier deporte.","publisher":{"@id":"https:\/\/coolcasc.com\/#organization"},"potentialAction":[{"@type":"SearchAction","target":{"@type":"EntryPoint","urlTemplate":"https:\/\/coolcasc.com\/?s={search_term_string}"},"query-input":{"@type":"PropertyValueSpecification","valueRequired":true,"valueName":"search_term_string"}}],"inLanguage":"fr-FR"},{"@type":"Organization","@id":"https:\/\/coolcasc.com\/#organization","name":"Fundas para cascos Coolcasc","url":"https:\/\/coolcasc.com\/","logo":{"@type":"ImageObject","inLanguage":"fr-FR","@id":"https:\/\/coolcasc.com\/#\/schema\/logo\/image\/","url":"https:\/\/coolcasc.com\/wp-content\/uploads\/2018\/12\/Blue_header.png","contentUrl":"https:\/\/coolcasc.com\/wp-content\/uploads\/2018\/12\/Blue_header.png","width":300,"height":180,"caption":"Fundas para cascos Coolcasc"},"image":{"@id":"https:\/\/coolcasc.com\/#\/schema\/logo\/image\/"},"sameAs":["https:\/\/www.facebook.com\/COOLCASC\/","https:\/\/x.com\/coolcasc","https:\/\/www.instagram.com\/coolcasc\/"]}]}},"_links":{"self":[{"href":"https:\/\/coolcasc.com\/fr\/wp-json\/wp\/v2\/pages\/6273","targetHints":{"allow":["GET"]}}],"collection":[{"href":"https:\/\/coolcasc.com\/fr\/wp-json\/wp\/v2\/pages"}],"about":[{"href":"https:\/\/coolcasc.com\/fr\/wp-json\/wp\/v2\/types\/page"}],"author":[{"embeddable":true,"href":"https:\/\/coolcasc.com\/fr\/wp-json\/wp\/v2\/users\/1"}],"replies":[{"embeddable":true,"href":"https:\/\/coolcasc.com\/fr\/wp-json\/wp\/v2\/comments?post=6273"}],"version-history":[{"count":0,"href":"https:\/\/coolcasc.com\/fr\/wp-json\/wp\/v2\/pages\/6273\/revisions"}],"up":[{"embeddable":true,"href":"https:\/\/coolcasc.com\/fr\/wp-json\/wp\/v2\/pages\/3783"}],"wp:featuredmedia":[{"embeddable":true,"href":"https:\/\/coolcasc.com\/fr\/wp-json\/wp\/v2\/media\/6083"}],"wp:attachment":[{"href":"https:\/\/coolcasc.com\/fr\/wp-json\/wp\/v2\/media?parent=6273"}],"curies":[{"name":"wp","href":"https:\/\/api.w.org\/{rel}","templated":true}]}}