{"id":6552,"date":"2019-01-31T13:53:09","date_gmt":"2019-01-31T13:53:09","guid":{"rendered":"http:\/\/coolcasc.com\/?page_id=6552"},"modified":"2021-01-28T09:50:07","modified_gmt":"2021-01-28T09:50:07","slug":"basic","status":"publish","type":"page","link":"https:\/\/coolcasc.com\/fr\/customizados\/basic\/","title":{"rendered":"Basic"},"content":{"rendered":"\n<div class=\"row align-equal align-center\"  id=\"row-1718100950\">\n\n\n\t<div id=\"col-1721729808\" class=\"col medium-8 small-12 large-8\"  >\n\t\t\t\t<div class=\"col-inner text-center\"  >\n\t\t\t\n\t\t\t\n\n<div class=\"text-center\"><div class=\"is-divider divider clearfix\" style=\"height:10px;\"><\/div><\/div>\n\n<div style=\"text-align: center;\">\n<p><strong>Identification et s\u00e9curit\u00e9 \u00e0 des prix tr\u00e8s bon march\u00e9!<\/strong><\/p>\n<p>Lorsque vous emmenez un groupe skier, ou pratiquer un sport collectif qui requiert le port d\u2019un casque, vous aurez besoin de pouvoir le distinguer rapidement des autres sportifs ou participants. <\/p>\n<p>COOLCASC\u00ae BASIC est l\u2019accessoire de sport que vous cherchez. <\/p>\n<\/div>\n<div class=\"row align-center\"  id=\"row-1505471835\">\n\n\n\t<div id=\"col-2036768618\" class=\"col medium-2 small-12 large-2\"  >\n\t\t\t\t<div class=\"col-inner\"  >\n\t\t\t\n\t\t\t\n\n\t<div class=\"img has-hover x md-x lg-x y md-y lg-y\" id=\"image_2044578188\">\n\t\t\t\t\t\t\t\t<div class=\"img-inner dark\" >\n\t\t\t<img loading=\"lazy\" decoding=\"async\" width=\"100\" height=\"100\" src=\"https:\/\/coolcasc.com\/wp-content\/uploads\/Customizados\/Basic\/Funda-casco-Basic-rosa-neon.jpg\" class=\"attachment-original size-original\" alt=\"Funda casco Basic rosa ne\u00f3n\" \/>\t\t\t\t\t\t\n\t\t\t\t\t<\/div>\n\t\t\t\t\t\t\t\t\n<style>\n#image_2044578188 {\n  width: 100%;\n}\n<\/style>\n\t<\/div>\n\t\n\n\n\t\t<\/div>\n\t\t\t\t\t<\/div>\n\n\t\n\n\t<div id=\"col-1504405770\" class=\"col medium-2 small-12 large-2\"  >\n\t\t\t\t<div class=\"col-inner\"  >\n\t\t\t\n\t\t\t\n\n\t<div class=\"img has-hover x md-x lg-x y md-y lg-y\" id=\"image_166995396\">\n\t\t\t\t\t\t\t\t<div class=\"img-inner dark\" >\n\t\t\t<img loading=\"lazy\" decoding=\"async\" width=\"100\" height=\"100\" src=\"https:\/\/coolcasc.com\/wp-content\/uploads\/Customizados\/Basic\/Funda-casco-Basic-naranja-neon.jpg\" class=\"attachment-original size-original\" alt=\"Funda casco Basic naranja ne\u00f3n\" \/>\t\t\t\t\t\t\n\t\t\t\t\t<\/div>\n\t\t\t\t\t\t\t\t\n<style>\n#image_166995396 {\n  width: 100%;\n}\n<\/style>\n\t<\/div>\n\t\n\n\n\t\t<\/div>\n\t\t\t\t\t<\/div>\n\n\t\n\n\t<div id=\"col-698787779\" class=\"col medium-2 small-12 large-2\"  >\n\t\t\t\t<div class=\"col-inner\"  >\n\t\t\t\n\t\t\t\n\n\t<div class=\"img has-hover x md-x lg-x y md-y lg-y\" id=\"image_1800962385\">\n\t\t\t\t\t\t\t\t<div class=\"img-inner dark\" >\n\t\t\t<img loading=\"lazy\" decoding=\"async\" width=\"100\" height=\"100\" src=\"https:\/\/coolcasc.com\/wp-content\/uploads\/Customizados\/Basic\/Funda-casco-Basic-Negro.jpg\" class=\"attachment-original size-original\" alt=\"Funda casco Basic Negro\" \/>\t\t\t\t\t\t\n\t\t\t\t\t<\/div>\n\t\t\t\t\t\t\t\t\n<style>\n#image_1800962385 {\n  width: 100%;\n}\n<\/style>\n\t<\/div>\n\t\n\n\n\t\t<\/div>\n\t\t\t\t\t<\/div>\n\n\t\n\n\t<div id=\"col-1238378007\" class=\"col medium-2 small-12 large-2\"  >\n\t\t\t\t<div class=\"col-inner\"  >\n\t\t\t\n\t\t\t\n\n\t<div class=\"img has-hover x md-x lg-x y md-y lg-y\" id=\"image_937871152\">\n\t\t\t\t\t\t\t\t<div class=\"img-inner dark\" >\n\t\t\t<img loading=\"lazy\" decoding=\"async\" width=\"100\" height=\"100\" src=\"https:\/\/coolcasc.com\/wp-content\/uploads\/Customizados\/Basic\/Funda-casco-Basic-rojo.jpg\" class=\"attachment-original size-original\" alt=\"Funda casco Basic rojo\" \/>\t\t\t\t\t\t\n\t\t\t\t\t<\/div>\n\t\t\t\t\t\t\t\t\n<style>\n#image_937871152 {\n  width: 100%;\n}\n<\/style>\n\t<\/div>\n\t\n\n\n\t\t<\/div>\n\t\t\t\t\t<\/div>\n\n\t\n\n<\/div>\n<div class=\"row align-center\"  id=\"row-1649307183\">\n\n\n\t<div id=\"col-1325235158\" class=\"col medium-2 small-6 large-2\"  >\n\t\t\t\t<div class=\"col-inner\"  >\n\t\t\t\n\t\t\t\n\n\t<div class=\"img has-hover x md-x lg-x y md-y lg-y\" id=\"image_1628471658\">\n\t\t\t\t\t\t\t\t<div class=\"img-inner dark\" >\n\t\t\t<img loading=\"lazy\" decoding=\"async\" width=\"100\" height=\"100\" src=\"https:\/\/coolcasc.com\/wp-content\/uploads\/Customizados\/Basic\/Funda-casco-Basic_Azul.jpg\" class=\"attachment-original size-original\" alt=\"Funda casco Basic Azul\" \/>\t\t\t\t\t\t\n\t\t\t\t\t<\/div>\n\t\t\t\t\t\t\t\t\n<style>\n#image_1628471658 {\n  width: 100%;\n}\n<\/style>\n\t<\/div>\n\t\n\n\n\t\t<\/div>\n\t\t\t\t\t<\/div>\n\n\t\n\n\t<div id=\"col-2022919200\" class=\"col medium-2 small-6 large-2\"  >\n\t\t\t\t<div class=\"col-inner\"  >\n\t\t\t\n\t\t\t\n\n\t<div class=\"img has-hover x md-x lg-x y md-y lg-y\" id=\"image_1065812426\">\n\t\t\t\t\t\t\t\t<div class=\"img-inner dark\" >\n\t\t\t<img loading=\"lazy\" decoding=\"async\" width=\"100\" height=\"100\" src=\"https:\/\/coolcasc.com\/wp-content\/uploads\/Customizados\/Basic\/Funda-casco-Basic-amarillo.jpg\" class=\"attachment-original size-original\" alt=\"Funda casco Basic amarillo\" \/>\t\t\t\t\t\t\n\t\t\t\t\t<\/div>\n\t\t\t\t\t\t\t\t\n<style>\n#image_1065812426 {\n  width: 100%;\n}\n<\/style>\n\t<\/div>\n\t\n\n\n\t\t<\/div>\n\t\t\t\t\t<\/div>\n\n\t\n\n\t<div id=\"col-2023969219\" class=\"col medium-2 small-6 large-2\"  >\n\t\t\t\t<div class=\"col-inner\"  >\n\t\t\t\n\t\t\t\n\n\t<div class=\"img has-hover x md-x lg-x y md-y lg-y\" id=\"image_1316575092\">\n\t\t\t\t\t\t\t\t<div class=\"img-inner dark\" >\n\t\t\t<img loading=\"lazy\" decoding=\"async\" width=\"100\" height=\"100\" src=\"https:\/\/coolcasc.com\/wp-content\/uploads\/Customizados\/Basic\/Funda-casco-Basic-verde-neon.jpg\" class=\"attachment-original size-original\" alt=\"Funda casco Basic verde ne\u00f3n\" \/>\t\t\t\t\t\t\n\t\t\t\t\t<\/div>\n\t\t\t\t\t\t\t\t\n<style>\n#image_1316575092 {\n  width: 100%;\n}\n<\/style>\n\t<\/div>\n\t\n\n\n\t\t<\/div>\n\t\t\t\t\t<\/div>\n\n\t\n\n\t<div id=\"col-845654495\" class=\"col medium-2 small-6 large-2\"  >\n\t\t\t\t<div class=\"col-inner\"  >\n\t\t\t\n\t\t\t\n\n\t<div class=\"img has-hover x md-x lg-x y md-y lg-y\" id=\"image_1199242351\">\n\t\t\t\t\t\t\t\t<div class=\"img-inner dark\" >\n\t\t\t<img loading=\"lazy\" decoding=\"async\" width=\"100\" height=\"100\" src=\"https:\/\/coolcasc.com\/wp-content\/uploads\/Customizados\/Basic\/Funda-casco-Basic-verde-1.jpg\" class=\"attachment-original size-original\" alt=\"Funda casco Basic verde\" \/>\t\t\t\t\t\t\n\t\t\t\t\t<\/div>\n\t\t\t\t\t\t\t\t\n<style>\n#image_1199242351 {\n  width: 100%;\n}\n<\/style>\n\t<\/div>\n\t\n\n\n\t\t<\/div>\n\t\t\t\t\t<\/div>\n\n\t\n\n<\/div>\n<div style=\"text-align: center;\">\n<p>COOLCASC\u00ae BASIC est la formule la plus simple pour une identification rapide, tout en obtenant une image corporative et diff\u00e9renciant. <\/p>\n<p>Ces Housses pour casque sont con\u00e7ues pour \u00eatre utilis\u00e9e occasionnellement mais pendant plusieurs saisons : semaines blanches, comp\u00e9titions, etc.<\/p>\n<\/div>\n<div class=\"row row-collapse align-center\"  id=\"row-1193624036\">\n\n\n\t<div id=\"col-1842602029\" class=\"col medium-2 small-12 large-2\"  >\n\t\t\t\t<div class=\"col-inner\"  >\n\t\t\t\n\t\t\t\n\n\t<div class=\"img has-hover x md-x lg-x y md-y lg-y\" id=\"image_735950101\">\n\t\t\t\t\t\t\t\t<div class=\"img-inner dark\" >\n\t\t\t<img loading=\"lazy\" decoding=\"async\" width=\"100\" height=\"100\" src=\"https:\/\/coolcasc.com\/wp-content\/uploads\/Customizados\/Basic\/Funda-casco-Basic-Azull-serigrafia.jpg\" class=\"attachment-original size-original\" alt=\"Funda casco Basic- Azul serigrafiado\" \/>\t\t\t\t\t\t\n\t\t\t\t\t<\/div>\n\t\t\t\t\t\t\t\t\n<style>\n#image_735950101 {\n  width: 100%;\n}\n<\/style>\n\t<\/div>\n\t\n\n\n\t\t<\/div>\n\t\t\t\t\t<\/div>\n\n\t\n\n\t<div id=\"col-1918107532\" class=\"col medium-2 small-12 large-2\"  >\n\t\t\t\t<div class=\"col-inner\"  >\n\t\t\t\n\t\t\t\n\n\t<div class=\"img has-hover x md-x lg-x y md-y lg-y\" id=\"image_1305068927\">\n\t\t\t\t\t\t\t\t<div class=\"img-inner dark\" >\n\t\t\t<img loading=\"lazy\" decoding=\"async\" width=\"100\" height=\"100\" src=\"https:\/\/coolcasc.com\/wp-content\/uploads\/Customizados\/Basic\/Funda-casco-Basic-amarillo-serigrafia.jpg\" class=\"attachment-original size-original\" alt=\"Funda casco Basic amarillo serigrafiado\" \/>\t\t\t\t\t\t\n\t\t\t\t\t<\/div>\n\t\t\t\t\t\t\t\t\n<style>\n#image_1305068927 {\n  width: 100%;\n}\n<\/style>\n\t<\/div>\n\t\n\n\n\t\t<\/div>\n\t\t\t\t\t<\/div>\n\n\t\n\n\t<div id=\"col-1815665732\" class=\"col medium-2 small-12 large-2\"  >\n\t\t\t\t<div class=\"col-inner\"  >\n\t\t\t\n\t\t\t\n\n\t<div class=\"img has-hover x md-x lg-x y md-y lg-y\" id=\"image_1803968134\">\n\t\t\t\t\t\t\t\t<div class=\"img-inner dark\" >\n\t\t\t<img loading=\"lazy\" decoding=\"async\" width=\"100\" height=\"100\" src=\"https:\/\/coolcasc.com\/wp-content\/uploads\/Customizados\/Basic\/Funda-casco-Basic-verde-serigrafiada.jpg\" class=\"attachment-original size-original\" alt=\"Funda casco Basic verde serigrafiado\" \/>\t\t\t\t\t\t\n\t\t\t\t\t<\/div>\n\t\t\t\t\t\t\t\t\n<style>\n#image_1803968134 {\n  width: 100%;\n}\n<\/style>\n\t<\/div>\n\t\n\n\n\t\t<\/div>\n\t\t\t\t\t<\/div>\n\n\t\n\n\t<div id=\"col-787881617\" class=\"col medium-2 small-12 large-2\"  >\n\t\t\t\t<div class=\"col-inner\"  >\n\t\t\t\n\t\t\t\n\n\t<div class=\"img has-hover x md-x lg-x y md-y lg-y\" id=\"image_879768916\">\n\t\t\t\t\t\t\t\t<div class=\"img-inner dark\" >\n\t\t\t<img loading=\"lazy\" decoding=\"async\" width=\"100\" height=\"100\" src=\"https:\/\/coolcasc.com\/wp-content\/uploads\/Customizados\/Basic\/Funda-casco-Basic-rosa-serigrafia.jpg\" class=\"attachment-original size-original\" alt=\"Funda casco Basic rosa serigrafiado\" \/>\t\t\t\t\t\t\n\t\t\t\t\t<\/div>\n\t\t\t\t\t\t\t\t\n<style>\n#image_879768916 {\n  width: 100%;\n}\n<\/style>\n\t<\/div>\n\t\n\n\n\t\t<\/div>\n\t\t\t\t\t<\/div>\n\n\t\n\n<\/div>\n<div style=\"text-align: center;\">\n<p>Les housses BASIC sont fabriqu\u00e9es en lycra en 8 couleurs unies: <\/p>\n<p>Vert, jaune, bleu, noir, rouge, vert fluor, orange fluor, rose fluor.<\/p>\n<\/div>\n<div class=\"row row-collapse align-center\"  id=\"row-975856643\">\n\n\n\t<div id=\"col-765235577\" class=\"col medium-2 small-12 large-2\"  >\n\t\t\t\t<div class=\"col-inner\"  >\n\t\t\t\n\t\t\t\n\n\t<div class=\"img has-hover x md-x lg-x y md-y lg-y\" id=\"image_1575346842\">\n\t\t\t\t\t\t\t\t<div class=\"img-inner dark\" >\n\t\t\t<img loading=\"lazy\" decoding=\"async\" width=\"100\" height=\"100\" src=\"https:\/\/coolcasc.com\/wp-content\/uploads\/Customizados\/Basic\/Funda-casco-Basic-naranja-serigrafia.jpg\" class=\"attachment-original size-original\" alt=\"Funda casco Basic naranja serigrafiado\" \/>\t\t\t\t\t\t\n\t\t\t\t\t<\/div>\n\t\t\t\t\t\t\t\t\n<style>\n#image_1575346842 {\n  width: 100%;\n}\n<\/style>\n\t<\/div>\n\t\n\n\n\t\t<\/div>\n\t\t\t\t\t<\/div>\n\n\t\n\n\t<div id=\"col-803017580\" class=\"col medium-2 small-12 large-2\"  >\n\t\t\t\t<div class=\"col-inner\"  >\n\t\t\t\n\t\t\t\n\n\t<div class=\"img has-hover x md-x lg-x y md-y lg-y\" id=\"image_1541752297\">\n\t\t\t\t\t\t\t\t<div class=\"img-inner dark\" >\n\t\t\t<img loading=\"lazy\" decoding=\"async\" width=\"100\" height=\"100\" src=\"https:\/\/coolcasc.com\/wp-content\/uploads\/Customizados\/Basic\/Funda-casco-Basic-Negro-serigrafia.jpg\" class=\"attachment-original size-original\" alt=\"Funda casco Basic Negro serigrafiado\" \/>\t\t\t\t\t\t\n\t\t\t\t\t<\/div>\n\t\t\t\t\t\t\t\t\n<style>\n#image_1541752297 {\n  width: 100%;\n}\n<\/style>\n\t<\/div>\n\t\n\n\n\t\t<\/div>\n\t\t\t\t\t<\/div>\n\n\t\n\n\t<div id=\"col-1140087014\" class=\"col medium-2 small-12 large-2\"  >\n\t\t\t\t<div class=\"col-inner\"  >\n\t\t\t\n\t\t\t\n\n\t<div class=\"img has-hover x md-x lg-x y md-y lg-y\" id=\"image_325457192\">\n\t\t\t\t\t\t\t\t<div class=\"img-inner dark\" >\n\t\t\t<img loading=\"lazy\" decoding=\"async\" width=\"100\" height=\"100\" src=\"https:\/\/coolcasc.com\/wp-content\/uploads\/Customizados\/Basic\/Funda-casco-Basic-rojo-serigrafia.jpg\" class=\"attachment-original size-original\" alt=\"Funda casco Basic rojo serigrafiado\" \/>\t\t\t\t\t\t\n\t\t\t\t\t<\/div>\n\t\t\t\t\t\t\t\t\n<style>\n#image_325457192 {\n  width: 100%;\n}\n<\/style>\n\t<\/div>\n\t\n\n\n\t\t<\/div>\n\t\t\t\t\t<\/div>\n\n\t\n\n\t<div id=\"col-121203851\" class=\"col medium-2 small-12 large-2\"  >\n\t\t\t\t<div class=\"col-inner\"  >\n\t\t\t\n\t\t\t\n\n\t<div class=\"img has-hover x md-x lg-x y md-y lg-y\" id=\"image_372597279\">\n\t\t\t\t\t\t\t\t<div class=\"img-inner dark\" >\n\t\t\t<img loading=\"lazy\" decoding=\"async\" width=\"100\" height=\"100\" src=\"https:\/\/coolcasc.com\/wp-content\/uploads\/Customizados\/Basic\/Funda-casco-Basic-verde-neon-serigrafiada.jpg\" class=\"attachment-original size-original\" alt=\"Funda casco Basic verde ne\u00f3n serigrafiada\" \/>\t\t\t\t\t\t\n\t\t\t\t\t<\/div>\n\t\t\t\t\t\t\t\t\n<style>\n#image_372597279 {\n  width: 100%;\n}\n<\/style>\n\t<\/div>\n\t\n\n\n\t\t<\/div>\n\t\t\t\t\t<\/div>\n\n\t\n\n<\/div>\n<div style=\"text-align: center;\">\n<p>La customisation est r\u00e9alis\u00e9e par le biais de l\u2019impression de logos ou de textes. L\u2019impression fait l\u2019objet d\u2019un devis \u00e0 part. Le proc\u00e9d\u00e9 d\u2019impression peut \u00eatre transfert, vinyle textile ou s\u00e9rigraphie.<\/p>\n<p>En fonction de la complexit\u00e9, des couleurs et de la taille des logos\/textes \u00e0 imprimer nous recommandons un type d\u2019impression afin de garantir le meilleur rapport r\u00e9sultat\/prix. Pour certains designs ou pour des options de plusieurs logos et plusieurs couleurs, il peut \u00eatre meilleur march\u00e9 de choisir une option Jet. <\/p>\n<\/div>\n\n\t\t<\/div>\n\t\t\t\t\t<\/div>\n\n\t\n\n<\/div>\n<div class=\"row align-center\"  id=\"row-843654557\">\n\n\n\t<div id=\"col-1858830156\" class=\"col medium-4 small-12 large-4\"  >\n\t\t\t\t<div class=\"col-inner\"  >\n\t\t\t\n\t\t\t\n\n\t<div class=\"img has-hover x md-x lg-x y md-y lg-y\" id=\"image_167017328\">\n\t\t\t\t\t\t\t\t<div class=\"img-inner dark\" >\n\t\t\t<img loading=\"lazy\" decoding=\"async\" width=\"300\" height=\"300\" src=\"https:\/\/coolcasc.com\/wp-content\/uploads\/Customizados\/Basic\/Funda-casco-Basic-Ski.jpg\" class=\"attachment-original size-original\" alt=\"Funda casco Basic Ski\" \/>\t\t\t\t\t\t\n\t\t\t\t\t<\/div>\n\t\t\t\t\t\t\t\t\n<style>\n#image_167017328 {\n  width: 100%;\n}\n<\/style>\n\t<\/div>\n\t\n\n\t<div class=\"img has-hover x md-x lg-x y md-y lg-y\" id=\"image_1541829375\">\n\t\t\t\t\t\t\t\t<div class=\"img-inner dark\" >\n\t\t\t<img loading=\"lazy\" decoding=\"async\" width=\"300\" height=\"300\" src=\"https:\/\/coolcasc.com\/wp-content\/uploads\/Customizados\/Basic\/Funda-casco-Basic.jpg\" class=\"attachment-original size-original\" alt=\"Funda casco Basic\" \/>\t\t\t\t\t\t\n\t\t\t\t\t<\/div>\n\t\t\t\t\t\t\t\t\n<style>\n#image_1541829375 {\n  width: 100%;\n}\n<\/style>\n\t<\/div>\n\t\n\n\n\t\t<\/div>\n\t\t\t\t\t<\/div>\n\n\t\n\n\t<div id=\"col-1943474091\" class=\"col medium-4 small-12 large-4\"  >\n\t\t\t\t<div class=\"col-inner\"  >\n\t\t\t\n\t\t\t\n\n\t<div class=\"img has-hover x md-x lg-x y md-y lg-y\" id=\"image_1211582636\">\n\t\t\t\t\t\t\t\t<div class=\"img-inner dark\" >\n\t\t\t<img loading=\"lazy\" decoding=\"async\" width=\"300\" height=\"300\" src=\"https:\/\/coolcasc.com\/wp-content\/uploads\/Customizados\/Basic\/Funda-casco-Basic-Ski-1.jpg\" class=\"attachment-original size-original\" alt=\"Funda casco Basic Ski-1\" \/>\t\t\t\t\t\t\n\t\t\t\t\t<\/div>\n\t\t\t\t\t\t\t\t\n<style>\n#image_1211582636 {\n  width: 100%;\n}\n<\/style>\n\t<\/div>\n\t\n\n\t<div class=\"img has-hover x md-x lg-x y md-y lg-y\" id=\"image_421634953\">\n\t\t\t\t\t\t\t\t<div class=\"img-inner dark\" >\n\t\t\t<img loading=\"lazy\" decoding=\"async\" width=\"300\" height=\"300\" src=\"https:\/\/coolcasc.com\/wp-content\/uploads\/Customizados\/Basic\/Funda-casco-Basic-School.jpg\" class=\"attachment-original size-original\" alt=\"Funda casco Basic School\" \/>\t\t\t\t\t\t\n\t\t\t\t\t<\/div>\n\t\t\t\t\t\t\t\t\n<style>\n#image_421634953 {\n  width: 100%;\n}\n<\/style>\n\t<\/div>\n\t\n\n\n\t\t<\/div>\n\t\t\t\t\t<\/div>\n\n\t\n\n<\/div>\n<div class=\"text-center\"><div class=\"is-divider divider clearfix\" style=\"max-width:0px;background-color:rgb(206, 206, 206);\"><\/div><\/div>\n","protected":false},"excerpt":{"rendered":"","protected":false},"author":1,"featured_media":6062,"parent":3783,"menu_order":0,"comment_status":"closed","ping_status":"closed","template":"page-blank-featured.php","meta":{"footnotes":""},"class_list":["post-6552","page","type-page","status-publish","has-post-thumbnail","hentry"],"yoast_head":"<!-- This site is optimized with the Yoast SEO plugin v27.4 - https:\/\/yoast.com\/product\/yoast-seo-wordpress\/ -->\n<title>Fundas personalizadas Basic<\/title>\n<meta name=\"description\" content=\"Las fundas para casco COOLCASC BASIC son la f\u00f3rma m\u00e1s sencilla para una r\u00e1pida identificaci\u00f3n, consiguiendo tambi\u00e9n una imagen corporativa y diferenciadora.\" \/>\n<meta name=\"robots\" content=\"index, follow, max-snippet:-1, max-image-preview:large, max-video-preview:-1\" \/>\n<link rel=\"canonical\" href=\"https:\/\/coolcasc.com\/fr\/customizados\/basic\/\" \/>\n<meta property=\"og:locale\" content=\"fr_FR\" \/>\n<meta property=\"og:type\" content=\"article\" \/>\n<meta property=\"og:title\" content=\"Fundas personalizadas Basic\" \/>\n<meta property=\"og:description\" content=\"Las fundas para casco COOLCASC BASIC son la f\u00f3rma m\u00e1s sencilla para una r\u00e1pida identificaci\u00f3n, consiguiendo tambi\u00e9n una imagen corporativa y diferenciadora.\" \/>\n<meta property=\"og:url\" content=\"https:\/\/coolcasc.com\/fr\/customizados\/basic\/\" \/>\n<meta property=\"og:site_name\" content=\"Coolcasc\" \/>\n<meta property=\"article:publisher\" content=\"https:\/\/www.facebook.com\/COOLCASC\/\" \/>\n<meta property=\"article:modified_time\" content=\"2021-01-28T09:50:07+00:00\" \/>\n<meta property=\"og:image\" content=\"https:\/\/coolcasc.com\/wp-content\/uploads\/Paginas\/banner-customizados-basicos.jpg\" \/>\n\t<meta property=\"og:image:width\" content=\"1400\" \/>\n\t<meta property=\"og:image:height\" content=\"300\" \/>\n\t<meta property=\"og:image:type\" content=\"image\/jpeg\" \/>\n<meta name=\"twitter:card\" content=\"summary_large_image\" \/>\n<meta name=\"twitter:site\" content=\"@coolcasc\" \/>\n<meta name=\"twitter:label1\" content=\"Dur\u00e9e de lecture estim\u00e9e\" \/>\n\t<meta name=\"twitter:data1\" content=\"2 minutes\" \/>\n<script type=\"application\/ld+json\" class=\"yoast-schema-graph\">{\"@context\":\"https:\\\/\\\/schema.org\",\"@graph\":[{\"@type\":\"WebPage\",\"@id\":\"https:\\\/\\\/coolcasc.com\\\/fr\\\/customizados\\\/basic\\\/\",\"url\":\"https:\\\/\\\/coolcasc.com\\\/fr\\\/customizados\\\/basic\\\/\",\"name\":\"Fundas personalizadas Basic\",\"isPartOf\":{\"@id\":\"https:\\\/\\\/coolcasc.com\\\/#website\"},\"primaryImageOfPage\":{\"@id\":\"https:\\\/\\\/coolcasc.com\\\/fr\\\/customizados\\\/basic\\\/#primaryimage\"},\"image\":{\"@id\":\"https:\\\/\\\/coolcasc.com\\\/fr\\\/customizados\\\/basic\\\/#primaryimage\"},\"thumbnailUrl\":\"https:\\\/\\\/coolcasc.com\\\/wp-content\\\/uploads\\\/Paginas\\\/banner-customizados-basicos.jpg\",\"datePublished\":\"2019-01-31T13:53:09+00:00\",\"dateModified\":\"2021-01-28T09:50:07+00:00\",\"description\":\"Las fundas para casco COOLCASC BASIC son la f\u00f3rma m\u00e1s sencilla para una r\u00e1pida identificaci\u00f3n, consiguiendo tambi\u00e9n una imagen corporativa y diferenciadora.\",\"breadcrumb\":{\"@id\":\"https:\\\/\\\/coolcasc.com\\\/fr\\\/customizados\\\/basic\\\/#breadcrumb\"},\"inLanguage\":\"fr-FR\",\"potentialAction\":[{\"@type\":\"ReadAction\",\"target\":[\"https:\\\/\\\/coolcasc.com\\\/fr\\\/customizados\\\/basic\\\/\"]}]},{\"@type\":\"ImageObject\",\"inLanguage\":\"fr-FR\",\"@id\":\"https:\\\/\\\/coolcasc.com\\\/fr\\\/customizados\\\/basic\\\/#primaryimage\",\"url\":\"https:\\\/\\\/coolcasc.com\\\/wp-content\\\/uploads\\\/Paginas\\\/banner-customizados-basicos.jpg\",\"contentUrl\":\"https:\\\/\\\/coolcasc.com\\\/wp-content\\\/uploads\\\/Paginas\\\/banner-customizados-basicos.jpg\",\"width\":1400,\"height\":300,\"caption\":\"banner customizados b\u00e1sicos\"},{\"@type\":\"BreadcrumbList\",\"@id\":\"https:\\\/\\\/coolcasc.com\\\/fr\\\/customizados\\\/basic\\\/#breadcrumb\",\"itemListElement\":[{\"@type\":\"ListItem\",\"position\":1,\"name\":\"Portada\",\"item\":\"https:\\\/\\\/coolcasc.com\\\/fr\\\/\"},{\"@type\":\"ListItem\",\"position\":2,\"name\":\"Personalis\u00e9\",\"item\":\"https:\\\/\\\/coolcasc.com\\\/fr\\\/customizados\\\/\"},{\"@type\":\"ListItem\",\"position\":3,\"name\":\"Basic\"}]},{\"@type\":\"WebSite\",\"@id\":\"https:\\\/\\\/coolcasc.com\\\/#website\",\"url\":\"https:\\\/\\\/coolcasc.com\\\/\",\"name\":\"Coolcasc\",\"description\":\"Seguridad, moda y dise\u00f1o utilizando las fundas para casco Coolcasc en la pr\u00e1ctica de cualquier deporte.\",\"publisher\":{\"@id\":\"https:\\\/\\\/coolcasc.com\\\/#organization\"},\"potentialAction\":[{\"@type\":\"SearchAction\",\"target\":{\"@type\":\"EntryPoint\",\"urlTemplate\":\"https:\\\/\\\/coolcasc.com\\\/?s={search_term_string}\"},\"query-input\":{\"@type\":\"PropertyValueSpecification\",\"valueRequired\":true,\"valueName\":\"search_term_string\"}}],\"inLanguage\":\"fr-FR\"},{\"@type\":\"Organization\",\"@id\":\"https:\\\/\\\/coolcasc.com\\\/#organization\",\"name\":\"Fundas para cascos Coolcasc\",\"url\":\"https:\\\/\\\/coolcasc.com\\\/\",\"logo\":{\"@type\":\"ImageObject\",\"inLanguage\":\"fr-FR\",\"@id\":\"https:\\\/\\\/coolcasc.com\\\/#\\\/schema\\\/logo\\\/image\\\/\",\"url\":\"https:\\\/\\\/coolcasc.com\\\/wp-content\\\/uploads\\\/2018\\\/12\\\/Blue_header.png\",\"contentUrl\":\"https:\\\/\\\/coolcasc.com\\\/wp-content\\\/uploads\\\/2018\\\/12\\\/Blue_header.png\",\"width\":300,\"height\":180,\"caption\":\"Fundas para cascos Coolcasc\"},\"image\":{\"@id\":\"https:\\\/\\\/coolcasc.com\\\/#\\\/schema\\\/logo\\\/image\\\/\"},\"sameAs\":[\"https:\\\/\\\/www.facebook.com\\\/COOLCASC\\\/\",\"https:\\\/\\\/x.com\\\/coolcasc\",\"https:\\\/\\\/www.instagram.com\\\/coolcasc\\\/\"]}]}<\/script>\n<!-- \/ Yoast SEO plugin. -->","yoast_head_json":{"title":"Fundas personalizadas Basic","description":"Las fundas para casco COOLCASC BASIC son la f\u00f3rma m\u00e1s sencilla para una r\u00e1pida identificaci\u00f3n, consiguiendo tambi\u00e9n una imagen corporativa y diferenciadora.","robots":{"index":"index","follow":"follow","max-snippet":"max-snippet:-1","max-image-preview":"max-image-preview:large","max-video-preview":"max-video-preview:-1"},"canonical":"https:\/\/coolcasc.com\/fr\/customizados\/basic\/","og_locale":"fr_FR","og_type":"article","og_title":"Fundas personalizadas Basic","og_description":"Las fundas para casco COOLCASC BASIC son la f\u00f3rma m\u00e1s sencilla para una r\u00e1pida identificaci\u00f3n, consiguiendo tambi\u00e9n una imagen corporativa y diferenciadora.","og_url":"https:\/\/coolcasc.com\/fr\/customizados\/basic\/","og_site_name":"Coolcasc","article_publisher":"https:\/\/www.facebook.com\/COOLCASC\/","article_modified_time":"2021-01-28T09:50:07+00:00","og_image":[{"width":1400,"height":300,"url":"https:\/\/coolcasc.com\/wp-content\/uploads\/Paginas\/banner-customizados-basicos.jpg","type":"image\/jpeg"}],"twitter_card":"summary_large_image","twitter_site":"@coolcasc","twitter_misc":{"Dur\u00e9e de lecture estim\u00e9e":"2 minutes"},"schema":{"@context":"https:\/\/schema.org","@graph":[{"@type":"WebPage","@id":"https:\/\/coolcasc.com\/fr\/customizados\/basic\/","url":"https:\/\/coolcasc.com\/fr\/customizados\/basic\/","name":"Fundas personalizadas Basic","isPartOf":{"@id":"https:\/\/coolcasc.com\/#website"},"primaryImageOfPage":{"@id":"https:\/\/coolcasc.com\/fr\/customizados\/basic\/#primaryimage"},"image":{"@id":"https:\/\/coolcasc.com\/fr\/customizados\/basic\/#primaryimage"},"thumbnailUrl":"https:\/\/coolcasc.com\/wp-content\/uploads\/Paginas\/banner-customizados-basicos.jpg","datePublished":"2019-01-31T13:53:09+00:00","dateModified":"2021-01-28T09:50:07+00:00","description":"Las fundas para casco COOLCASC BASIC son la f\u00f3rma m\u00e1s sencilla para una r\u00e1pida identificaci\u00f3n, consiguiendo tambi\u00e9n una imagen corporativa y diferenciadora.","breadcrumb":{"@id":"https:\/\/coolcasc.com\/fr\/customizados\/basic\/#breadcrumb"},"inLanguage":"fr-FR","potentialAction":[{"@type":"ReadAction","target":["https:\/\/coolcasc.com\/fr\/customizados\/basic\/"]}]},{"@type":"ImageObject","inLanguage":"fr-FR","@id":"https:\/\/coolcasc.com\/fr\/customizados\/basic\/#primaryimage","url":"https:\/\/coolcasc.com\/wp-content\/uploads\/Paginas\/banner-customizados-basicos.jpg","contentUrl":"https:\/\/coolcasc.com\/wp-content\/uploads\/Paginas\/banner-customizados-basicos.jpg","width":1400,"height":300,"caption":"banner customizados b\u00e1sicos"},{"@type":"BreadcrumbList","@id":"https:\/\/coolcasc.com\/fr\/customizados\/basic\/#breadcrumb","itemListElement":[{"@type":"ListItem","position":1,"name":"Portada","item":"https:\/\/coolcasc.com\/fr\/"},{"@type":"ListItem","position":2,"name":"Personalis\u00e9","item":"https:\/\/coolcasc.com\/fr\/customizados\/"},{"@type":"ListItem","position":3,"name":"Basic"}]},{"@type":"WebSite","@id":"https:\/\/coolcasc.com\/#website","url":"https:\/\/coolcasc.com\/","name":"Coolcasc","description":"Seguridad, moda y dise\u00f1o utilizando las fundas para casco Coolcasc en la pr\u00e1ctica de cualquier deporte.","publisher":{"@id":"https:\/\/coolcasc.com\/#organization"},"potentialAction":[{"@type":"SearchAction","target":{"@type":"EntryPoint","urlTemplate":"https:\/\/coolcasc.com\/?s={search_term_string}"},"query-input":{"@type":"PropertyValueSpecification","valueRequired":true,"valueName":"search_term_string"}}],"inLanguage":"fr-FR"},{"@type":"Organization","@id":"https:\/\/coolcasc.com\/#organization","name":"Fundas para cascos Coolcasc","url":"https:\/\/coolcasc.com\/","logo":{"@type":"ImageObject","inLanguage":"fr-FR","@id":"https:\/\/coolcasc.com\/#\/schema\/logo\/image\/","url":"https:\/\/coolcasc.com\/wp-content\/uploads\/2018\/12\/Blue_header.png","contentUrl":"https:\/\/coolcasc.com\/wp-content\/uploads\/2018\/12\/Blue_header.png","width":300,"height":180,"caption":"Fundas para cascos Coolcasc"},"image":{"@id":"https:\/\/coolcasc.com\/#\/schema\/logo\/image\/"},"sameAs":["https:\/\/www.facebook.com\/COOLCASC\/","https:\/\/x.com\/coolcasc","https:\/\/www.instagram.com\/coolcasc\/"]}]}},"_links":{"self":[{"href":"https:\/\/coolcasc.com\/fr\/wp-json\/wp\/v2\/pages\/6552","targetHints":{"allow":["GET"]}}],"collection":[{"href":"https:\/\/coolcasc.com\/fr\/wp-json\/wp\/v2\/pages"}],"about":[{"href":"https:\/\/coolcasc.com\/fr\/wp-json\/wp\/v2\/types\/page"}],"author":[{"embeddable":true,"href":"https:\/\/coolcasc.com\/fr\/wp-json\/wp\/v2\/users\/1"}],"replies":[{"embeddable":true,"href":"https:\/\/coolcasc.com\/fr\/wp-json\/wp\/v2\/comments?post=6552"}],"version-history":[{"count":0,"href":"https:\/\/coolcasc.com\/fr\/wp-json\/wp\/v2\/pages\/6552\/revisions"}],"up":[{"embeddable":true,"href":"https:\/\/coolcasc.com\/fr\/wp-json\/wp\/v2\/pages\/3783"}],"wp:featuredmedia":[{"embeddable":true,"href":"https:\/\/coolcasc.com\/fr\/wp-json\/wp\/v2\/media\/6062"}],"wp:attachment":[{"href":"https:\/\/coolcasc.com\/fr\/wp-json\/wp\/v2\/media?parent=6552"}],"curies":[{"name":"wp","href":"https:\/\/api.w.org\/{rel}","templated":true}]}}