{"id":12576,"date":"2020-01-21T12:16:48","date_gmt":"2020-01-21T12:16:48","guid":{"rendered":"https:\/\/coolcasc.com\/funda-para-casco\/housse-a-masque-de-ski-trains\/"},"modified":"2026-03-06T13:10:12","modified_gmt":"2026-03-06T13:10:12","slug":"housse-a-masque-de-ski-trains","status":"publish","type":"product","link":"https:\/\/coolcasc.com\/fr\/Housses de casque\/housse-a-masque-de-ski-trains\/","title":{"rendered":"Couvre masque Trains"},"content":{"rendered":"<div class=\"row\"  id=\"row-1280266111\">\n\n\t<div id=\"col-484995939\" class=\"col medium-6 small-12 large-6\"  >\n\t\t\t\t<div class=\"col-inner text-left\"  >\n\t\t\t\n\t\t\t\n\t<div class=\"img has-hover x md-x lg-x y md-y lg-y\" id=\"image_589030267\">\n\t\t\t\t\t\t\t\t<div class=\"img-inner dark\" >\n\t\t\t<img loading=\"lazy\" decoding=\"async\" width=\"505\" height=\"506\" src=\"https:\/\/coolcasc.com\/wp-content\/uploads\/gafas\/live\/606_SB1.jpg\" class=\"attachment-original size-original\" alt=\"\" \/>\t\t\t\t\t\t\n\t\t\t\t\t<\/div>\n\t\t\t\t\t\t\t\t\n<style>\n#image_589030267 {\n  width: 100%;\n}\n<\/style>\n\t<\/div>\n\t\n\t\t<\/div>\n\t\t\t\t\t<\/div>\n\n\t\n<\/div>\n","protected":false},"excerpt":{"rendered":"<p class=\"productDescription\">COOLMASC housse \u00e0 masque de ski Trains.<\/p>\n<p class=\"productDescription\">Il s&rsquo;adapte \u00e0 presque tous les masques.<\/p>\n<p><strong>Material:<\/strong>Fabriqu\u00e9 avec du plastique \u00e0 partir de bouteilles recycl\u00e9es 83% Polyamide RPET et 17% Spandex. Lavable a machine, cycle doux.<\/p>\n<p>Utilisez-le pour nettoyer et prot\u00e9ger votre masque.<\/p>\n<p>Facil a mettre et \u00e0 enlever.<\/p>\n<p><strong>Produit \u00e9cologique.<\/strong><\/p>\n","protected":false},"featured_media":11207,"comment_status":"closed","ping_status":"closed","template":"","meta":[],"product_brand":[],"product_cat":[271,430],"product_tag":[225,206,280,284],"class_list":{"0":"post-12576","1":"product","2":"type-product","3":"status-publish","4":"has-post-thumbnail","6":"product_cat-couvre-masques-coolmasc","7":"product_cat-rpet-fr","8":"product_tag-etui","9":"product_tag-jaune","10":"product_tag-masque","11":"product_tag-trains","13":"first","14":"instock","15":"taxable","16":"shipping-taxable","17":"purchasable","18":"product-type-simple"},"yoast_head":"<!-- This site is optimized with the Yoast SEO plugin v27.2 - https:\/\/yoast.com\/product\/yoast-seo-wordpress\/ -->\n<title>Couvre masque Trains - Coolmasc<\/title>\n<meta name=\"description\" content=\"Etui \u00e0 lunettes &quot;Trains&quot;, avec 88% de polyester recycl\u00e9 provenant de 3 bouteilles en plastique. Pour ceux qui aiment essayer de nouvelles choses et \u00eatre prot\u00e9g\u00e9s.\" \/>\n<meta name=\"robots\" content=\"index, follow, max-snippet:-1, max-image-preview:large, max-video-preview:-1\" \/>\n<link rel=\"canonical\" href=\"https:\/\/coolcasc.com\/fr\/Housses%20de%20casque\/housse-a-masque-de-ski-trains\/\" \/>\n<meta property=\"og:locale\" content=\"fr_FR\" \/>\n<meta property=\"og:type\" content=\"article\" \/>\n<meta property=\"og:title\" content=\"Couvre masque Trains - Coolmasc\" \/>\n<meta property=\"og:description\" content=\"Etui \u00e0 lunettes &quot;Trains&quot;, avec 88% de polyester recycl\u00e9 provenant de 3 bouteilles en plastique. Pour ceux qui aiment essayer de nouvelles choses et \u00eatre prot\u00e9g\u00e9s.\" \/>\n<meta property=\"og:url\" content=\"https:\/\/coolcasc.com\/fr\/Housses de casque\/housse-a-masque-de-ski-trains\/\" \/>\n<meta property=\"og:site_name\" content=\"Coolcasc\" \/>\n<meta property=\"article:publisher\" content=\"https:\/\/www.facebook.com\/COOLCASC\/\" \/>\n<meta property=\"article:modified_time\" content=\"2026-03-06T13:10:12+00:00\" \/>\n<meta property=\"og:image\" content=\"https:\/\/coolcasc.com\/wp-content\/uploads\/gafas\/Funda-gafas-locomotoras.jpg\" \/>\n\t<meta property=\"og:image:width\" content=\"500\" \/>\n\t<meta property=\"og:image:height\" content=\"432\" \/>\n\t<meta property=\"og:image:type\" content=\"image\/jpeg\" \/>\n<meta name=\"twitter:card\" content=\"summary_large_image\" \/>\n<meta name=\"twitter:site\" content=\"@coolcasc\" \/>\n<meta name=\"twitter:label1\" content=\"Dur\u00e9e de lecture estim\u00e9e\" \/>\n\t<meta name=\"twitter:data1\" content=\"1 minute\" \/>\n<script type=\"application\/ld+json\" class=\"yoast-schema-graph\">{\"@context\":\"https:\/\/schema.org\",\"@graph\":[{\"@type\":\"WebPage\",\"@id\":\"https:\/\/coolcasc.com\/fr\/Housses de casque\/housse-a-masque-de-ski-trains\/\",\"url\":\"https:\/\/coolcasc.com\/fr\/Housses de casque\/housse-a-masque-de-ski-trains\/\",\"name\":\"Couvre masque Trains - Coolmasc\",\"isPartOf\":{\"@id\":\"https:\/\/coolcasc.com\/#website\"},\"primaryImageOfPage\":{\"@id\":\"https:\/\/coolcasc.com\/fr\/Housses de casque\/housse-a-masque-de-ski-trains\/#primaryimage\"},\"image\":{\"@id\":\"https:\/\/coolcasc.com\/fr\/Housses de casque\/housse-a-masque-de-ski-trains\/#primaryimage\"},\"thumbnailUrl\":\"https:\/\/coolcasc.com\/wp-content\/uploads\/gafas\/Funda-gafas-locomotoras.jpg\",\"datePublished\":\"2020-01-21T12:16:48+00:00\",\"dateModified\":\"2026-03-06T13:10:12+00:00\",\"description\":\"Etui \u00e0 lunettes \\\"Trains\\\", avec 88% de polyester recycl\u00e9 provenant de 3 bouteilles en plastique. Pour ceux qui aiment essayer de nouvelles choses et \u00eatre prot\u00e9g\u00e9s.\",\"breadcrumb\":{\"@id\":\"https:\/\/coolcasc.com\/fr\/Housses de casque\/housse-a-masque-de-ski-trains\/#breadcrumb\"},\"inLanguage\":\"fr-FR\",\"potentialAction\":[{\"@type\":\"ReadAction\",\"target\":[\"https:\/\/coolcasc.com\/fr\/Housses de casque\/housse-a-masque-de-ski-trains\/\"]}]},{\"@type\":\"ImageObject\",\"inLanguage\":\"fr-FR\",\"@id\":\"https:\/\/coolcasc.com\/fr\/Housses de casque\/housse-a-masque-de-ski-trains\/#primaryimage\",\"url\":\"https:\/\/coolcasc.com\/wp-content\/uploads\/gafas\/Funda-gafas-locomotoras.jpg\",\"contentUrl\":\"https:\/\/coolcasc.com\/wp-content\/uploads\/gafas\/Funda-gafas-locomotoras.jpg\",\"width\":500,\"height\":432,\"caption\":\"Housse \u00e0 masque de ski Trains\"},{\"@type\":\"BreadcrumbList\",\"@id\":\"https:\/\/coolcasc.com\/fr\/Housses de casque\/housse-a-masque-de-ski-trains\/#breadcrumb\",\"itemListElement\":[{\"@type\":\"ListItem\",\"position\":1,\"name\":\"Portada\",\"item\":\"https:\/\/coolcasc.com\/\"},{\"@type\":\"ListItem\",\"position\":2,\"name\":\"Tienda\",\"item\":\"https:\/\/coolcasc.com\/fr\/tienda\/\"},{\"@type\":\"ListItem\",\"position\":3,\"name\":\"Couvre masque Trains\"}]},{\"@type\":\"WebSite\",\"@id\":\"https:\/\/coolcasc.com\/#website\",\"url\":\"https:\/\/coolcasc.com\/\",\"name\":\"Coolcasc\",\"description\":\"Seguridad, moda y dise\u00f1o utilizando las fundas para casco Coolcasc en la pr\u00e1ctica de cualquier deporte.\",\"publisher\":{\"@id\":\"https:\/\/coolcasc.com\/#organization\"},\"potentialAction\":[{\"@type\":\"SearchAction\",\"target\":{\"@type\":\"EntryPoint\",\"urlTemplate\":\"https:\/\/coolcasc.com\/?s={search_term_string}\"},\"query-input\":{\"@type\":\"PropertyValueSpecification\",\"valueRequired\":true,\"valueName\":\"search_term_string\"}}],\"inLanguage\":\"fr-FR\"},{\"@type\":\"Organization\",\"@id\":\"https:\/\/coolcasc.com\/#organization\",\"name\":\"Fundas para cascos Coolcasc\",\"url\":\"https:\/\/coolcasc.com\/\",\"logo\":{\"@type\":\"ImageObject\",\"inLanguage\":\"fr-FR\",\"@id\":\"https:\/\/coolcasc.com\/#\/schema\/logo\/image\/\",\"url\":\"https:\/\/coolcasc.com\/wp-content\/uploads\/2018\/12\/Blue_header.png\",\"contentUrl\":\"https:\/\/coolcasc.com\/wp-content\/uploads\/2018\/12\/Blue_header.png\",\"width\":300,\"height\":180,\"caption\":\"Fundas para cascos Coolcasc\"},\"image\":{\"@id\":\"https:\/\/coolcasc.com\/#\/schema\/logo\/image\/\"},\"sameAs\":[\"https:\/\/www.facebook.com\/COOLCASC\/\",\"https:\/\/x.com\/coolcasc\",\"https:\/\/www.instagram.com\/coolcasc\/\"]}]}<\/script>\n<!-- \/ Yoast SEO plugin. -->","yoast_head_json":{"title":"Couvre masque Trains - Coolmasc","description":"Etui \u00e0 lunettes \"Trains\", avec 88% de polyester recycl\u00e9 provenant de 3 bouteilles en plastique. Pour ceux qui aiment essayer de nouvelles choses et \u00eatre prot\u00e9g\u00e9s.","robots":{"index":"index","follow":"follow","max-snippet":"max-snippet:-1","max-image-preview":"max-image-preview:large","max-video-preview":"max-video-preview:-1"},"canonical":"https:\/\/coolcasc.com\/fr\/Housses de casque\/housse-a-masque-de-ski-trains\/","og_locale":"fr_FR","og_type":"article","og_title":"Couvre masque Trains - Coolmasc","og_description":"Etui \u00e0 lunettes \"Trains\", avec 88% de polyester recycl\u00e9 provenant de 3 bouteilles en plastique. Pour ceux qui aiment essayer de nouvelles choses et \u00eatre prot\u00e9g\u00e9s.","og_url":"https:\/\/coolcasc.com\/fr\/Housses de casque\/housse-a-masque-de-ski-trains\/","og_site_name":"Coolcasc","article_publisher":"https:\/\/www.facebook.com\/COOLCASC\/","article_modified_time":"2026-03-06T13:10:12+00:00","og_image":[{"width":500,"height":432,"url":"https:\/\/coolcasc.com\/wp-content\/uploads\/gafas\/Funda-gafas-locomotoras.jpg","type":"image\/jpeg"}],"twitter_card":"summary_large_image","twitter_site":"@coolcasc","twitter_misc":{"Dur\u00e9e de lecture estim\u00e9e":"1 minute"},"schema":{"@context":"https:\/\/schema.org","@graph":[{"@type":"WebPage","@id":"https:\/\/coolcasc.com\/fr\/Housses de casque\/housse-a-masque-de-ski-trains\/","url":"https:\/\/coolcasc.com\/fr\/Housses de casque\/housse-a-masque-de-ski-trains\/","name":"Couvre masque Trains - Coolmasc","isPartOf":{"@id":"https:\/\/coolcasc.com\/#website"},"primaryImageOfPage":{"@id":"https:\/\/coolcasc.com\/fr\/Housses de casque\/housse-a-masque-de-ski-trains\/#primaryimage"},"image":{"@id":"https:\/\/coolcasc.com\/fr\/Housses de casque\/housse-a-masque-de-ski-trains\/#primaryimage"},"thumbnailUrl":"https:\/\/coolcasc.com\/wp-content\/uploads\/gafas\/Funda-gafas-locomotoras.jpg","datePublished":"2020-01-21T12:16:48+00:00","dateModified":"2026-03-06T13:10:12+00:00","description":"Etui \u00e0 lunettes \"Trains\", avec 88% de polyester recycl\u00e9 provenant de 3 bouteilles en plastique. Pour ceux qui aiment essayer de nouvelles choses et \u00eatre prot\u00e9g\u00e9s.","breadcrumb":{"@id":"https:\/\/coolcasc.com\/fr\/Housses de casque\/housse-a-masque-de-ski-trains\/#breadcrumb"},"inLanguage":"fr-FR","potentialAction":[{"@type":"ReadAction","target":["https:\/\/coolcasc.com\/fr\/Housses de casque\/housse-a-masque-de-ski-trains\/"]}]},{"@type":"ImageObject","inLanguage":"fr-FR","@id":"https:\/\/coolcasc.com\/fr\/Housses de casque\/housse-a-masque-de-ski-trains\/#primaryimage","url":"https:\/\/coolcasc.com\/wp-content\/uploads\/gafas\/Funda-gafas-locomotoras.jpg","contentUrl":"https:\/\/coolcasc.com\/wp-content\/uploads\/gafas\/Funda-gafas-locomotoras.jpg","width":500,"height":432,"caption":"Housse \u00e0 masque de ski Trains"},{"@type":"BreadcrumbList","@id":"https:\/\/coolcasc.com\/fr\/Housses de casque\/housse-a-masque-de-ski-trains\/#breadcrumb","itemListElement":[{"@type":"ListItem","position":1,"name":"Portada","item":"https:\/\/coolcasc.com\/"},{"@type":"ListItem","position":2,"name":"Tienda","item":"https:\/\/coolcasc.com\/fr\/tienda\/"},{"@type":"ListItem","position":3,"name":"Couvre masque Trains"}]},{"@type":"WebSite","@id":"https:\/\/coolcasc.com\/#website","url":"https:\/\/coolcasc.com\/","name":"Coolcasc","description":"Seguridad, moda y dise\u00f1o utilizando las fundas para casco Coolcasc en la pr\u00e1ctica de cualquier deporte.","publisher":{"@id":"https:\/\/coolcasc.com\/#organization"},"potentialAction":[{"@type":"SearchAction","target":{"@type":"EntryPoint","urlTemplate":"https:\/\/coolcasc.com\/?s={search_term_string}"},"query-input":{"@type":"PropertyValueSpecification","valueRequired":true,"valueName":"search_term_string"}}],"inLanguage":"fr-FR"},{"@type":"Organization","@id":"https:\/\/coolcasc.com\/#organization","name":"Fundas para cascos Coolcasc","url":"https:\/\/coolcasc.com\/","logo":{"@type":"ImageObject","inLanguage":"fr-FR","@id":"https:\/\/coolcasc.com\/#\/schema\/logo\/image\/","url":"https:\/\/coolcasc.com\/wp-content\/uploads\/2018\/12\/Blue_header.png","contentUrl":"https:\/\/coolcasc.com\/wp-content\/uploads\/2018\/12\/Blue_header.png","width":300,"height":180,"caption":"Fundas para cascos Coolcasc"},"image":{"@id":"https:\/\/coolcasc.com\/#\/schema\/logo\/image\/"},"sameAs":["https:\/\/www.facebook.com\/COOLCASC\/","https:\/\/x.com\/coolcasc","https:\/\/www.instagram.com\/coolcasc\/"]}]}},"_links":{"self":[{"href":"https:\/\/coolcasc.com\/fr\/wp-json\/wp\/v2\/product\/12576","targetHints":{"allow":["GET"]}}],"collection":[{"href":"https:\/\/coolcasc.com\/fr\/wp-json\/wp\/v2\/product"}],"about":[{"href":"https:\/\/coolcasc.com\/fr\/wp-json\/wp\/v2\/types\/product"}],"replies":[{"embeddable":true,"href":"https:\/\/coolcasc.com\/fr\/wp-json\/wp\/v2\/comments?post=12576"}],"wp:featuredmedia":[{"embeddable":true,"href":"https:\/\/coolcasc.com\/fr\/wp-json\/wp\/v2\/media\/11207"}],"wp:attachment":[{"href":"https:\/\/coolcasc.com\/fr\/wp-json\/wp\/v2\/media?parent=12576"}],"wp:term":[{"taxonomy":"product_brand","embeddable":true,"href":"https:\/\/coolcasc.com\/fr\/wp-json\/wp\/v2\/product_brand?post=12576"},{"taxonomy":"product_cat","embeddable":true,"href":"https:\/\/coolcasc.com\/fr\/wp-json\/wp\/v2\/product_cat?post=12576"},{"taxonomy":"product_tag","embeddable":true,"href":"https:\/\/coolcasc.com\/fr\/wp-json\/wp\/v2\/product_tag?post=12576"}],"curies":[{"name":"wp","href":"https:\/\/api.w.org\/{rel}","templated":true}]}}