{"id":12820,"date":"2018-11-14T22:41:34","date_gmt":"2018-11-14T22:41:34","guid":{"rendered":"https:\/\/coolcasc.com\/?post_type=product&#038;p=12820"},"modified":"2024-12-20T14:51:55","modified_gmt":"2024-12-20T14:51:55","slug":"keep-calm","status":"publish","type":"product","link":"https:\/\/coolcasc.com\/fr\/Housses de casque\/keep-calm\/","title":{"rendered":"Keep Calm"},"content":{"rendered":"<div class=\"row\"  id=\"row-929867208\">\n\n\t<div id=\"col-1217067391\" class=\"col medium-6 small-12 large-6\"  >\n\t\t\t\t<div class=\"col-inner dark\"  >\n\t\t\t\n\t\t\t\n\t<div class=\"img has-hover x md-x lg-x y md-y lg-y\" id=\"image_1988552742\">\n\t\t\t\t\t\t\t\t<div class=\"img-inner dark\" style=\"margin:0px 10px 0px 10px;\">\n\t\t\t<img loading=\"lazy\" decoding=\"async\" width=\"512\" height=\"512\" src=\"https:\/\/coolcasc.com\/wp-content\/uploads\/2020\/12\/Funda-casco-Keep-Calm-2.jpg\" class=\"attachment-original size-original\" alt=\"Funda casco Keep Calm 2\" \/>\t\t\t\t\t\t\n\t\t\t\t\t<\/div>\n\t\t\t\t\t\t\t\t\n<style>\n#image_1988552742 {\n  width: 100%;\n}\n<\/style>\n\t<\/div>\n\t\n\t\t<\/div>\n\t\t\t\t\t<\/div>\n\n\t\n\n\t<div id=\"col-1813420649\" class=\"col medium-6 small-12 large-6\"  >\n\t\t\t\t<div class=\"col-inner\"  >\n\t\t\t\n\t\t\t\n\t<div class=\"img has-hover x md-x lg-x y md-y lg-y\" id=\"image_1995260640\">\n\t\t\t\t\t\t\t\t<div class=\"img-inner dark\" style=\"margin:0px 10px 0px 10px;\">\n\t\t\t<img loading=\"lazy\" decoding=\"async\" width=\"512\" height=\"512\" src=\"https:\/\/coolcasc.com\/wp-content\/uploads\/2020\/12\/Funda-casco-Keep-Calm.jpg\" class=\"attachment-original size-original\" alt=\"Funda casco Keep Calm\" \/>\t\t\t\t\t\t\n\t\t\t\t\t<\/div>\n\t\t\t\t\t\t\t\t\n<style>\n#image_1995260640 {\n  width: 100%;\n}\n<\/style>\n\t<\/div>\n\t\n\t\t<\/div>\n\t\t\t\t\t<\/div>\n\n\t\n\n<style>\n#row-929867208 > .col > .col-inner {\n  padding: 33px 0px 0px 0px;\n}\n<\/style>\n<\/div>\n<div class=\"container section-title-container\" style=\"margin-bottom:0px;\"><h3 class=\"section-title section-title-center\"><b aria-hidden=\"true\"><\/b><span class=\"section-title-main\" style=\"font-size:92%;\">POR QU\u00c9 PONER UN COOLCASC A MI CASCO<\/span><b aria-hidden=\"true\"><\/b><\/h3><\/div>\n<div class=\"row row-small\"  id=\"row-672169318\">\n\n\t<div id=\"col-1847650365\" class=\"col medium-4 small-12 large-4\"  >\n\t\t\t\t<div class=\"col-inner text-center\"  >\n\t\t\t\n\t\t\t\n<ul>\n<li style=\"text-align: left;\">Porque puedo renovar r\u00e1pidamente el aspecto de mi casco.<\/li>\n<li style=\"text-align: left;\">Porque cambio de estilo cuando quiero.<\/li>\n<li style=\"text-align: left;\">Porque lo puedo usar todo el a\u00f1o, para cualquier casco y en cualquier deporte.<\/li>\n<li style=\"text-align: left;\">Porque protejo mi casco de rallajos.<\/li>\n<\/ul>\n\t\t<\/div>\n\t\t\t\t\n<style>\n#col-1847650365 > .col-inner {\n  margin: -35px 0px 0px 0px;\n}\n<\/style>\n\t<\/div>\n\n\t\n\n\t<div id=\"col-1844503388\" class=\"col medium-4 small-12 large-4\"  >\n\t\t\t\t<div class=\"col-inner text-center\"  >\n\t\t\t\n\t\t\t\n\t<div class=\"img has-hover x md-x lg-x y md-y lg-y\" id=\"image_1276236123\">\n\t\t\t\t\t\t\t\t<div class=\"img-inner dark\" style=\"margin:-5px 0px 0px 0px;\">\n\t\t\t<img loading=\"lazy\" decoding=\"async\" width=\"505\" height=\"505\" src=\"https:\/\/coolcasc.com\/wp-content\/uploads\/2020\/12\/Funda-casco-Keep-Calm-d.jpg\" class=\"attachment-original size-original\" alt=\"Funda casco Keep Calm\" \/>\t\t\t\t\t\t\n\t\t\t\t\t<\/div>\n\t\t\t\t\t\t\t\t\n<style>\n#image_1276236123 {\n  width: 80%;\n}\n<\/style>\n\t<\/div>\n\t\n\t\t<\/div>\n\t\t\t\t\n<style>\n#col-1844503388 > .col-inner {\n  padding: 0px 0px 0px 0px;\n  margin: 0px 0px -17px 0px;\n}\n<\/style>\n\t<\/div>\n\n\t\n\n\t<div id=\"col-558068149\" class=\"col medium-4 small-12 large-4\"  >\n\t\t\t\t<div class=\"col-inner\"  >\n\t\t\t\n\t\t\t\n<ul>\n<li style=\"text-align: left;\">Porque me gusta diferenciarme del resto.<\/li>\n<li style=\"text-align: left;\">Porque me gusta poner un toque de color y humor en mi vida.<\/li>\n<li style=\"text-align: left;\">Porque al ser m\u00e1s visible voy mucho m\u00e1s seguro.<\/li>\n<\/ul>\n\t\t<\/div>\n\t\t\t\t\n<style>\n#col-558068149 > .col-inner {\n  margin: -35px 0px 0px 0px;\n}\n<\/style>\n\t<\/div>\n\n\t\n\n<style>\n#row-672169318 > .col > .col-inner {\n  padding: 55px 0px 0px 0px;\n}\n<\/style>\n<\/div>\n<div class=\"row\"  id=\"row-97264092\">\n\n\t<div id=\"col-173769479\" class=\"col medium-4 small-12 large-4\"  >\n\t\t\t\t<div class=\"col-inner text-center\"  >\n\t\t\t\n\t\t\t\n<div class=\"container section-title-container\" style=\"margin-bottom:0px;\"><h3 class=\"section-title section-title-center\"><b aria-hidden=\"true\"><\/b><span class=\"section-title-main\" style=\"font-size:92%;\">PACKAGING<\/span><b aria-hidden=\"true\"><\/b><\/h3><\/div>\n<p data-line-height=\"m\">La funda para casco Keep Calm viene en un blister totalmente personalizado, con im\u00e1genes del casco con su funda e instrucciones de uso.<\/p>\n<p data-line-height=\"m\">El dise\u00f1o y acabado del blister convierten cada COOLCASC<sup> \u00ae <\/sup>en un estupendo y original regalo.<\/p>\n\t\t<\/div>\n\t\t\t\t\t<\/div>\n\n\t\n\n\t<div id=\"col-370772749\" class=\"col medium-4 small-12 large-4\"  >\n\t\t\t\t<div class=\"col-inner text-center\"  >\n\t\t\t\n\t\t\t\n<div class=\"container section-title-container\" style=\"margin-bottom:0px;\"><h3 class=\"section-title section-title-center\"><b aria-hidden=\"true\"><\/b><span class=\"section-title-main\" style=\"font-size:96%;\">MANTENIMIENTO Y LAVADO<\/span><b aria-hidden=\"true\"><\/b><\/h3><\/div>\n<p>Funda fabricada en lycra <sup> \u00ae <\/sup><br \/>\nLavar m\u00e1ximo a 30\u00ba Celsius (65-85 F)<br \/>\nNo usar lej\u00eda<br \/>\nNo usar secadora<br \/>\nNo planchar<\/p>\n\t\t<\/div>\n\t\t\t\t\t<\/div>\n\n\t\n\n\t<div id=\"col-490548378\" class=\"col medium-4 small-12 large-4\"  >\n\t\t\t\t<div class=\"col-inner\"  >\n\t\t\t\n\t\t\t\n<div class=\"container section-title-container\" style=\"margin-bottom:0px;\"><h3 class=\"section-title section-title-center\"><b aria-hidden=\"true\"><\/b><span class=\"section-title-main\" style=\"font-size:96%;\">CALIDAD<\/span><b aria-hidden=\"true\"><\/b><\/h3><\/div>\n<p style=\"text-align: center;\">Nuestra funda Keep Caln tiene un cuidado dise\u00f1o y se fabrica con materias primas de la m\u00e1s alta calidad. Todos los productos COOLCASC<sup> \u00ae <\/sup> se revisan manual e individualmente siguiendo un estricto protocolo de control de calidad.<\/p>\n\t\t<\/div>\n\t\t\t\t\t<\/div>\n\n\t\n<\/div>\n","protected":false},"excerpt":{"rendered":"<p class=\"productDescription\">Des petites bulles bleu c\u00e9leste sur fond marron.<\/p>\n<p class=\"productDescription\">Combinaison classique et discr\u00e8te.<\/p>\n<p>&nbsp;<\/p>\n<p><strong>Material:<\/strong> 83% Poliamida y 17% Elast\u00e1n,<\/p>\n<p><strong>Mat\u00e9riel:<\/strong> 83% Polyamide y 17% Elast\u00e1n.<\/p>\n<p><strong>Taille unique: <\/strong> s&rsquo;adapte \u00e0 n&rsquo;importe quelle taille de casque.<\/p>\n<p><strong>Multisport:<\/strong> Apte aux casques de ski, de bicyclette, trottinette, patinage, skate et m\u00eame moto.<\/p>\n<p><strong>Adaptable<\/strong> aux casques d&rsquo;oreillette molle. Une ouverture post\u00e9rieure pour fixer les lunettes dans des casques de ski.<\/p>\n","protected":false},"featured_media":23042,"comment_status":"closed","ping_status":"closed","template":"","meta":[],"product_brand":[],"product_cat":[89],"product_tag":[211,135,119,225,155],"class_list":{"0":"post-12820","1":"product","2":"type-product","3":"status-publish","4":"has-post-thumbnail","6":"product_cat-cool-print-fr","7":"product_tag-bleu","8":"product_tag-casque","9":"product_tag-cool-print-fr","10":"product_tag-etui","11":"product_tag-marron-fr","13":"first","14":"instock","15":"taxable","16":"shipping-taxable","17":"purchasable","18":"product-type-simple"},"yoast_head":"<!-- This site is optimized with the Yoast SEO plugin v27.2 - https:\/\/yoast.com\/product\/yoast-seo-wordpress\/ -->\n<title>Couvre casque Lunaire Brun &amp; Bleu - Coolcasc<\/title>\n<meta name=\"description\" content=\"Couvre casque \u00e0 petits pois en bleu ciel sur fond marron. Une combinaison classique et tr\u00e8s discr\u00e8te pour votre nouveau look.\" \/>\n<meta name=\"robots\" content=\"index, follow, max-snippet:-1, max-image-preview:large, max-video-preview:-1\" \/>\n<link rel=\"canonical\" href=\"https:\/\/coolcasc.com\/fr\/funda-para-casco\/keep-calm\/\" \/>\n<meta property=\"og:locale\" content=\"fr_FR\" \/>\n<meta property=\"og:type\" content=\"article\" \/>\n<meta property=\"og:title\" content=\"Couvre casque Lunaire Brun &amp; Bleu - Coolcasc\" \/>\n<meta property=\"og:description\" content=\"Couvre casque \u00e0 petits pois en bleu ciel sur fond marron. Une combinaison classique et tr\u00e8s discr\u00e8te pour votre nouveau look.\" \/>\n<meta property=\"og:url\" content=\"https:\/\/coolcasc.com\/fr\/funda-para-casco\/keep-calm\/\" \/>\n<meta property=\"og:site_name\" content=\"Coolcasc\" \/>\n<meta property=\"article:publisher\" content=\"https:\/\/www.facebook.com\/COOLCASC\/\" \/>\n<meta property=\"article:modified_time\" content=\"2024-12-20T14:51:55+00:00\" \/>\n<meta property=\"og:image\" content=\"https:\/\/coolcasc.com\/wp-content\/uploads\/2020\/12\/Funda-casco-Keep-Calm-d.jpg\" \/>\n\t<meta property=\"og:image:width\" content=\"505\" \/>\n\t<meta property=\"og:image:height\" content=\"505\" \/>\n\t<meta property=\"og:image:type\" content=\"image\/jpeg\" \/>\n<meta name=\"twitter:card\" content=\"summary_large_image\" \/>\n<meta name=\"twitter:site\" content=\"@coolcasc\" \/>\n<meta name=\"twitter:label1\" content=\"Dur\u00e9e de lecture estim\u00e9e\" \/>\n\t<meta name=\"twitter:data1\" content=\"2 minutes\" \/>\n<script type=\"application\/ld+json\" class=\"yoast-schema-graph\">{\"@context\":\"https:\/\/schema.org\",\"@graph\":[{\"@type\":\"WebPage\",\"@id\":\"https:\/\/coolcasc.com\/fr\/funda-para-casco\/keep-calm\/\",\"url\":\"https:\/\/coolcasc.com\/fr\/funda-para-casco\/keep-calm\/\",\"name\":\"Couvre casque Lunaire Brun & Bleu - Coolcasc\",\"isPartOf\":{\"@id\":\"https:\/\/coolcasc.com\/#website\"},\"primaryImageOfPage\":{\"@id\":\"https:\/\/coolcasc.com\/fr\/funda-para-casco\/keep-calm\/#primaryimage\"},\"image\":{\"@id\":\"https:\/\/coolcasc.com\/fr\/funda-para-casco\/keep-calm\/#primaryimage\"},\"thumbnailUrl\":\"https:\/\/coolcasc.com\/wp-content\/uploads\/2018\/11\/Funda-casco-Keep-Calm-d-500x500-1.jpg\",\"datePublished\":\"2018-11-14T22:41:34+00:00\",\"dateModified\":\"2024-12-20T14:51:55+00:00\",\"description\":\"Couvre casque \u00e0 petits pois en bleu ciel sur fond marron. Une combinaison classique et tr\u00e8s discr\u00e8te pour votre nouveau look.\",\"breadcrumb\":{\"@id\":\"https:\/\/coolcasc.com\/fr\/funda-para-casco\/keep-calm\/#breadcrumb\"},\"inLanguage\":\"fr-FR\",\"potentialAction\":[{\"@type\":\"ReadAction\",\"target\":[\"https:\/\/coolcasc.com\/fr\/funda-para-casco\/keep-calm\/\"]}]},{\"@type\":\"ImageObject\",\"inLanguage\":\"fr-FR\",\"@id\":\"https:\/\/coolcasc.com\/fr\/funda-para-casco\/keep-calm\/#primaryimage\",\"url\":\"https:\/\/coolcasc.com\/wp-content\/uploads\/2018\/11\/Funda-casco-Keep-Calm-d-500x500-1.jpg\",\"contentUrl\":\"https:\/\/coolcasc.com\/wp-content\/uploads\/2018\/11\/Funda-casco-Keep-Calm-d-500x500-1.jpg\",\"width\":500,\"height\":500,\"caption\":\"Funda-casco-Keep-Calm-d-500x500\"},{\"@type\":\"BreadcrumbList\",\"@id\":\"https:\/\/coolcasc.com\/fr\/funda-para-casco\/keep-calm\/#breadcrumb\",\"itemListElement\":[{\"@type\":\"ListItem\",\"position\":1,\"name\":\"Portada\",\"item\":\"https:\/\/coolcasc.com\/\"},{\"@type\":\"ListItem\",\"position\":2,\"name\":\"Tienda\",\"item\":\"https:\/\/coolcasc.com\/fr\/tienda\/\"},{\"@type\":\"ListItem\",\"position\":3,\"name\":\"Keep Calm\"}]},{\"@type\":\"WebSite\",\"@id\":\"https:\/\/coolcasc.com\/#website\",\"url\":\"https:\/\/coolcasc.com\/\",\"name\":\"Coolcasc\",\"description\":\"Seguridad, moda y dise\u00f1o utilizando las fundas para casco Coolcasc en la pr\u00e1ctica de cualquier deporte.\",\"publisher\":{\"@id\":\"https:\/\/coolcasc.com\/#organization\"},\"potentialAction\":[{\"@type\":\"SearchAction\",\"target\":{\"@type\":\"EntryPoint\",\"urlTemplate\":\"https:\/\/coolcasc.com\/?s={search_term_string}\"},\"query-input\":{\"@type\":\"PropertyValueSpecification\",\"valueRequired\":true,\"valueName\":\"search_term_string\"}}],\"inLanguage\":\"fr-FR\"},{\"@type\":\"Organization\",\"@id\":\"https:\/\/coolcasc.com\/#organization\",\"name\":\"Fundas para cascos Coolcasc\",\"url\":\"https:\/\/coolcasc.com\/\",\"logo\":{\"@type\":\"ImageObject\",\"inLanguage\":\"fr-FR\",\"@id\":\"https:\/\/coolcasc.com\/#\/schema\/logo\/image\/\",\"url\":\"https:\/\/coolcasc.com\/wp-content\/uploads\/2018\/12\/Blue_header.png\",\"contentUrl\":\"https:\/\/coolcasc.com\/wp-content\/uploads\/2018\/12\/Blue_header.png\",\"width\":300,\"height\":180,\"caption\":\"Fundas para cascos Coolcasc\"},\"image\":{\"@id\":\"https:\/\/coolcasc.com\/#\/schema\/logo\/image\/\"},\"sameAs\":[\"https:\/\/www.facebook.com\/COOLCASC\/\",\"https:\/\/x.com\/coolcasc\",\"https:\/\/www.instagram.com\/coolcasc\/\"]}]}<\/script>\n<!-- \/ Yoast SEO plugin. -->","yoast_head_json":{"title":"Couvre casque Lunaire Brun & Bleu - Coolcasc","description":"Couvre casque \u00e0 petits pois en bleu ciel sur fond marron. Une combinaison classique et tr\u00e8s discr\u00e8te pour votre nouveau look.","robots":{"index":"index","follow":"follow","max-snippet":"max-snippet:-1","max-image-preview":"max-image-preview:large","max-video-preview":"max-video-preview:-1"},"canonical":"https:\/\/coolcasc.com\/fr\/funda-para-casco\/keep-calm\/","og_locale":"fr_FR","og_type":"article","og_title":"Couvre casque Lunaire Brun & Bleu - Coolcasc","og_description":"Couvre casque \u00e0 petits pois en bleu ciel sur fond marron. Une combinaison classique et tr\u00e8s discr\u00e8te pour votre nouveau look.","og_url":"https:\/\/coolcasc.com\/fr\/funda-para-casco\/keep-calm\/","og_site_name":"Coolcasc","article_publisher":"https:\/\/www.facebook.com\/COOLCASC\/","article_modified_time":"2024-12-20T14:51:55+00:00","og_image":[{"width":505,"height":505,"url":"https:\/\/coolcasc.com\/wp-content\/uploads\/2020\/12\/Funda-casco-Keep-Calm-d.jpg","type":"image\/jpeg"}],"twitter_card":"summary_large_image","twitter_site":"@coolcasc","twitter_misc":{"Dur\u00e9e de lecture estim\u00e9e":"2 minutes"},"schema":{"@context":"https:\/\/schema.org","@graph":[{"@type":"WebPage","@id":"https:\/\/coolcasc.com\/fr\/funda-para-casco\/keep-calm\/","url":"https:\/\/coolcasc.com\/fr\/funda-para-casco\/keep-calm\/","name":"Couvre casque Lunaire Brun & Bleu - Coolcasc","isPartOf":{"@id":"https:\/\/coolcasc.com\/#website"},"primaryImageOfPage":{"@id":"https:\/\/coolcasc.com\/fr\/funda-para-casco\/keep-calm\/#primaryimage"},"image":{"@id":"https:\/\/coolcasc.com\/fr\/funda-para-casco\/keep-calm\/#primaryimage"},"thumbnailUrl":"https:\/\/coolcasc.com\/wp-content\/uploads\/2018\/11\/Funda-casco-Keep-Calm-d-500x500-1.jpg","datePublished":"2018-11-14T22:41:34+00:00","dateModified":"2024-12-20T14:51:55+00:00","description":"Couvre casque \u00e0 petits pois en bleu ciel sur fond marron. Une combinaison classique et tr\u00e8s discr\u00e8te pour votre nouveau look.","breadcrumb":{"@id":"https:\/\/coolcasc.com\/fr\/funda-para-casco\/keep-calm\/#breadcrumb"},"inLanguage":"fr-FR","potentialAction":[{"@type":"ReadAction","target":["https:\/\/coolcasc.com\/fr\/funda-para-casco\/keep-calm\/"]}]},{"@type":"ImageObject","inLanguage":"fr-FR","@id":"https:\/\/coolcasc.com\/fr\/funda-para-casco\/keep-calm\/#primaryimage","url":"https:\/\/coolcasc.com\/wp-content\/uploads\/2018\/11\/Funda-casco-Keep-Calm-d-500x500-1.jpg","contentUrl":"https:\/\/coolcasc.com\/wp-content\/uploads\/2018\/11\/Funda-casco-Keep-Calm-d-500x500-1.jpg","width":500,"height":500,"caption":"Funda-casco-Keep-Calm-d-500x500"},{"@type":"BreadcrumbList","@id":"https:\/\/coolcasc.com\/fr\/funda-para-casco\/keep-calm\/#breadcrumb","itemListElement":[{"@type":"ListItem","position":1,"name":"Portada","item":"https:\/\/coolcasc.com\/"},{"@type":"ListItem","position":2,"name":"Tienda","item":"https:\/\/coolcasc.com\/fr\/tienda\/"},{"@type":"ListItem","position":3,"name":"Keep Calm"}]},{"@type":"WebSite","@id":"https:\/\/coolcasc.com\/#website","url":"https:\/\/coolcasc.com\/","name":"Coolcasc","description":"Seguridad, moda y dise\u00f1o utilizando las fundas para casco Coolcasc en la pr\u00e1ctica de cualquier deporte.","publisher":{"@id":"https:\/\/coolcasc.com\/#organization"},"potentialAction":[{"@type":"SearchAction","target":{"@type":"EntryPoint","urlTemplate":"https:\/\/coolcasc.com\/?s={search_term_string}"},"query-input":{"@type":"PropertyValueSpecification","valueRequired":true,"valueName":"search_term_string"}}],"inLanguage":"fr-FR"},{"@type":"Organization","@id":"https:\/\/coolcasc.com\/#organization","name":"Fundas para cascos Coolcasc","url":"https:\/\/coolcasc.com\/","logo":{"@type":"ImageObject","inLanguage":"fr-FR","@id":"https:\/\/coolcasc.com\/#\/schema\/logo\/image\/","url":"https:\/\/coolcasc.com\/wp-content\/uploads\/2018\/12\/Blue_header.png","contentUrl":"https:\/\/coolcasc.com\/wp-content\/uploads\/2018\/12\/Blue_header.png","width":300,"height":180,"caption":"Fundas para cascos Coolcasc"},"image":{"@id":"https:\/\/coolcasc.com\/#\/schema\/logo\/image\/"},"sameAs":["https:\/\/www.facebook.com\/COOLCASC\/","https:\/\/x.com\/coolcasc","https:\/\/www.instagram.com\/coolcasc\/"]}]}},"_links":{"self":[{"href":"https:\/\/coolcasc.com\/fr\/wp-json\/wp\/v2\/product\/12820","targetHints":{"allow":["GET"]}}],"collection":[{"href":"https:\/\/coolcasc.com\/fr\/wp-json\/wp\/v2\/product"}],"about":[{"href":"https:\/\/coolcasc.com\/fr\/wp-json\/wp\/v2\/types\/product"}],"replies":[{"embeddable":true,"href":"https:\/\/coolcasc.com\/fr\/wp-json\/wp\/v2\/comments?post=12820"}],"wp:featuredmedia":[{"embeddable":true,"href":"https:\/\/coolcasc.com\/fr\/wp-json\/wp\/v2\/media\/23042"}],"wp:attachment":[{"href":"https:\/\/coolcasc.com\/fr\/wp-json\/wp\/v2\/media?parent=12820"}],"wp:term":[{"taxonomy":"product_brand","embeddable":true,"href":"https:\/\/coolcasc.com\/fr\/wp-json\/wp\/v2\/product_brand?post=12820"},{"taxonomy":"product_cat","embeddable":true,"href":"https:\/\/coolcasc.com\/fr\/wp-json\/wp\/v2\/product_cat?post=12820"},{"taxonomy":"product_tag","embeddable":true,"href":"https:\/\/coolcasc.com\/fr\/wp-json\/wp\/v2\/product_tag?post=12820"}],"curies":[{"name":"wp","href":"https:\/\/api.w.org\/{rel}","templated":true}]}}