{"id":28276,"date":"2019-02-23T11:55:25","date_gmt":"2019-02-23T11:55:25","guid":{"rendered":"https:\/\/coolcasc.com\/funda-para-casco\/couvre-masque-exclusive-or\/"},"modified":"2026-03-09T20:12:36","modified_gmt":"2026-03-09T20:12:36","slug":"couvre-masque-exclusive-or","status":"publish","type":"product","link":"https:\/\/coolcasc.com\/fr\/Housses de casque\/couvre-masque-exclusive-or\/","title":{"rendered":"Couvre masque Exclusive Or"},"content":{"rendered":"<div class=\"row\"  id=\"row-1908419532\">\n\n\t<div id=\"col-517273749\" class=\"col medium-6 small-12 large-6\"  >\n\t\t\t\t<div class=\"col-inner text-left\"  >\n\t\t\t\n\t\t\t\n\t<div class=\"img has-hover x md-x lg-x y md-y lg-y\" id=\"image_1923942941\">\n\t\t\t\t\t\t\t\t<div class=\"img-inner dark\" >\n\t\t\t<img loading=\"lazy\" decoding=\"async\" width=\"505\" height=\"505\" src=\"https:\/\/coolcasc.com\/wp-content\/uploads\/gafas\/live\/609_SB1.jpg\" class=\"attachment-original size-original\" alt=\"\" \/>\t\t\t\t\t\t\n\t\t\t\t\t<\/div>\n\t\t\t\t\t\t\t\t\n<style>\n#image_1923942941 {\n  width: 100%;\n}\n<\/style>\n\t<\/div>\n\t\n\t\t<\/div>\n\t\t\t\t\t<\/div>\n\n\t\n<\/div>\n","protected":false},"excerpt":{"rendered":"<p data-start=\"136\" data-end=\"189\"><strong data-start=\"136\" data-end=\"189\">Housse pour masque de ski COOLMASC Exclusive Or<\/strong><\/p>\n<p data-start=\"191\" data-end=\"263\">S\u2019adapte \u00e0 toutes les tailles et \u00e0 tous les types de <strong data-start=\"244\" data-end=\"262\">masques de ski<\/strong>.<\/p>\n<p data-start=\"265\" data-end=\"331\"><strong data-start=\"265\" data-end=\"278\">Mati\u00e8re :<\/strong> Lycra m\u00e9tallis\u00e9 \u2013 87 % polyamide et 13 % \u00e9lasthanne.<\/p>\n<p data-start=\"333\" data-end=\"351\"><strong data-start=\"333\" data-end=\"351\">Taille unique.<\/strong><\/p>\n<p data-start=\"353\" data-end=\"400\">Prot\u00e8ge votre masque de ski contre les rayures.<\/p>\n<p data-start=\"402\" data-end=\"496\">\u00c0 assortir avec votre <strong data-start=\"424\" data-end=\"459\">housse de casque Exclusive <\/strong>pour un look parfaitement coordonn\u00e9.<\/p>\n<p data-start=\"498\" data-end=\"541\"><strong data-start=\"498\" data-end=\"541\">Lavable en machine (programme d\u00e9licat).<\/strong><\/p>\n<p data-start=\"543\" data-end=\"582\">Facile et rapide \u00e0 mettre et \u00e0 enlever.<\/p>\n","protected":false},"featured_media":26612,"comment_status":"closed","ping_status":"closed","template":"","meta":[],"product_brand":[],"product_cat":[271,434],"product_tag":[225,149,280,415],"class_list":{"0":"post-28276","1":"product","2":"type-product","3":"status-publish","4":"has-post-thumbnail","6":"product_cat-couvre-masques-coolmasc","7":"product_cat-cm-exclusive-fr","8":"product_tag-etui","9":"product_tag-exclusive-fr","10":"product_tag-masque","11":"product_tag-or","13":"first","14":"instock","15":"taxable","16":"shipping-taxable","17":"purchasable","18":"product-type-simple"},"yoast_head":"<!-- This site is optimized with the Yoast SEO plugin v27.2 - https:\/\/yoast.com\/product\/yoast-seo-wordpress\/ -->\n<title>Couvre masque Exclusive Or - Coolcasc<\/title>\n<meta name=\"robots\" content=\"index, follow, max-snippet:-1, max-image-preview:large, max-video-preview:-1\" \/>\n<link rel=\"canonical\" href=\"https:\/\/coolcasc.com\/funda-para-casco\/metalico-oro\/\" \/>\n<meta property=\"og:locale\" content=\"fr_FR\" \/>\n<meta property=\"og:type\" content=\"article\" \/>\n<meta property=\"og:title\" content=\"Couvre masque Exclusive Or - Coolcasc\" \/>\n<meta property=\"og:description\" content=\"Housse pour masque de ski COOLMASC Exclusive Or S\u2019adapte \u00e0 toutes les tailles et \u00e0 tous les types de masques de ski. Mati\u00e8re : Lycra m\u00e9tallis\u00e9 \u2013 87 % polyamide et 13 % \u00e9lasthanne. Taille unique. Prot\u00e8ge votre masque de ski contre les rayures. \u00c0 assortir avec votre housse de casque Exclusive pour un look parfaitement coordonn\u00e9. Lavable en machine (programme d\u00e9licat). Facile et rapide \u00e0 mettre et \u00e0 enlever.\" \/>\n<meta property=\"og:url\" content=\"https:\/\/coolcasc.com\/funda-para-casco\/metalico-oro\/\" \/>\n<meta property=\"og:site_name\" content=\"Coolcasc\" \/>\n<meta property=\"article:publisher\" content=\"https:\/\/www.facebook.com\/COOLCASC\/\" \/>\n<meta property=\"article:modified_time\" content=\"2026-03-09T20:12:36+00:00\" \/>\n<meta property=\"og:image\" content=\"https:\/\/coolcasc.com\/wp-content\/uploads\/2025\/07\/826_SAF.png\" \/>\n\t<meta property=\"og:image:width\" content=\"1000\" \/>\n\t<meta property=\"og:image:height\" content=\"1000\" \/>\n\t<meta property=\"og:image:type\" content=\"image\/png\" \/>\n<meta name=\"twitter:card\" content=\"summary_large_image\" \/>\n<meta name=\"twitter:site\" content=\"@coolcasc\" \/>\n<script type=\"application\/ld+json\" class=\"yoast-schema-graph\">{\"@context\":\"https:\/\/schema.org\",\"@graph\":[{\"@type\":\"WebPage\",\"@id\":\"https:\/\/coolcasc.com\/funda-para-casco\/metalico-oro\/\",\"url\":\"https:\/\/coolcasc.com\/funda-para-casco\/metalico-oro\/\",\"name\":\"Couvre masque Exclusive Or - Coolcasc\",\"isPartOf\":{\"@id\":\"https:\/\/coolcasc.com\/#website\"},\"primaryImageOfPage\":{\"@id\":\"https:\/\/coolcasc.com\/funda-para-casco\/metalico-oro\/#primaryimage\"},\"image\":{\"@id\":\"https:\/\/coolcasc.com\/funda-para-casco\/metalico-oro\/#primaryimage\"},\"thumbnailUrl\":\"https:\/\/coolcasc.com\/wp-content\/uploads\/2025\/07\/826_SAF.png\",\"datePublished\":\"2019-02-23T11:55:25+00:00\",\"dateModified\":\"2026-03-09T20:12:36+00:00\",\"breadcrumb\":{\"@id\":\"https:\/\/coolcasc.com\/funda-para-casco\/metalico-oro\/#breadcrumb\"},\"inLanguage\":\"fr-FR\",\"potentialAction\":[{\"@type\":\"ReadAction\",\"target\":[\"https:\/\/coolcasc.com\/funda-para-casco\/metalico-oro\/\"]}]},{\"@type\":\"ImageObject\",\"inLanguage\":\"fr-FR\",\"@id\":\"https:\/\/coolcasc.com\/funda-para-casco\/metalico-oro\/#primaryimage\",\"url\":\"https:\/\/coolcasc.com\/wp-content\/uploads\/2025\/07\/826_SAF.png\",\"contentUrl\":\"https:\/\/coolcasc.com\/wp-content\/uploads\/2025\/07\/826_SAF.png\",\"width\":1000,\"height\":1000},{\"@type\":\"BreadcrumbList\",\"@id\":\"https:\/\/coolcasc.com\/funda-para-casco\/metalico-oro\/#breadcrumb\",\"itemListElement\":[{\"@type\":\"ListItem\",\"position\":1,\"name\":\"Portada\",\"item\":\"https:\/\/coolcasc.com\/\"},{\"@type\":\"ListItem\",\"position\":2,\"name\":\"Tienda\",\"item\":\"https:\/\/coolcasc.com\/fr\/tienda\/\"},{\"@type\":\"ListItem\",\"position\":3,\"name\":\"Couvre masque Exclusive Or\"}]},{\"@type\":\"WebSite\",\"@id\":\"https:\/\/coolcasc.com\/#website\",\"url\":\"https:\/\/coolcasc.com\/\",\"name\":\"Coolcasc\",\"description\":\"Seguridad, moda y dise\u00f1o utilizando las fundas para casco Coolcasc en la pr\u00e1ctica de cualquier deporte.\",\"publisher\":{\"@id\":\"https:\/\/coolcasc.com\/#organization\"},\"potentialAction\":[{\"@type\":\"SearchAction\",\"target\":{\"@type\":\"EntryPoint\",\"urlTemplate\":\"https:\/\/coolcasc.com\/?s={search_term_string}\"},\"query-input\":{\"@type\":\"PropertyValueSpecification\",\"valueRequired\":true,\"valueName\":\"search_term_string\"}}],\"inLanguage\":\"fr-FR\"},{\"@type\":\"Organization\",\"@id\":\"https:\/\/coolcasc.com\/#organization\",\"name\":\"Fundas para cascos Coolcasc\",\"url\":\"https:\/\/coolcasc.com\/\",\"logo\":{\"@type\":\"ImageObject\",\"inLanguage\":\"fr-FR\",\"@id\":\"https:\/\/coolcasc.com\/#\/schema\/logo\/image\/\",\"url\":\"https:\/\/coolcasc.com\/wp-content\/uploads\/2018\/12\/Blue_header.png\",\"contentUrl\":\"https:\/\/coolcasc.com\/wp-content\/uploads\/2018\/12\/Blue_header.png\",\"width\":300,\"height\":180,\"caption\":\"Fundas para cascos Coolcasc\"},\"image\":{\"@id\":\"https:\/\/coolcasc.com\/#\/schema\/logo\/image\/\"},\"sameAs\":[\"https:\/\/www.facebook.com\/COOLCASC\/\",\"https:\/\/x.com\/coolcasc\",\"https:\/\/www.instagram.com\/coolcasc\/\"]}]}<\/script>\n<!-- \/ Yoast SEO plugin. -->","yoast_head_json":{"title":"Couvre masque Exclusive Or - Coolcasc","robots":{"index":"index","follow":"follow","max-snippet":"max-snippet:-1","max-image-preview":"max-image-preview:large","max-video-preview":"max-video-preview:-1"},"canonical":"https:\/\/coolcasc.com\/funda-para-casco\/metalico-oro\/","og_locale":"fr_FR","og_type":"article","og_title":"Couvre masque Exclusive Or - Coolcasc","og_description":"Housse pour masque de ski COOLMASC Exclusive Or S\u2019adapte \u00e0 toutes les tailles et \u00e0 tous les types de masques de ski. Mati\u00e8re : Lycra m\u00e9tallis\u00e9 \u2013 87 % polyamide et 13 % \u00e9lasthanne. Taille unique. Prot\u00e8ge votre masque de ski contre les rayures. \u00c0 assortir avec votre housse de casque Exclusive pour un look parfaitement coordonn\u00e9. Lavable en machine (programme d\u00e9licat). Facile et rapide \u00e0 mettre et \u00e0 enlever.","og_url":"https:\/\/coolcasc.com\/funda-para-casco\/metalico-oro\/","og_site_name":"Coolcasc","article_publisher":"https:\/\/www.facebook.com\/COOLCASC\/","article_modified_time":"2026-03-09T20:12:36+00:00","og_image":[{"width":1000,"height":1000,"url":"https:\/\/coolcasc.com\/wp-content\/uploads\/2025\/07\/826_SAF.png","type":"image\/png"}],"twitter_card":"summary_large_image","twitter_site":"@coolcasc","schema":{"@context":"https:\/\/schema.org","@graph":[{"@type":"WebPage","@id":"https:\/\/coolcasc.com\/funda-para-casco\/metalico-oro\/","url":"https:\/\/coolcasc.com\/funda-para-casco\/metalico-oro\/","name":"Couvre masque Exclusive Or - Coolcasc","isPartOf":{"@id":"https:\/\/coolcasc.com\/#website"},"primaryImageOfPage":{"@id":"https:\/\/coolcasc.com\/funda-para-casco\/metalico-oro\/#primaryimage"},"image":{"@id":"https:\/\/coolcasc.com\/funda-para-casco\/metalico-oro\/#primaryimage"},"thumbnailUrl":"https:\/\/coolcasc.com\/wp-content\/uploads\/2025\/07\/826_SAF.png","datePublished":"2019-02-23T11:55:25+00:00","dateModified":"2026-03-09T20:12:36+00:00","breadcrumb":{"@id":"https:\/\/coolcasc.com\/funda-para-casco\/metalico-oro\/#breadcrumb"},"inLanguage":"fr-FR","potentialAction":[{"@type":"ReadAction","target":["https:\/\/coolcasc.com\/funda-para-casco\/metalico-oro\/"]}]},{"@type":"ImageObject","inLanguage":"fr-FR","@id":"https:\/\/coolcasc.com\/funda-para-casco\/metalico-oro\/#primaryimage","url":"https:\/\/coolcasc.com\/wp-content\/uploads\/2025\/07\/826_SAF.png","contentUrl":"https:\/\/coolcasc.com\/wp-content\/uploads\/2025\/07\/826_SAF.png","width":1000,"height":1000},{"@type":"BreadcrumbList","@id":"https:\/\/coolcasc.com\/funda-para-casco\/metalico-oro\/#breadcrumb","itemListElement":[{"@type":"ListItem","position":1,"name":"Portada","item":"https:\/\/coolcasc.com\/"},{"@type":"ListItem","position":2,"name":"Tienda","item":"https:\/\/coolcasc.com\/fr\/tienda\/"},{"@type":"ListItem","position":3,"name":"Couvre masque Exclusive Or"}]},{"@type":"WebSite","@id":"https:\/\/coolcasc.com\/#website","url":"https:\/\/coolcasc.com\/","name":"Coolcasc","description":"Seguridad, moda y dise\u00f1o utilizando las fundas para casco Coolcasc en la pr\u00e1ctica de cualquier deporte.","publisher":{"@id":"https:\/\/coolcasc.com\/#organization"},"potentialAction":[{"@type":"SearchAction","target":{"@type":"EntryPoint","urlTemplate":"https:\/\/coolcasc.com\/?s={search_term_string}"},"query-input":{"@type":"PropertyValueSpecification","valueRequired":true,"valueName":"search_term_string"}}],"inLanguage":"fr-FR"},{"@type":"Organization","@id":"https:\/\/coolcasc.com\/#organization","name":"Fundas para cascos Coolcasc","url":"https:\/\/coolcasc.com\/","logo":{"@type":"ImageObject","inLanguage":"fr-FR","@id":"https:\/\/coolcasc.com\/#\/schema\/logo\/image\/","url":"https:\/\/coolcasc.com\/wp-content\/uploads\/2018\/12\/Blue_header.png","contentUrl":"https:\/\/coolcasc.com\/wp-content\/uploads\/2018\/12\/Blue_header.png","width":300,"height":180,"caption":"Fundas para cascos Coolcasc"},"image":{"@id":"https:\/\/coolcasc.com\/#\/schema\/logo\/image\/"},"sameAs":["https:\/\/www.facebook.com\/COOLCASC\/","https:\/\/x.com\/coolcasc","https:\/\/www.instagram.com\/coolcasc\/"]}]}},"_links":{"self":[{"href":"https:\/\/coolcasc.com\/fr\/wp-json\/wp\/v2\/product\/28276","targetHints":{"allow":["GET"]}}],"collection":[{"href":"https:\/\/coolcasc.com\/fr\/wp-json\/wp\/v2\/product"}],"about":[{"href":"https:\/\/coolcasc.com\/fr\/wp-json\/wp\/v2\/types\/product"}],"replies":[{"embeddable":true,"href":"https:\/\/coolcasc.com\/fr\/wp-json\/wp\/v2\/comments?post=28276"}],"wp:featuredmedia":[{"embeddable":true,"href":"https:\/\/coolcasc.com\/fr\/wp-json\/wp\/v2\/media\/26612"}],"wp:attachment":[{"href":"https:\/\/coolcasc.com\/fr\/wp-json\/wp\/v2\/media?parent=28276"}],"wp:term":[{"taxonomy":"product_brand","embeddable":true,"href":"https:\/\/coolcasc.com\/fr\/wp-json\/wp\/v2\/product_brand?post=28276"},{"taxonomy":"product_cat","embeddable":true,"href":"https:\/\/coolcasc.com\/fr\/wp-json\/wp\/v2\/product_cat?post=28276"},{"taxonomy":"product_tag","embeddable":true,"href":"https:\/\/coolcasc.com\/fr\/wp-json\/wp\/v2\/product_tag?post=28276"}],"curies":[{"name":"wp","href":"https:\/\/api.w.org\/{rel}","templated":true}]}}