{"id":28454,"date":"2026-04-24T18:10:27","date_gmt":"2026-04-24T18:10:27","guid":{"rendered":"https:\/\/coolcasc.com\/?post_type=product&#038;p=28454"},"modified":"2026-04-28T10:36:14","modified_gmt":"2026-04-28T10:36:14","slug":"monstre-rouge","status":"publish","type":"product","link":"https:\/\/coolcasc.com\/fr\/Housses de casque\/monstre-rouge\/","title":{"rendered":"MONSTRE ROUGE"},"content":{"rendered":"","protected":false},"excerpt":{"rendered":"<p data-start=\"433\" data-end=\"494\"><strong data-start=\"433\" data-end=\"494\">Housse de casque int\u00e9gral COOLCASC \u2013 Mod\u00e8le Monstre Rouge<\/strong><\/p>\n<p data-start=\"496\" data-end=\"578\"><strong data-start=\"496\" data-end=\"510\">Mat\u00e9riau :<\/strong> Fabriqu\u00e9 en peluche douce avec un tissu \u00e9lastique de haute qualit\u00e9.<\/p>\n<p data-start=\"580\" data-end=\"757\">Transformez votre casque en le plus amusant de la route en quelques secondes. Facile \u00e0 installer, elle s\u2019adapte parfaitement sans g\u00eaner la visibilit\u00e9 ni l\u2019utilisation du casque.<\/p>\n<p data-start=\"759\" data-end=\"797\">Compatible avec les casques int\u00e9graux.<\/p>\n<p data-start=\"799\" data-end=\"831\">Lavage \u00e0 la main \u00e0 l\u2019eau froide.<\/p>\n","protected":false},"featured_media":28341,"comment_status":"closed","ping_status":"closed","template":"","meta":[],"product_brand":[],"product_cat":[443],"product_tag":[],"class_list":{"0":"post-28454","1":"product","2":"type-product","3":"status-publish","4":"has-post-thumbnail","6":"product_cat-housse-casque-moto-integral","8":"first","9":"instock","10":"taxable","11":"shipping-taxable","12":"purchasable","13":"product-type-simple"},"yoast_head":"<!-- This site is optimized with the Yoast SEO plugin v27.4 - https:\/\/yoast.com\/product\/yoast-seo-wordpress\/ -->\n<title>MONSTRE ROUGE - Coolcasc<\/title>\n<meta name=\"robots\" content=\"index, follow, max-snippet:-1, max-image-preview:large, max-video-preview:-1\" \/>\n<link rel=\"canonical\" href=\"https:\/\/coolcasc.com\/fr\/Housses%20de%20casque\/monstre-rouge\/\" \/>\n<meta property=\"og:locale\" content=\"fr_FR\" \/>\n<meta property=\"og:type\" content=\"article\" \/>\n<meta property=\"og:title\" content=\"MONSTRE ROUGE - Coolcasc\" \/>\n<meta property=\"og:description\" content=\"Housse de casque int\u00e9gral COOLCASC \u2013 Mod\u00e8le Monstre Rouge Mat\u00e9riau : Fabriqu\u00e9 en peluche douce avec un tissu \u00e9lastique de haute qualit\u00e9. Transformez votre casque en le plus amusant de la route en quelques secondes. Facile \u00e0 installer, elle s\u2019adapte parfaitement sans g\u00eaner la visibilit\u00e9 ni l\u2019utilisation du casque. Compatible avec les casques int\u00e9graux. Lavage \u00e0 la main \u00e0 l\u2019eau froide.\" \/>\n<meta property=\"og:url\" content=\"https:\/\/coolcasc.com\/fr\/Housses de casque\/monstre-rouge\/\" \/>\n<meta property=\"og:site_name\" content=\"Coolcasc\" \/>\n<meta property=\"article:publisher\" content=\"https:\/\/www.facebook.com\/COOLCASC\/\" \/>\n<meta property=\"article:modified_time\" content=\"2026-04-28T10:36:14+00:00\" \/>\n<meta property=\"og:image\" content=\"https:\/\/coolcasc.com\/wp-content\/uploads\/2026\/04\/781Frontal_WEBP.webp\" \/>\n\t<meta property=\"og:image:width\" content=\"1200\" \/>\n\t<meta property=\"og:image:height\" content=\"1200\" \/>\n\t<meta property=\"og:image:type\" content=\"image\/webp\" \/>\n<meta name=\"twitter:card\" content=\"summary_large_image\" \/>\n<meta name=\"twitter:site\" content=\"@coolcasc\" \/>\n<meta name=\"twitter:label1\" content=\"Dur\u00e9e de lecture estim\u00e9e\" \/>\n\t<meta name=\"twitter:data1\" content=\"1 minute\" \/>\n<script type=\"application\/ld+json\" class=\"yoast-schema-graph\">{\"@context\":\"https:\\\/\\\/schema.org\",\"@graph\":[{\"@type\":\"WebPage\",\"@id\":\"https:\\\/\\\/coolcasc.com\\\/fr\\\/Housses de casque\\\/monstre-rouge\\\/\",\"url\":\"https:\\\/\\\/coolcasc.com\\\/fr\\\/Housses de casque\\\/monstre-rouge\\\/\",\"name\":\"MONSTRE ROUGE - Coolcasc\",\"isPartOf\":{\"@id\":\"https:\\\/\\\/coolcasc.com\\\/#website\"},\"primaryImageOfPage\":{\"@id\":\"https:\\\/\\\/coolcasc.com\\\/fr\\\/Housses de casque\\\/monstre-rouge\\\/#primaryimage\"},\"image\":{\"@id\":\"https:\\\/\\\/coolcasc.com\\\/fr\\\/Housses de casque\\\/monstre-rouge\\\/#primaryimage\"},\"thumbnailUrl\":\"https:\\\/\\\/coolcasc.com\\\/wp-content\\\/uploads\\\/2026\\\/04\\\/781Frontal_WEBP.webp\",\"datePublished\":\"2026-04-24T18:10:27+00:00\",\"dateModified\":\"2026-04-28T10:36:14+00:00\",\"breadcrumb\":{\"@id\":\"https:\\\/\\\/coolcasc.com\\\/fr\\\/Housses de casque\\\/monstre-rouge\\\/#breadcrumb\"},\"inLanguage\":\"fr-FR\",\"potentialAction\":[{\"@type\":\"ReadAction\",\"target\":[\"https:\\\/\\\/coolcasc.com\\\/fr\\\/Housses de casque\\\/monstre-rouge\\\/\"]}]},{\"@type\":\"ImageObject\",\"inLanguage\":\"fr-FR\",\"@id\":\"https:\\\/\\\/coolcasc.com\\\/fr\\\/Housses de casque\\\/monstre-rouge\\\/#primaryimage\",\"url\":\"https:\\\/\\\/coolcasc.com\\\/wp-content\\\/uploads\\\/2026\\\/04\\\/781Frontal_WEBP.webp\",\"contentUrl\":\"https:\\\/\\\/coolcasc.com\\\/wp-content\\\/uploads\\\/2026\\\/04\\\/781Frontal_WEBP.webp\",\"width\":1200,\"height\":1200},{\"@type\":\"BreadcrumbList\",\"@id\":\"https:\\\/\\\/coolcasc.com\\\/fr\\\/Housses de casque\\\/monstre-rouge\\\/#breadcrumb\",\"itemListElement\":[{\"@type\":\"ListItem\",\"position\":1,\"name\":\"Portada\",\"item\":\"https:\\\/\\\/coolcasc.com\\\/\"},{\"@type\":\"ListItem\",\"position\":2,\"name\":\"Tienda\",\"item\":\"https:\\\/\\\/coolcasc.com\\\/fr\\\/tienda\\\/\"},{\"@type\":\"ListItem\",\"position\":3,\"name\":\"MONSTRE ROUGE\"}]},{\"@type\":\"WebSite\",\"@id\":\"https:\\\/\\\/coolcasc.com\\\/#website\",\"url\":\"https:\\\/\\\/coolcasc.com\\\/\",\"name\":\"Coolcasc\",\"description\":\"Seguridad, moda y dise\u00f1o utilizando las fundas para casco Coolcasc en la pr\u00e1ctica de cualquier deporte.\",\"publisher\":{\"@id\":\"https:\\\/\\\/coolcasc.com\\\/#organization\"},\"potentialAction\":[{\"@type\":\"SearchAction\",\"target\":{\"@type\":\"EntryPoint\",\"urlTemplate\":\"https:\\\/\\\/coolcasc.com\\\/?s={search_term_string}\"},\"query-input\":{\"@type\":\"PropertyValueSpecification\",\"valueRequired\":true,\"valueName\":\"search_term_string\"}}],\"inLanguage\":\"fr-FR\"},{\"@type\":\"Organization\",\"@id\":\"https:\\\/\\\/coolcasc.com\\\/#organization\",\"name\":\"Fundas para cascos Coolcasc\",\"url\":\"https:\\\/\\\/coolcasc.com\\\/\",\"logo\":{\"@type\":\"ImageObject\",\"inLanguage\":\"fr-FR\",\"@id\":\"https:\\\/\\\/coolcasc.com\\\/#\\\/schema\\\/logo\\\/image\\\/\",\"url\":\"https:\\\/\\\/coolcasc.com\\\/wp-content\\\/uploads\\\/2018\\\/12\\\/Blue_header.png\",\"contentUrl\":\"https:\\\/\\\/coolcasc.com\\\/wp-content\\\/uploads\\\/2018\\\/12\\\/Blue_header.png\",\"width\":300,\"height\":180,\"caption\":\"Fundas para cascos Coolcasc\"},\"image\":{\"@id\":\"https:\\\/\\\/coolcasc.com\\\/#\\\/schema\\\/logo\\\/image\\\/\"},\"sameAs\":[\"https:\\\/\\\/www.facebook.com\\\/COOLCASC\\\/\",\"https:\\\/\\\/x.com\\\/coolcasc\",\"https:\\\/\\\/www.instagram.com\\\/coolcasc\\\/\"]}]}<\/script>\n<!-- \/ Yoast SEO plugin. -->","yoast_head_json":{"title":"MONSTRE ROUGE - Coolcasc","robots":{"index":"index","follow":"follow","max-snippet":"max-snippet:-1","max-image-preview":"max-image-preview:large","max-video-preview":"max-video-preview:-1"},"canonical":"https:\/\/coolcasc.com\/fr\/Housses de casque\/monstre-rouge\/","og_locale":"fr_FR","og_type":"article","og_title":"MONSTRE ROUGE - Coolcasc","og_description":"Housse de casque int\u00e9gral COOLCASC \u2013 Mod\u00e8le Monstre Rouge Mat\u00e9riau : Fabriqu\u00e9 en peluche douce avec un tissu \u00e9lastique de haute qualit\u00e9. Transformez votre casque en le plus amusant de la route en quelques secondes. Facile \u00e0 installer, elle s\u2019adapte parfaitement sans g\u00eaner la visibilit\u00e9 ni l\u2019utilisation du casque. Compatible avec les casques int\u00e9graux. Lavage \u00e0 la main \u00e0 l\u2019eau froide.","og_url":"https:\/\/coolcasc.com\/fr\/Housses de casque\/monstre-rouge\/","og_site_name":"Coolcasc","article_publisher":"https:\/\/www.facebook.com\/COOLCASC\/","article_modified_time":"2026-04-28T10:36:14+00:00","og_image":[{"width":1200,"height":1200,"url":"https:\/\/coolcasc.com\/wp-content\/uploads\/2026\/04\/781Frontal_WEBP.webp","type":"image\/webp"}],"twitter_card":"summary_large_image","twitter_site":"@coolcasc","twitter_misc":{"Dur\u00e9e de lecture estim\u00e9e":"1 minute"},"schema":{"@context":"https:\/\/schema.org","@graph":[{"@type":"WebPage","@id":"https:\/\/coolcasc.com\/fr\/Housses de casque\/monstre-rouge\/","url":"https:\/\/coolcasc.com\/fr\/Housses de casque\/monstre-rouge\/","name":"MONSTRE ROUGE - Coolcasc","isPartOf":{"@id":"https:\/\/coolcasc.com\/#website"},"primaryImageOfPage":{"@id":"https:\/\/coolcasc.com\/fr\/Housses de casque\/monstre-rouge\/#primaryimage"},"image":{"@id":"https:\/\/coolcasc.com\/fr\/Housses de casque\/monstre-rouge\/#primaryimage"},"thumbnailUrl":"https:\/\/coolcasc.com\/wp-content\/uploads\/2026\/04\/781Frontal_WEBP.webp","datePublished":"2026-04-24T18:10:27+00:00","dateModified":"2026-04-28T10:36:14+00:00","breadcrumb":{"@id":"https:\/\/coolcasc.com\/fr\/Housses de casque\/monstre-rouge\/#breadcrumb"},"inLanguage":"fr-FR","potentialAction":[{"@type":"ReadAction","target":["https:\/\/coolcasc.com\/fr\/Housses de casque\/monstre-rouge\/"]}]},{"@type":"ImageObject","inLanguage":"fr-FR","@id":"https:\/\/coolcasc.com\/fr\/Housses de casque\/monstre-rouge\/#primaryimage","url":"https:\/\/coolcasc.com\/wp-content\/uploads\/2026\/04\/781Frontal_WEBP.webp","contentUrl":"https:\/\/coolcasc.com\/wp-content\/uploads\/2026\/04\/781Frontal_WEBP.webp","width":1200,"height":1200},{"@type":"BreadcrumbList","@id":"https:\/\/coolcasc.com\/fr\/Housses de casque\/monstre-rouge\/#breadcrumb","itemListElement":[{"@type":"ListItem","position":1,"name":"Portada","item":"https:\/\/coolcasc.com\/"},{"@type":"ListItem","position":2,"name":"Tienda","item":"https:\/\/coolcasc.com\/fr\/tienda\/"},{"@type":"ListItem","position":3,"name":"MONSTRE ROUGE"}]},{"@type":"WebSite","@id":"https:\/\/coolcasc.com\/#website","url":"https:\/\/coolcasc.com\/","name":"Coolcasc","description":"Seguridad, moda y dise\u00f1o utilizando las fundas para casco Coolcasc en la pr\u00e1ctica de cualquier deporte.","publisher":{"@id":"https:\/\/coolcasc.com\/#organization"},"potentialAction":[{"@type":"SearchAction","target":{"@type":"EntryPoint","urlTemplate":"https:\/\/coolcasc.com\/?s={search_term_string}"},"query-input":{"@type":"PropertyValueSpecification","valueRequired":true,"valueName":"search_term_string"}}],"inLanguage":"fr-FR"},{"@type":"Organization","@id":"https:\/\/coolcasc.com\/#organization","name":"Fundas para cascos Coolcasc","url":"https:\/\/coolcasc.com\/","logo":{"@type":"ImageObject","inLanguage":"fr-FR","@id":"https:\/\/coolcasc.com\/#\/schema\/logo\/image\/","url":"https:\/\/coolcasc.com\/wp-content\/uploads\/2018\/12\/Blue_header.png","contentUrl":"https:\/\/coolcasc.com\/wp-content\/uploads\/2018\/12\/Blue_header.png","width":300,"height":180,"caption":"Fundas para cascos Coolcasc"},"image":{"@id":"https:\/\/coolcasc.com\/#\/schema\/logo\/image\/"},"sameAs":["https:\/\/www.facebook.com\/COOLCASC\/","https:\/\/x.com\/coolcasc","https:\/\/www.instagram.com\/coolcasc\/"]}]}},"_links":{"self":[{"href":"https:\/\/coolcasc.com\/fr\/wp-json\/wp\/v2\/product\/28454","targetHints":{"allow":["GET"]}}],"collection":[{"href":"https:\/\/coolcasc.com\/fr\/wp-json\/wp\/v2\/product"}],"about":[{"href":"https:\/\/coolcasc.com\/fr\/wp-json\/wp\/v2\/types\/product"}],"replies":[{"embeddable":true,"href":"https:\/\/coolcasc.com\/fr\/wp-json\/wp\/v2\/comments?post=28454"}],"wp:featuredmedia":[{"embeddable":true,"href":"https:\/\/coolcasc.com\/fr\/wp-json\/wp\/v2\/media\/28341"}],"wp:attachment":[{"href":"https:\/\/coolcasc.com\/fr\/wp-json\/wp\/v2\/media?parent=28454"}],"wp:term":[{"taxonomy":"product_brand","embeddable":true,"href":"https:\/\/coolcasc.com\/fr\/wp-json\/wp\/v2\/product_brand?post=28454"},{"taxonomy":"product_cat","embeddable":true,"href":"https:\/\/coolcasc.com\/fr\/wp-json\/wp\/v2\/product_cat?post=28454"},{"taxonomy":"product_tag","embeddable":true,"href":"https:\/\/coolcasc.com\/fr\/wp-json\/wp\/v2\/product_tag?post=28454"}],"curies":[{"name":"wp","href":"https:\/\/api.w.org\/{rel}","templated":true}]}}