{"id":28621,"date":"2026-05-05T11:47:17","date_gmt":"2026-05-05T11:47:17","guid":{"rendered":"https:\/\/coolcasc.com\/?post_type=product&#038;p=28621"},"modified":"2026-05-05T11:47:56","modified_gmt":"2026-05-05T11:47:56","slug":"corona-rosa","status":"publish","type":"product","link":"https:\/\/coolcasc.com\/fr\/Housses de casque\/corona-rosa\/","title":{"rendered":"CORONA ROSA"},"content":{"rendered":"","protected":false},"excerpt":{"rendered":"<p data-section-id=\"1wgesd8\" data-start=\"96\" data-end=\"140\"><span role=\"text\"><strong data-start=\"100\" data-end=\"140\">Corona COOLCASC Rosa<\/strong><\/span><\/p>\n<p data-start=\"142\" data-end=\"224\"><strong data-start=\"142\" data-end=\"155\">Material:<\/strong> Pl\u00e1stico resistente con sistema de ventosa y adhesivo de doble cara.<\/p>\n<p data-start=\"226\" data-end=\"448\">\u00bfQuieres coronar tu casco con un toque divertido y original? La corona amarilla de COOLCASC transforma cualquier casco de bicicleta, casco MTB, casco de patinete el\u00e9ctrico, casco de moto tanto integral como jet, casco de esqui, snowboard o skate, en un accesorio \u00fanico y llamativo.<\/p>\n<p data-start=\"450\" data-end=\"662\">Se instala en segundos gracias al sistema de ventosa y adhesivo, garantizando una fijaci\u00f3n firme sin necesidad de herramientas. Dise\u00f1o ligero y resistente que no interfiere en la seguridad del casco.<\/p>\n<p data-start=\"664\" data-end=\"739\">Compatible con cualquier casco.<\/p>\n<p data-start=\"741\" data-end=\"812\"><strong data-start=\"741\" data-end=\"753\">Incluye:<\/strong> 1 corona decorativa, 1 ventosa y 1 adhesivo de doble cara.<\/p>\n<p data-start=\"814\" data-end=\"855\">Medida \u00fanica adaptable a todos los cascos.<\/p>\n","protected":false},"featured_media":0,"comment_status":"closed","ping_status":"closed","template":"","meta":[],"product_brand":[],"product_cat":[437,24],"product_tag":[],"class_list":{"0":"post-28621","1":"product","2":"type-product","3":"status-publish","5":"product_cat-add-ons","6":"product_cat-colecciones","8":"first","9":"instock","10":"taxable","11":"shipping-taxable","12":"purchasable","13":"product-type-simple"},"yoast_head":"<!-- This site is optimized with the Yoast SEO plugin v27.4 - https:\/\/yoast.com\/product\/yoast-seo-wordpress\/ -->\n<title>CORONA ROSA - Coolcasc<\/title>\n<meta name=\"robots\" content=\"index, follow, max-snippet:-1, max-image-preview:large, max-video-preview:-1\" \/>\n<link rel=\"canonical\" href=\"https:\/\/coolcasc.com\/funda-para-casco\/corona-rosa\/\" \/>\n<meta property=\"og:locale\" content=\"fr_FR\" \/>\n<meta property=\"og:type\" content=\"article\" \/>\n<meta property=\"og:title\" content=\"CORONA ROSA - Coolcasc\" \/>\n<meta property=\"og:description\" content=\"Corona COOLCASC Rosa Material: Pl\u00e1stico resistente con sistema de ventosa y adhesivo de doble cara. \u00bfQuieres coronar tu casco con un toque divertido y original? La corona amarilla de COOLCASC transforma cualquier casco de bicicleta, casco MTB, casco de patinete el\u00e9ctrico, casco de moto tanto integral como jet, casco de esqui, snowboard o skate, en un accesorio \u00fanico y llamativo. Se instala en segundos gracias al sistema de ventosa y adhesivo, garantizando una fijaci\u00f3n firme sin necesidad de herramientas. Dise\u00f1o ligero y resistente que no interfiere en la seguridad del casco. Compatible con cualquier casco. Incluye: 1 corona decorativa, 1 ventosa y 1 adhesivo de doble cara. Medida \u00fanica adaptable a todos los cascos.\" \/>\n<meta property=\"og:url\" content=\"https:\/\/coolcasc.com\/funda-para-casco\/corona-rosa\/\" \/>\n<meta property=\"og:site_name\" content=\"Coolcasc\" \/>\n<meta property=\"article:publisher\" content=\"https:\/\/www.facebook.com\/COOLCASC\/\" \/>\n<meta property=\"article:modified_time\" content=\"2026-05-05T11:47:56+00:00\" \/>\n<meta name=\"twitter:card\" content=\"summary_large_image\" \/>\n<meta name=\"twitter:site\" content=\"@coolcasc\" \/>\n<script type=\"application\/ld+json\" class=\"yoast-schema-graph\">{\"@context\":\"https:\\\/\\\/schema.org\",\"@graph\":[{\"@type\":\"WebPage\",\"@id\":\"https:\\\/\\\/coolcasc.com\\\/funda-para-casco\\\/corona-rosa\\\/\",\"url\":\"https:\\\/\\\/coolcasc.com\\\/funda-para-casco\\\/corona-rosa\\\/\",\"name\":\"CORONA ROSA - Coolcasc\",\"isPartOf\":{\"@id\":\"https:\\\/\\\/coolcasc.com\\\/#website\"},\"datePublished\":\"2026-05-05T11:47:17+00:00\",\"dateModified\":\"2026-05-05T11:47:56+00:00\",\"breadcrumb\":{\"@id\":\"https:\\\/\\\/coolcasc.com\\\/funda-para-casco\\\/corona-rosa\\\/#breadcrumb\"},\"inLanguage\":\"fr-FR\",\"potentialAction\":[{\"@type\":\"ReadAction\",\"target\":[\"https:\\\/\\\/coolcasc.com\\\/funda-para-casco\\\/corona-rosa\\\/\"]}]},{\"@type\":\"BreadcrumbList\",\"@id\":\"https:\\\/\\\/coolcasc.com\\\/funda-para-casco\\\/corona-rosa\\\/#breadcrumb\",\"itemListElement\":[{\"@type\":\"ListItem\",\"position\":1,\"name\":\"Portada\",\"item\":\"https:\\\/\\\/coolcasc.com\\\/fr\\\/\"},{\"@type\":\"ListItem\",\"position\":2,\"name\":\"Tienda\",\"item\":\"https:\\\/\\\/coolcasc.com\\\/fr\\\/tienda\\\/\"},{\"@type\":\"ListItem\",\"position\":3,\"name\":\"CORONA ROSA\"}]},{\"@type\":\"WebSite\",\"@id\":\"https:\\\/\\\/coolcasc.com\\\/#website\",\"url\":\"https:\\\/\\\/coolcasc.com\\\/\",\"name\":\"Coolcasc\",\"description\":\"Seguridad, moda y dise\u00f1o utilizando las fundas para casco Coolcasc en la pr\u00e1ctica de cualquier deporte.\",\"publisher\":{\"@id\":\"https:\\\/\\\/coolcasc.com\\\/#organization\"},\"potentialAction\":[{\"@type\":\"SearchAction\",\"target\":{\"@type\":\"EntryPoint\",\"urlTemplate\":\"https:\\\/\\\/coolcasc.com\\\/?s={search_term_string}\"},\"query-input\":{\"@type\":\"PropertyValueSpecification\",\"valueRequired\":true,\"valueName\":\"search_term_string\"}}],\"inLanguage\":\"fr-FR\"},{\"@type\":\"Organization\",\"@id\":\"https:\\\/\\\/coolcasc.com\\\/#organization\",\"name\":\"Fundas para cascos Coolcasc\",\"url\":\"https:\\\/\\\/coolcasc.com\\\/\",\"logo\":{\"@type\":\"ImageObject\",\"inLanguage\":\"fr-FR\",\"@id\":\"https:\\\/\\\/coolcasc.com\\\/#\\\/schema\\\/logo\\\/image\\\/\",\"url\":\"https:\\\/\\\/coolcasc.com\\\/wp-content\\\/uploads\\\/2018\\\/12\\\/Blue_header.png\",\"contentUrl\":\"https:\\\/\\\/coolcasc.com\\\/wp-content\\\/uploads\\\/2018\\\/12\\\/Blue_header.png\",\"width\":300,\"height\":180,\"caption\":\"Fundas para cascos Coolcasc\"},\"image\":{\"@id\":\"https:\\\/\\\/coolcasc.com\\\/#\\\/schema\\\/logo\\\/image\\\/\"},\"sameAs\":[\"https:\\\/\\\/www.facebook.com\\\/COOLCASC\\\/\",\"https:\\\/\\\/x.com\\\/coolcasc\",\"https:\\\/\\\/www.instagram.com\\\/coolcasc\\\/\"]}]}<\/script>\n<!-- \/ Yoast SEO plugin. -->","yoast_head_json":{"title":"CORONA ROSA - Coolcasc","robots":{"index":"index","follow":"follow","max-snippet":"max-snippet:-1","max-image-preview":"max-image-preview:large","max-video-preview":"max-video-preview:-1"},"canonical":"https:\/\/coolcasc.com\/funda-para-casco\/corona-rosa\/","og_locale":"fr_FR","og_type":"article","og_title":"CORONA ROSA - Coolcasc","og_description":"Corona COOLCASC Rosa Material: Pl\u00e1stico resistente con sistema de ventosa y adhesivo de doble cara. \u00bfQuieres coronar tu casco con un toque divertido y original? La corona amarilla de COOLCASC transforma cualquier casco de bicicleta, casco MTB, casco de patinete el\u00e9ctrico, casco de moto tanto integral como jet, casco de esqui, snowboard o skate, en un accesorio \u00fanico y llamativo. Se instala en segundos gracias al sistema de ventosa y adhesivo, garantizando una fijaci\u00f3n firme sin necesidad de herramientas. Dise\u00f1o ligero y resistente que no interfiere en la seguridad del casco. Compatible con cualquier casco. Incluye: 1 corona decorativa, 1 ventosa y 1 adhesivo de doble cara. Medida \u00fanica adaptable a todos los cascos.","og_url":"https:\/\/coolcasc.com\/funda-para-casco\/corona-rosa\/","og_site_name":"Coolcasc","article_publisher":"https:\/\/www.facebook.com\/COOLCASC\/","article_modified_time":"2026-05-05T11:47:56+00:00","twitter_card":"summary_large_image","twitter_site":"@coolcasc","schema":{"@context":"https:\/\/schema.org","@graph":[{"@type":"WebPage","@id":"https:\/\/coolcasc.com\/funda-para-casco\/corona-rosa\/","url":"https:\/\/coolcasc.com\/funda-para-casco\/corona-rosa\/","name":"CORONA ROSA - Coolcasc","isPartOf":{"@id":"https:\/\/coolcasc.com\/#website"},"datePublished":"2026-05-05T11:47:17+00:00","dateModified":"2026-05-05T11:47:56+00:00","breadcrumb":{"@id":"https:\/\/coolcasc.com\/funda-para-casco\/corona-rosa\/#breadcrumb"},"inLanguage":"fr-FR","potentialAction":[{"@type":"ReadAction","target":["https:\/\/coolcasc.com\/funda-para-casco\/corona-rosa\/"]}]},{"@type":"BreadcrumbList","@id":"https:\/\/coolcasc.com\/funda-para-casco\/corona-rosa\/#breadcrumb","itemListElement":[{"@type":"ListItem","position":1,"name":"Portada","item":"https:\/\/coolcasc.com\/fr\/"},{"@type":"ListItem","position":2,"name":"Tienda","item":"https:\/\/coolcasc.com\/fr\/tienda\/"},{"@type":"ListItem","position":3,"name":"CORONA ROSA"}]},{"@type":"WebSite","@id":"https:\/\/coolcasc.com\/#website","url":"https:\/\/coolcasc.com\/","name":"Coolcasc","description":"Seguridad, moda y dise\u00f1o utilizando las fundas para casco Coolcasc en la pr\u00e1ctica de cualquier deporte.","publisher":{"@id":"https:\/\/coolcasc.com\/#organization"},"potentialAction":[{"@type":"SearchAction","target":{"@type":"EntryPoint","urlTemplate":"https:\/\/coolcasc.com\/?s={search_term_string}"},"query-input":{"@type":"PropertyValueSpecification","valueRequired":true,"valueName":"search_term_string"}}],"inLanguage":"fr-FR"},{"@type":"Organization","@id":"https:\/\/coolcasc.com\/#organization","name":"Fundas para cascos Coolcasc","url":"https:\/\/coolcasc.com\/","logo":{"@type":"ImageObject","inLanguage":"fr-FR","@id":"https:\/\/coolcasc.com\/#\/schema\/logo\/image\/","url":"https:\/\/coolcasc.com\/wp-content\/uploads\/2018\/12\/Blue_header.png","contentUrl":"https:\/\/coolcasc.com\/wp-content\/uploads\/2018\/12\/Blue_header.png","width":300,"height":180,"caption":"Fundas para cascos Coolcasc"},"image":{"@id":"https:\/\/coolcasc.com\/#\/schema\/logo\/image\/"},"sameAs":["https:\/\/www.facebook.com\/COOLCASC\/","https:\/\/x.com\/coolcasc","https:\/\/www.instagram.com\/coolcasc\/"]}]}},"_links":{"self":[{"href":"https:\/\/coolcasc.com\/fr\/wp-json\/wp\/v2\/product\/28621","targetHints":{"allow":["GET"]}}],"collection":[{"href":"https:\/\/coolcasc.com\/fr\/wp-json\/wp\/v2\/product"}],"about":[{"href":"https:\/\/coolcasc.com\/fr\/wp-json\/wp\/v2\/types\/product"}],"replies":[{"embeddable":true,"href":"https:\/\/coolcasc.com\/fr\/wp-json\/wp\/v2\/comments?post=28621"}],"wp:attachment":[{"href":"https:\/\/coolcasc.com\/fr\/wp-json\/wp\/v2\/media?parent=28621"}],"wp:term":[{"taxonomy":"product_brand","embeddable":true,"href":"https:\/\/coolcasc.com\/fr\/wp-json\/wp\/v2\/product_brand?post=28621"},{"taxonomy":"product_cat","embeddable":true,"href":"https:\/\/coolcasc.com\/fr\/wp-json\/wp\/v2\/product_cat?post=28621"},{"taxonomy":"product_tag","embeddable":true,"href":"https:\/\/coolcasc.com\/fr\/wp-json\/wp\/v2\/product_tag?post=28621"}],"curies":[{"name":"wp","href":"https:\/\/api.w.org\/{rel}","templated":true}]}}