{"id":8749,"date":"2018-11-16T23:40:21","date_gmt":"2018-11-16T23:40:21","guid":{"rendered":"http:\/\/coolcasc.com\/funda-para-casco\/bronze-fourrure-brun\/"},"modified":"2025-10-31T21:09:53","modified_gmt":"2025-10-31T21:09:53","slug":"bronze-fourrure-brun","status":"publish","type":"product","link":"https:\/\/coolcasc.com\/fr\/Housses de casque\/bronze-fourrure-brun\/","title":{"rendered":"Bronze Fourrure Brun"},"content":{"rendered":"<div class=\"row row-collapse row-full-width\"  id=\"row-520035473\">\n\n\t<div id=\"col-685341690\" class=\"col medium-6 large-6\"  >\n\t\t\t\t<div class=\"col-inner text-center dark\"  >\n\t\t\t\n\t\t\t\n\t<div class=\"img has-hover x md-x lg-x y md-y lg-y\" id=\"image_862891743\">\n\t\t\t\t\t\t\t\t<div class=\"img-inner dark\" style=\"margin:0px 10px 0 10px;\">\n\t\t\t<img loading=\"lazy\" decoding=\"async\" width=\"505\" height=\"505\" src=\"https:\/\/coolcasc.com\/wp-content\/uploads\/Colecciones\/Exclusive\/Live\/Funda-casco-bronce-Piel-Marr\u00f3n-sonrisa.jpg\" class=\"attachment-original size-original\" alt=\"Funda casco bronce Piel Marr\u00f3n sonrisa\" \/>\t\t\t\t\t\t\n\t\t\t\t\t<\/div>\n\t\t\t\t\t\t\t\t\n<style>\n#image_862891743 {\n  width: 100%;\n}\n<\/style>\n\t<\/div>\n\t\n\t<div class=\"img has-hover x md-x lg-x y md-y lg-y\" id=\"image_466008919\">\n\t\t\t\t\t\t\t\t<div class=\"img-inner dark\" style=\"margin:0px 10px 0 10px;\">\n\t\t\t<img loading=\"lazy\" decoding=\"async\" width=\"505\" height=\"505\" src=\"https:\/\/coolcasc.com\/wp-content\/uploads\/Colecciones\/Exclusive\/Live\/Funda-casco-bronce-Piel-Marr\u00f3n-Ski.jpg\" class=\"attachment-original size-original\" alt=\"\" \/>\t\t\t\t\t\t\n\t\t\t\t\t<\/div>\n\t\t\t\t\t\t\t\t\n<style>\n#image_466008919 {\n  width: 100%;\n}\n<\/style>\n\t<\/div>\n\t\n\t\t<\/div>\n\t\t\t\t\t<\/div>\n\n\t\n\n\t<div id=\"col-1113323496\" class=\"col medium-6 large-6\"  >\n\t\t\t\t<div class=\"col-inner\"  >\n\t\t\t\n\t\t\t\n\t<div class=\"img has-hover x md-x lg-x y md-y lg-y\" id=\"image_1579624290\">\n\t\t\t\t\t\t\t\t<div class=\"img-inner dark\" style=\"margin:0px 10px 0 10px;\">\n\t\t\t<img loading=\"lazy\" decoding=\"async\" width=\"505\" height=\"505\" src=\"https:\/\/coolcasc.com\/wp-content\/uploads\/Colecciones\/Exclusive\/Live\/Funda-casco-bronce-Piel-Marr\u00f3n-Adulto.jpg\" class=\"attachment-original size-original\" alt=\"Funda casco bronce Piel Marr\u00f3n Adulto\" \/>\t\t\t\t\t\t\n\t\t\t\t\t<\/div>\n\t\t\t\t\t\t\t\t\n<style>\n#image_1579624290 {\n  width: 100%;\n}\n<\/style>\n\t<\/div>\n\t\n\t<div class=\"img has-hover x md-x lg-x y md-y lg-y\" id=\"image_607311153\">\n\t\t\t\t\t\t\t\t<div class=\"img-inner dark\" style=\"margin:0px 10px 0 10px;\">\n\t\t\t<img loading=\"lazy\" decoding=\"async\" width=\"505\" height=\"505\" src=\"https:\/\/coolcasc.com\/wp-content\/uploads\/Colecciones\/Exclusive\/Live\/Funda-casco-bronce-Piel-Marr\u00f3n-retrato.jpg\" class=\"attachment-original size-original\" alt=\"Funda casco bronce Piel Marr\u00f3n retrato\" \/>\t\t\t\t\t\t\n\t\t\t\t\t<\/div>\n\t\t\t\t\t\t\t\t\n<style>\n#image_607311153 {\n  width: 100%;\n}\n<\/style>\n\t<\/div>\n\t\n\t\t<\/div>\n\t\t\t\t\t<\/div>\n\n\t\n<\/div>\n<div class=\"container section-title-container\" style=\"margin-bottom:0px;\"><h3 class=\"section-title section-title-center\"><b aria-hidden=\"true\"><\/b><span class=\"section-title-main\" style=\"font-size:92%;\">POURQUOI METTRE UN COOLCASC \u00c0 MON CASQUE?<\/span><b aria-hidden=\"true\"><\/b><\/h3><\/div>\n<div class=\"row row-small\"  id=\"row-216348233\">\n\n\t<div id=\"col-491429174\" class=\"col medium-4 small-12 large-4\"  >\n\t\t\t\t<div class=\"col-inner text-center\"  >\n\t\t\t\n\t\t\t\n<ul>\n<li style=\"text-align: left;\">Parce que je peux rapidement renouveler l&rsquo;aspect de mon casque..<\/li>\n<li style=\"text-align: left;\">Parce que je change de style quand je veux.<\/li>\n<li style=\"text-align: left;\">Parce qu&rsquo;il me pla\u00eet de diff\u00e9rer du reste.<\/li>\n<li style=\"text-align: left;\">Parce que je prot\u00e8ge mon casque des rayures.<\/li>\n<\/ul>\n\t\t<\/div>\n\t\t\t\t\n<style>\n#col-491429174 > .col-inner {\n  margin: -35px 0px 0px 0px;\n}\n<\/style>\n\t<\/div>\n\n\t\n\n\t<div id=\"col-1965605684\" class=\"col medium-4 small-12 large-4\"  >\n\t\t\t\t<div class=\"col-inner text-center\"  >\n\t\t\t\n\t\t\t\n\t<div class=\"img has-hover x md-x lg-x y md-y lg-y\" id=\"image_1208108346\">\n\t\t\t\t\t\t\t\t<div class=\"img-inner dark\" style=\"margin:-5px 0px 0px 0px;\">\n\t\t\t<img loading=\"lazy\" decoding=\"async\" width=\"500\" height=\"500\" src=\"https:\/\/coolcasc.com\/wp-content\/uploads\/Colecciones\/Exclusive\/Funda-casco-Bronce-Piel-Marr\u00f3n-Frontal.jpg\" class=\"attachment-original size-original\" alt=\"Funda casco bronce Piel Marr\u00f3n Frontal\" \/>\t\t\t\t\t\t\n\t\t\t\t\t<\/div>\n\t\t\t\t\t\t\t\t\n<style>\n#image_1208108346 {\n  width: 80%;\n}\n<\/style>\n\t<\/div>\n\t\n\t\t<\/div>\n\t\t\t\t\n<style>\n#col-1965605684 > .col-inner {\n  padding: 0px 0px 0px 0px;\n  margin: 0px 0px -17px 0px;\n}\n<\/style>\n\t<\/div>\n\n\t\n\n\t<div id=\"col-868418639\" class=\"col medium-4 small-12 large-4\"  >\n\t\t\t\t<div class=\"col-inner\"  >\n\t\t\t\n\t\t\t\n<ul>\n<li style=\"text-align: left;\">Parce que je peux l\u00b4utiliser toute l&rsquo;ann\u00e9e, pour n&rsquo;importe quel casque et dans n&rsquo;importe quel sport.<\/li>\n<li style=\"text-align: left;\">Parce qu&rsquo;il me pla\u00eet de mettre une touche de couleur et d&rsquo;humour\u00a0 \u00e0 ma vie.<\/li>\n<li style=\"text-align: left;\">Parce qu&rsquo;\u00e0 je suis plus visible donc je vais beaucoup plus s\u00fbr.<\/li>\n<\/ul>\n\t\t<\/div>\n\t\t\t\t\n<style>\n#col-868418639 > .col-inner {\n  margin: -35px 0px 0px 0px;\n}\n<\/style>\n\t<\/div>\n\n\t\n\n<style>\n#row-216348233 > .col > .col-inner {\n  padding: 55px 0px 0px 0px;\n}\n<\/style>\n<\/div>\n\n  <div class=\"banner has-hover\" id=\"banner-1281088490\">\n          <div class=\"banner-inner fill\">\n        <div class=\"banner-bg fill\" >\n            <img loading=\"lazy\" decoding=\"async\" width=\"1050\" height=\"647\" src=\"https:\/\/coolcasc.com\/wp-content\/uploads\/Colecciones\/Exclusive\/Live\/Funda-casco-bronce-Piel-Marr\u00f3n-paisaje.jpg\" class=\"bg attachment-original size-original\" alt=\"Funda casco bronce Piel Marr\u00f3n paisaje\" \/>                                    \n\t<div class=\"is-border\"\n\t\tstyle=\"border-color:rgb(255, 255, 255);border-width:15px 10px 0px 10px;\">\n\t<\/div>\n                    <\/div>\n\t\t\n        <div class=\"banner-layers container\">\n            <div class=\"fill banner-link\"><\/div>            \n   <div id=\"text-box-646988145\" class=\"text-box banner-layer x5 md-x5 lg-x5 y95 md-y95 lg-y95 res-text\">\n                                <div class=\"text-box-content text dark\">\n              \n              <div class=\"text-inner text-left\">\n                  \n<h2 class=\"uppercase\"><strong>Bronze fourrure brun<\/strong><\/h2>\n<a href=\"http:\/\/coolcasc-tienda.com\/epages\/ec1588.sf\/es_ES\/?ObjectPath=\/Shops\/ec1588\/Products\/E003\" target=\"_blank\" class=\"button primary is-outline is-smaller\" rel=\"noopener\" >\n\t\t<span>aller \u00e0 la boutique<\/span>\n\t<\/a>\n\n              <\/div>\n           <\/div>\n                            \n<style>\n#text-box-646988145 {\n  width: 60%;\n}\n#text-box-646988145 .text-box-content {\n  font-size: 100%;\n}\n@media (min-width:550px) {\n  #text-box-646988145 {\n    width: 46%;\n  }\n}\n<\/style>\n    <\/div>\n \n        <\/div>\n      <\/div>\n\n            \n<style>\n#banner-1281088490 {\n  padding-top: 61%;\n}\n#banner-1281088490 .banner-bg img {\n  object-position: 52% 15%;\n}\n<\/style>\n  <\/div>\n\n\n<div class=\"row\"  id=\"row-2087608531\">\n\n\t<div id=\"col-1565335539\" class=\"col medium-4 small-12 large-4\"  >\n\t\t\t\t<div class=\"col-inner text-center\"  >\n\t\t\t\n\t\t\t\n<div class=\"container section-title-container\" style=\"margin-bottom:0px;\"><h3 class=\"section-title section-title-center\"><b aria-hidden=\"true\"><\/b><span class=\"section-title-main\" style=\"font-size:92%;\">PACKAGING<\/span><b aria-hidden=\"true\"><\/b><\/h3><\/div>\n<p>Le produit vient dans un blister personnalis\u00e9 de Bronze fourrure brun, avec images du casque avec la housse de Bronze fourrure brun et les instructions d&rsquo;usage.<\/p>\n<p>Le design et finition du blister changent chaque COOLCASC en cadeau original et excellent.<\/p>\n\t\t<\/div>\n\t\t\t\t\t<\/div>\n\n\t\n\n\t<div id=\"col-1624924491\" class=\"col medium-4 small-12 large-4\"  >\n\t\t\t\t<div class=\"col-inner text-center\"  >\n\t\t\t\n\t\t\t\n<div class=\"container section-title-container\" style=\"margin-bottom:0px;\"><h3 class=\"section-title section-title-center\"><b aria-hidden=\"true\"><\/b><span class=\"section-title-main\" style=\"font-size:96%;\">ENTRETIEN ET LAVAGE<\/span><b aria-hidden=\"true\"><\/b><\/h3><\/div>\n<p>Un produit fabriqu\u00e9 dans lycra \u00ae<br \/>\nLaver un maximum \u00e0 30 \u00ba Celsius (65-85 F)<br \/>\nPas traitement d&rsquo;eau de Javel<br \/>\nS\u00e9chage en machine interdit<br \/>\nRepassage interdit.<\/p>\n<p>Ne pas laver avec des accessoires en fausse fourrure. Retirer avant de laver.<\/p>\n\t\t<\/div>\n\t\t\t\t\t<\/div>\n\n\t\n\n\t<div id=\"col-909111670\" class=\"col medium-4 small-12 large-4\"  >\n\t\t\t\t<div class=\"col-inner text-center\"  >\n\t\t\t\n\t\t\t\n<div class=\"container section-title-container\" style=\"margin-bottom:0px;\"><h3 class=\"section-title section-title-center\"><b aria-hidden=\"true\"><\/b><span class=\"section-title-main\" style=\"font-size:96%;\">QUALITY<\/span><b aria-hidden=\"true\"><\/b><\/h3><\/div>\n<p>Nos produits ont un design tr\u00e9s soign\u00e9 \u00a0et sont fabriqu\u00e9s par des mati\u00e8res premi\u00e8res de la plus haute qualit\u00e9.<\/p>\n<p>Tous les produits COOLCASC \u00ae r\u00e9visent manuellement et individuellement en suivant un protocole strict de contr\u00f4le de qualit\u00e9.<\/p>\n\t\t<\/div>\n\t\t\t\t\t<\/div>\n\n\t\n<\/div>\n","protected":false},"excerpt":{"rendered":"<p class=\"productDescription\">\u00c9l\u00e9gant et original. En lycra brillant couleur bronze et fourrure marron.<\/p>\n<p>&nbsp;<\/p>\n<p><strong>Mat\u00e9riel:<\/strong> 83% Polyamide y 17% Elast\u00e1n.<\/p>\n<p><strong>Taille unique: <\/strong> s&rsquo;adapte \u00e0 n&rsquo;importe quelle taille de casque.<\/p>\n<p><strong>Multisport:<\/strong> Apte aux casques de ski, de bicyclette, trottinette, patinage, skate et m\u00eame moto.<\/p>\n<p><strong>Adaptable<\/strong> aux casques d&rsquo;oreillette molle. Une ouverture post\u00e9rieure pour fixer les lunettes dans des casques de ski.<\/p>\n","protected":false},"featured_media":4516,"comment_status":"closed","ping_status":"closed","template":"","meta":[],"product_brand":[],"product_cat":[97],"product_tag":[222,135,225,149,155],"class_list":{"0":"post-8749","1":"product","2":"type-product","3":"status-publish","4":"has-post-thumbnail","6":"product_cat-exclusive-fr","7":"product_tag-bronze-fr","8":"product_tag-casque","9":"product_tag-etui","10":"product_tag-exclusive-fr","11":"product_tag-marron-fr","13":"first","14":"instock","15":"taxable","16":"shipping-taxable","17":"purchasable","18":"product-type-simple"},"yoast_head":"<!-- This site is optimized with the Yoast SEO plugin v27.2 - https:\/\/yoast.com\/product\/yoast-seo-wordpress\/ -->\n<title>Couvre casque Bronze fourrure brun - Coolcasc<\/title>\n<meta name=\"description\" content=\"Cette housse de casque est tr\u00e8s chic et originale. Con\u00e7u en lycra m\u00e9tallique de couleur bronze \u00e9clatante et de doux cheveux bruns fonc\u00e9s. L&#039;\u00e9l\u00e9gance faite retrouv\u00e9e.\" \/>\n<meta name=\"robots\" content=\"index, follow, max-snippet:-1, max-image-preview:large, max-video-preview:-1\" \/>\n<link rel=\"canonical\" href=\"https:\/\/coolcasc.com\/fr\/Housses%20de%20casque\/bronze-fourrure-brun\/\" \/>\n<meta property=\"og:locale\" content=\"fr_FR\" \/>\n<meta property=\"og:type\" content=\"article\" \/>\n<meta property=\"og:title\" content=\"Couvre casque Bronze fourrure brun - Coolcasc\" \/>\n<meta property=\"og:description\" content=\"Cette housse de casque est tr\u00e8s chic et originale. Con\u00e7u en lycra m\u00e9tallique de couleur bronze \u00e9clatante et de doux cheveux bruns fonc\u00e9s. L&#039;\u00e9l\u00e9gance faite retrouv\u00e9e.\" \/>\n<meta property=\"og:url\" content=\"https:\/\/coolcasc.com\/fr\/Housses de casque\/bronze-fourrure-brun\/\" \/>\n<meta property=\"og:site_name\" content=\"Coolcasc\" \/>\n<meta property=\"article:publisher\" content=\"https:\/\/www.facebook.com\/COOLCASC\/\" \/>\n<meta property=\"article:modified_time\" content=\"2025-10-31T21:09:53+00:00\" \/>\n<meta property=\"og:image\" content=\"https:\/\/coolcasc.com\/wp-content\/uploads\/Colecciones\/Exclusive\/Funda-casco-Bronce-Piel-Marr\u00f3n-Tercio.jpg\" \/>\n\t<meta property=\"og:image:width\" content=\"500\" \/>\n\t<meta property=\"og:image:height\" content=\"500\" \/>\n\t<meta property=\"og:image:type\" content=\"image\/jpeg\" \/>\n<meta name=\"twitter:card\" content=\"summary_large_image\" \/>\n<meta name=\"twitter:site\" content=\"@coolcasc\" \/>\n<meta name=\"twitter:label1\" content=\"Dur\u00e9e de lecture estim\u00e9e\" \/>\n\t<meta name=\"twitter:data1\" content=\"2 minutes\" \/>\n<script type=\"application\/ld+json\" class=\"yoast-schema-graph\">{\"@context\":\"https:\/\/schema.org\",\"@graph\":[{\"@type\":\"WebPage\",\"@id\":\"https:\/\/coolcasc.com\/fr\/Housses de casque\/bronze-fourrure-brun\/\",\"url\":\"https:\/\/coolcasc.com\/fr\/Housses de casque\/bronze-fourrure-brun\/\",\"name\":\"Couvre casque Bronze fourrure brun - Coolcasc\",\"isPartOf\":{\"@id\":\"https:\/\/coolcasc.com\/#website\"},\"primaryImageOfPage\":{\"@id\":\"https:\/\/coolcasc.com\/fr\/Housses de casque\/bronze-fourrure-brun\/#primaryimage\"},\"image\":{\"@id\":\"https:\/\/coolcasc.com\/fr\/Housses de casque\/bronze-fourrure-brun\/#primaryimage\"},\"thumbnailUrl\":\"https:\/\/coolcasc.com\/wp-content\/uploads\/Colecciones\/Exclusive\/Funda-casco-Bronce-Piel-Marr\u00f3n-Tercio.jpg\",\"datePublished\":\"2018-11-16T23:40:21+00:00\",\"dateModified\":\"2025-10-31T21:09:53+00:00\",\"description\":\"Cette housse de casque est tr\u00e8s chic et originale. Con\u00e7u en lycra m\u00e9tallique de couleur bronze \u00e9clatante et de doux cheveux bruns fonc\u00e9s. L'\u00e9l\u00e9gance faite retrouv\u00e9e.\",\"breadcrumb\":{\"@id\":\"https:\/\/coolcasc.com\/fr\/Housses de casque\/bronze-fourrure-brun\/#breadcrumb\"},\"inLanguage\":\"fr-FR\",\"potentialAction\":[{\"@type\":\"ReadAction\",\"target\":[\"https:\/\/coolcasc.com\/fr\/Housses de casque\/bronze-fourrure-brun\/\"]}]},{\"@type\":\"ImageObject\",\"inLanguage\":\"fr-FR\",\"@id\":\"https:\/\/coolcasc.com\/fr\/Housses de casque\/bronze-fourrure-brun\/#primaryimage\",\"url\":\"https:\/\/coolcasc.com\/wp-content\/uploads\/Colecciones\/Exclusive\/Funda-casco-Bronce-Piel-Marr\u00f3n-Tercio.jpg\",\"contentUrl\":\"https:\/\/coolcasc.com\/wp-content\/uploads\/Colecciones\/Exclusive\/Funda-casco-Bronce-Piel-Marr\u00f3n-Tercio.jpg\",\"width\":500,\"height\":500,\"caption\":\"Funda casco Bronce Piel Marr\u00f3n Tercio\"},{\"@type\":\"BreadcrumbList\",\"@id\":\"https:\/\/coolcasc.com\/fr\/Housses de casque\/bronze-fourrure-brun\/#breadcrumb\",\"itemListElement\":[{\"@type\":\"ListItem\",\"position\":1,\"name\":\"Portada\",\"item\":\"https:\/\/coolcasc.com\/\"},{\"@type\":\"ListItem\",\"position\":2,\"name\":\"Tienda\",\"item\":\"https:\/\/coolcasc.com\/fr\/tienda\/\"},{\"@type\":\"ListItem\",\"position\":3,\"name\":\"Bronze Fourrure Brun\"}]},{\"@type\":\"WebSite\",\"@id\":\"https:\/\/coolcasc.com\/#website\",\"url\":\"https:\/\/coolcasc.com\/\",\"name\":\"Coolcasc\",\"description\":\"Seguridad, moda y dise\u00f1o utilizando las fundas para casco Coolcasc en la pr\u00e1ctica de cualquier deporte.\",\"publisher\":{\"@id\":\"https:\/\/coolcasc.com\/#organization\"},\"potentialAction\":[{\"@type\":\"SearchAction\",\"target\":{\"@type\":\"EntryPoint\",\"urlTemplate\":\"https:\/\/coolcasc.com\/?s={search_term_string}\"},\"query-input\":{\"@type\":\"PropertyValueSpecification\",\"valueRequired\":true,\"valueName\":\"search_term_string\"}}],\"inLanguage\":\"fr-FR\"},{\"@type\":\"Organization\",\"@id\":\"https:\/\/coolcasc.com\/#organization\",\"name\":\"Fundas para cascos Coolcasc\",\"url\":\"https:\/\/coolcasc.com\/\",\"logo\":{\"@type\":\"ImageObject\",\"inLanguage\":\"fr-FR\",\"@id\":\"https:\/\/coolcasc.com\/#\/schema\/logo\/image\/\",\"url\":\"https:\/\/coolcasc.com\/wp-content\/uploads\/2018\/12\/Blue_header.png\",\"contentUrl\":\"https:\/\/coolcasc.com\/wp-content\/uploads\/2018\/12\/Blue_header.png\",\"width\":300,\"height\":180,\"caption\":\"Fundas para cascos Coolcasc\"},\"image\":{\"@id\":\"https:\/\/coolcasc.com\/#\/schema\/logo\/image\/\"},\"sameAs\":[\"https:\/\/www.facebook.com\/COOLCASC\/\",\"https:\/\/x.com\/coolcasc\",\"https:\/\/www.instagram.com\/coolcasc\/\"]}]}<\/script>\n<!-- \/ Yoast SEO plugin. -->","yoast_head_json":{"title":"Couvre casque Bronze fourrure brun - Coolcasc","description":"Cette housse de casque est tr\u00e8s chic et originale. Con\u00e7u en lycra m\u00e9tallique de couleur bronze \u00e9clatante et de doux cheveux bruns fonc\u00e9s. L'\u00e9l\u00e9gance faite retrouv\u00e9e.","robots":{"index":"index","follow":"follow","max-snippet":"max-snippet:-1","max-image-preview":"max-image-preview:large","max-video-preview":"max-video-preview:-1"},"canonical":"https:\/\/coolcasc.com\/fr\/Housses de casque\/bronze-fourrure-brun\/","og_locale":"fr_FR","og_type":"article","og_title":"Couvre casque Bronze fourrure brun - Coolcasc","og_description":"Cette housse de casque est tr\u00e8s chic et originale. Con\u00e7u en lycra m\u00e9tallique de couleur bronze \u00e9clatante et de doux cheveux bruns fonc\u00e9s. L'\u00e9l\u00e9gance faite retrouv\u00e9e.","og_url":"https:\/\/coolcasc.com\/fr\/Housses de casque\/bronze-fourrure-brun\/","og_site_name":"Coolcasc","article_publisher":"https:\/\/www.facebook.com\/COOLCASC\/","article_modified_time":"2025-10-31T21:09:53+00:00","og_image":[{"width":500,"height":500,"url":"https:\/\/coolcasc.com\/wp-content\/uploads\/Colecciones\/Exclusive\/Funda-casco-Bronce-Piel-Marr\u00f3n-Tercio.jpg","type":"image\/jpeg"}],"twitter_card":"summary_large_image","twitter_site":"@coolcasc","twitter_misc":{"Dur\u00e9e de lecture estim\u00e9e":"2 minutes"},"schema":{"@context":"https:\/\/schema.org","@graph":[{"@type":"WebPage","@id":"https:\/\/coolcasc.com\/fr\/Housses de casque\/bronze-fourrure-brun\/","url":"https:\/\/coolcasc.com\/fr\/Housses de casque\/bronze-fourrure-brun\/","name":"Couvre casque Bronze fourrure brun - Coolcasc","isPartOf":{"@id":"https:\/\/coolcasc.com\/#website"},"primaryImageOfPage":{"@id":"https:\/\/coolcasc.com\/fr\/Housses de casque\/bronze-fourrure-brun\/#primaryimage"},"image":{"@id":"https:\/\/coolcasc.com\/fr\/Housses de casque\/bronze-fourrure-brun\/#primaryimage"},"thumbnailUrl":"https:\/\/coolcasc.com\/wp-content\/uploads\/Colecciones\/Exclusive\/Funda-casco-Bronce-Piel-Marr\u00f3n-Tercio.jpg","datePublished":"2018-11-16T23:40:21+00:00","dateModified":"2025-10-31T21:09:53+00:00","description":"Cette housse de casque est tr\u00e8s chic et originale. Con\u00e7u en lycra m\u00e9tallique de couleur bronze \u00e9clatante et de doux cheveux bruns fonc\u00e9s. L'\u00e9l\u00e9gance faite retrouv\u00e9e.","breadcrumb":{"@id":"https:\/\/coolcasc.com\/fr\/Housses de casque\/bronze-fourrure-brun\/#breadcrumb"},"inLanguage":"fr-FR","potentialAction":[{"@type":"ReadAction","target":["https:\/\/coolcasc.com\/fr\/Housses de casque\/bronze-fourrure-brun\/"]}]},{"@type":"ImageObject","inLanguage":"fr-FR","@id":"https:\/\/coolcasc.com\/fr\/Housses de casque\/bronze-fourrure-brun\/#primaryimage","url":"https:\/\/coolcasc.com\/wp-content\/uploads\/Colecciones\/Exclusive\/Funda-casco-Bronce-Piel-Marr\u00f3n-Tercio.jpg","contentUrl":"https:\/\/coolcasc.com\/wp-content\/uploads\/Colecciones\/Exclusive\/Funda-casco-Bronce-Piel-Marr\u00f3n-Tercio.jpg","width":500,"height":500,"caption":"Funda casco Bronce Piel Marr\u00f3n Tercio"},{"@type":"BreadcrumbList","@id":"https:\/\/coolcasc.com\/fr\/Housses de casque\/bronze-fourrure-brun\/#breadcrumb","itemListElement":[{"@type":"ListItem","position":1,"name":"Portada","item":"https:\/\/coolcasc.com\/"},{"@type":"ListItem","position":2,"name":"Tienda","item":"https:\/\/coolcasc.com\/fr\/tienda\/"},{"@type":"ListItem","position":3,"name":"Bronze Fourrure Brun"}]},{"@type":"WebSite","@id":"https:\/\/coolcasc.com\/#website","url":"https:\/\/coolcasc.com\/","name":"Coolcasc","description":"Seguridad, moda y dise\u00f1o utilizando las fundas para casco Coolcasc en la pr\u00e1ctica de cualquier deporte.","publisher":{"@id":"https:\/\/coolcasc.com\/#organization"},"potentialAction":[{"@type":"SearchAction","target":{"@type":"EntryPoint","urlTemplate":"https:\/\/coolcasc.com\/?s={search_term_string}"},"query-input":{"@type":"PropertyValueSpecification","valueRequired":true,"valueName":"search_term_string"}}],"inLanguage":"fr-FR"},{"@type":"Organization","@id":"https:\/\/coolcasc.com\/#organization","name":"Fundas para cascos Coolcasc","url":"https:\/\/coolcasc.com\/","logo":{"@type":"ImageObject","inLanguage":"fr-FR","@id":"https:\/\/coolcasc.com\/#\/schema\/logo\/image\/","url":"https:\/\/coolcasc.com\/wp-content\/uploads\/2018\/12\/Blue_header.png","contentUrl":"https:\/\/coolcasc.com\/wp-content\/uploads\/2018\/12\/Blue_header.png","width":300,"height":180,"caption":"Fundas para cascos Coolcasc"},"image":{"@id":"https:\/\/coolcasc.com\/#\/schema\/logo\/image\/"},"sameAs":["https:\/\/www.facebook.com\/COOLCASC\/","https:\/\/x.com\/coolcasc","https:\/\/www.instagram.com\/coolcasc\/"]}]}},"_links":{"self":[{"href":"https:\/\/coolcasc.com\/fr\/wp-json\/wp\/v2\/product\/8749","targetHints":{"allow":["GET"]}}],"collection":[{"href":"https:\/\/coolcasc.com\/fr\/wp-json\/wp\/v2\/product"}],"about":[{"href":"https:\/\/coolcasc.com\/fr\/wp-json\/wp\/v2\/types\/product"}],"replies":[{"embeddable":true,"href":"https:\/\/coolcasc.com\/fr\/wp-json\/wp\/v2\/comments?post=8749"}],"wp:featuredmedia":[{"embeddable":true,"href":"https:\/\/coolcasc.com\/fr\/wp-json\/wp\/v2\/media\/4516"}],"wp:attachment":[{"href":"https:\/\/coolcasc.com\/fr\/wp-json\/wp\/v2\/media?parent=8749"}],"wp:term":[{"taxonomy":"product_brand","embeddable":true,"href":"https:\/\/coolcasc.com\/fr\/wp-json\/wp\/v2\/product_brand?post=8749"},{"taxonomy":"product_cat","embeddable":true,"href":"https:\/\/coolcasc.com\/fr\/wp-json\/wp\/v2\/product_cat?post=8749"},{"taxonomy":"product_tag","embeddable":true,"href":"https:\/\/coolcasc.com\/fr\/wp-json\/wp\/v2\/product_tag?post=8749"}],"curies":[{"name":"wp","href":"https:\/\/api.w.org\/{rel}","templated":true}]}}