{"id":8961,"date":"2018-11-20T22:05:00","date_gmt":"2018-11-20T22:05:00","guid":{"rendered":"http:\/\/coolcasc.com\/funda-para-casco\/dragon-madrid\/"},"modified":"2026-01-09T14:09:11","modified_gmt":"2026-01-09T14:09:11","slug":"dragon-madrid","status":"publish","type":"product","link":"https:\/\/coolcasc.com\/fr\/Housses de casque\/dragon-madrid\/","title":{"rendered":"Dragon Madrid"},"content":{"rendered":"<div class=\"row row-collapse row-full-width\"  id=\"row-1221407384\">\n\n\t<div id=\"col-1312963220\" class=\"col medium-6 large-6\"  >\n\t\t\t\t<div class=\"col-inner text-center dark\"  >\n\t\t\t\n\t\t\t\n\t<div class=\"img has-hover x md-x lg-x y md-y lg-y\" id=\"image_1367556353\">\n\t\t\t\t\t\t\t\t<div class=\"img-inner dark\" style=\"margin:0px 10px 0 10px;\">\n\t\t\t<img loading=\"lazy\" decoding=\"async\" width=\"505\" height=\"505\" src=\"https:\/\/coolcasc.com\/wp-content\/uploads\/Colecciones\/ShowTime\/Live\/Funda-casco-Drag\u00f3n-merengue-Snowboard.jpg\" class=\"attachment-original size-original\" alt=\"Funda casco Drag\u00f3n merengue Snowboard\" \/>\t\t\t\t\t\t\n\t\t\t\t\t<\/div>\n\t\t\t\t\t\t\t\t\n<style>\n#image_1367556353 {\n  width: 100%;\n}\n<\/style>\n\t<\/div>\n\t\n\t<div class=\"img has-hover x md-x lg-x y md-y lg-y\" id=\"image_711684319\">\n\t\t\t\t\t\t\t\t<div class=\"img-inner dark\" style=\"margin:0px 10px 0 10px;\">\n\t\t\t<img loading=\"lazy\" decoding=\"async\" width=\"505\" height=\"505\" src=\"https:\/\/coolcasc.com\/wp-content\/uploads\/2020\/06\/Funda-casco-Drag\u00f3n-Merengue-3.jpg\" class=\"attachment-original size-original\" alt=\"Funda casco Drag\u00f3n merengue Bici\" \/>\t\t\t\t\t\t\n\t\t\t\t\t<\/div>\n\t\t\t\t\t\t\t\t\n<style>\n#image_711684319 {\n  width: 100%;\n}\n<\/style>\n\t<\/div>\n\t\n\t\t<\/div>\n\t\t\t\t\t<\/div>\n\n\t\n\n\t<div id=\"col-962300345\" class=\"col medium-6 large-6\"  >\n\t\t\t\t<div class=\"col-inner\"  >\n\t\t\t\n\t\t\t\n\t<div class=\"img has-hover x md-x lg-x y md-y lg-y\" id=\"image_75184989\">\n\t\t\t\t\t\t\t\t<div class=\"img-inner dark\" style=\"margin:0px 10px 0 10px;\">\n\t\t\t<img loading=\"lazy\" decoding=\"async\" width=\"505\" height=\"505\" src=\"https:\/\/coolcasc.com\/wp-content\/uploads\/Colecciones\/ShowTime\/Live\/Funda-casco-Drag\u00f3n-merengue-Ski.jpg\" class=\"attachment-original size-original\" alt=\"Funda casco Drag\u00f3n merengue Ski\" \/>\t\t\t\t\t\t\n\t\t\t\t\t<\/div>\n\t\t\t\t\t\t\t\t\n<style>\n#image_75184989 {\n  width: 100%;\n}\n<\/style>\n\t<\/div>\n\t\n\t<div class=\"img has-hover x md-x lg-x y md-y lg-y\" id=\"image_1812953715\">\n\t\t\t\t\t\t\t\t<div class=\"img-inner dark\" style=\"margin:0px 10px 0 10px;\">\n\t\t\t<img loading=\"lazy\" decoding=\"async\" width=\"505\" height=\"505\" src=\"https:\/\/coolcasc.com\/wp-content\/uploads\/2020\/06\/Funda-casco-Drag\u00f3n-Merengue-skate-4.jpg\" class=\"attachment-original size-original\" alt=\"Funda casco Drag\u00f3n merengue Skate\" \/>\t\t\t\t\t\t\n\t\t\t\t\t<\/div>\n\t\t\t\t\t\t\t\t\n<style>\n#image_1812953715 {\n  width: 100%;\n}\n<\/style>\n\t<\/div>\n\t\n\t\t<\/div>\n\t\t\t\t\t<\/div>\n\n\t\n\n<style>\n#row-1221407384 > .col > .col-inner {\n  padding: 0px 0px 15px 0px;\n}\n<\/style>\n<\/div>\n<div class=\"container section-title-container\" style=\"margin-bottom:0px;\"><h3 class=\"section-title section-title-center\"><b aria-hidden=\"true\"><\/b><span class=\"section-title-main\" style=\"font-size:92%;\">POURQUOI METTRE UN COOLCASC \u00c0 MON CASQUE?<\/span><b aria-hidden=\"true\"><\/b><\/h3><\/div>\n<div class=\"row row-small\"  id=\"row-1084995322\">\n\n\t<div id=\"col-1254580343\" class=\"col medium-4 small-12 large-4\"  >\n\t\t\t\t<div class=\"col-inner text-center\"  >\n\t\t\t\n\t\t\t\n<ul>\n<li style=\"text-align: left;\">Porque puedo renovar r\u00e1pidamente el aspecto de mi casco.<\/li>\n<li style=\"text-align: left;\">Porque cambio de estilo cuando quiero.<\/li>\n<li style=\"text-align: left;\">Porque lo puedo usar todo el a\u00f1o, para cualquier casco y en cualquier deporte.<\/li>\n<li style=\"text-align: left;\">Porque protejo mi casco de rallajos.<\/li>\n<\/ul>\n\t\t<\/div>\n\t\t\t\t\n<style>\n#col-1254580343 > .col-inner {\n  margin: -35px 0px 0px 0px;\n}\n<\/style>\n\t<\/div>\n\n\t\n\n\t<div id=\"col-689086403\" class=\"col medium-4 small-12 large-4\"  >\n\t\t\t\t<div class=\"col-inner text-center\"  >\n\t\t\t\n\t\t\t\n\t<div class=\"img has-hover x md-x lg-x y md-y lg-y\" id=\"image_1479271128\">\n\t\t\t\t\t\t\t\t<div class=\"img-inner dark\" style=\"margin:-5px 0px 0px 0px;\">\n\t\t\t<img loading=\"lazy\" decoding=\"async\" width=\"500\" height=\"500\" src=\"https:\/\/coolcasc.com\/wp-content\/uploads\/Colecciones\/ShowTime\/Funda-casco-Drag\u00f3n-Merengue-Frontal.jpg\" class=\"attachment-original size-original\" alt=\"Funda casco Drag\u00f3n Merengue Frontal\" \/>\t\t\t\t\t\t\n\t\t\t\t\t<\/div>\n\t\t\t\t\t\t\t\t\n<style>\n#image_1479271128 {\n  width: 80%;\n}\n<\/style>\n\t<\/div>\n\t\n\t\t<\/div>\n\t\t\t\t\n<style>\n#col-689086403 > .col-inner {\n  padding: 0px 0px 0px 0px;\n  margin: 0px 0px -17px 0px;\n}\n<\/style>\n\t<\/div>\n\n\t\n\n\t<div id=\"col-1081813021\" class=\"col medium-4 small-12 large-4\"  >\n\t\t\t\t<div class=\"col-inner\"  >\n\t\t\t\n\t\t\t\n<ul>\n<li style=\"text-align: left;\">Porque me gusta diferenciarme del resto.<\/li>\n<li style=\"text-align: left;\">Porque me gusta poner un toque de color y humor en mi vida.<\/li>\n<li style=\"text-align: left;\">Porque al ser m\u00e1s visible voy mucho m\u00e1s seguro.<\/li>\n<\/ul>\n\t\t<\/div>\n\t\t\t\t\n<style>\n#col-1081813021 > .col-inner {\n  margin: -35px 0px 0px 0px;\n}\n<\/style>\n\t<\/div>\n\n\t\n\n<style>\n#row-1084995322 > .col > .col-inner {\n  padding: 55px 0px 0px 0px;\n}\n<\/style>\n<\/div>\n\n  <div class=\"banner has-hover\" id=\"banner-594177258\">\n          <div class=\"banner-inner fill\">\n        <div class=\"banner-bg fill\" >\n            <img loading=\"lazy\" decoding=\"async\" width=\"1050\" height=\"647\" src=\"https:\/\/coolcasc.com\/wp-content\/uploads\/Colecciones\/ShowTime\/Live\/Funda-casco-Drag\u00f3n-merengue-Ski-Grande.jpg\" class=\"bg attachment-original size-original\" alt=\"Funda casco Drag\u00f3n merengue Ski Grande\" \/>                                    \n                    <\/div>\n\t\t\n        <div class=\"banner-layers container\">\n            <div class=\"fill banner-link\"><\/div>            \n   <div id=\"text-box-1693572350\" class=\"text-box banner-layer x95 md-x95 lg-x95 y5 md-y5 lg-y5 res-text\">\n                                <div class=\"text-box-content text dark\">\n              \n              <div class=\"text-inner text-right\">\n                  \n<h2 class=\"uppercase\"><strong>Funda <\/strong><\/h2>\n<h2 class=\"uppercase\"><strong>Drag\u00f3n Merengue<\/strong><\/h2>\n              <\/div>\n           <\/div>\n                            \n<style>\n#text-box-1693572350 {\n  width: 60%;\n}\n#text-box-1693572350 .text-box-content {\n  font-size: 100%;\n}\n@media (min-width:550px) {\n  #text-box-1693572350 {\n    width: 32%;\n  }\n}\n<\/style>\n    <\/div>\n \n        <\/div>\n      <\/div>\n\n            \n<style>\n#banner-594177258 {\n  padding-top: 61%;\n}\n#banner-594177258 .banner-bg img {\n  object-position: 52% 15%;\n}\n<\/style>\n  <\/div>\n\n\n<div class=\"row\"  id=\"row-608459107\">\n\n\t<div id=\"col-1446542674\" class=\"col medium-4 small-12 large-4\"  >\n\t\t\t\t<div class=\"col-inner text-center\"  >\n\t\t\t\n\t\t\t\n<div class=\"container section-title-container\" style=\"margin-bottom:0px;\"><h3 class=\"section-title section-title-center\"><b aria-hidden=\"true\"><\/b><span class=\"section-title-main\" style=\"font-size:92%;\">PACKAGING<\/span><b aria-hidden=\"true\"><\/b><\/h3><\/div>\n<p data-line-height=\"m\">El producto viene en un blister totalmente personalizado, con im\u00e1genes del casco con su funda e instrucciones de uso.<\/p>\n<p data-line-height=\"m\">El dise\u00f1o y acabado del blister convierten cada COOLCASC<sup> \u00ae <\/sup>en un estupendo y original regalo.<\/p>\n\t\t<\/div>\n\t\t\t\t\t<\/div>\n\n\t\n\n\t<div id=\"col-130830552\" class=\"col medium-4 small-12 large-4\"  >\n\t\t\t\t<div class=\"col-inner text-center\"  >\n\t\t\t\n\t\t\t\n<div class=\"container section-title-container\" style=\"margin-bottom:0px;\"><h3 class=\"section-title section-title-center\"><b aria-hidden=\"true\"><\/b><span class=\"section-title-main\" style=\"font-size:96%;\">ENTRETIEN ET LAVAGE<\/span><b aria-hidden=\"true\"><\/b><\/h3><\/div>\n<p>Producto fabricado en lycra <sup> \u00ae <\/sup><br \/>\nLavar m\u00e1ximo a 30\u00ba Celsius (65-85 F)<br \/>\nNo usar lej\u00eda<br \/>\nNo usar secadora<br \/>\nNo planchar<\/p>\n\t\t<\/div>\n\t\t\t\t\t<\/div>\n\n\t\n\n\t<div id=\"col-1206294106\" class=\"col medium-4 small-12 large-4\"  >\n\t\t\t\t<div class=\"col-inner\"  >\n\t\t\t\n\t\t\t\n<div class=\"container section-title-container\" style=\"margin-bottom:0px;\"><h3 class=\"section-title section-title-center\"><b aria-hidden=\"true\"><\/b><span class=\"section-title-main\" style=\"font-size:96%;\">QUALITY<\/span><b aria-hidden=\"true\"><\/b><\/h3><\/div>\n<p>Nos produits ont un design tr\u00e9s soign\u00e9 \u00a0et sont fabriqu\u00e9s par des mati\u00e8res premi\u00e8res de la plus haute qualit\u00e9.<\/p>\n<p>Tous les produits COOLCASC \u00ae r\u00e9visent manuellement et individuellement en suivant un protocole strict de contr\u00f4le de qualit\u00e9.<\/p>\n\t\t<\/div>\n\t\t\t\t\t<\/div>\n\n\t\n<\/div>\n","protected":false},"excerpt":{"rendered":"<p class=\"productDescription\">Si vous \u00eates fan du Real Madrid , c\u00b4est votre couvre-casque.<\/p>\n<p>&nbsp;<\/p>\n<p><strong>Mat\u00e9riel:<\/strong> 83% Polyamide y 17% Elast\u00e1n.<\/p>\n<p><strong>Taille unique: <\/strong> s&rsquo;adapte \u00e0 n&rsquo;importe quelle taille de casque.<\/p>\n<p><strong>Multisport:<\/strong> Apte aux casques de ski, de bicyclette, trottinette, patinage, skate et m\u00eame moto.<\/p>\n<p><strong>Adaptable<\/strong> aux casques d&rsquo;oreillette molle. Une ouverture post\u00e9rieure pour fixer les lunettes dans des casques de ski.<\/p>\n","protected":false},"featured_media":21400,"comment_status":"closed","ping_status":"closed","template":"","meta":[],"product_brand":[],"product_cat":[108],"product_tag":[217,135,225,194],"class_list":{"0":"post-8961","1":"product","2":"type-product","3":"status-publish","4":"has-post-thumbnail","6":"product_cat-show-time-fr","7":"product_tag-blanc","8":"product_tag-casque","9":"product_tag-etui","10":"product_tag-show-time-fr","12":"first","13":"instock","14":"sale","15":"taxable","16":"shipping-taxable","17":"purchasable","18":"product-type-simple"},"yoast_head":"<!-- This site is optimized with the Yoast SEO plugin v27.2 - https:\/\/yoast.com\/product\/yoast-seo-wordpress\/ -->\n<title>couvre casque Dragon Madrid - Coolcasc<\/title>\n<meta name=\"description\" content=\"Si vous \u00eates un vrai fan du Real Madrid, la housse de votre couvre casque de dragon Madrid est la v\u00f4tre. Convient pour les casques de ski, skate, v\u00e9lo, patins ou scooters.\" \/>\n<meta name=\"robots\" content=\"index, follow, max-snippet:-1, max-image-preview:large, max-video-preview:-1\" \/>\n<link rel=\"canonical\" href=\"https:\/\/coolcasc.com\/Housses%20de%20casque\/dragon-merengue\/\" \/>\n<meta property=\"og:locale\" content=\"fr_FR\" \/>\n<meta property=\"og:type\" content=\"article\" \/>\n<meta property=\"og:title\" content=\"couvre casque Dragon Madrid - Coolcasc\" \/>\n<meta property=\"og:description\" content=\"Si vous \u00eates un vrai fan du Real Madrid, la housse de votre couvre casque de dragon Madrid est la v\u00f4tre. Convient pour les casques de ski, skate, v\u00e9lo, patins ou scooters.\" \/>\n<meta property=\"og:url\" content=\"https:\/\/coolcasc.com\/Housses de casque\/dragon-merengue\/\" \/>\n<meta property=\"og:site_name\" content=\"Coolcasc\" \/>\n<meta property=\"article:publisher\" content=\"https:\/\/www.facebook.com\/COOLCASC\/\" \/>\n<meta property=\"article:modified_time\" content=\"2026-01-09T14:09:11+00:00\" \/>\n<meta property=\"og:image\" content=\"https:\/\/coolcasc.com\/wp-content\/uploads\/2018\/11\/Funda-casco-Dragon-Merengue-Tercio.jpg\" \/>\n\t<meta property=\"og:image:width\" content=\"500\" \/>\n\t<meta property=\"og:image:height\" content=\"500\" \/>\n\t<meta property=\"og:image:type\" content=\"image\/jpeg\" \/>\n<meta name=\"twitter:card\" content=\"summary_large_image\" \/>\n<meta name=\"twitter:site\" content=\"@coolcasc\" \/>\n<meta name=\"twitter:label1\" content=\"Dur\u00e9e de lecture estim\u00e9e\" \/>\n\t<meta name=\"twitter:data1\" content=\"2 minutes\" \/>\n<script type=\"application\/ld+json\" class=\"yoast-schema-graph\">{\"@context\":\"https:\/\/schema.org\",\"@graph\":[{\"@type\":\"WebPage\",\"@id\":\"https:\/\/coolcasc.com\/Housses de casque\/dragon-merengue\/\",\"url\":\"https:\/\/coolcasc.com\/Housses de casque\/dragon-merengue\/\",\"name\":\"couvre casque Dragon Madrid - Coolcasc\",\"isPartOf\":{\"@id\":\"https:\/\/coolcasc.com\/#website\"},\"primaryImageOfPage\":{\"@id\":\"https:\/\/coolcasc.com\/Housses de casque\/dragon-merengue\/#primaryimage\"},\"image\":{\"@id\":\"https:\/\/coolcasc.com\/Housses de casque\/dragon-merengue\/#primaryimage\"},\"thumbnailUrl\":\"https:\/\/coolcasc.com\/wp-content\/uploads\/2018\/11\/Funda-casco-Dragon-Merengue-Tercio.jpg\",\"datePublished\":\"2018-11-20T22:05:00+00:00\",\"dateModified\":\"2026-01-09T14:09:11+00:00\",\"description\":\"Si vous \u00eates un vrai fan du Real Madrid, la housse de votre couvre casque de dragon Madrid est la v\u00f4tre. Convient pour les casques de ski, skate, v\u00e9lo, patins ou scooters.\",\"breadcrumb\":{\"@id\":\"https:\/\/coolcasc.com\/Housses de casque\/dragon-merengue\/#breadcrumb\"},\"inLanguage\":\"fr-FR\",\"potentialAction\":[{\"@type\":\"ReadAction\",\"target\":[\"https:\/\/coolcasc.com\/Housses de casque\/dragon-merengue\/\"]}]},{\"@type\":\"ImageObject\",\"inLanguage\":\"fr-FR\",\"@id\":\"https:\/\/coolcasc.com\/Housses de casque\/dragon-merengue\/#primaryimage\",\"url\":\"https:\/\/coolcasc.com\/wp-content\/uploads\/2018\/11\/Funda-casco-Dragon-Merengue-Tercio.jpg\",\"contentUrl\":\"https:\/\/coolcasc.com\/wp-content\/uploads\/2018\/11\/Funda-casco-Dragon-Merengue-Tercio.jpg\",\"width\":500,\"height\":500,\"caption\":\"Funda-casco-Dragon-Merengue-Tercio.jpg\"},{\"@type\":\"BreadcrumbList\",\"@id\":\"https:\/\/coolcasc.com\/Housses de casque\/dragon-merengue\/#breadcrumb\",\"itemListElement\":[{\"@type\":\"ListItem\",\"position\":1,\"name\":\"Portada\",\"item\":\"https:\/\/coolcasc.com\/\"},{\"@type\":\"ListItem\",\"position\":2,\"name\":\"Tienda\",\"item\":\"https:\/\/coolcasc.com\/fr\/tienda\/\"},{\"@type\":\"ListItem\",\"position\":3,\"name\":\"Dragon Madrid\"}]},{\"@type\":\"WebSite\",\"@id\":\"https:\/\/coolcasc.com\/#website\",\"url\":\"https:\/\/coolcasc.com\/\",\"name\":\"Coolcasc\",\"description\":\"Seguridad, moda y dise\u00f1o utilizando las fundas para casco Coolcasc en la pr\u00e1ctica de cualquier deporte.\",\"publisher\":{\"@id\":\"https:\/\/coolcasc.com\/#organization\"},\"potentialAction\":[{\"@type\":\"SearchAction\",\"target\":{\"@type\":\"EntryPoint\",\"urlTemplate\":\"https:\/\/coolcasc.com\/?s={search_term_string}\"},\"query-input\":{\"@type\":\"PropertyValueSpecification\",\"valueRequired\":true,\"valueName\":\"search_term_string\"}}],\"inLanguage\":\"fr-FR\"},{\"@type\":\"Organization\",\"@id\":\"https:\/\/coolcasc.com\/#organization\",\"name\":\"Fundas para cascos Coolcasc\",\"url\":\"https:\/\/coolcasc.com\/\",\"logo\":{\"@type\":\"ImageObject\",\"inLanguage\":\"fr-FR\",\"@id\":\"https:\/\/coolcasc.com\/#\/schema\/logo\/image\/\",\"url\":\"https:\/\/coolcasc.com\/wp-content\/uploads\/2018\/12\/Blue_header.png\",\"contentUrl\":\"https:\/\/coolcasc.com\/wp-content\/uploads\/2018\/12\/Blue_header.png\",\"width\":300,\"height\":180,\"caption\":\"Fundas para cascos Coolcasc\"},\"image\":{\"@id\":\"https:\/\/coolcasc.com\/#\/schema\/logo\/image\/\"},\"sameAs\":[\"https:\/\/www.facebook.com\/COOLCASC\/\",\"https:\/\/x.com\/coolcasc\",\"https:\/\/www.instagram.com\/coolcasc\/\"]}]}<\/script>\n<!-- \/ Yoast SEO plugin. -->","yoast_head_json":{"title":"couvre casque Dragon Madrid - Coolcasc","description":"Si vous \u00eates un vrai fan du Real Madrid, la housse de votre couvre casque de dragon Madrid est la v\u00f4tre. Convient pour les casques de ski, skate, v\u00e9lo, patins ou scooters.","robots":{"index":"index","follow":"follow","max-snippet":"max-snippet:-1","max-image-preview":"max-image-preview:large","max-video-preview":"max-video-preview:-1"},"canonical":"https:\/\/coolcasc.com\/Housses de casque\/dragon-merengue\/","og_locale":"fr_FR","og_type":"article","og_title":"couvre casque Dragon Madrid - Coolcasc","og_description":"Si vous \u00eates un vrai fan du Real Madrid, la housse de votre couvre casque de dragon Madrid est la v\u00f4tre. Convient pour les casques de ski, skate, v\u00e9lo, patins ou scooters.","og_url":"https:\/\/coolcasc.com\/Housses de casque\/dragon-merengue\/","og_site_name":"Coolcasc","article_publisher":"https:\/\/www.facebook.com\/COOLCASC\/","article_modified_time":"2026-01-09T14:09:11+00:00","og_image":[{"width":500,"height":500,"url":"https:\/\/coolcasc.com\/wp-content\/uploads\/2018\/11\/Funda-casco-Dragon-Merengue-Tercio.jpg","type":"image\/jpeg"}],"twitter_card":"summary_large_image","twitter_site":"@coolcasc","twitter_misc":{"Dur\u00e9e de lecture estim\u00e9e":"2 minutes"},"schema":{"@context":"https:\/\/schema.org","@graph":[{"@type":"WebPage","@id":"https:\/\/coolcasc.com\/Housses de casque\/dragon-merengue\/","url":"https:\/\/coolcasc.com\/Housses de casque\/dragon-merengue\/","name":"couvre casque Dragon Madrid - Coolcasc","isPartOf":{"@id":"https:\/\/coolcasc.com\/#website"},"primaryImageOfPage":{"@id":"https:\/\/coolcasc.com\/Housses de casque\/dragon-merengue\/#primaryimage"},"image":{"@id":"https:\/\/coolcasc.com\/Housses de casque\/dragon-merengue\/#primaryimage"},"thumbnailUrl":"https:\/\/coolcasc.com\/wp-content\/uploads\/2018\/11\/Funda-casco-Dragon-Merengue-Tercio.jpg","datePublished":"2018-11-20T22:05:00+00:00","dateModified":"2026-01-09T14:09:11+00:00","description":"Si vous \u00eates un vrai fan du Real Madrid, la housse de votre couvre casque de dragon Madrid est la v\u00f4tre. Convient pour les casques de ski, skate, v\u00e9lo, patins ou scooters.","breadcrumb":{"@id":"https:\/\/coolcasc.com\/Housses de casque\/dragon-merengue\/#breadcrumb"},"inLanguage":"fr-FR","potentialAction":[{"@type":"ReadAction","target":["https:\/\/coolcasc.com\/Housses de casque\/dragon-merengue\/"]}]},{"@type":"ImageObject","inLanguage":"fr-FR","@id":"https:\/\/coolcasc.com\/Housses de casque\/dragon-merengue\/#primaryimage","url":"https:\/\/coolcasc.com\/wp-content\/uploads\/2018\/11\/Funda-casco-Dragon-Merengue-Tercio.jpg","contentUrl":"https:\/\/coolcasc.com\/wp-content\/uploads\/2018\/11\/Funda-casco-Dragon-Merengue-Tercio.jpg","width":500,"height":500,"caption":"Funda-casco-Dragon-Merengue-Tercio.jpg"},{"@type":"BreadcrumbList","@id":"https:\/\/coolcasc.com\/Housses de casque\/dragon-merengue\/#breadcrumb","itemListElement":[{"@type":"ListItem","position":1,"name":"Portada","item":"https:\/\/coolcasc.com\/"},{"@type":"ListItem","position":2,"name":"Tienda","item":"https:\/\/coolcasc.com\/fr\/tienda\/"},{"@type":"ListItem","position":3,"name":"Dragon Madrid"}]},{"@type":"WebSite","@id":"https:\/\/coolcasc.com\/#website","url":"https:\/\/coolcasc.com\/","name":"Coolcasc","description":"Seguridad, moda y dise\u00f1o utilizando las fundas para casco Coolcasc en la pr\u00e1ctica de cualquier deporte.","publisher":{"@id":"https:\/\/coolcasc.com\/#organization"},"potentialAction":[{"@type":"SearchAction","target":{"@type":"EntryPoint","urlTemplate":"https:\/\/coolcasc.com\/?s={search_term_string}"},"query-input":{"@type":"PropertyValueSpecification","valueRequired":true,"valueName":"search_term_string"}}],"inLanguage":"fr-FR"},{"@type":"Organization","@id":"https:\/\/coolcasc.com\/#organization","name":"Fundas para cascos Coolcasc","url":"https:\/\/coolcasc.com\/","logo":{"@type":"ImageObject","inLanguage":"fr-FR","@id":"https:\/\/coolcasc.com\/#\/schema\/logo\/image\/","url":"https:\/\/coolcasc.com\/wp-content\/uploads\/2018\/12\/Blue_header.png","contentUrl":"https:\/\/coolcasc.com\/wp-content\/uploads\/2018\/12\/Blue_header.png","width":300,"height":180,"caption":"Fundas para cascos Coolcasc"},"image":{"@id":"https:\/\/coolcasc.com\/#\/schema\/logo\/image\/"},"sameAs":["https:\/\/www.facebook.com\/COOLCASC\/","https:\/\/x.com\/coolcasc","https:\/\/www.instagram.com\/coolcasc\/"]}]}},"_links":{"self":[{"href":"https:\/\/coolcasc.com\/fr\/wp-json\/wp\/v2\/product\/8961","targetHints":{"allow":["GET"]}}],"collection":[{"href":"https:\/\/coolcasc.com\/fr\/wp-json\/wp\/v2\/product"}],"about":[{"href":"https:\/\/coolcasc.com\/fr\/wp-json\/wp\/v2\/types\/product"}],"replies":[{"embeddable":true,"href":"https:\/\/coolcasc.com\/fr\/wp-json\/wp\/v2\/comments?post=8961"}],"wp:featuredmedia":[{"embeddable":true,"href":"https:\/\/coolcasc.com\/fr\/wp-json\/wp\/v2\/media\/21400"}],"wp:attachment":[{"href":"https:\/\/coolcasc.com\/fr\/wp-json\/wp\/v2\/media?parent=8961"}],"wp:term":[{"taxonomy":"product_brand","embeddable":true,"href":"https:\/\/coolcasc.com\/fr\/wp-json\/wp\/v2\/product_brand?post=8961"},{"taxonomy":"product_cat","embeddable":true,"href":"https:\/\/coolcasc.com\/fr\/wp-json\/wp\/v2\/product_cat?post=8961"},{"taxonomy":"product_tag","embeddable":true,"href":"https:\/\/coolcasc.com\/fr\/wp-json\/wp\/v2\/product_tag?post=8961"}],"curies":[{"name":"wp","href":"https:\/\/api.w.org\/{rel}","templated":true}]}}