{"id":5967,"date":"2019-01-30T21:22:07","date_gmt":"2019-01-30T21:22:07","guid":{"rendered":"http:\/\/coolcasc.com\/?page_id=5967"},"modified":"2019-03-28T10:02:13","modified_gmt":"2019-03-28T10:02:13","slug":"domande-frequenti","status":"publish","type":"page","link":"https:\/\/coolcasc.com\/it\/domande-frequenti\/","title":{"rendered":"Domande frequenti"},"content":{"rendered":"\n<div class=\"row align-center\"  id=\"row-2085435062\">\n\n\n\t<div id=\"col-1059025120\" class=\"col medium-8 small-12 large-8\"  >\n\t\t\t\t<div class=\"col-inner\"  >\n\t\t\t\n\t\t\t\n\n<div class=\"container section-title-container\" ><h3 class=\"section-title section-title-normal\"><b aria-hidden=\"true\"><\/b><span class=\"section-title-main\" >Sui prodotti ...<\/span><b aria-hidden=\"true\"><\/b><\/h3><\/div>\n\n<div class=\"accordion\">\n\n\t<div id=\"accordion-557797565\" class=\"accordion-item\">\n\t\t<a id=\"accordion-557797565-label\" class=\"accordion-title plain\" href=\"#accordion-item-1.--le-fodere-coolcasc\u00ae-vanno-bene-per-tutti-i-caschi?\" aria-expanded=\"false\" aria-controls=\"accordion-557797565-content\">\n\t\t\t<button class=\"toggle\" aria-label=\"Attiva\/Disattiva\"><i class=\"icon-angle-down\" aria-hidden=\"true\"><\/i><\/button>\n\t\t\t<span>1.- Le fodere COOLCASC\u00ae vanno bene per tutti i caschi?<\/span>\n\t\t<\/a>\n\t\t<div id=\"accordion-557797565-content\" class=\"accordion-inner\" aria-labelledby=\"accordion-557797565-label\">\n\t\t\t\n\n<p>Le fodere per caschi COOLCASC\u00ae, realizzate in Lycra\u00ae elasticizzata, si adattano alla maggior parte dei caschi. Possono essere utilizzate con caschi da sci, cos\u00ec come da snowboard, pattinaggio in linea, pattinaggio, monopattino, bici, hockey e anche con caschi jet da moto.<\/p>\n<p style=\"text-align: center;\"><strong>ONE FITS ALL<\/strong><\/p>\n\n\t\t<\/div>\n\t<\/div>\n\t\n\t<div id=\"accordion-2688533317\" class=\"accordion-item\">\n\t\t<a id=\"accordion-2688533317-label\" class=\"accordion-title plain\" href=\"#accordion-item-2.--ci-sono-varie-taglie?\" aria-expanded=\"false\" aria-controls=\"accordion-2688533317-content\">\n\t\t\t<button class=\"toggle\" aria-label=\"Attiva\/Disattiva\"><i class=\"icon-angle-down\" aria-hidden=\"true\"><\/i><\/button>\n\t\t\t<span>2.- Ci sono varie taglie?<\/span>\n\t\t<\/a>\n\t\t<div id=\"accordion-2688533317-content\" class=\"accordion-inner\" aria-labelledby=\"accordion-2688533317-label\">\n\t\t\t\n\n<p>No. Tutte le nostre fodere sono TAGLIA UNICA. Si allargano e si adattano facilmente sia a caschi per bambini che a caschi per adulti, grazie al tessuto elasticizzato con cui sono realizzate. <\/p>\n<p style=\"text-align: center;\"><strong>ONE FITS ALL<\/strong><\/p>\n\n\t\t<\/div>\n\t<\/div>\n\t\n\t<div id=\"accordion-1591427319\" class=\"accordion-item\">\n\t\t<a id=\"accordion-1591427319-label\" class=\"accordion-title plain\" href=\"#accordion-item-3.--come-devo-mettere-il-mio-coolcasc\u00ae?\" aria-expanded=\"false\" aria-controls=\"accordion-1591427319-content\">\n\t\t\t<button class=\"toggle\" aria-label=\"Attiva\/Disattiva\"><i class=\"icon-angle-down\" aria-hidden=\"true\"><\/i><\/button>\n\t\t\t<span>3.- Come devo mettere il mio COOLCASC\u00ae?<\/span>\n\t\t<\/a>\n\t\t<div id=\"accordion-1591427319-content\" class=\"accordion-inner\" aria-labelledby=\"accordion-1591427319-label\">\n\t\t\t\n\n<p>Con caschi con paraorecchie rigido, non c&#8217;\u00e8 nessun problema. Basta far scivolare la fodera sul casco e fissarla mediante l&#8217;elastico perimetrale, sul bordo.<br \/>\nCon caschi con paraorecchie morbido, dovrai fare un piccolo taglio al COOLCASC\u00ae alla fine del paraorecchie, in modo da farci passare il cinturino e che la fodera copra completamente il paraorecchie. Clicca per vedere uno schizzo per il montaggio. Haz click para ver los videos de montaje.<\/p>\n\t<div class=\"img has-hover x md-x lg-x y md-y lg-y\" id=\"image_1329525364\">\n\t\t\t\t\t\t\t\t<div class=\"img-inner dark\" >\n\t\t\t<img loading=\"lazy\" decoding=\"async\" width=\"700\" height=\"212\" src=\"https:\/\/coolcasc.com\/wp-content\/uploads\/Paginas\/Instrucciones-fundas.jpg\" class=\"attachment-original size-original\" alt=\"Instrucciones montaje fundas\" \/>\t\t\t\t\t\t\n\t\t\t\t\t<\/div>\n\t\t\t\t\t\t\t\t\n<style>\n#image_1329525364 {\n  width: 100%;\n}\n<\/style>\n\t<\/div>\n\t\n\n<p>Con caschi Jet da moto, dovrai fare dei fori per fissare la visiera.<\/p>\n\t<div class=\"img has-hover x md-x lg-x y md-y lg-y\" id=\"image_1407315063\">\n\t\t\t\t\t\t\t\t<div class=\"img-inner dark\" >\n\t\t\t<img loading=\"lazy\" decoding=\"async\" width=\"700\" height=\"112\" src=\"https:\/\/coolcasc.com\/wp-content\/uploads\/Paginas\/instrucciones-jet.jpg\" class=\"attachment-large size-large\" alt=\"instrucciones montaje funda para jet\" \/>\t\t\t\t\t\t\n\t\t\t\t\t<\/div>\n\t\t\t\t\t\t\t\t\n<style>\n#image_1407315063 {\n  width: 100%;\n}\n<\/style>\n\t<\/div>\n\t\n\n<p>In ogni caso, non c&#8217;\u00e8 problema a tagliare la fodera o a fare piccoli fori, dato che la Lycra non si smaglia e dunque non c&#8217;\u00e8 pericolo che il foro diventi pi\u00f9 grande.<\/p>\n\n\t\t<\/div>\n\t<\/div>\n\t\n\t<div id=\"accordion-861855597\" class=\"accordion-item\">\n\t\t<a id=\"accordion-861855597-label\" class=\"accordion-title plain\" href=\"#accordion-item-4.--i-coolcasc\u00ae-vanno-bene-per-caschi-da-moto?\" aria-expanded=\"false\" aria-controls=\"accordion-861855597-content\">\n\t\t\t<button class=\"toggle\" aria-label=\"Attiva\/Disattiva\"><i class=\"icon-angle-down\" aria-hidden=\"true\"><\/i><\/button>\n\t\t\t<span>4.- I COOLCASC\u00ae vanno bene per caschi da moto?<\/span>\n\t\t<\/a>\n\t\t<div id=\"accordion-861855597-content\" class=\"accordion-inner\" aria-labelledby=\"accordion-861855597-label\">\n\t\t\t\n\n<p>Le nostre collezioni vanno bene per qualsiasi casco, anche per caschi Jet da moto.<\/p>\n\n\t\t<\/div>\n\t<\/div>\n\t\n\t<div id=\"accordion-457525623\" class=\"accordion-item\">\n\t\t<a id=\"accordion-457525623-label\" class=\"accordion-title plain\" href=\"#accordion-item-5.--a-cosa-serve-il-foro-posteriore-nella-fodera?\" aria-expanded=\"false\" aria-controls=\"accordion-457525623-content\">\n\t\t\t<button class=\"toggle\" aria-label=\"Attiva\/Disattiva\"><i class=\"icon-angle-down\" aria-hidden=\"true\"><\/i><\/button>\n\t\t\t<span>5.- A cosa serve il foro posteriore nella fodera?<\/span>\n\t\t<\/a>\n\t\t<div id=\"accordion-457525623-content\" class=\"accordion-inner\" aria-labelledby=\"accordion-457525623-label\">\n\t\t\t\n\n<p>Serve per far passare il cinturino degli occhiali, quando si usa con casco da sci. Nel ciclismo, il foro consente di fissare una luce posteriore.<\/p>\n\n\t\t<\/div>\n\t<\/div>\n\t\n\t<div id=\"accordion-1893716265\" class=\"accordion-item\">\n\t\t<a id=\"accordion-1893716265-label\" class=\"accordion-title plain\" href=\"#accordion-item-6.--sono-sicure-le-fodere-per-caschi-coolcasc\u00ae?\" aria-expanded=\"false\" aria-controls=\"accordion-1893716265-content\">\n\t\t\t<button class=\"toggle\" aria-label=\"Attiva\/Disattiva\"><i class=\"icon-angle-down\" aria-hidden=\"true\"><\/i><\/button>\n\t\t\t<span>6.- Sono sicure le fodere per caschi COOLCASC\u00ae?<\/span>\n\t\t<\/a>\n\t\t<div id=\"accordion-1893716265-content\" class=\"accordion-inner\" aria-labelledby=\"accordion-1893716265-label\">\n\t\t\t\n\n<p>Le fodere COOLCASC\u00ae non interferiscono in alcun modo sulla sicurezza del casco, essendo un tessuto che si fissa sul casco. Al contrario, consentono una maggiore visibilit\u00e0 dell&#8217;utente, trasformando questa caratteristica in un plus di sicurezza.<\/p>\n\n\t\t<\/div>\n\t<\/div>\n\t\n\t<div id=\"accordion-3302200765\" class=\"accordion-item\">\n\t\t<a id=\"accordion-3302200765-label\" class=\"accordion-title plain\" href=\"#accordion-item-7.--dove-posso-acquistare-coolcasc\u00ae?\" aria-expanded=\"false\" aria-controls=\"accordion-3302200765-content\">\n\t\t\t<button class=\"toggle\" aria-label=\"Attiva\/Disattiva\"><i class=\"icon-angle-down\" aria-hidden=\"true\"><\/i><\/button>\n\t\t\t<span>7.- Dove posso acquistare COOLCASC\u00ae?<\/span>\n\t\t<\/a>\n\t\t<div id=\"accordion-3302200765-content\" class=\"accordion-inner\" aria-labelledby=\"accordion-3302200765-label\">\n\t\t\t\n\n<p>Puoi acquistare COOLCASC\u00ae nel nostro <a href=\"http:\/\/coolcasc-tienda.com\/\">negozio on-line<\/a> e nei negozi di articoli sportivi.<\/p>\n\n\t\t<\/div>\n\t<\/div>\n\t\n\t<div id=\"accordion-140888272\" class=\"accordion-item\">\n\t\t<a id=\"accordion-140888272-label\" class=\"accordion-title plain\" href=\"#accordion-item-8.--quanto-costano-i-coolcasc\u00ae?\" aria-expanded=\"false\" aria-controls=\"accordion-140888272-content\">\n\t\t\t<button class=\"toggle\" aria-label=\"Attiva\/Disattiva\"><i class=\"icon-angle-down\" aria-hidden=\"true\"><\/i><\/button>\n\t\t\t<span>8.- Quanto costano i COOLCASC\u00ae?<\/span>\n\t\t<\/a>\n\t\t<div id=\"accordion-140888272-content\" class=\"accordion-inner\" aria-labelledby=\"accordion-140888272-label\">\n\t\t\t\n\n<p>Il prezzo di COOLCASC\u00ae va dai 16 ai 35 \u20ac, a seconda della collezione.<\/p>\n<p>Per consultare i prezzi, visita il nostro <a href=\"http:\/\/coolcasc-tienda.com\/epages\/ec1588.sf\/it_IT\/?ViewObjectPath=%2FShops%2Fec1588\">negozio on-line<\/a> dove troverai tutti i prezzi e i modelli.<\/p>\n\n\t\t<\/div>\n\t<\/div>\n\t\n\n<\/div>\n\n\t\t<\/div>\n\t\t\t\t\t<\/div>\n\n\t\n\n<\/div>\n<div class=\"row align-center\"  id=\"row-715000423\">\n\n\n\t<div id=\"col-1990058964\" class=\"col medium-8 small-12 large-8\"  >\n\t\t\t\t<div class=\"col-inner\"  >\n\t\t\t\n\t\t\t\n\n<div class=\"container section-title-container\" style=\"margin-top:40px;\"><h3 class=\"section-title section-title-normal\"><b aria-hidden=\"true\"><\/b><span class=\"section-title-main\" >Informazioni su negozio e ordini ...<\/span><b aria-hidden=\"true\"><\/b><\/h3><\/div>\n\n<div class=\"accordion\">\n\n\t<div id=\"accordion-3697241396\" class=\"accordion-item\">\n\t\t<a id=\"accordion-3697241396-label\" class=\"accordion-title plain\" href=\"#accordion-item-1.--quali-sono-normalmente-i-tempi-di-consegna-degli-ordini-realizzati-nel-negozio-on-line?\" aria-expanded=\"false\" aria-controls=\"accordion-3697241396-content\">\n\t\t\t<button class=\"toggle\" aria-label=\"Attiva\/Disattiva\"><i class=\"icon-angle-down\" aria-hidden=\"true\"><\/i><\/button>\n\t\t\t<span>1.- Quali sono normalmente i tempi di consegna degli ordini realizzati nel negozio on-line?<\/span>\n\t\t<\/a>\n\t\t<div id=\"accordion-3697241396-content\" class=\"accordion-inner\" aria-labelledby=\"accordion-3697241396-label\">\n\t\t\t\n\n<p>I tempi di consegna dipendono dal servizio scelto e dal paese di destinazione. Cercare l&#8217;opzione che t&#8217;interessa nel seguente riquadro:<\/p>\n<table class=\"table\">\n<thead>\n<tr>\n<th>Origine<\/th>\n<th>Tipo<\/th>\n<th>Tempo<\/th>\n<\/tr>\n<\/thead>\n<tbody>\n<tr>\n<td>SPAGNA<\/td>\n<td>Messenger \/ Corriere\t<\/td>\n<td>48 ore nei giorni feriali<\/td>\n<\/tr>\n<tr>\n<td>EUROPA<\/td>\n<td>Posta raccomandata (ordinaria)<\/td>\n<td>Circa 1 settimana<\/td>\n<\/tr>\n<tr>\n<td>REST<\/td>\n<td>Posta raccomandata (ordinaria)<\/td>\n<td>Circa 10-15 giorni lavorativi<\/td>\n<\/tr>\n<\/tbody>\n<\/table>\n\n\t\t<\/div>\n\t<\/div>\n\t\n\t<div id=\"accordion-3150587078\" class=\"accordion-item\">\n\t\t<a id=\"accordion-3150587078-label\" class=\"accordion-title plain\" href=\"#accordion-item-2.--qual-\u00e8-il-costo-delle-spedizioni?\" aria-expanded=\"false\" aria-controls=\"accordion-3150587078-content\">\n\t\t\t<button class=\"toggle\" aria-label=\"Attiva\/Disattiva\"><i class=\"icon-angle-down\" aria-hidden=\"true\"><\/i><\/button>\n\t\t\t<span>2.- Qual \u00e8 il costo delle spedizioni?<\/span>\n\t\t<\/a>\n\t\t<div id=\"accordion-3150587078-content\" class=\"accordion-inner\" aria-labelledby=\"accordion-3150587078-label\">\n\t\t\t\n\n<p>Il costo delle spedizioni dipende dal servizio di consegna selezionato e dalla destinazione. Puoi vedere qual \u00e8 il tuo caso nella tabella fornita:<\/p>\n<table class=\"table\">\n<thead>\n<tr>\n<th>Zona<\/th>\n<th>Messenger \/ Corriere<\/th>\n<\/tr>\n<\/thead>\n<tbody>\n<tr>\n<td>ESPA\u00d1A<\/td>\n<td>3,95<\/td>\n<\/tr>\n<tr>\n<th>Zona<\/th>\n<th>Regular posta<\/th>\n<\/tr>\n<tr>\n<td>EUROPA<\/td>\n<td>6,00<\/td>\n<\/tr>\n<tr>\n<td>REST<\/td>\n<td>10,00<\/td>\n<\/tr>\n<\/tbody>\n<\/table>\n\n\t\t<\/div>\n\t<\/div>\n\t\n\t<div id=\"accordion-985292991\" class=\"accordion-item\">\n\t\t<a id=\"accordion-985292991-label\" class=\"accordion-title plain\" href=\"#accordion-item-3.--come-posso-informarmi-sui-tempi-di-consegna-del-mio-ordine?\" aria-expanded=\"false\" aria-controls=\"accordion-985292991-content\">\n\t\t\t<button class=\"toggle\" aria-label=\"Attiva\/Disattiva\"><i class=\"icon-angle-down\" aria-hidden=\"true\"><\/i><\/button>\n\t\t\t<span>3.- Come posso informarmi sui tempi di consegna del mio ordine?<\/span>\n\t\t<\/a>\n\t\t<div id=\"accordion-985292991-content\" class=\"accordion-inner\" aria-labelledby=\"accordion-985292991-label\">\n\t\t\t\n\n<p>\u00c8 possibile conoscere i tempi su tiendaonline@coolcasc.com, facendo riferimento al numero d&#8217;ordine. Ti risponderemo dandoti il numero d&#8217;invio in moda che possa seguire il tuo ordine on-line. Se l&#8217;opzione scelta \u00e8 l&#8217;invio tramite posta, i tempi di consegna sono approssimativi e dipende esclusivamente dalle poste. Per eventuali reclami rivolgersi a Correos.<\/p>\n\n\t\t<\/div>\n\t<\/div>\n\t\n\t<div id=\"accordion-2283292750\" class=\"accordion-item\">\n\t\t<a id=\"accordion-2283292750-label\" class=\"accordion-title plain\" href=\"#accordion-item-4.--quali-forme-di-pagamento-posso-usare-per-il-mio-ordine-nel-negozio-on-line?\" aria-expanded=\"false\" aria-controls=\"accordion-2283292750-content\">\n\t\t\t<button class=\"toggle\" aria-label=\"Attiva\/Disattiva\"><i class=\"icon-angle-down\" aria-hidden=\"true\"><\/i><\/button>\n\t\t\t<span>4.- Quali forme di pagamento posso usare per il mio ordine nel negozio on-line?<\/span>\n\t\t<\/a>\n\t\t<div id=\"accordion-2283292750-content\" class=\"accordion-inner\" aria-labelledby=\"accordion-2283292750-label\">\n\t\t\t\n\n<p>I sistemi di pagamento sono VISA e Paypal.<\/p>\n\n\t\t<\/div>\n\t<\/div>\n\t\n\t<div id=\"accordion-2747168420\" class=\"accordion-item\">\n\t\t<a id=\"accordion-2747168420-label\" class=\"accordion-title plain\" href=\"#accordion-item-5.--qual-\u00e8-la-disponibilit\u00e0-dei-modelli?\" aria-expanded=\"false\" aria-controls=\"accordion-2747168420-content\">\n\t\t\t<button class=\"toggle\" aria-label=\"Attiva\/Disattiva\"><i class=\"icon-angle-down\" aria-hidden=\"true\"><\/i><\/button>\n\t\t\t<span>5.- Qual \u00e8 la disponibilit\u00e0 dei modelli?<\/span>\n\t\t<\/a>\n\t\t<div id=\"accordion-2747168420-content\" class=\"accordion-inner\" aria-labelledby=\"accordion-2747168420-label\">\n\t\t\t\n\n<p>Tutti i modelli presenti nel nostro negozio on-line sono disponibili e in magazzino per una consegna immediata.<br \/>\nSe qualche modello fosse esaurito, non sarebbe disponibile per la vendita e apparirebbe la parola ESAURITO accanto al prodotto.<\/p>\n\n\t\t<\/div>\n\t<\/div>\n\t\n\t<div id=\"accordion-2764749980\" class=\"accordion-item\">\n\t\t<a id=\"accordion-2764749980-label\" class=\"accordion-title plain\" href=\"#accordion-item-6.--in-quali-paesi-realizzate-le-spedizioni-degli-ordini-on-line?\" aria-expanded=\"false\" aria-controls=\"accordion-2764749980-content\">\n\t\t\t<button class=\"toggle\" aria-label=\"Attiva\/Disattiva\"><i class=\"icon-angle-down\" aria-hidden=\"true\"><\/i><\/button>\n\t\t\t<span>6.- In quali paesi realizzate le spedizioni degli ordini on-line?<\/span>\n\t\t<\/a>\n\t\t<div id=\"accordion-2764749980-content\" class=\"accordion-inner\" aria-labelledby=\"accordion-2764749980-label\">\n\t\t\t\n\n<p>Realizziamo spedizioni quasi ovunque.<\/p>\n\n\t\t<\/div>\n\t<\/div>\n\t\n\t<div id=\"accordion-1314545132\" class=\"accordion-item\">\n\t\t<a id=\"accordion-1314545132-label\" class=\"accordion-title plain\" href=\"#accordion-item-7.--cosa-devo-fare-se-il-mio-ordine-mi-d\u00e0-&#039;errore&#039;-nel-responsabile-del-negozio?\" aria-expanded=\"false\" aria-controls=\"accordion-1314545132-content\">\n\t\t\t<button class=\"toggle\" aria-label=\"Attiva\/Disattiva\"><i class=\"icon-angle-down\" aria-hidden=\"true\"><\/i><\/button>\n\t\t\t<span>7.- Cosa devo fare se il mio ordine mi d\u00e0 'errore' nel responsabile del negozio?<\/span>\n\t\t<\/a>\n\t\t<div id=\"accordion-1314545132-content\" class=\"accordion-inner\" aria-labelledby=\"accordion-1314545132-label\">\n\t\t\t\n\n<p>Contattare<a href=\"mailto:tiendaonline@coolcasc.com\"> tiendaonline@coolcasc.com<\/a> e gestiremo il tuo ordine personalmente.<\/p>\n<p>Nel caso in cui l&#8217;errore dipendesse dal gateway di pagamento, dovresti contattare la tua banca.<\/p>\n\n\t\t<\/div>\n\t<\/div>\n\t\n\n<\/div>\n\n\t\t<\/div>\n\t\t\t\t\n<style>\n#col-1990058964 > .col-inner {\n  margin: 0px 0px 60px 0px;\n}\n<\/style>\n\t<\/div>\n\n\t\n\n<\/div>\n\n","protected":false},"excerpt":{"rendered":"","protected":false},"author":1,"featured_media":5957,"parent":0,"menu_order":0,"comment_status":"closed","ping_status":"closed","template":"page-blank-featured.php","meta":{"footnotes":""},"class_list":["post-5967","page","type-page","status-publish","has-post-thumbnail","hentry"],"yoast_head":"<!-- This site is optimized with the Yoast SEO plugin v27.2 - https:\/\/yoast.com\/product\/yoast-seo-wordpress\/ -->\n<title>Domande frequenti - Coolcasc<\/title>\n<meta name=\"robots\" content=\"index, follow, max-snippet:-1, max-image-preview:large, max-video-preview:-1\" \/>\n<link rel=\"canonical\" href=\"https:\/\/coolcasc.com\/it\/domande-frequenti\/\" \/>\n<meta property=\"og:locale\" content=\"it_IT\" \/>\n<meta property=\"og:type\" content=\"article\" \/>\n<meta property=\"og:title\" content=\"Domande frequenti - Coolcasc\" \/>\n<meta property=\"og:url\" content=\"https:\/\/coolcasc.com\/it\/domande-frequenti\/\" \/>\n<meta property=\"og:site_name\" content=\"Coolcasc\" \/>\n<meta property=\"article:publisher\" content=\"https:\/\/www.facebook.com\/COOLCASC\/\" \/>\n<meta property=\"article:modified_time\" content=\"2019-03-28T10:02:13+00:00\" \/>\n<meta property=\"og:image\" content=\"https:\/\/coolcasc.com\/wp-content\/uploads\/Paginas\/FAQS.jpg\" \/>\n\t<meta property=\"og:image:width\" content=\"1727\" \/>\n\t<meta property=\"og:image:height\" content=\"363\" \/>\n\t<meta property=\"og:image:type\" content=\"image\/jpeg\" \/>\n<meta name=\"twitter:card\" content=\"summary_large_image\" \/>\n<meta name=\"twitter:site\" content=\"@coolcasc\" \/>\n<meta name=\"twitter:label1\" content=\"Tempo di lettura stimato\" \/>\n\t<meta name=\"twitter:data1\" content=\"4 minuti\" \/>\n<script type=\"application\/ld+json\" class=\"yoast-schema-graph\">{\"@context\":\"https:\/\/schema.org\",\"@graph\":[{\"@type\":\"WebPage\",\"@id\":\"https:\/\/coolcasc.com\/it\/domande-frequenti\/\",\"url\":\"https:\/\/coolcasc.com\/it\/domande-frequenti\/\",\"name\":\"Domande frequenti - Coolcasc\",\"isPartOf\":{\"@id\":\"https:\/\/coolcasc.com\/#website\"},\"primaryImageOfPage\":{\"@id\":\"https:\/\/coolcasc.com\/it\/domande-frequenti\/#primaryimage\"},\"image\":{\"@id\":\"https:\/\/coolcasc.com\/it\/domande-frequenti\/#primaryimage\"},\"thumbnailUrl\":\"https:\/\/coolcasc.com\/wp-content\/uploads\/Paginas\/FAQS.jpg\",\"datePublished\":\"2019-01-30T21:22:07+00:00\",\"dateModified\":\"2019-03-28T10:02:13+00:00\",\"breadcrumb\":{\"@id\":\"https:\/\/coolcasc.com\/it\/domande-frequenti\/#breadcrumb\"},\"inLanguage\":\"it-IT\",\"potentialAction\":[{\"@type\":\"ReadAction\",\"target\":[\"https:\/\/coolcasc.com\/it\/domande-frequenti\/\"]}]},{\"@type\":\"ImageObject\",\"inLanguage\":\"it-IT\",\"@id\":\"https:\/\/coolcasc.com\/it\/domande-frequenti\/#primaryimage\",\"url\":\"https:\/\/coolcasc.com\/wp-content\/uploads\/Paginas\/FAQS.jpg\",\"contentUrl\":\"https:\/\/coolcasc.com\/wp-content\/uploads\/Paginas\/FAQS.jpg\",\"width\":1727,\"height\":363,\"caption\":\"Preguntas frecuentes\"},{\"@type\":\"BreadcrumbList\",\"@id\":\"https:\/\/coolcasc.com\/it\/domande-frequenti\/#breadcrumb\",\"itemListElement\":[{\"@type\":\"ListItem\",\"position\":1,\"name\":\"Portada\",\"item\":\"https:\/\/coolcasc.com\/\"},{\"@type\":\"ListItem\",\"position\":2,\"name\":\"Domande frequenti\"}]},{\"@type\":\"WebSite\",\"@id\":\"https:\/\/coolcasc.com\/#website\",\"url\":\"https:\/\/coolcasc.com\/\",\"name\":\"Coolcasc\",\"description\":\"Seguridad, moda y dise\u00f1o utilizando las fundas para casco Coolcasc en la pr\u00e1ctica de cualquier deporte.\",\"publisher\":{\"@id\":\"https:\/\/coolcasc.com\/#organization\"},\"potentialAction\":[{\"@type\":\"SearchAction\",\"target\":{\"@type\":\"EntryPoint\",\"urlTemplate\":\"https:\/\/coolcasc.com\/?s={search_term_string}\"},\"query-input\":{\"@type\":\"PropertyValueSpecification\",\"valueRequired\":true,\"valueName\":\"search_term_string\"}}],\"inLanguage\":\"it-IT\"},{\"@type\":\"Organization\",\"@id\":\"https:\/\/coolcasc.com\/#organization\",\"name\":\"Fundas para cascos Coolcasc\",\"url\":\"https:\/\/coolcasc.com\/\",\"logo\":{\"@type\":\"ImageObject\",\"inLanguage\":\"it-IT\",\"@id\":\"https:\/\/coolcasc.com\/#\/schema\/logo\/image\/\",\"url\":\"https:\/\/coolcasc.com\/wp-content\/uploads\/2018\/12\/Blue_header.png\",\"contentUrl\":\"https:\/\/coolcasc.com\/wp-content\/uploads\/2018\/12\/Blue_header.png\",\"width\":300,\"height\":180,\"caption\":\"Fundas para cascos Coolcasc\"},\"image\":{\"@id\":\"https:\/\/coolcasc.com\/#\/schema\/logo\/image\/\"},\"sameAs\":[\"https:\/\/www.facebook.com\/COOLCASC\/\",\"https:\/\/x.com\/coolcasc\",\"https:\/\/www.instagram.com\/coolcasc\/\"]}]}<\/script>\n<!-- \/ Yoast SEO plugin. -->","yoast_head_json":{"title":"Domande frequenti - Coolcasc","robots":{"index":"index","follow":"follow","max-snippet":"max-snippet:-1","max-image-preview":"max-image-preview:large","max-video-preview":"max-video-preview:-1"},"canonical":"https:\/\/coolcasc.com\/it\/domande-frequenti\/","og_locale":"it_IT","og_type":"article","og_title":"Domande frequenti - Coolcasc","og_url":"https:\/\/coolcasc.com\/it\/domande-frequenti\/","og_site_name":"Coolcasc","article_publisher":"https:\/\/www.facebook.com\/COOLCASC\/","article_modified_time":"2019-03-28T10:02:13+00:00","og_image":[{"width":1727,"height":363,"url":"https:\/\/coolcasc.com\/wp-content\/uploads\/Paginas\/FAQS.jpg","type":"image\/jpeg"}],"twitter_card":"summary_large_image","twitter_site":"@coolcasc","twitter_misc":{"Tempo di lettura stimato":"4 minuti"},"schema":{"@context":"https:\/\/schema.org","@graph":[{"@type":"WebPage","@id":"https:\/\/coolcasc.com\/it\/domande-frequenti\/","url":"https:\/\/coolcasc.com\/it\/domande-frequenti\/","name":"Domande frequenti - Coolcasc","isPartOf":{"@id":"https:\/\/coolcasc.com\/#website"},"primaryImageOfPage":{"@id":"https:\/\/coolcasc.com\/it\/domande-frequenti\/#primaryimage"},"image":{"@id":"https:\/\/coolcasc.com\/it\/domande-frequenti\/#primaryimage"},"thumbnailUrl":"https:\/\/coolcasc.com\/wp-content\/uploads\/Paginas\/FAQS.jpg","datePublished":"2019-01-30T21:22:07+00:00","dateModified":"2019-03-28T10:02:13+00:00","breadcrumb":{"@id":"https:\/\/coolcasc.com\/it\/domande-frequenti\/#breadcrumb"},"inLanguage":"it-IT","potentialAction":[{"@type":"ReadAction","target":["https:\/\/coolcasc.com\/it\/domande-frequenti\/"]}]},{"@type":"ImageObject","inLanguage":"it-IT","@id":"https:\/\/coolcasc.com\/it\/domande-frequenti\/#primaryimage","url":"https:\/\/coolcasc.com\/wp-content\/uploads\/Paginas\/FAQS.jpg","contentUrl":"https:\/\/coolcasc.com\/wp-content\/uploads\/Paginas\/FAQS.jpg","width":1727,"height":363,"caption":"Preguntas frecuentes"},{"@type":"BreadcrumbList","@id":"https:\/\/coolcasc.com\/it\/domande-frequenti\/#breadcrumb","itemListElement":[{"@type":"ListItem","position":1,"name":"Portada","item":"https:\/\/coolcasc.com\/"},{"@type":"ListItem","position":2,"name":"Domande frequenti"}]},{"@type":"WebSite","@id":"https:\/\/coolcasc.com\/#website","url":"https:\/\/coolcasc.com\/","name":"Coolcasc","description":"Seguridad, moda y dise\u00f1o utilizando las fundas para casco Coolcasc en la pr\u00e1ctica de cualquier deporte.","publisher":{"@id":"https:\/\/coolcasc.com\/#organization"},"potentialAction":[{"@type":"SearchAction","target":{"@type":"EntryPoint","urlTemplate":"https:\/\/coolcasc.com\/?s={search_term_string}"},"query-input":{"@type":"PropertyValueSpecification","valueRequired":true,"valueName":"search_term_string"}}],"inLanguage":"it-IT"},{"@type":"Organization","@id":"https:\/\/coolcasc.com\/#organization","name":"Fundas para cascos Coolcasc","url":"https:\/\/coolcasc.com\/","logo":{"@type":"ImageObject","inLanguage":"it-IT","@id":"https:\/\/coolcasc.com\/#\/schema\/logo\/image\/","url":"https:\/\/coolcasc.com\/wp-content\/uploads\/2018\/12\/Blue_header.png","contentUrl":"https:\/\/coolcasc.com\/wp-content\/uploads\/2018\/12\/Blue_header.png","width":300,"height":180,"caption":"Fundas para cascos Coolcasc"},"image":{"@id":"https:\/\/coolcasc.com\/#\/schema\/logo\/image\/"},"sameAs":["https:\/\/www.facebook.com\/COOLCASC\/","https:\/\/x.com\/coolcasc","https:\/\/www.instagram.com\/coolcasc\/"]}]}},"_links":{"self":[{"href":"https:\/\/coolcasc.com\/it\/wp-json\/wp\/v2\/pages\/5967","targetHints":{"allow":["GET"]}}],"collection":[{"href":"https:\/\/coolcasc.com\/it\/wp-json\/wp\/v2\/pages"}],"about":[{"href":"https:\/\/coolcasc.com\/it\/wp-json\/wp\/v2\/types\/page"}],"author":[{"embeddable":true,"href":"https:\/\/coolcasc.com\/it\/wp-json\/wp\/v2\/users\/1"}],"replies":[{"embeddable":true,"href":"https:\/\/coolcasc.com\/it\/wp-json\/wp\/v2\/comments?post=5967"}],"version-history":[{"count":0,"href":"https:\/\/coolcasc.com\/it\/wp-json\/wp\/v2\/pages\/5967\/revisions"}],"wp:featuredmedia":[{"embeddable":true,"href":"https:\/\/coolcasc.com\/it\/wp-json\/wp\/v2\/media\/5957"}],"wp:attachment":[{"href":"https:\/\/coolcasc.com\/it\/wp-json\/wp\/v2\/media?parent=5967"}],"curies":[{"name":"wp","href":"https:\/\/api.w.org\/{rel}","templated":true}]}}