{"id":5987,"date":"2019-01-30T21:53:08","date_gmt":"2019-01-30T21:53:08","guid":{"rendered":"http:\/\/coolcasc.com\/?page_id=5987"},"modified":"2025-02-06T11:26:19","modified_gmt":"2025-02-06T11:26:19","slug":"chi-siamo","status":"publish","type":"page","link":"https:\/\/coolcasc.com\/it\/chi-siamo\/","title":{"rendered":"Chi siamo"},"content":{"rendered":"\n<div class=\"row align-middle align-center\"  id=\"row-1683797667\">\n\n\n\t<div id=\"col-2118972012\" class=\"col medium-10 small-12 large-10\"  >\n\t\t\t\t<div class=\"col-inner text-center\"  >\n\t\t\t\n\t\t\t\n\n<div class=\"text-center\"><div class=\"is-divider divider clearfix\" style=\"height:10px;\"><\/div><\/div>\n\n<h3 style=\"text-align: center;\">NOI<\/h3>\n<h2 style=\"text-align: center;\">Condividiamo il buon umore e la voglia di fare le cose per bene.<\/h2>\n<div class=\"flex max-w-full flex-col flex-grow\">\n<div class=\"min-h-8 text-message flex w-full flex-col items-end gap-2 whitespace-normal break-words text-start &#091;.text-message+&amp;&#093;:mt-5\" dir=\"auto\" data-message-author-role=\"assistant\" data-message-id=\"308a419f-8831-43e0-812a-cc0f4bc2d407\" data-message-model-slug=\"gpt-4o\">\n<div class=\"flex w-full flex-col gap-1 empty:hidden first:pt-&#091;3px&#093;\">\n<div class=\"markdown prose w-full break-words dark:prose-invert light\">\n<p>Siamo entusiasti. Creiamo con la mente aperta. Ci divertiamo a divertire. Amiamo lo sport, l\u2019azione e le sfide. Per noi, i limiti non esistono!<\/p>\n<p>Il team di Coolcasc nasce dal lavoro quotidiano, dall\u2019apprendimento condiviso e dalle emozioni vissute insieme. Siamo un gruppo di economisti, esperti di marketing, designer, commerciali\u2026 uniti da una passione comune: il nostro lavoro. E da una sfida: migliorare ogni giorno.<\/p>\n<p>Il nostro successo si basa sul nostro spirito imprenditoriale e creativo, oltre che su un servizio impeccabile e un\u2019attenzione costante alla nostra rete.<\/p>\n<\/div>\n<\/div>\n<\/div>\n<\/div>\n<div class=\"mb-2 flex gap-3 empty:hidden -ml-2\">\n<div class=\"items-center justify-start rounded-xl p-1 flex\">\n<div class=\"flex items-center\"><button class=\"rounded-lg text-token-text-secondary hover:bg-token-main-surface-secondary\" aria-label=\"Copiar\" data-testid=\"copy-turn-action-button\">\u00a0<\/button><\/div>\n<\/div>\n<\/div>\n\t<div class=\"img has-hover x md-x lg-x y md-y lg-y\" id=\"image_1102550743\">\n\t\t\t\t\t\t\t\t<div class=\"img-inner image-cover dark\" style=\"padding-top:50%;\">\n\t\t\t<img loading=\"lazy\" decoding=\"async\" width=\"2156\" height=\"938\" src=\"https:\/\/coolcasc.com\/wp-content\/uploads\/2025\/02\/Think-2.png\" class=\"attachment-original size-original\" alt=\"\" \/>\t\t\t\t\t\t\n\t\t\t\t\t<\/div>\n\t\t\t\t\t\t\t\t\n<style>\n#image_1102550743 {\n  width: 100%;\n}\n<\/style>\n\t<\/div>\n\t\n\n<p>Perch\u00e9 l\u2019ispirazione \u00e8 ovunque. Basta solo trasformarla in creativit\u00e0 e portarla nelle nostre collezioni.<\/p>\n<p>Creiamo le nostre collezioni pensando ai nostri clienti, ma ancora di pi\u00f9 a chi non lo \u00e8 (ancora!). Progettiamo i nostri copri-casco immaginando la reazione delle persone quando vedono un <strong>COOLCASC\u00ae<\/strong>.<\/p>\n<p>Cosa ci motiva? Strappare sorrisi ai non-clienti, cos\u00ec che diventino clienti. Cosa ci emoziona? Convincere gli scettici del casco a iniziare a usarlo\u2026 grazie a noi!<\/p>\n<center><strong><br \/>WE FOLLOW THE TRACK IN A DIFFERENT WAY.<\/strong><\/center>\n<p>\u00a0<\/p>\n<p style=\"text-align: center;\">Coccoliamo i nostri clienti e distributori in ogni reparto, dal pi\u00f9 piccolo al pi\u00f9 grande. Ognuno conta. Ognuno \u00e8 unico. Proprio come i nostri oltre 300 modelli di copri-casco <strong>COOLCASC\u00ae<\/strong>!<\/p>\n\n\t\t<\/div>\n\t\t\t\t\n<style>\n#col-2118972012 > .col-inner {\n  padding: 0px 60px 0px 60px;\n}\n<\/style>\n\t<\/div>\n\n\t\n\n<\/div>\n<div class=\"row align-middle align-center\"  id=\"row-294420199\">\n\n\n\t<div id=\"col-392844535\" class=\"col medium-8 small-12 large-8\"  >\n\t\t\t\t<div class=\"col-inner\"  >\n\t\t\t\n\t\t\t\n\n\t<div class=\"img has-hover x md-x lg-x y md-y lg-y\" id=\"image_417093784\">\n\t\t\t\t\t\t\t\t<div class=\"img-inner image-cover dark\" style=\"padding-top:300px;\">\n\t\t\t<img loading=\"lazy\" decoding=\"async\" width=\"690\" height=\"300\" src=\"https:\/\/coolcasc.com\/wp-content\/uploads\/Paginas\/Nosotros-Fabrica-Fundas.jpg\" class=\"attachment-original size-original\" alt=\"\" \/>\t\t\t\t\t\t\n\t\t\t\t\t<\/div>\n\t\t\t\t\t\t\t\t\n<style>\n#image_417093784 {\n  width: 100%;\n}\n<\/style>\n\t<\/div>\n\t\n\n\n\t\t<\/div>\n\t\t\t\t\t<\/div>\n\n\t\n\n<\/div>\n<div class=\"row align-middle align-center\"  id=\"row-51249148\">\n\n\n\t<div id=\"col-838734700\" class=\"col medium-10 small-12 large-10\"  >\n\t\t\t\t<div class=\"col-inner\"  >\n\t\t\t\n\t\t\t\n\n<h2 style=\"text-align: center;\">Passione, lavoro e perseveranza<\/h2>\n<p>La passione trasforma ogni giornata di lavoro in un\u2019avventura. Rende l\u2019ordinario straordinario e ci spinge a superare sempre nuove sfide. Amiamo quello che facciamo e cerchiamo di farlo al meglio.<\/p>\n<p>Lavoro, ancora lavoro e ancora di pi\u00f9. Nessun segreto, solo questo. L\u2019unico limite? Le 24 ore della giornata.<\/p>\n<p>Perseverare in ci\u00f2 che abbiamo costruito e provare ad andare sempre un passo oltre. Niente pause, solo andare avanti, godendoci il viaggio e non solo puntando al traguardo. Perch\u00e9 una volta arrivati\u2026 il viaggio finisce!<\/p>\n\n\t\t<\/div>\n\t\t\t\t\n<style>\n#col-838734700 > .col-inner {\n  padding: 0px 60px 0px 60px;\n  margin: 60px 0px 0px 0px;\n}\n<\/style>\n\t<\/div>\n\n\t\n\n<\/div>\n<div class=\"row align-middle align-center\"  id=\"row-729678613\">\n\n\n\t<div id=\"col-752058570\" class=\"col medium-8 small-12 large-8\"  >\n\t\t\t\t<div class=\"col-inner\"  >\n\t\t\t\n\t\t\t\n\n\t<div class=\"img has-hover x md-x lg-x y md-y lg-y\" id=\"image_1714795089\">\n\t\t\t\t\t\t\t\t<div class=\"img-inner image-cover dark\" style=\"padding-top:300px;\">\n\t\t\t<img loading=\"lazy\" decoding=\"async\" width=\"1242\" height=\"674\" src=\"https:\/\/coolcasc.com\/wp-content\/uploads\/2025\/02\/IMG_9985-V3jpg.jpg\" class=\"attachment-original size-original\" alt=\"\" \/>\t\t\t\t\t\t\n\t\t\t\t\t<\/div>\n\t\t\t\t\t\t\t\t\n<style>\n#image_1714795089 {\n  width: 100%;\n}\n<\/style>\n\t<\/div>\n\t\n\n\n\t\t<\/div>\n\t\t\t\t\t<\/div>\n\n\t\n\n<\/div>\n<div class=\"is-divider divider clearfix\" style=\"height:15px;\"><\/div>\n\n\n","protected":false},"excerpt":{"rendered":"","protected":false},"author":1,"featured_media":5977,"parent":0,"menu_order":0,"comment_status":"closed","ping_status":"closed","template":"page-blank-featured.php","meta":{"footnotes":""},"class_list":["post-5987","page","type-page","status-publish","has-post-thumbnail","hentry"],"yoast_head":"<!-- This site is optimized with the Yoast SEO plugin v27.2 - https:\/\/yoast.com\/product\/yoast-seo-wordpress\/ -->\n<title>Chi siamo - Coolcasc<\/title>\n<meta name=\"robots\" content=\"index, follow, max-snippet:-1, max-image-preview:large, max-video-preview:-1\" \/>\n<link rel=\"canonical\" href=\"https:\/\/coolcasc.com\/it\/chi-siamo\/\" \/>\n<meta property=\"og:locale\" content=\"it_IT\" \/>\n<meta property=\"og:type\" content=\"article\" \/>\n<meta property=\"og:title\" content=\"Chi siamo - Coolcasc\" \/>\n<meta property=\"og:url\" content=\"https:\/\/coolcasc.com\/it\/chi-siamo\/\" \/>\n<meta property=\"og:site_name\" content=\"Coolcasc\" \/>\n<meta property=\"article:publisher\" content=\"https:\/\/www.facebook.com\/COOLCASC\/\" \/>\n<meta property=\"article:modified_time\" content=\"2025-02-06T11:26:19+00:00\" \/>\n<meta property=\"og:image\" content=\"https:\/\/coolcasc.com\/wp-content\/uploads\/Paginas\/NosotrosCabecera.jpg\" \/>\n\t<meta property=\"og:image:width\" content=\"1700\" \/>\n\t<meta property=\"og:image:height\" content=\"242\" \/>\n\t<meta property=\"og:image:type\" content=\"image\/jpeg\" \/>\n<meta name=\"twitter:card\" content=\"summary_large_image\" \/>\n<meta name=\"twitter:site\" content=\"@coolcasc\" \/>\n<meta name=\"twitter:label1\" content=\"Tempo di lettura stimato\" \/>\n\t<meta name=\"twitter:data1\" content=\"2 minuti\" \/>\n<script type=\"application\/ld+json\" class=\"yoast-schema-graph\">{\"@context\":\"https:\/\/schema.org\",\"@graph\":[{\"@type\":\"WebPage\",\"@id\":\"https:\/\/coolcasc.com\/it\/chi-siamo\/\",\"url\":\"https:\/\/coolcasc.com\/it\/chi-siamo\/\",\"name\":\"Chi siamo - Coolcasc\",\"isPartOf\":{\"@id\":\"https:\/\/coolcasc.com\/#website\"},\"primaryImageOfPage\":{\"@id\":\"https:\/\/coolcasc.com\/it\/chi-siamo\/#primaryimage\"},\"image\":{\"@id\":\"https:\/\/coolcasc.com\/it\/chi-siamo\/#primaryimage\"},\"thumbnailUrl\":\"https:\/\/coolcasc.com\/wp-content\/uploads\/Paginas\/NosotrosCabecera.jpg\",\"datePublished\":\"2019-01-30T21:53:08+00:00\",\"dateModified\":\"2025-02-06T11:26:19+00:00\",\"breadcrumb\":{\"@id\":\"https:\/\/coolcasc.com\/it\/chi-siamo\/#breadcrumb\"},\"inLanguage\":\"it-IT\",\"potentialAction\":[{\"@type\":\"ReadAction\",\"target\":[\"https:\/\/coolcasc.com\/it\/chi-siamo\/\"]}]},{\"@type\":\"ImageObject\",\"inLanguage\":\"it-IT\",\"@id\":\"https:\/\/coolcasc.com\/it\/chi-siamo\/#primaryimage\",\"url\":\"https:\/\/coolcasc.com\/wp-content\/uploads\/Paginas\/NosotrosCabecera.jpg\",\"contentUrl\":\"https:\/\/coolcasc.com\/wp-content\/uploads\/Paginas\/NosotrosCabecera.jpg\",\"width\":1700,\"height\":242,\"caption\":\"Nosotros Cabecera\"},{\"@type\":\"BreadcrumbList\",\"@id\":\"https:\/\/coolcasc.com\/it\/chi-siamo\/#breadcrumb\",\"itemListElement\":[{\"@type\":\"ListItem\",\"position\":1,\"name\":\"Portada\",\"item\":\"https:\/\/coolcasc.com\/\"},{\"@type\":\"ListItem\",\"position\":2,\"name\":\"Chi siamo\"}]},{\"@type\":\"WebSite\",\"@id\":\"https:\/\/coolcasc.com\/#website\",\"url\":\"https:\/\/coolcasc.com\/\",\"name\":\"Coolcasc\",\"description\":\"Seguridad, moda y dise\u00f1o utilizando las fundas para casco Coolcasc en la pr\u00e1ctica de cualquier deporte.\",\"publisher\":{\"@id\":\"https:\/\/coolcasc.com\/#organization\"},\"potentialAction\":[{\"@type\":\"SearchAction\",\"target\":{\"@type\":\"EntryPoint\",\"urlTemplate\":\"https:\/\/coolcasc.com\/?s={search_term_string}\"},\"query-input\":{\"@type\":\"PropertyValueSpecification\",\"valueRequired\":true,\"valueName\":\"search_term_string\"}}],\"inLanguage\":\"it-IT\"},{\"@type\":\"Organization\",\"@id\":\"https:\/\/coolcasc.com\/#organization\",\"name\":\"Fundas para cascos Coolcasc\",\"url\":\"https:\/\/coolcasc.com\/\",\"logo\":{\"@type\":\"ImageObject\",\"inLanguage\":\"it-IT\",\"@id\":\"https:\/\/coolcasc.com\/#\/schema\/logo\/image\/\",\"url\":\"https:\/\/coolcasc.com\/wp-content\/uploads\/2018\/12\/Blue_header.png\",\"contentUrl\":\"https:\/\/coolcasc.com\/wp-content\/uploads\/2018\/12\/Blue_header.png\",\"width\":300,\"height\":180,\"caption\":\"Fundas para cascos Coolcasc\"},\"image\":{\"@id\":\"https:\/\/coolcasc.com\/#\/schema\/logo\/image\/\"},\"sameAs\":[\"https:\/\/www.facebook.com\/COOLCASC\/\",\"https:\/\/x.com\/coolcasc\",\"https:\/\/www.instagram.com\/coolcasc\/\"]}]}<\/script>\n<!-- \/ Yoast SEO plugin. -->","yoast_head_json":{"title":"Chi siamo - Coolcasc","robots":{"index":"index","follow":"follow","max-snippet":"max-snippet:-1","max-image-preview":"max-image-preview:large","max-video-preview":"max-video-preview:-1"},"canonical":"https:\/\/coolcasc.com\/it\/chi-siamo\/","og_locale":"it_IT","og_type":"article","og_title":"Chi siamo - Coolcasc","og_url":"https:\/\/coolcasc.com\/it\/chi-siamo\/","og_site_name":"Coolcasc","article_publisher":"https:\/\/www.facebook.com\/COOLCASC\/","article_modified_time":"2025-02-06T11:26:19+00:00","og_image":[{"width":1700,"height":242,"url":"https:\/\/coolcasc.com\/wp-content\/uploads\/Paginas\/NosotrosCabecera.jpg","type":"image\/jpeg"}],"twitter_card":"summary_large_image","twitter_site":"@coolcasc","twitter_misc":{"Tempo di lettura stimato":"2 minuti"},"schema":{"@context":"https:\/\/schema.org","@graph":[{"@type":"WebPage","@id":"https:\/\/coolcasc.com\/it\/chi-siamo\/","url":"https:\/\/coolcasc.com\/it\/chi-siamo\/","name":"Chi siamo - Coolcasc","isPartOf":{"@id":"https:\/\/coolcasc.com\/#website"},"primaryImageOfPage":{"@id":"https:\/\/coolcasc.com\/it\/chi-siamo\/#primaryimage"},"image":{"@id":"https:\/\/coolcasc.com\/it\/chi-siamo\/#primaryimage"},"thumbnailUrl":"https:\/\/coolcasc.com\/wp-content\/uploads\/Paginas\/NosotrosCabecera.jpg","datePublished":"2019-01-30T21:53:08+00:00","dateModified":"2025-02-06T11:26:19+00:00","breadcrumb":{"@id":"https:\/\/coolcasc.com\/it\/chi-siamo\/#breadcrumb"},"inLanguage":"it-IT","potentialAction":[{"@type":"ReadAction","target":["https:\/\/coolcasc.com\/it\/chi-siamo\/"]}]},{"@type":"ImageObject","inLanguage":"it-IT","@id":"https:\/\/coolcasc.com\/it\/chi-siamo\/#primaryimage","url":"https:\/\/coolcasc.com\/wp-content\/uploads\/Paginas\/NosotrosCabecera.jpg","contentUrl":"https:\/\/coolcasc.com\/wp-content\/uploads\/Paginas\/NosotrosCabecera.jpg","width":1700,"height":242,"caption":"Nosotros Cabecera"},{"@type":"BreadcrumbList","@id":"https:\/\/coolcasc.com\/it\/chi-siamo\/#breadcrumb","itemListElement":[{"@type":"ListItem","position":1,"name":"Portada","item":"https:\/\/coolcasc.com\/"},{"@type":"ListItem","position":2,"name":"Chi siamo"}]},{"@type":"WebSite","@id":"https:\/\/coolcasc.com\/#website","url":"https:\/\/coolcasc.com\/","name":"Coolcasc","description":"Seguridad, moda y dise\u00f1o utilizando las fundas para casco Coolcasc en la pr\u00e1ctica de cualquier deporte.","publisher":{"@id":"https:\/\/coolcasc.com\/#organization"},"potentialAction":[{"@type":"SearchAction","target":{"@type":"EntryPoint","urlTemplate":"https:\/\/coolcasc.com\/?s={search_term_string}"},"query-input":{"@type":"PropertyValueSpecification","valueRequired":true,"valueName":"search_term_string"}}],"inLanguage":"it-IT"},{"@type":"Organization","@id":"https:\/\/coolcasc.com\/#organization","name":"Fundas para cascos Coolcasc","url":"https:\/\/coolcasc.com\/","logo":{"@type":"ImageObject","inLanguage":"it-IT","@id":"https:\/\/coolcasc.com\/#\/schema\/logo\/image\/","url":"https:\/\/coolcasc.com\/wp-content\/uploads\/2018\/12\/Blue_header.png","contentUrl":"https:\/\/coolcasc.com\/wp-content\/uploads\/2018\/12\/Blue_header.png","width":300,"height":180,"caption":"Fundas para cascos Coolcasc"},"image":{"@id":"https:\/\/coolcasc.com\/#\/schema\/logo\/image\/"},"sameAs":["https:\/\/www.facebook.com\/COOLCASC\/","https:\/\/x.com\/coolcasc","https:\/\/www.instagram.com\/coolcasc\/"]}]}},"_links":{"self":[{"href":"https:\/\/coolcasc.com\/it\/wp-json\/wp\/v2\/pages\/5987","targetHints":{"allow":["GET"]}}],"collection":[{"href":"https:\/\/coolcasc.com\/it\/wp-json\/wp\/v2\/pages"}],"about":[{"href":"https:\/\/coolcasc.com\/it\/wp-json\/wp\/v2\/types\/page"}],"author":[{"embeddable":true,"href":"https:\/\/coolcasc.com\/it\/wp-json\/wp\/v2\/users\/1"}],"replies":[{"embeddable":true,"href":"https:\/\/coolcasc.com\/it\/wp-json\/wp\/v2\/comments?post=5987"}],"version-history":[{"count":13,"href":"https:\/\/coolcasc.com\/it\/wp-json\/wp\/v2\/pages\/5987\/revisions"}],"predecessor-version":[{"id":25582,"href":"https:\/\/coolcasc.com\/it\/wp-json\/wp\/v2\/pages\/5987\/revisions\/25582"}],"wp:featuredmedia":[{"embeddable":true,"href":"https:\/\/coolcasc.com\/it\/wp-json\/wp\/v2\/media\/5977"}],"wp:attachment":[{"href":"https:\/\/coolcasc.com\/it\/wp-json\/wp\/v2\/media?parent=5987"}],"curies":[{"name":"wp","href":"https:\/\/api.w.org\/{rel}","templated":true}]}}