{"id":9907,"date":"2019-03-13T13:39:22","date_gmt":"2019-03-13T13:39:22","guid":{"rendered":"http:\/\/coolcasc.com\/?page_id=9907"},"modified":"2019-03-13T13:39:49","modified_gmt":"2019-03-13T13:39:49","slug":"termini-legali","status":"publish","type":"page","link":"https:\/\/coolcasc.com\/it\/termini-legali\/","title":{"rendered":"Termini legali"},"content":{"rendered":"<div class=\"row\"  id=\"row-1131319195\">\n\n\t<div id=\"col-750248722\" class=\"col medium-4 small-12 large-4\"  >\n\t\t\t\t<div class=\"col-inner\"  >\n\t\t\t\n\t\t\t\n\t<div class=\"img has-hover x md-x lg-x y md-y lg-y\" id=\"image_1785421954\">\n\t\t\t\t\t\t\t\t<div class=\"img-inner dark\" style=\"margin:54px 0px 0px 0px;\">\n\t\t\t<img loading=\"lazy\" decoding=\"async\" width=\"330\" height=\"495\" src=\"https:\/\/coolcasc.com\/wp-content\/uploads\/Paginas\/Terminos-Legales.jpg\" class=\"attachment-original size-original\" alt=\"T\u00e9rminos Legales fundas Coolcasc\" \/>\t\t\t\t\t\t\n\t\t\t\t\t<\/div>\n\t\t\t\t\t\t\t\t\n<style>\n#image_1785421954 {\n  width: 100%;\n}\n<\/style>\n\t<\/div>\n\t\n\t\t<\/div>\n\t\t\t\t\t<\/div>\n\n\t\n\n\t<div id=\"col-758351045\" class=\"col medium-8 small-12 large-8\"  >\n\t\t\t\t<div class=\"col-inner\"  >\n\t\t\t\n\t\t\t\n<p>&nbsp;<\/p>\n<h3>T\u00c9RMINOS Y CONDICIONES GENERALES DE VENTA<\/h3>\n<p style=\"text-align: justify;\">COOLCASC<sup>\u00ae<\/sup>&nbsp;es marca registrada internacional, propiedad de COOLCASC, S.L. Todos los modelos definidos como tal, as\u00ed como el dise\u00f1o de utilidad han sido registrados internacionalmente a nombre de COOLCASC, S.L.<\/p>\n<h3>Pre\u00e1mbulo<\/h3>\n<p style=\"text-align: justify;\">Las presentes Condiciones Generales de Venta se aplican de pleno derecho a todo pedido de productos efectuados por cualquier persona f\u00edsica o jur\u00eddica, ya sea p\u00fablica o privada (de aqu\u00ed en adelante Cliente).<\/p>\n<h3>Pedido<\/h3>\n<p class=\"pleadOverlaped\" style=\"text-align: justify;\">Formaci\u00f3n del contrato de venta:<br \/>\nEl cat\u00e1logo de los productos ofertados, permite al Cliente antes de realizar el pedido conocer las caracter\u00edsticas esenciales de los productos que desea solicitar.<br \/>\nLos productos propuestos est\u00e1n expuestos con la mayor exactitud posible. Las fotograf\u00edas del cat\u00e1logo son indicativas pero no son vinculantes.<br \/>\nA partir del momento en el que el Cliente ha formalizado la Orden de Pedido, \u00e9ste considera haber aceptado, con conocimiento de causa y sin reserva, los productos, los precios y las cantidades propuestas en dicha Orden de Pedido.<\/p>\n<p style=\"text-align: justify;\">El contrato de venta entre COOLCASC y el cliente, solo ser\u00e1 considerado en firme tras la confirmaci\u00f3n por parte de COOLCASC de la recepci\u00f3n del pedido.<br \/>\nCualquier presupuesto facilitado por COOLCASC, sea en la forma que fuere, no es vinculante y solo ofrece la informaci\u00f3n solicitada por el cliente. COOLCASC se reserva el derecho a rechazar pedidos. Pedidos cursados por el cliente son vinculantes y no se podr\u00e1n cancelar una vez que el pedido se haya confirmado por COOLCASC.<\/p>\n<h3>Precios<\/h3>\n<p class=\"pleadOverlaped\" style=\"text-align: justify;\">Los precios de venta de los productos est\u00e1n indicados en Euros, IVA incluido. El gasto de los portes, se indica aparte, desglosado, y depender\u00e1 del sistema de env\u00edo elegido en cada caso.<br \/>\nLa tarifa aplicable es aquella que est\u00e1 en vigor y aparece publicada en la web en la fecha de registro del pedido.<br \/>\nModificaci\u00f3n: Los precios de los productos propuestos y las presentes Condiciones Generales de Venta son susceptibles de ser modificados sin preaviso.<br \/>\nNos esforzamos en no proporcionar nada m\u00e1s que productos de calidad constante y, por tanto, nos reservamos el derecho de suprimir un art\u00edculo o de suspender la entrega si el Departamento de Calidad juzga que las garant\u00edas aportadas por el fabricante no son suficientes. Estas modificaciones, suspensiones o supresiones se efect\u00faan con el objetivo de servir mejor a los Clientes. Por consiguiente, \u00e9stas no podr\u00e1n dar lugar a ninguna compensaci\u00f3n, bajo ninguna forma.<\/p>\n<h3>Derecho de desistimiento<\/h3>\n<p class=\"pleadOverlaped\" style=\"text-align: justify;\">El cliente tendr\u00e1 derecho a desistir el presente contrato de venta, en el plazo de 14 d\u00edas laborables con notificaci\u00f3n por escrito a&nbsp;<a href=\"mailto:coolcasc@coolcasc.com?Subject=drecho%20desestimiento\" target=\"_top\" rel=\"noopener noreferrer\">coolcasc@coolcasc.com<\/a>. Este plazo comienza el d\u00eda siguiente a la recepci\u00f3n del pedido por el cliente.<br \/>\nDurante este plazo el cliente solo sacar\u00e1 el producto de su embalaje original si as\u00ed lo requiere para poder decidir si ejerce, o no, su derecho al desistimiento. En caso de devoluci\u00f3n del producto, tendr\u00e1 que ser en su embalaje original y en perfectas condiciones.<br \/>\nEl coste del porte de devoluci\u00f3n ser\u00e1 asumido por el cliente.<br \/>\nCOOLCASC se compromete a abonar al cliente el precio del producto devuelto, una vez comprobado el estado del producto en un plazo m\u00e1ximo de 30 d\u00edas a la recepci\u00f3n del mismo.<\/p>\n<h3>Condiciones de pago<\/h3>\n<p class=\"pleadOverlaped\" style=\"text-align: justify;\">El pago se realizar\u00e1 mediantes los m\u00e9todos de pago especificados en la p\u00e1gina web de Coolcasc que son Paypal o tarjeta de cr\u00e9dito. Cualquier otra f\u00f3rmula de pago deber\u00e1 ser acordada expl\u00edcitamente por las partes.<br \/>\nCOOLCASC se reserva el derecho de suspender toda entrega en caso de pagos no llevados a fin o no completados.<br \/>\nEn el caso de pago con factura, el cliente deber\u00e1 abonar el importe en un plazo m\u00e1ximo de 14 d\u00edas tras la recepci\u00f3n de la misma.<br \/>\nEn caso de impago al plazo el importe de la deuda se aumentar\u00e1 en un 1.5% por mes. La suma debida ser\u00e1 inmediatamente y de pleno derecho exigible, 10 d\u00edas despu\u00e9s del env\u00edo de un requerimiento infructuoso, sin que sean necesarias formalidades judiciales. A falta de pago en el plazo previsto, el dossier se transmitir\u00e1 al contencioso.<\/p>\n<h3>Cl\u00e1usula penal<\/h3>\n<p class=\"pleadOverlaped\" style=\"text-align: justify;\">Toda recaudaci\u00f3n por lo contencioso entra\u00f1a de pleno derecho, la carga al Cliente de una indemnizaci\u00f3n fijada, a t\u00edtulo penal, del 15% de la suma de las facturas impagadas al vencimiento, con un m\u00ednimo de 50\u20ac.<\/p>\n<h3>Reserva de propiedad<\/h3>\n<p class=\"pleadOverlaped\" style=\"text-align: justify;\">COOLCASC se reserva expresamente la propiedad de la mercanc\u00eda hasta el pago total de la misma y de los intereses en el caso de que los haya. No obstante, el Cliente soportar\u00e1, desde el momento en el que se va efectuar la entrega, la carga de los riesgos de p\u00e9rdida \u00f3 de destrucci\u00f3n, as\u00ed como todos los da\u00f1os ocasionados a la mercanc\u00eda \u00f3 provocados por ella. El Cliente es igualmente responsable en caso de p\u00e9rdida total \u00f3 parcial, robo \u00f3 destrucci\u00f3n sea cual sea la causa que lo provoque.<\/p>\n<h3>Plazos de entrega<\/h3>\n<p class=\"pleadOverlaped\" style=\"text-align: justify;\">Los plazos de entrega son estimados y no vinculantes y aparecen detallados en la p\u00e1gina web en cada caso y pa\u00eds. \u00c9stos comienzan a tenerse en cuenta, \u00fanica y exclusivamente despu\u00e9s de la formalizaci\u00f3n de la Orden de Pedido.<br \/>\nEl retraso en la fecha pactada de la entrega por causas no imputables a COOLCASC, nos exoneran frente al cliente de todo tipo de responsabilidades, y\/o de da\u00f1os y perjuicios que le cliente pudiera sufrir. Los retrasos en la entrega no pueden justificar la anulaci\u00f3n del pedido, la denegaci\u00f3n de la mercanc\u00eda, ni el pago de los da\u00f1os e intereses.<\/p>\n<h3>Tolerancia de calidad<\/h3>\n<p class=\"pleadOverlaped\" style=\"text-align: justify;\">A pesar del cuidado aportado en la selecci\u00f3n de sus fabricantes, pueden existir ligeras diferencias de color y de medidas sobre los productos finales.<br \/>\nIgualmente, la variedad de soportes y de t\u00e9cnicas de marcaje, as\u00ed como la evoluci\u00f3n constante de las tintas utilizadas (especialmente por el hecho de nuevas normas medioambientales) no permiten obtener en todos los casos una tinta y brillo conformes a las referencias de los pantones dados por el Cliente.<br \/>\nEstas ligeras diferencias son toleradas por los usos de nuestra profesi\u00f3n y no son susceptibles de poner en evidencia la validez del contrato de venta, siendo aceptados por el cliente, y no originar\u00e1n derecho alguno de reclamaci\u00f3n de da\u00f1os y perjuicios.<\/p>\n<h3>Reclamaciones y devoluciones<\/h3>\n<p class=\"pleadOverlaped\" style=\"text-align: justify;\"><strong>Reclamaciones<\/strong><br \/>\nA la recepci\u00f3n de la mercanc\u00eda, el Cliente debe verificar el estado de la misma y la conformidad seg\u00fan su pedido. Si los productos entregados no est\u00e1n conformes en naturaleza o en calidad, el Cliente debe formular la reclamaci\u00f3n por email a coolcasc@coolcasc.com recibiendo una contestaci\u00f3n en un plazo m\u00e1ximo de 48 horas laborables.<br \/>\nCualquier reclamaci\u00f3n enviada despu\u00e9s de 10 d\u00edas h\u00e1biles de la entrega de la mercanc\u00eda no ser\u00e1 tenida en cuenta.<br \/>\n<strong>Devoluciones<\/strong><br \/>\nEl cliente puede solicitar la devoluci\u00f3n de material defectuoso, siempre que no hayan transcurrido m\u00e1s de 15 d\u00edas naturales desde la fecha de entrega, para lo cual deber\u00e1 solicitarlo por email, recibiendo una contestaci\u00f3n en un plazo m\u00e1ximo de 48 horas desde la recepci\u00f3n de la solicitud. A partir de entonces el cliente dispone de 5 d\u00edas h\u00e1biles para enviar el material.<br \/>\nLa aceptaci\u00f3n del material defectuoso s\u00f3lo ser\u00e1 definitiva tras la comprobaci\u00f3n del estado del material por parte del personal de COOLCASC, S.L.<br \/>\nHabr\u00e1 un cargo m\u00ednimo de 10 \u20ac por gastos de manipulaci\u00f3n en las devoluciones motivadas por error del cliente, que ser\u00e1 descontado del abono correspondiente.<br \/>\nNo se aceptar\u00e1n devoluciones de material usado, incompleto, o que no est\u00e9 en perfectas condiciones y en su embalaje original.<br \/>\nEl env\u00edo se realizar\u00e1 a portes pagados, pero si la devoluci\u00f3n es motivada por error nuestro, o el departamento t\u00e9cnico admitiera el mal funcionamiento del producto, reintegrar\u00edamos al cliente los gastos de env\u00edo y asumir\u00edamos los gastos de reenv\u00edo al Cliente.<br \/>\n<strong>Anulaci\u00f3n del pedido<\/strong><br \/>\nComo se ha indicado previamente, los pedidos realizados y conformados por el Cliente, se consideran cerrados y no pueden ser retractados.<br \/>\nPor consecuencia, toda anulaci\u00f3n de pedido debe ser previamente autorizada y debe ser obligatoriamente formulada y enviada por email.<br \/>\nTodos los gastos ocasionados hasta ese momento ser\u00e1n facturados.<\/p>\n<h3>Garant\u00eda<\/h3>\n<p class=\"pleadOverlaped\" style=\"text-align: justify;\">Los productos suministrados gozan, en general, de las garant\u00edas otorgadas por la ley para este tipo de productos. La anulaci\u00f3n de la garant\u00eda est\u00e1 sometida a los casos siguientes:<br \/>\n\u2022 El defecto o fallo sea consecuencia de un uso o tratamiento inadecuado del producto.<br \/>\n\u2022 El producto defectuoso sea entregado al centro sin su embalaje original.<br \/>\n\u2022 El producto no se acompa\u00f1e de una copia del albar\u00e1n de entrega o de la factura.<\/p>\n<h3>Contacto<\/h3>\n<p class=\"pleadOverlaped\" style=\"text-align: justify;\">En caso de que el cliente requiera informaci\u00f3n adicional sobre su pedido podr\u00e1 contactar con COOLCASC:<br \/>\nPor tel\u00e9fono: +34 1 5356840 en horario de 8-14 horas.<br \/>\nPor e-mail: coolcasc@coolcasc.com<\/p>\n<h3>Protecci\u00f3n de Datos<\/h3>\n<p class=\"pleadOverlaped\" style=\"text-align: justify;\">Cuando el cliente realiza el pedido acepta impl\u00edcitamente que COOLCASC utilice sus datos para poder procesar su pedido. Estos datos ser\u00e1n archivados de acuerdo con la pol\u00edtica de protecci\u00f3n de datos de COOLCASC. Dicha pol\u00edtica podr\u00e1 ser revisada clicando en \u201cPol\u00edtica de privacidad\u201d en la p\u00e1gina web.<\/p>\n<h3>Fuero<\/h3>\n<p class=\"pleadOverlaped\" style=\"text-align: justify;\">Con renuncia al fuero que pudiera corresponderle al cliente, todas las controversias que pudieran eventualmente suscitarse, ser\u00e1n sometidas a los juzgados y tribunales de Madrid.<\/p>\n<nav class=\"navbar navbar-default navbar-fixed-bottom navTransp\" role=\"navigation\">\n<div class=\"container-fluid\">\n<div class=\"navbar-header\"><\/div>\n<\/div>\n<\/nav>\n\t\t<\/div>\n\t\t\t\t\t<\/div>\n\n\t\n<\/div>\n","protected":false},"excerpt":{"rendered":"","protected":false},"author":1,"featured_media":0,"parent":0,"menu_order":0,"comment_status":"closed","ping_status":"closed","template":"page-blank-title-center.php","meta":{"footnotes":""},"class_list":["post-9907","page","type-page","status-publish","hentry"],"yoast_head":"<!-- This site is optimized with the Yoast SEO plugin v27.2 - https:\/\/yoast.com\/product\/yoast-seo-wordpress\/ -->\n<title>Termini legali - Coolcasc<\/title>\n<meta name=\"robots\" content=\"index, follow, max-snippet:-1, max-image-preview:large, max-video-preview:-1\" \/>\n<link rel=\"canonical\" href=\"https:\/\/coolcasc.com\/it\/termini-legali\/\" \/>\n<meta property=\"og:locale\" content=\"it_IT\" \/>\n<meta property=\"og:type\" content=\"article\" \/>\n<meta property=\"og:title\" content=\"Termini legali - Coolcasc\" \/>\n<meta property=\"og:url\" content=\"https:\/\/coolcasc.com\/it\/termini-legali\/\" \/>\n<meta property=\"og:site_name\" content=\"Coolcasc\" \/>\n<meta property=\"article:publisher\" content=\"https:\/\/www.facebook.com\/COOLCASC\/\" \/>\n<meta property=\"article:modified_time\" content=\"2019-03-13T13:39:49+00:00\" \/>\n<meta name=\"twitter:card\" content=\"summary_large_image\" \/>\n<meta name=\"twitter:site\" content=\"@coolcasc\" \/>\n<meta name=\"twitter:label1\" content=\"Tempo di lettura stimato\" \/>\n\t<meta name=\"twitter:data1\" content=\"8 minuti\" \/>\n<script type=\"application\/ld+json\" class=\"yoast-schema-graph\">{\"@context\":\"https:\/\/schema.org\",\"@graph\":[{\"@type\":\"WebPage\",\"@id\":\"https:\/\/coolcasc.com\/it\/termini-legali\/\",\"url\":\"https:\/\/coolcasc.com\/it\/termini-legali\/\",\"name\":\"Termini legali - Coolcasc\",\"isPartOf\":{\"@id\":\"https:\/\/coolcasc.com\/#website\"},\"datePublished\":\"2019-03-13T13:39:22+00:00\",\"dateModified\":\"2019-03-13T13:39:49+00:00\",\"breadcrumb\":{\"@id\":\"https:\/\/coolcasc.com\/it\/termini-legali\/#breadcrumb\"},\"inLanguage\":\"it-IT\",\"potentialAction\":[{\"@type\":\"ReadAction\",\"target\":[\"https:\/\/coolcasc.com\/it\/termini-legali\/\"]}]},{\"@type\":\"BreadcrumbList\",\"@id\":\"https:\/\/coolcasc.com\/it\/termini-legali\/#breadcrumb\",\"itemListElement\":[{\"@type\":\"ListItem\",\"position\":1,\"name\":\"Portada\",\"item\":\"https:\/\/coolcasc.com\/\"},{\"@type\":\"ListItem\",\"position\":2,\"name\":\"Termini legali\"}]},{\"@type\":\"WebSite\",\"@id\":\"https:\/\/coolcasc.com\/#website\",\"url\":\"https:\/\/coolcasc.com\/\",\"name\":\"Coolcasc\",\"description\":\"Seguridad, moda y dise\u00f1o utilizando las fundas para casco Coolcasc en la pr\u00e1ctica de cualquier deporte.\",\"publisher\":{\"@id\":\"https:\/\/coolcasc.com\/#organization\"},\"potentialAction\":[{\"@type\":\"SearchAction\",\"target\":{\"@type\":\"EntryPoint\",\"urlTemplate\":\"https:\/\/coolcasc.com\/?s={search_term_string}\"},\"query-input\":{\"@type\":\"PropertyValueSpecification\",\"valueRequired\":true,\"valueName\":\"search_term_string\"}}],\"inLanguage\":\"it-IT\"},{\"@type\":\"Organization\",\"@id\":\"https:\/\/coolcasc.com\/#organization\",\"name\":\"Fundas para cascos Coolcasc\",\"url\":\"https:\/\/coolcasc.com\/\",\"logo\":{\"@type\":\"ImageObject\",\"inLanguage\":\"it-IT\",\"@id\":\"https:\/\/coolcasc.com\/#\/schema\/logo\/image\/\",\"url\":\"https:\/\/coolcasc.com\/wp-content\/uploads\/2018\/12\/Blue_header.png\",\"contentUrl\":\"https:\/\/coolcasc.com\/wp-content\/uploads\/2018\/12\/Blue_header.png\",\"width\":300,\"height\":180,\"caption\":\"Fundas para cascos Coolcasc\"},\"image\":{\"@id\":\"https:\/\/coolcasc.com\/#\/schema\/logo\/image\/\"},\"sameAs\":[\"https:\/\/www.facebook.com\/COOLCASC\/\",\"https:\/\/x.com\/coolcasc\",\"https:\/\/www.instagram.com\/coolcasc\/\"]}]}<\/script>\n<!-- \/ Yoast SEO plugin. -->","yoast_head_json":{"title":"Termini legali - Coolcasc","robots":{"index":"index","follow":"follow","max-snippet":"max-snippet:-1","max-image-preview":"max-image-preview:large","max-video-preview":"max-video-preview:-1"},"canonical":"https:\/\/coolcasc.com\/it\/termini-legali\/","og_locale":"it_IT","og_type":"article","og_title":"Termini legali - Coolcasc","og_url":"https:\/\/coolcasc.com\/it\/termini-legali\/","og_site_name":"Coolcasc","article_publisher":"https:\/\/www.facebook.com\/COOLCASC\/","article_modified_time":"2019-03-13T13:39:49+00:00","twitter_card":"summary_large_image","twitter_site":"@coolcasc","twitter_misc":{"Tempo di lettura stimato":"8 minuti"},"schema":{"@context":"https:\/\/schema.org","@graph":[{"@type":"WebPage","@id":"https:\/\/coolcasc.com\/it\/termini-legali\/","url":"https:\/\/coolcasc.com\/it\/termini-legali\/","name":"Termini legali - Coolcasc","isPartOf":{"@id":"https:\/\/coolcasc.com\/#website"},"datePublished":"2019-03-13T13:39:22+00:00","dateModified":"2019-03-13T13:39:49+00:00","breadcrumb":{"@id":"https:\/\/coolcasc.com\/it\/termini-legali\/#breadcrumb"},"inLanguage":"it-IT","potentialAction":[{"@type":"ReadAction","target":["https:\/\/coolcasc.com\/it\/termini-legali\/"]}]},{"@type":"BreadcrumbList","@id":"https:\/\/coolcasc.com\/it\/termini-legali\/#breadcrumb","itemListElement":[{"@type":"ListItem","position":1,"name":"Portada","item":"https:\/\/coolcasc.com\/"},{"@type":"ListItem","position":2,"name":"Termini legali"}]},{"@type":"WebSite","@id":"https:\/\/coolcasc.com\/#website","url":"https:\/\/coolcasc.com\/","name":"Coolcasc","description":"Seguridad, moda y dise\u00f1o utilizando las fundas para casco Coolcasc en la pr\u00e1ctica de cualquier deporte.","publisher":{"@id":"https:\/\/coolcasc.com\/#organization"},"potentialAction":[{"@type":"SearchAction","target":{"@type":"EntryPoint","urlTemplate":"https:\/\/coolcasc.com\/?s={search_term_string}"},"query-input":{"@type":"PropertyValueSpecification","valueRequired":true,"valueName":"search_term_string"}}],"inLanguage":"it-IT"},{"@type":"Organization","@id":"https:\/\/coolcasc.com\/#organization","name":"Fundas para cascos Coolcasc","url":"https:\/\/coolcasc.com\/","logo":{"@type":"ImageObject","inLanguage":"it-IT","@id":"https:\/\/coolcasc.com\/#\/schema\/logo\/image\/","url":"https:\/\/coolcasc.com\/wp-content\/uploads\/2018\/12\/Blue_header.png","contentUrl":"https:\/\/coolcasc.com\/wp-content\/uploads\/2018\/12\/Blue_header.png","width":300,"height":180,"caption":"Fundas para cascos Coolcasc"},"image":{"@id":"https:\/\/coolcasc.com\/#\/schema\/logo\/image\/"},"sameAs":["https:\/\/www.facebook.com\/COOLCASC\/","https:\/\/x.com\/coolcasc","https:\/\/www.instagram.com\/coolcasc\/"]}]}},"_links":{"self":[{"href":"https:\/\/coolcasc.com\/it\/wp-json\/wp\/v2\/pages\/9907","targetHints":{"allow":["GET"]}}],"collection":[{"href":"https:\/\/coolcasc.com\/it\/wp-json\/wp\/v2\/pages"}],"about":[{"href":"https:\/\/coolcasc.com\/it\/wp-json\/wp\/v2\/types\/page"}],"author":[{"embeddable":true,"href":"https:\/\/coolcasc.com\/it\/wp-json\/wp\/v2\/users\/1"}],"replies":[{"embeddable":true,"href":"https:\/\/coolcasc.com\/it\/wp-json\/wp\/v2\/comments?post=9907"}],"version-history":[{"count":0,"href":"https:\/\/coolcasc.com\/it\/wp-json\/wp\/v2\/pages\/9907\/revisions"}],"wp:attachment":[{"href":"https:\/\/coolcasc.com\/it\/wp-json\/wp\/v2\/media?parent=9907"}],"curies":[{"name":"wp","href":"https:\/\/api.w.org\/{rel}","templated":true}]}}