{"id":10436,"date":"2019-09-28T23:17:24","date_gmt":"2019-09-28T23:27:25","guid":{"rendered":"https:\/\/coolcasc.com\/?post_type=product&#038;p=10436"},"modified":"2022-10-04T23:12:17","modified_gmt":"2022-10-04T23:12:17","slug":"sperm-heroes","status":"publish","type":"product","link":"https:\/\/coolcasc.com\/it\/copricasco\/sperm-heroes\/","title":{"rendered":"Sperm Heroes"},"content":{"rendered":"<div class=\"row\"  id=\"row-725195600\">\n\n\t<div id=\"col-1392558805\" class=\"col medium-6 small-12 large-6\"  >\n\t\t\t\t<div class=\"col-inner dark\"  >\n\t\t\t\n\t\t\t\n\t<div class=\"img has-hover x md-x lg-x y md-y lg-y\" id=\"image_769677451\">\n\t\t\t\t\t\t\t\t<div class=\"img-inner dark\" style=\"margin:0px 10px 0px 10px;\">\n\t\t\t<img loading=\"lazy\" decoding=\"async\" width=\"505\" height=\"505\" src=\"https:\/\/coolcasc.com\/wp-content\/uploads\/Colecciones\/CoolPrint\/Live\/Sperm-Heroes-P.jpg\" class=\"attachment-original size-original\" alt=\"Funda casco\" \/>\t\t\t\t\t\t\n\t\t\t\t\t<\/div>\n\t\t\t\t\t\t\t\t\n<style>\n#image_769677451 {\n  width: 100%;\n}\n<\/style>\n\t<\/div>\n\t\n\t\t<\/div>\n\t\t\t\t\t<\/div>\n\n\t\n\n\t<div id=\"col-996879729\" class=\"col medium-6 small-12 large-6\"  >\n\t\t\t\t<div class=\"col-inner\"  >\n\t\t\t\n\t\t\t\n\t<div class=\"img has-hover x md-x lg-x y md-y lg-y\" id=\"image_1257191345\">\n\t\t\t\t\t\t\t\t<div class=\"img-inner dark\" style=\"margin:0px 10px 0px 10px;\">\n\t\t\t<img loading=\"lazy\" decoding=\"async\" width=\"505\" height=\"505\" src=\"https:\/\/coolcasc.com\/wp-content\/uploads\/Colecciones\/CoolPrint\/Live\/Funda_casco_169_P.jpg\" class=\"attachment-original size-original\" alt=\"\" \/>\t\t\t\t\t\t\n\t\t\t\t\t<\/div>\n\t\t\t\t\t\t\t\t\n<style>\n#image_1257191345 {\n  width: 100%;\n}\n<\/style>\n\t<\/div>\n\t\n\t\t<\/div>\n\t\t\t\t\t<\/div>\n\n\t\n\n<style>\n#row-725195600 > .col > .col-inner {\n  padding: 33px 0px 0px 0px;\n}\n<\/style>\n<\/div>\n<div class=\"container section-title-container\" style=\"margin-bottom:0px;\"><h3 class=\"section-title section-title-center\"><b aria-hidden=\"true\"><\/b><span class=\"section-title-main\" style=\"font-size:92%;\">PERCH\u00c8 INDOSSARE UN COOLCASC<\/span><b aria-hidden=\"true\"><\/b><\/h3><\/div>\n<div class=\"row row-small\"  id=\"row-994140073\">\n\n\t<div id=\"col-2035246560\" class=\"col medium-4 small-12 large-4\"  >\n\t\t\t\t<div class=\"col-inner text-center\"  >\n\t\t\t\n\t\t\t\n<ul>\n<li style=\"text-align: left;\">Perch\u00e9 posso rinnovare velocemente il mio casco.<\/li>\n<li style=\"text-align: left;\">Perch\u00e9 cambio stile quando voglio.<\/li>\n<li style=\"text-align: left;\">Perch\u00e9 lo posso usare tutto l\u2019anno, in qualsiasi casco e per qualsiasi sport.<\/li>\n<li style=\"text-align: left;\">Perch\u00e9 proteggo il mio casco dalle graffiature.<\/li>\n<\/ul>\n\t\t<\/div>\n\t\t\t\t\n<style>\n#col-2035246560 > .col-inner {\n  margin: -35px 0px 0px 0px;\n}\n<\/style>\n\t<\/div>\n\n\t\n\n\t<div id=\"col-1703655450\" class=\"col medium-4 small-12 large-4\"  >\n\t\t\t\t<div class=\"col-inner text-center\"  >\n\t\t\t\n\t\t\t\n\t<div class=\"img has-hover x md-x lg-x y md-y lg-y\" id=\"image_184418990\">\n\t\t\t\t\t\t\t\t<div class=\"img-inner dark\" style=\"margin:-5px 0px 0px 0px;\">\n\t\t\t<img loading=\"lazy\" decoding=\"async\" width=\"505\" height=\"505\" src=\"https:\/\/coolcasc.com\/wp-content\/uploads\/Colecciones\/CoolPrint\/Sperm-Heroes-F.jpg\" class=\"attachment-original size-original\" alt=\"Funda casco Sperm Heroes Frontal\" \/>\t\t\t\t\t\t\n\t\t\t\t\t<\/div>\n\t\t\t\t\t\t\t\t\n<style>\n#image_184418990 {\n  width: 80%;\n}\n<\/style>\n\t<\/div>\n\t\n\t\t<\/div>\n\t\t\t\t\n<style>\n#col-1703655450 > .col-inner {\n  padding: 0px 0px 0px 0px;\n  margin: 0px 0px -17px 0px;\n}\n<\/style>\n\t<\/div>\n\n\t\n\n\t<div id=\"col-379797329\" class=\"col medium-4 small-12 large-4\"  >\n\t\t\t\t<div class=\"col-inner\"  >\n\t\t\t\n\t\t\t\n<ul>\n<li style=\"text-align: left;\">Perch\u00e9 mi piace essere originale.<\/li>\n<li style=\"text-align: left;\">Perch\u00e9 amo dare un tocco di colore e allegria alla mia vita.<\/li>\n<li style=\"text-align: left;\">Perch\u00e9 sono pi\u00f9 visibile, quindi pi\u00f9 sicuro.<\/li>\n<\/ul>\n\t\t<\/div>\n\t\t\t\t\n<style>\n#col-379797329 > .col-inner {\n  margin: -35px 0px 0px 0px;\n}\n<\/style>\n\t<\/div>\n\n\t\n\n<style>\n#row-994140073 > .col > .col-inner {\n  padding: 55px 0px 0px 0px;\n}\n<\/style>\n<\/div>\n<div class=\"row\"  id=\"row-1903909334\">\n\n\t<div id=\"col-467722245\" class=\"col medium-4 small-12 large-4\"  >\n\t\t\t\t<div class=\"col-inner text-center\"  >\n\t\t\t\n\t\t\t\n<div class=\"container section-title-container\" style=\"margin-bottom:0px;\"><h3 class=\"section-title section-title-center\"><b aria-hidden=\"true\"><\/b><span class=\"section-title-main\" style=\"font-size:92%;\">PACKAGING<\/span><b aria-hidden=\"true\"><\/b><\/h3><\/div>\n<p data-line-height=\"m\">Il prodotto \u00e8 confezionato in modo personalizzato con il soggetto Sperm Heroes con immagini del copricasco Sperm Heroes indossato e le istruzioni per l\u2019uso.<\/p>\n<p data-line-height=\"m\">Il design e le rifiniture della confezione rendono ogni COOLCASC<sup> \u00ae <\/sup> un regalo originale e meraviglioso.<\/p>\n\t\t<\/div>\n\t\t\t\t\t<\/div>\n\n\t\n\n\t<div id=\"col-757700674\" class=\"col medium-4 small-12 large-4\"  >\n\t\t\t\t<div class=\"col-inner text-center\"  >\n\t\t\t\n\t\t\t\n<div class=\"container section-title-container\" style=\"margin-bottom:0px;\"><h3 class=\"section-title section-title-center\"><b aria-hidden=\"true\"><\/b><span class=\"section-title-main\" style=\"font-size:96%;\">TRATTAMENTO E LAVAGGIO<\/span><b aria-hidden=\"true\"><\/b><\/h3><\/div>\n<p>Prodotto fabbricato in lycra <sup> \u00ae <\/sup><br \/>\nLavare max. 30\u00ba (65-85 F)<br \/>\nNon candeggiare<br \/>\nNon asciugare in asciugatrice<br \/>\nNon stirare<\/p>\n\t\t<\/div>\n\t\t\t\t\t<\/div>\n\n\t\n\n\t<div id=\"col-1637590789\" class=\"col medium-4 small-12 large-4\"  >\n\t\t\t\t<div class=\"col-inner\"  >\n\t\t\t\n\t\t\t\n<div class=\"container section-title-container\" style=\"margin-bottom:0px;\"><h3 class=\"section-title section-title-center\"><b aria-hidden=\"true\"><\/b><span class=\"section-title-main\" style=\"font-size:96%;\">CALIDAD<\/span><b aria-hidden=\"true\"><\/b><\/h3><\/div>\n<p style=\"text-align: center;\">I nostri prodotti si caratterizzano per un accurato design e sono fabbricati con materie prime di altissima qualit\u00e0. Tutti i prodotti COOLCASC<sup> \u00ae <\/sup> sono testati manualmente uno a uno, seguendo un rigido protocollo di controllo qualit\u00e0.<\/p>\n\t\t<\/div>\n\t\t\t\t\t<\/div>\n\n\t\n<\/div>\n","protected":false},"excerpt":{"rendered":"<p class=\"productDescription\">I pi\u00f9 veloci sono quelli che ci arrivano per primi.<\/p>\n<p class=\"productDescription\">I supereroi!<\/p>\n<p>&nbsp;<\/p>\n<p><strong>Materiale: <\/strong> 83% poliammide e 17% Spandex<\/p>\n<p><strong>Taglia unica<\/strong> Si adatta a qualsiasi tipo di casco.<\/p>\n<p><strong>Per tutti gli sport:<\/strong> si adatta a caschi da sci, bicicletta, monopattino, pattini, skate e moto.<\/p>\n<p><strong>Si adatta <\/strong> a caschi demi jet. Fenditura posteriore per fissare la maschera da sci.<\/p>\n","protected":false},"featured_media":23031,"comment_status":"closed","ping_status":"closed","template":"","meta":[],"product_brand":[],"product_cat":[86],"product_tag":[136,226,116,205],"class_list":{"0":"post-10436","1":"product","2":"type-product","3":"status-publish","4":"has-post-thumbnail","6":"product_cat-cool-print-it","7":"product_tag-casco-it","8":"product_tag-caso","9":"product_tag-cool-print-it","10":"product_tag-giallo","12":"first","13":"instock","14":"taxable","15":"shipping-taxable","16":"purchasable","17":"product-type-simple"},"yoast_head":"<!-- This site is optimized with the Yoast SEO plugin v27.2 - https:\/\/yoast.com\/product\/yoast-seo-wordpress\/ -->\n<title>Funda para casco Sperm Heroes - Coolcasc<\/title>\n<meta name=\"description\" content=\"En esta funda para casco Sperm Heroes\" \/>\n<meta name=\"robots\" content=\"index, follow, max-snippet:-1, max-image-preview:large, max-video-preview:-1\" \/>\n<link rel=\"canonical\" href=\"https:\/\/coolcasc.com\/it\/funda-para-casco\/sperm-heroes\/\" \/>\n<meta property=\"og:locale\" content=\"it_IT\" \/>\n<meta property=\"og:type\" content=\"article\" \/>\n<meta property=\"og:title\" content=\"Funda para casco Sperm Heroes - Coolcasc\" \/>\n<meta property=\"og:description\" content=\"En esta funda para casco Sperm Heroes\" \/>\n<meta property=\"og:url\" content=\"https:\/\/coolcasc.com\/it\/funda-para-casco\/sperm-heroes\/\" \/>\n<meta property=\"og:site_name\" content=\"Coolcasc\" \/>\n<meta property=\"article:publisher\" content=\"https:\/\/www.facebook.com\/COOLCASC\/\" \/>\n<meta property=\"article:modified_time\" content=\"2022-10-04T23:12:17+00:00\" \/>\n<meta property=\"og:image\" content=\"https:\/\/coolcasc.com\/wp-content\/uploads\/Colecciones\/CoolPrint\/Sperm-Heroes-D-1.jpg\" \/>\n\t<meta property=\"og:image:width\" content=\"500\" \/>\n\t<meta property=\"og:image:height\" content=\"500\" \/>\n\t<meta property=\"og:image:type\" content=\"image\/jpeg\" \/>\n<meta name=\"twitter:card\" content=\"summary_large_image\" \/>\n<meta name=\"twitter:site\" content=\"@coolcasc\" \/>\n<meta name=\"twitter:label1\" content=\"Tempo di lettura stimato\" \/>\n\t<meta name=\"twitter:data1\" content=\"2 minuti\" \/>\n<script type=\"application\/ld+json\" class=\"yoast-schema-graph\">{\"@context\":\"https:\/\/schema.org\",\"@graph\":[{\"@type\":\"WebPage\",\"@id\":\"https:\/\/coolcasc.com\/it\/funda-para-casco\/sperm-heroes\/\",\"url\":\"https:\/\/coolcasc.com\/it\/funda-para-casco\/sperm-heroes\/\",\"name\":\"Funda para casco Sperm Heroes - Coolcasc\",\"isPartOf\":{\"@id\":\"https:\/\/coolcasc.com\/#website\"},\"primaryImageOfPage\":{\"@id\":\"https:\/\/coolcasc.com\/it\/funda-para-casco\/sperm-heroes\/#primaryimage\"},\"image\":{\"@id\":\"https:\/\/coolcasc.com\/it\/funda-para-casco\/sperm-heroes\/#primaryimage\"},\"thumbnailUrl\":\"https:\/\/coolcasc.com\/wp-content\/uploads\/2019\/09\/Sperm-Heroes-D-1.jpg\",\"datePublished\":\"2019-09-28T23:27:25+00:00\",\"dateModified\":\"2022-10-04T23:12:17+00:00\",\"description\":\"En esta funda para casco Sperm Heroes\",\"breadcrumb\":{\"@id\":\"https:\/\/coolcasc.com\/it\/funda-para-casco\/sperm-heroes\/#breadcrumb\"},\"inLanguage\":\"it-IT\",\"potentialAction\":[{\"@type\":\"ReadAction\",\"target\":[\"https:\/\/coolcasc.com\/it\/funda-para-casco\/sperm-heroes\/\"]}]},{\"@type\":\"ImageObject\",\"inLanguage\":\"it-IT\",\"@id\":\"https:\/\/coolcasc.com\/it\/funda-para-casco\/sperm-heroes\/#primaryimage\",\"url\":\"https:\/\/coolcasc.com\/wp-content\/uploads\/2019\/09\/Sperm-Heroes-D-1.jpg\",\"contentUrl\":\"https:\/\/coolcasc.com\/wp-content\/uploads\/2019\/09\/Sperm-Heroes-D-1.jpg\",\"width\":500,\"height\":500,\"caption\":\"Sperm Heroes D 1\"},{\"@type\":\"BreadcrumbList\",\"@id\":\"https:\/\/coolcasc.com\/it\/funda-para-casco\/sperm-heroes\/#breadcrumb\",\"itemListElement\":[{\"@type\":\"ListItem\",\"position\":1,\"name\":\"Portada\",\"item\":\"https:\/\/coolcasc.com\/\"},{\"@type\":\"ListItem\",\"position\":2,\"name\":\"Tienda\",\"item\":\"https:\/\/coolcasc.com\/it\/tienda\/\"},{\"@type\":\"ListItem\",\"position\":3,\"name\":\"Sperm Heroes\"}]},{\"@type\":\"WebSite\",\"@id\":\"https:\/\/coolcasc.com\/#website\",\"url\":\"https:\/\/coolcasc.com\/\",\"name\":\"Coolcasc\",\"description\":\"Seguridad, moda y dise\u00f1o utilizando las fundas para casco Coolcasc en la pr\u00e1ctica de cualquier deporte.\",\"publisher\":{\"@id\":\"https:\/\/coolcasc.com\/#organization\"},\"potentialAction\":[{\"@type\":\"SearchAction\",\"target\":{\"@type\":\"EntryPoint\",\"urlTemplate\":\"https:\/\/coolcasc.com\/?s={search_term_string}\"},\"query-input\":{\"@type\":\"PropertyValueSpecification\",\"valueRequired\":true,\"valueName\":\"search_term_string\"}}],\"inLanguage\":\"it-IT\"},{\"@type\":\"Organization\",\"@id\":\"https:\/\/coolcasc.com\/#organization\",\"name\":\"Fundas para cascos Coolcasc\",\"url\":\"https:\/\/coolcasc.com\/\",\"logo\":{\"@type\":\"ImageObject\",\"inLanguage\":\"it-IT\",\"@id\":\"https:\/\/coolcasc.com\/#\/schema\/logo\/image\/\",\"url\":\"https:\/\/coolcasc.com\/wp-content\/uploads\/2018\/12\/Blue_header.png\",\"contentUrl\":\"https:\/\/coolcasc.com\/wp-content\/uploads\/2018\/12\/Blue_header.png\",\"width\":300,\"height\":180,\"caption\":\"Fundas para cascos Coolcasc\"},\"image\":{\"@id\":\"https:\/\/coolcasc.com\/#\/schema\/logo\/image\/\"},\"sameAs\":[\"https:\/\/www.facebook.com\/COOLCASC\/\",\"https:\/\/x.com\/coolcasc\",\"https:\/\/www.instagram.com\/coolcasc\/\"]}]}<\/script>\n<!-- \/ Yoast SEO plugin. -->","yoast_head_json":{"title":"Funda para casco Sperm Heroes - Coolcasc","description":"En esta funda para casco Sperm Heroes","robots":{"index":"index","follow":"follow","max-snippet":"max-snippet:-1","max-image-preview":"max-image-preview:large","max-video-preview":"max-video-preview:-1"},"canonical":"https:\/\/coolcasc.com\/it\/funda-para-casco\/sperm-heroes\/","og_locale":"it_IT","og_type":"article","og_title":"Funda para casco Sperm Heroes - Coolcasc","og_description":"En esta funda para casco Sperm Heroes","og_url":"https:\/\/coolcasc.com\/it\/funda-para-casco\/sperm-heroes\/","og_site_name":"Coolcasc","article_publisher":"https:\/\/www.facebook.com\/COOLCASC\/","article_modified_time":"2022-10-04T23:12:17+00:00","og_image":[{"width":500,"height":500,"url":"https:\/\/coolcasc.com\/wp-content\/uploads\/Colecciones\/CoolPrint\/Sperm-Heroes-D-1.jpg","type":"image\/jpeg"}],"twitter_card":"summary_large_image","twitter_site":"@coolcasc","twitter_misc":{"Tempo di lettura stimato":"2 minuti"},"schema":{"@context":"https:\/\/schema.org","@graph":[{"@type":"WebPage","@id":"https:\/\/coolcasc.com\/it\/funda-para-casco\/sperm-heroes\/","url":"https:\/\/coolcasc.com\/it\/funda-para-casco\/sperm-heroes\/","name":"Funda para casco Sperm Heroes - Coolcasc","isPartOf":{"@id":"https:\/\/coolcasc.com\/#website"},"primaryImageOfPage":{"@id":"https:\/\/coolcasc.com\/it\/funda-para-casco\/sperm-heroes\/#primaryimage"},"image":{"@id":"https:\/\/coolcasc.com\/it\/funda-para-casco\/sperm-heroes\/#primaryimage"},"thumbnailUrl":"https:\/\/coolcasc.com\/wp-content\/uploads\/2019\/09\/Sperm-Heroes-D-1.jpg","datePublished":"2019-09-28T23:27:25+00:00","dateModified":"2022-10-04T23:12:17+00:00","description":"En esta funda para casco Sperm Heroes","breadcrumb":{"@id":"https:\/\/coolcasc.com\/it\/funda-para-casco\/sperm-heroes\/#breadcrumb"},"inLanguage":"it-IT","potentialAction":[{"@type":"ReadAction","target":["https:\/\/coolcasc.com\/it\/funda-para-casco\/sperm-heroes\/"]}]},{"@type":"ImageObject","inLanguage":"it-IT","@id":"https:\/\/coolcasc.com\/it\/funda-para-casco\/sperm-heroes\/#primaryimage","url":"https:\/\/coolcasc.com\/wp-content\/uploads\/2019\/09\/Sperm-Heroes-D-1.jpg","contentUrl":"https:\/\/coolcasc.com\/wp-content\/uploads\/2019\/09\/Sperm-Heroes-D-1.jpg","width":500,"height":500,"caption":"Sperm Heroes D 1"},{"@type":"BreadcrumbList","@id":"https:\/\/coolcasc.com\/it\/funda-para-casco\/sperm-heroes\/#breadcrumb","itemListElement":[{"@type":"ListItem","position":1,"name":"Portada","item":"https:\/\/coolcasc.com\/"},{"@type":"ListItem","position":2,"name":"Tienda","item":"https:\/\/coolcasc.com\/it\/tienda\/"},{"@type":"ListItem","position":3,"name":"Sperm Heroes"}]},{"@type":"WebSite","@id":"https:\/\/coolcasc.com\/#website","url":"https:\/\/coolcasc.com\/","name":"Coolcasc","description":"Seguridad, moda y dise\u00f1o utilizando las fundas para casco Coolcasc en la pr\u00e1ctica de cualquier deporte.","publisher":{"@id":"https:\/\/coolcasc.com\/#organization"},"potentialAction":[{"@type":"SearchAction","target":{"@type":"EntryPoint","urlTemplate":"https:\/\/coolcasc.com\/?s={search_term_string}"},"query-input":{"@type":"PropertyValueSpecification","valueRequired":true,"valueName":"search_term_string"}}],"inLanguage":"it-IT"},{"@type":"Organization","@id":"https:\/\/coolcasc.com\/#organization","name":"Fundas para cascos Coolcasc","url":"https:\/\/coolcasc.com\/","logo":{"@type":"ImageObject","inLanguage":"it-IT","@id":"https:\/\/coolcasc.com\/#\/schema\/logo\/image\/","url":"https:\/\/coolcasc.com\/wp-content\/uploads\/2018\/12\/Blue_header.png","contentUrl":"https:\/\/coolcasc.com\/wp-content\/uploads\/2018\/12\/Blue_header.png","width":300,"height":180,"caption":"Fundas para cascos Coolcasc"},"image":{"@id":"https:\/\/coolcasc.com\/#\/schema\/logo\/image\/"},"sameAs":["https:\/\/www.facebook.com\/COOLCASC\/","https:\/\/x.com\/coolcasc","https:\/\/www.instagram.com\/coolcasc\/"]}]}},"_links":{"self":[{"href":"https:\/\/coolcasc.com\/it\/wp-json\/wp\/v2\/product\/10436","targetHints":{"allow":["GET"]}}],"collection":[{"href":"https:\/\/coolcasc.com\/it\/wp-json\/wp\/v2\/product"}],"about":[{"href":"https:\/\/coolcasc.com\/it\/wp-json\/wp\/v2\/types\/product"}],"replies":[{"embeddable":true,"href":"https:\/\/coolcasc.com\/it\/wp-json\/wp\/v2\/comments?post=10436"}],"wp:featuredmedia":[{"embeddable":true,"href":"https:\/\/coolcasc.com\/it\/wp-json\/wp\/v2\/media\/23031"}],"wp:attachment":[{"href":"https:\/\/coolcasc.com\/it\/wp-json\/wp\/v2\/media?parent=10436"}],"wp:term":[{"taxonomy":"product_brand","embeddable":true,"href":"https:\/\/coolcasc.com\/it\/wp-json\/wp\/v2\/product_brand?post=10436"},{"taxonomy":"product_cat","embeddable":true,"href":"https:\/\/coolcasc.com\/it\/wp-json\/wp\/v2\/product_cat?post=10436"},{"taxonomy":"product_tag","embeddable":true,"href":"https:\/\/coolcasc.com\/it\/wp-json\/wp\/v2\/product_tag?post=10436"}],"curies":[{"name":"wp","href":"https:\/\/api.w.org\/{rel}","templated":true}]}}