{"id":9446,"date":"2018-11-16T23:30:52","date_gmt":"2018-11-16T23:30:52","guid":{"rendered":"http:\/\/coolcasc.com\/funda-para-casco\/argento-pellicia-bianca\/"},"modified":"2023-11-06T12:59:23","modified_gmt":"2023-11-06T12:59:23","slug":"argento-pellicia-bianca","status":"publish","type":"product","link":"https:\/\/coolcasc.com\/it\/copricasco\/argento-pellicia-bianca\/","title":{"rendered":"Argento \/ Pellicia Bianca"},"content":{"rendered":"<div class=\"row row-collapse row-full-width\"  id=\"row-987337628\">\n\n\t<div id=\"col-339577807\" class=\"col medium-6 large-6\"  >\n\t\t\t\t<div class=\"col-inner text-center dark\"  >\n\t\t\t\n\t\t\t\n\t<div class=\"img has-hover x md-x lg-x y md-y lg-y\" id=\"image_662033514\">\n\t\t\t\t\t\t\t\t<div class=\"img-inner dark\" style=\"margin:0px 10px 0 10px;\">\n\t\t\t<img loading=\"lazy\" decoding=\"async\" width=\"505\" height=\"505\" src=\"https:\/\/coolcasc.com\/wp-content\/uploads\/Colecciones\/Exclusive\/Live\/Funda-casco-Plata-Piel-Blanca-mirada-frontal.jpg\" class=\"attachment-original size-original\" alt=\"Funda casco Plata Piel Blanca mirada-frontal\" \/>\t\t\t\t\t\t\n\t\t\t\t\t<\/div>\n\t\t\t\t\t\t\t\t\n<style>\n#image_662033514 {\n  width: 100%;\n}\n<\/style>\n\t<\/div>\n\t\n\t<div class=\"img has-hover x md-x lg-x y md-y lg-y\" id=\"image_531157449\">\n\t\t\t\t\t\t\t\t<div class=\"img-inner dark\" style=\"margin:0px 10px 0 10px;\">\n\t\t\t<img loading=\"lazy\" decoding=\"async\" width=\"505\" height=\"505\" src=\"https:\/\/coolcasc.com\/wp-content\/uploads\/Colecciones\/Exclusive\/Live\/Funda-casco-Plata-Piel-Blanca-Cara.jpg\" class=\"attachment-original size-original\" alt=\"\" \/>\t\t\t\t\t\t\n\t\t\t\t\t<\/div>\n\t\t\t\t\t\t\t\t\n<style>\n#image_531157449 {\n  width: 100%;\n}\n<\/style>\n\t<\/div>\n\t\n\t\t<\/div>\n\t\t\t\t\t<\/div>\n\n\t\n\n\t<div id=\"col-271463297\" class=\"col medium-6 large-6\"  >\n\t\t\t\t<div class=\"col-inner\"  >\n\t\t\t\n\t\t\t\n\t<div class=\"img has-hover x md-x lg-x y md-y lg-y\" id=\"image_283405053\">\n\t\t\t\t\t\t\t\t<div class=\"img-inner dark\" style=\"margin:0px 10px 0 10px;\">\n\t\t\t<img loading=\"lazy\" decoding=\"async\" width=\"505\" height=\"505\" src=\"https:\/\/coolcasc.com\/wp-content\/uploads\/Colecciones\/Exclusive\/Live\/Funda-casco-Plata-Piel-Blanca-Gafas.jpg\" class=\"attachment-original size-original\" alt=\"\" \/>\t\t\t\t\t\t\n\t\t\t\t\t<\/div>\n\t\t\t\t\t\t\t\t\n<style>\n#image_283405053 {\n  width: 100%;\n}\n<\/style>\n\t<\/div>\n\t\n\t<div class=\"img has-hover x md-x lg-x y md-y lg-y\" id=\"image_573785641\">\n\t\t\t\t\t\t\t\t<div class=\"img-inner dark\" style=\"margin:0px 10px 0 10px;\">\n\t\t\t<img loading=\"lazy\" decoding=\"async\" width=\"505\" height=\"505\" src=\"https:\/\/coolcasc.com\/wp-content\/uploads\/Colecciones\/Exclusive\/Live\/Funda-casco-Plata-Piel-Blanca.jpg\" class=\"attachment-original size-original\" alt=\"\" \/>\t\t\t\t\t\t\n\t\t\t\t\t<\/div>\n\t\t\t\t\t\t\t\t\n<style>\n#image_573785641 {\n  width: 100%;\n}\n<\/style>\n\t<\/div>\n\t\n\t\t<\/div>\n\t\t\t\t\t<\/div>\n\n\t\n<\/div>\n<div class=\"container section-title-container\" style=\"margin-bottom:0px;\"><h3 class=\"section-title section-title-center\"><b aria-hidden=\"true\"><\/b><span class=\"section-title-main\" style=\"font-size:92%;\">PERCH\u00c8 INDOSSARE UN COOLCASC<\/span><b aria-hidden=\"true\"><\/b><\/h3><\/div>\n<div class=\"row row-small\"  id=\"row-768901422\">\n\n\t<div id=\"col-1864347495\" class=\"col medium-4 small-12 large-4\"  >\n\t\t\t\t<div class=\"col-inner text-center\"  >\n\t\t\t\n\t\t\t\n<ul>\n<li style=\"text-align: left;\">Perch\u00e9 posso rinnovare velocemente il mio casco.<\/li>\n<li style=\"text-align: left;\">Perch\u00e9 cambio stile quando voglio.<\/li>\n<li style=\"text-align: left;\">Perch\u00e9 lo posso usare tutto l\u2019anno, in qualsiasi casco e per qualsiasi sport.<\/li>\n<li style=\"text-align: left;\">Perch\u00e9 proteggo il mio casco dalle graffiature.<\/li>\n<\/ul>\n\t\t<\/div>\n\t\t\t\t\n<style>\n#col-1864347495 > .col-inner {\n  margin: -35px 0px 0px 0px;\n}\n<\/style>\n\t<\/div>\n\n\t\n\n\t<div id=\"col-533635469\" class=\"col medium-4 small-12 large-4\"  >\n\t\t\t\t<div class=\"col-inner text-center\"  >\n\t\t\t\n\t\t\t\n\t<div class=\"img has-hover x md-x lg-x y md-y lg-y\" id=\"image_2078621329\">\n\t\t\t\t\t\t\t\t<div class=\"img-inner dark\" style=\"margin:-5px 0px 0px 0px;\">\n\t\t\t<img loading=\"lazy\" decoding=\"async\" width=\"500\" height=\"500\" src=\"https:\/\/coolcasc.com\/wp-content\/uploads\/Colecciones\/Exclusive\/Funda-casco-Plata-Piel-Blanca-Frontal.jpg\" class=\"attachment-original size-original\" alt=\"Funda casco Plata Piel Blanca Frontal\" \/>\t\t\t\t\t\t\n\t\t\t\t\t<\/div>\n\t\t\t\t\t\t\t\t\n<style>\n#image_2078621329 {\n  width: 80%;\n}\n<\/style>\n\t<\/div>\n\t\n\t\t<\/div>\n\t\t\t\t\n<style>\n#col-533635469 > .col-inner {\n  padding: 0px 0px 0px 0px;\n  margin: 0px 0px -17px 0px;\n}\n<\/style>\n\t<\/div>\n\n\t\n\n\t<div id=\"col-1912793306\" class=\"col medium-4 small-12 large-4\"  >\n\t\t\t\t<div class=\"col-inner\"  >\n\t\t\t\n\t\t\t\n<ul>\n<li style=\"text-align: left;\">Perch\u00e9 mi piace essere originale.<\/li>\n<li style=\"text-align: left;\">Perch\u00e9 amo dare un tocco di colore e allegria alla mia vita.<\/li>\n<li style=\"text-align: left;\">Perch\u00e9 sono pi\u00f9 visibile, quindi pi\u00f9 sicuro.<\/li>\n<\/ul>\n\t\t<\/div>\n\t\t\t\t\n<style>\n#col-1912793306 > .col-inner {\n  margin: -35px 0px 0px 0px;\n}\n<\/style>\n\t<\/div>\n\n\t\n\n<style>\n#row-768901422 > .col > .col-inner {\n  padding: 55px 0px 0px 0px;\n}\n<\/style>\n<\/div>\n\n  <div class=\"banner has-hover\" id=\"banner-606335406\">\n          <div class=\"banner-inner fill\">\n        <div class=\"banner-bg fill\" >\n            <img loading=\"lazy\" decoding=\"async\" width=\"1050\" height=\"647\" src=\"https:\/\/coolcasc.com\/wp-content\/uploads\/Colecciones\/Exclusive\/Live\/Funda-casco-Plata-Piel-Blanca-Ski-paisaje.jpg\" class=\"bg attachment-original size-original\" alt=\"Funda casco Plata Piel Blanca Ski-paisaje\" \/>                                    \n\t<div class=\"is-border\"\n\t\tstyle=\"border-color:rgb(255, 255, 255);border-width:15px 10px 0px 10px;\">\n\t<\/div>\n                    <\/div>\n\t\t\n        <div class=\"banner-layers container\">\n            <div class=\"fill banner-link\"><\/div>            \n   <div id=\"text-box-639027765\" class=\"text-box banner-layer x5 md-x5 lg-x5 y5 md-y5 lg-y5 res-text\">\n                                <div class=\"text-box-content text \">\n              \n              <div class=\"text-inner text-left\">\n                  \n<h3 class=\"uppercase\"><strong>Copricasco EXCLUSIVE<\/strong><\/h3>\n<h3 class=\"uppercase\"><strong>Argento pellicia bianca<\/strong><\/h3>\n              <\/div>\n           <\/div>\n                            \n<style>\n#text-box-639027765 {\n  width: 60%;\n}\n#text-box-639027765 .text-box-content {\n  font-size: 100%;\n}\n@media (min-width:550px) {\n  #text-box-639027765 {\n    width: 50%;\n  }\n}\n<\/style>\n    <\/div>\n \n        <\/div>\n      <\/div>\n\n            \n<style>\n#banner-606335406 {\n  padding-top: 61%;\n}\n#banner-606335406 .banner-bg img {\n  object-position: 52% 15%;\n}\n<\/style>\n  <\/div>\n\n\n<div class=\"row\"  id=\"row-1489375130\">\n\n\t<div id=\"col-1299524783\" class=\"col medium-4 small-12 large-4\"  >\n\t\t\t\t<div class=\"col-inner text-center\"  >\n\t\t\t\n\t\t\t\n<div class=\"container section-title-container\" style=\"margin-bottom:0px;\"><h3 class=\"section-title section-title-center\"><b aria-hidden=\"true\"><\/b><span class=\"section-title-main\" style=\"font-size:92%;\">PACKAGING<\/span><b aria-hidden=\"true\"><\/b><\/h3><\/div>\n<p data-line-height=\"m\">Il prodotto \u00e8 confezionato in modo personalizzato con il soggetto Argento , con immagini del copricasco Argento(pellicia bianca) indossato e le istruzioni per l\u2019uso.<\/p>\n<p data-line-height=\"m\">Il design e le rifiniture della confezione rendono ogni COOLCASC<sup> \u00ae <\/sup> un regalo originale e meraviglioso.<\/p>\n\t\t<\/div>\n\t\t\t\t\t<\/div>\n\n\t\n\n\t<div id=\"col-1639656912\" class=\"col medium-4 small-12 large-4\"  >\n\t\t\t\t<div class=\"col-inner text-center\"  >\n\t\t\t\n\t\t\t\n<div class=\"container section-title-container\" style=\"margin-bottom:0px;\"><h3 class=\"section-title section-title-center\"><b aria-hidden=\"true\"><\/b><span class=\"section-title-main\" style=\"font-size:96%;\">TRATTAMENTO E LAVAGGIO<\/span><b aria-hidden=\"true\"><\/b><\/h3><\/div>\n<p>Prodotto fabbricato in lycra <sup> \u00ae <\/sup><br \/>\nLavare max. 30\u00ba (65-85 F)<br \/>\nNon candeggiare<br \/>\nNon asciugare in asciugatrice<br \/>\nNon stirare<\/p>\n<p><strong>Non lavare con accessori in pelliccia finta.<br \/>\nRimuovere prima del lavaggio.<\/strong><\/p>\n\t\t<\/div>\n\t\t\t\t\t<\/div>\n\n\t\n\n\t<div id=\"col-1027763597\" class=\"col medium-4 small-12 large-4\"  >\n\t\t\t\t<div class=\"col-inner\"  >\n\t\t\t\n\t\t\t\n<div class=\"container section-title-container\" style=\"margin-bottom:0px;\"><h3 class=\"section-title section-title-center\"><b aria-hidden=\"true\"><\/b><span class=\"section-title-main\" style=\"font-size:96%;\">CALIDAD<\/span><b aria-hidden=\"true\"><\/b><\/h3><\/div>\n<p style=\"text-align: center;\">I nostri prodotti si caratterizzano per un accurato design e sono fabbricati con materie prime di altissima qualit\u00e0.<\/p>\n<p style=\"text-align: center;\">Tutti i prodotti COOLCASC<sup> \u00ae <\/sup> sono testati manualmente uno a uno, seguendo un rigido protocollo di controllo qualit\u00e0.<\/p>\n\t\t<\/div>\n\t\t\t\t\t<\/div>\n\n\t\n<\/div>\n","protected":false},"excerpt":{"rendered":"<p class=\"productDescription\">Abbiamo ampliato la nostra collezione EXCLUSIVE con questo copricasco in argento metallizzato in lycra.<\/p>\n<p class=\"productDescription\">Molto elegante ed esclusivo.<\/p>\n<p>&nbsp;<\/p>\n<p><strong>Materiale: <\/strong> 83% poliammide e 17% Spandex<\/p>\n<p><strong>Taglia unica<\/strong> Si adatta a qualsiasi tipo di casco.<\/p>\n<p><strong>Per tutti gli sport:<\/strong> si adatta a caschi da sci, bicicletta, monopattino, pattini, skate e moto.<\/p>\n<p><strong>Si adatta <\/strong> a caschi demi jet. Fenditura posteriore per fissare la maschera da sci.<\/p>\n","protected":false},"featured_media":4552,"comment_status":"closed","ping_status":"closed","template":"","meta":[],"product_brand":[],"product_cat":[95],"product_tag":[181,218,136,226,151],"class_list":{"0":"post-9446","1":"product","2":"type-product","3":"status-publish","4":"has-post-thumbnail","6":"product_cat-exclusive-it","7":"product_tag-argento","8":"product_tag-bianco","9":"product_tag-casco-it","10":"product_tag-caso","11":"product_tag-exclusive-it","13":"first","14":"outofstock","15":"taxable","16":"shipping-taxable","17":"purchasable","18":"product-type-simple"},"yoast_head":"<!-- This site is optimized with the Yoast SEO plugin v27.2 - https:\/\/yoast.com\/product\/yoast-seo-wordpress\/ -->\n<title>Funda para casco Argento \/ Pellicia Bianca - Coolcasc<\/title>\n<meta name=\"description\" content=\"Ampliamos nuestra colecci\u00f3n EXCLUSIVE con esta funda para casco de lycra met\u00e1lica en plata. Funda muy elegante y exclusiva. Apata para casco de esqu\u00ed.\" \/>\n<meta name=\"robots\" content=\"index, follow, max-snippet:-1, max-image-preview:large, max-video-preview:-1\" \/>\n<link rel=\"canonical\" href=\"https:\/\/coolcasc.com\/it\/copricasco\/argento-pellicia-bianca\/\" \/>\n<meta property=\"og:locale\" content=\"it_IT\" \/>\n<meta property=\"og:type\" content=\"article\" \/>\n<meta property=\"og:title\" content=\"Funda para casco Argento \/ Pellicia Bianca - Coolcasc\" \/>\n<meta property=\"og:description\" content=\"Ampliamos nuestra colecci\u00f3n EXCLUSIVE con esta funda para casco de lycra met\u00e1lica en plata. Funda muy elegante y exclusiva. Apata para casco de esqu\u00ed.\" \/>\n<meta property=\"og:url\" content=\"https:\/\/coolcasc.com\/it\/copricasco\/argento-pellicia-bianca\/\" \/>\n<meta property=\"og:site_name\" content=\"Coolcasc\" \/>\n<meta property=\"article:publisher\" content=\"https:\/\/www.facebook.com\/COOLCASC\/\" \/>\n<meta property=\"article:modified_time\" content=\"2023-11-06T12:59:23+00:00\" \/>\n<meta property=\"og:image\" content=\"https:\/\/coolcasc.com\/wp-content\/uploads\/Colecciones\/Exclusive\/Funda-casco-Plata-Piel-Blanca-Tercio.jpg\" \/>\n\t<meta property=\"og:image:width\" content=\"500\" \/>\n\t<meta property=\"og:image:height\" content=\"500\" \/>\n\t<meta property=\"og:image:type\" content=\"image\/jpeg\" \/>\n<meta name=\"twitter:card\" content=\"summary_large_image\" \/>\n<meta name=\"twitter:site\" content=\"@coolcasc\" \/>\n<meta name=\"twitter:label1\" content=\"Tempo di lettura stimato\" \/>\n\t<meta name=\"twitter:data1\" content=\"2 minuti\" \/>\n<script type=\"application\/ld+json\" class=\"yoast-schema-graph\">{\"@context\":\"https:\/\/schema.org\",\"@graph\":[{\"@type\":\"WebPage\",\"@id\":\"https:\/\/coolcasc.com\/it\/copricasco\/argento-pellicia-bianca\/\",\"url\":\"https:\/\/coolcasc.com\/it\/copricasco\/argento-pellicia-bianca\/\",\"name\":\"Funda para casco Argento \/ Pellicia Bianca - Coolcasc\",\"isPartOf\":{\"@id\":\"https:\/\/coolcasc.com\/#website\"},\"primaryImageOfPage\":{\"@id\":\"https:\/\/coolcasc.com\/it\/copricasco\/argento-pellicia-bianca\/#primaryimage\"},\"image\":{\"@id\":\"https:\/\/coolcasc.com\/it\/copricasco\/argento-pellicia-bianca\/#primaryimage\"},\"thumbnailUrl\":\"https:\/\/coolcasc.com\/wp-content\/uploads\/Colecciones\/Exclusive\/Funda-casco-Plata-Piel-Blanca-Tercio.jpg\",\"datePublished\":\"2018-11-16T23:30:52+00:00\",\"dateModified\":\"2023-11-06T12:59:23+00:00\",\"description\":\"Ampliamos nuestra colecci\u00f3n EXCLUSIVE con esta funda para casco de lycra met\u00e1lica en plata. Funda muy elegante y exclusiva. Apata para casco de esqu\u00ed.\",\"breadcrumb\":{\"@id\":\"https:\/\/coolcasc.com\/it\/copricasco\/argento-pellicia-bianca\/#breadcrumb\"},\"inLanguage\":\"it-IT\",\"potentialAction\":[{\"@type\":\"ReadAction\",\"target\":[\"https:\/\/coolcasc.com\/it\/copricasco\/argento-pellicia-bianca\/\"]}]},{\"@type\":\"ImageObject\",\"inLanguage\":\"it-IT\",\"@id\":\"https:\/\/coolcasc.com\/it\/copricasco\/argento-pellicia-bianca\/#primaryimage\",\"url\":\"https:\/\/coolcasc.com\/wp-content\/uploads\/Colecciones\/Exclusive\/Funda-casco-Plata-Piel-Blanca-Tercio.jpg\",\"contentUrl\":\"https:\/\/coolcasc.com\/wp-content\/uploads\/Colecciones\/Exclusive\/Funda-casco-Plata-Piel-Blanca-Tercio.jpg\",\"width\":500,\"height\":500,\"caption\":\"Funda casco Plata Piel Blanca\"},{\"@type\":\"BreadcrumbList\",\"@id\":\"https:\/\/coolcasc.com\/it\/copricasco\/argento-pellicia-bianca\/#breadcrumb\",\"itemListElement\":[{\"@type\":\"ListItem\",\"position\":1,\"name\":\"Portada\",\"item\":\"https:\/\/coolcasc.com\/\"},{\"@type\":\"ListItem\",\"position\":2,\"name\":\"Tienda\",\"item\":\"https:\/\/coolcasc.com\/it\/tienda\/\"},{\"@type\":\"ListItem\",\"position\":3,\"name\":\"Argento \/ Pellicia Bianca\"}]},{\"@type\":\"WebSite\",\"@id\":\"https:\/\/coolcasc.com\/#website\",\"url\":\"https:\/\/coolcasc.com\/\",\"name\":\"Coolcasc\",\"description\":\"Seguridad, moda y dise\u00f1o utilizando las fundas para casco Coolcasc en la pr\u00e1ctica de cualquier deporte.\",\"publisher\":{\"@id\":\"https:\/\/coolcasc.com\/#organization\"},\"potentialAction\":[{\"@type\":\"SearchAction\",\"target\":{\"@type\":\"EntryPoint\",\"urlTemplate\":\"https:\/\/coolcasc.com\/?s={search_term_string}\"},\"query-input\":{\"@type\":\"PropertyValueSpecification\",\"valueRequired\":true,\"valueName\":\"search_term_string\"}}],\"inLanguage\":\"it-IT\"},{\"@type\":\"Organization\",\"@id\":\"https:\/\/coolcasc.com\/#organization\",\"name\":\"Fundas para cascos Coolcasc\",\"url\":\"https:\/\/coolcasc.com\/\",\"logo\":{\"@type\":\"ImageObject\",\"inLanguage\":\"it-IT\",\"@id\":\"https:\/\/coolcasc.com\/#\/schema\/logo\/image\/\",\"url\":\"https:\/\/coolcasc.com\/wp-content\/uploads\/2018\/12\/Blue_header.png\",\"contentUrl\":\"https:\/\/coolcasc.com\/wp-content\/uploads\/2018\/12\/Blue_header.png\",\"width\":300,\"height\":180,\"caption\":\"Fundas para cascos Coolcasc\"},\"image\":{\"@id\":\"https:\/\/coolcasc.com\/#\/schema\/logo\/image\/\"},\"sameAs\":[\"https:\/\/www.facebook.com\/COOLCASC\/\",\"https:\/\/x.com\/coolcasc\",\"https:\/\/www.instagram.com\/coolcasc\/\"]}]}<\/script>\n<!-- \/ Yoast SEO plugin. -->","yoast_head_json":{"title":"Funda para casco Argento \/ Pellicia Bianca - Coolcasc","description":"Ampliamos nuestra colecci\u00f3n EXCLUSIVE con esta funda para casco de lycra met\u00e1lica en plata. Funda muy elegante y exclusiva. Apata para casco de esqu\u00ed.","robots":{"index":"index","follow":"follow","max-snippet":"max-snippet:-1","max-image-preview":"max-image-preview:large","max-video-preview":"max-video-preview:-1"},"canonical":"https:\/\/coolcasc.com\/it\/copricasco\/argento-pellicia-bianca\/","og_locale":"it_IT","og_type":"article","og_title":"Funda para casco Argento \/ Pellicia Bianca - Coolcasc","og_description":"Ampliamos nuestra colecci\u00f3n EXCLUSIVE con esta funda para casco de lycra met\u00e1lica en plata. Funda muy elegante y exclusiva. Apata para casco de esqu\u00ed.","og_url":"https:\/\/coolcasc.com\/it\/copricasco\/argento-pellicia-bianca\/","og_site_name":"Coolcasc","article_publisher":"https:\/\/www.facebook.com\/COOLCASC\/","article_modified_time":"2023-11-06T12:59:23+00:00","og_image":[{"width":500,"height":500,"url":"https:\/\/coolcasc.com\/wp-content\/uploads\/Colecciones\/Exclusive\/Funda-casco-Plata-Piel-Blanca-Tercio.jpg","type":"image\/jpeg"}],"twitter_card":"summary_large_image","twitter_site":"@coolcasc","twitter_misc":{"Tempo di lettura stimato":"2 minuti"},"schema":{"@context":"https:\/\/schema.org","@graph":[{"@type":"WebPage","@id":"https:\/\/coolcasc.com\/it\/copricasco\/argento-pellicia-bianca\/","url":"https:\/\/coolcasc.com\/it\/copricasco\/argento-pellicia-bianca\/","name":"Funda para casco Argento \/ Pellicia Bianca - Coolcasc","isPartOf":{"@id":"https:\/\/coolcasc.com\/#website"},"primaryImageOfPage":{"@id":"https:\/\/coolcasc.com\/it\/copricasco\/argento-pellicia-bianca\/#primaryimage"},"image":{"@id":"https:\/\/coolcasc.com\/it\/copricasco\/argento-pellicia-bianca\/#primaryimage"},"thumbnailUrl":"https:\/\/coolcasc.com\/wp-content\/uploads\/Colecciones\/Exclusive\/Funda-casco-Plata-Piel-Blanca-Tercio.jpg","datePublished":"2018-11-16T23:30:52+00:00","dateModified":"2023-11-06T12:59:23+00:00","description":"Ampliamos nuestra colecci\u00f3n EXCLUSIVE con esta funda para casco de lycra met\u00e1lica en plata. Funda muy elegante y exclusiva. Apata para casco de esqu\u00ed.","breadcrumb":{"@id":"https:\/\/coolcasc.com\/it\/copricasco\/argento-pellicia-bianca\/#breadcrumb"},"inLanguage":"it-IT","potentialAction":[{"@type":"ReadAction","target":["https:\/\/coolcasc.com\/it\/copricasco\/argento-pellicia-bianca\/"]}]},{"@type":"ImageObject","inLanguage":"it-IT","@id":"https:\/\/coolcasc.com\/it\/copricasco\/argento-pellicia-bianca\/#primaryimage","url":"https:\/\/coolcasc.com\/wp-content\/uploads\/Colecciones\/Exclusive\/Funda-casco-Plata-Piel-Blanca-Tercio.jpg","contentUrl":"https:\/\/coolcasc.com\/wp-content\/uploads\/Colecciones\/Exclusive\/Funda-casco-Plata-Piel-Blanca-Tercio.jpg","width":500,"height":500,"caption":"Funda casco Plata Piel Blanca"},{"@type":"BreadcrumbList","@id":"https:\/\/coolcasc.com\/it\/copricasco\/argento-pellicia-bianca\/#breadcrumb","itemListElement":[{"@type":"ListItem","position":1,"name":"Portada","item":"https:\/\/coolcasc.com\/"},{"@type":"ListItem","position":2,"name":"Tienda","item":"https:\/\/coolcasc.com\/it\/tienda\/"},{"@type":"ListItem","position":3,"name":"Argento \/ Pellicia Bianca"}]},{"@type":"WebSite","@id":"https:\/\/coolcasc.com\/#website","url":"https:\/\/coolcasc.com\/","name":"Coolcasc","description":"Seguridad, moda y dise\u00f1o utilizando las fundas para casco Coolcasc en la pr\u00e1ctica de cualquier deporte.","publisher":{"@id":"https:\/\/coolcasc.com\/#organization"},"potentialAction":[{"@type":"SearchAction","target":{"@type":"EntryPoint","urlTemplate":"https:\/\/coolcasc.com\/?s={search_term_string}"},"query-input":{"@type":"PropertyValueSpecification","valueRequired":true,"valueName":"search_term_string"}}],"inLanguage":"it-IT"},{"@type":"Organization","@id":"https:\/\/coolcasc.com\/#organization","name":"Fundas para cascos Coolcasc","url":"https:\/\/coolcasc.com\/","logo":{"@type":"ImageObject","inLanguage":"it-IT","@id":"https:\/\/coolcasc.com\/#\/schema\/logo\/image\/","url":"https:\/\/coolcasc.com\/wp-content\/uploads\/2018\/12\/Blue_header.png","contentUrl":"https:\/\/coolcasc.com\/wp-content\/uploads\/2018\/12\/Blue_header.png","width":300,"height":180,"caption":"Fundas para cascos Coolcasc"},"image":{"@id":"https:\/\/coolcasc.com\/#\/schema\/logo\/image\/"},"sameAs":["https:\/\/www.facebook.com\/COOLCASC\/","https:\/\/x.com\/coolcasc","https:\/\/www.instagram.com\/coolcasc\/"]}]}},"_links":{"self":[{"href":"https:\/\/coolcasc.com\/it\/wp-json\/wp\/v2\/product\/9446","targetHints":{"allow":["GET"]}}],"collection":[{"href":"https:\/\/coolcasc.com\/it\/wp-json\/wp\/v2\/product"}],"about":[{"href":"https:\/\/coolcasc.com\/it\/wp-json\/wp\/v2\/types\/product"}],"replies":[{"embeddable":true,"href":"https:\/\/coolcasc.com\/it\/wp-json\/wp\/v2\/comments?post=9446"}],"wp:featuredmedia":[{"embeddable":true,"href":"https:\/\/coolcasc.com\/it\/wp-json\/wp\/v2\/media\/4552"}],"wp:attachment":[{"href":"https:\/\/coolcasc.com\/it\/wp-json\/wp\/v2\/media?parent=9446"}],"wp:term":[{"taxonomy":"product_brand","embeddable":true,"href":"https:\/\/coolcasc.com\/it\/wp-json\/wp\/v2\/product_brand?post=9446"},{"taxonomy":"product_cat","embeddable":true,"href":"https:\/\/coolcasc.com\/it\/wp-json\/wp\/v2\/product_cat?post=9446"},{"taxonomy":"product_tag","embeddable":true,"href":"https:\/\/coolcasc.com\/it\/wp-json\/wp\/v2\/product_tag?post=9446"}],"curies":[{"name":"wp","href":"https:\/\/api.w.org\/{rel}","templated":true}]}}